{"id":2930,"date":"2023-03-05T09:29:22","date_gmt":"2023-03-05T09:29:22","guid":{"rendered":"http:\/\/mailtoticket.com\/bizim-haqqimizda\/"},"modified":"2024-03-08T17:17:48","modified_gmt":"2024-03-08T17:17:48","slug":"bizim-haqqimizda","status":"publish","type":"page","link":"https:\/\/mailtoticket.com\/az\/bizim-haqqimizda\/","title":{"rendered":"Bizim haqq\u0131m\u0131zda"},"content":{"rendered":"\t\t<div data-elementor-type=\"wp-page\" data-elementor-id=\"2930\" class=\"elementor elementor-2930\">\n\t\t\t\t\t\t<section class=\"elementor-section elementor-top-section elementor-element elementor-element-e6c4ba1 elementor-section-boxed elementor-section-height-default elementor-section-height-default\" data-id=\"e6c4ba1\" data-element_type=\"section\" data-e-type=\"section\">\n\t\t\t\t\t\t<div class=\"elementor-container elementor-column-gap-default\">\n\t\t\t\t\t<div class=\"elementor-column elementor-col-50 elementor-top-column elementor-element elementor-element-b891c5b\" data-id=\"b891c5b\" data-element_type=\"column\" data-e-type=\"column\">\n\t\t\t<div class=\"elementor-widget-wrap elementor-element-populated\">\n\t\t\t\t\t\t<div class=\"elementor-element elementor-element-8b4e791 elementor-widget elementor-widget-text-editor\" data-id=\"8b4e791\" data-element_type=\"widget\" data-e-type=\"widget\" data-widget_type=\"text-editor.default\">\n\t\t\t\t<div class=\"elementor-widget-container\">\n\t\t\t\t\t\t\t\t\t<p>Mail to Ticket-d\u0259 biz qabaqc\u0131l s\u00fcni intellekt chatbot texnologiyas\u0131, q\u00fcsursuz \u00f6t\u00fcrm\u0259 sisteml\u0259ri v\u0259 h\u0259rt\u0259r\u0259fli M\u0259zmun \u0130dar\u0259etm\u0259 Sistemi (CMS) bilet sat\u0131\u015f\u0131 h\u0259ll\u0259ri vasit\u0259sil\u0259 m\u00fc\u0259ssis\u0259l\u0259rin m\u00fc\u015ft\u0259ril\u0259ri il\u0259 qar\u015f\u0131l\u0131ql\u0131 \u0259laq\u0259sini d\u0259yi\u015fdiririk. -d\u0259 yarad\u0131lm\u0131\u015fd\u0131r[Year] , bizim missiyam\u0131z h\u0259mi\u015f\u0259 b\u00fct\u00fcn \u00f6l\u00e7\u00fcl\u0259rd\u0259 olan biznesl\u0259r\u0259 m\u00fcst\u0259sna m\u00fc\u015ft\u0259ri xidm\u0259tl\u0259rini s\u0259yl\u0259 v\u0259 s\u0259m\u0259r\u0259li \u015f\u0259kild\u0259 t\u0259min etm\u0259k \u00fc\u00e7\u00fcn s\u0259lahiyy\u0259t verm\u0259k olmu\u015fdur.<\/p>\n\t\t\t\t\t\t\t\t<\/div>\n\t\t\t\t<\/div>\n\t\t\t\t\t<\/div>\n\t\t<\/div>\n\t\t\t\t<div class=\"elementor-column elementor-col-50 elementor-top-column elementor-element elementor-element-26ca03b\" data-id=\"26ca03b\" data-element_type=\"column\" data-e-type=\"column\">\n\t\t\t<div class=\"elementor-widget-wrap\">\n\t\t\t\t\t\t\t<\/div>\n\t\t<\/div>\n\t\t\t\t\t<\/div>\n\t\t<\/section>\n\t\t\t\t<section class=\"elementor-section elementor-top-section elementor-element elementor-element-19945e9f elementor-section-boxed elementor-section-height-default elementor-section-height-default\" data-id=\"19945e9f\" data-element_type=\"section\" data-e-type=\"section\" data-settings=\"{&quot;background_background&quot;:&quot;classic&quot;}\">\n\t\t\t\t\t\t<div class=\"elementor-container elementor-column-gap-default\">\n\t\t\t\t\t<div class=\"elementor-column elementor-col-100 elementor-top-column elementor-element elementor-element-3676d507\" data-id=\"3676d507\" data-element_type=\"column\" data-e-type=\"column\">\n\t\t\t<div class=\"elementor-widget-wrap elementor-element-populated\">\n\t\t\t\t\t\t<section class=\"elementor-section elementor-inner-section elementor-element elementor-element-48fd8adf elementor-section-boxed elementor-section-height-default elementor-section-height-default\" data-id=\"48fd8adf\" data-element_type=\"section\" data-e-type=\"section\">\n\t\t\t\t\t\t<div class=\"elementor-container elementor-column-gap-default\">\n\t\t\t\t\t<div class=\"elementor-column elementor-col-100 elementor-inner-column elementor-element elementor-element-22da76b6\" data-id=\"22da76b6\" data-element_type=\"column\" data-e-type=\"column\">\n\t\t\t<div class=\"elementor-widget-wrap elementor-element-populated\">\n\t\t\t\t\t\t<div class=\"elementor-element elementor-element-757f006e elementor-widget elementor-widget-image\" data-id=\"757f006e\" data-element_type=\"widget\" data-e-type=\"widget\" data-widget_type=\"image.default\">\n\t\t\t\t<div class=\"elementor-widget-container\">\n\t\t\t\t\t\t\t\t\t\t\t\t\t\t\t<img fetchpriority=\"high\" decoding=\"async\" width=\"790\" height=\"441\" src=\"https:\/\/mailtoticket.com\/wp-content\/uploads\/2023\/02\/apper-mobile-screen.webp\" class=\"attachment-large size-large wp-image-708\" alt=\"App Landing WordPress Theme\" srcset=\"https:\/\/mailtoticket.com\/wp-content\/uploads\/2023\/02\/apper-mobile-screen.webp 790w, https:\/\/mailtoticket.com\/wp-content\/uploads\/2023\/02\/apper-mobile-screen-257x143.webp 257w, https:\/\/mailtoticket.com\/wp-content\/uploads\/2023\/02\/apper-mobile-screen-600x335.webp 600w\" sizes=\"(max-width: 790px) 100vw, 790px\" \/>\t\t\t\t\t\t\t\t\t\t\t\t\t\t\t<\/div>\n\t\t\t\t<\/div>\n\t\t\t\t\t<\/div>\n\t\t<\/div>\n\t\t\t\t\t<\/div>\n\t\t<\/section>\n\t\t\t\t<section class=\"elementor-section elementor-inner-section elementor-element elementor-element-1a307816 elementor-section-boxed elementor-section-height-default elementor-section-height-default\" data-id=\"1a307816\" data-element_type=\"section\" data-e-type=\"section\">\n\t\t\t\t\t\t<div class=\"elementor-container elementor-column-gap-no\">\n\t\t\t\t\t<div class=\"elementor-column elementor-col-100 elementor-inner-column elementor-element elementor-element-a27c946\" data-id=\"a27c946\" data-element_type=\"column\" data-e-type=\"column\">\n\t\t\t<div class=\"elementor-widget-wrap\">\n\t\t\t\t\t\t\t<\/div>\n\t\t<\/div>\n\t\t\t\t\t<\/div>\n\t\t<\/section>\n\t\t\t\t<section class=\"elementor-section elementor-inner-section elementor-element elementor-element-720e7fb3 elementor-section-boxed elementor-section-height-default elementor-section-height-default\" data-id=\"720e7fb3\" data-element_type=\"section\" data-e-type=\"section\">\n\t\t\t\t\t\t<div class=\"elementor-container elementor-column-gap-default\">\n\t\t\t\t\t<div class=\"elementor-column elementor-col-25 elementor-inner-column elementor-element elementor-element-27f85786\" data-id=\"27f85786\" data-element_type=\"column\" data-e-type=\"column\">\n\t\t\t<div class=\"elementor-widget-wrap\">\n\t\t\t\t\t\t\t<\/div>\n\t\t<\/div>\n\t\t\t\t<div class=\"elementor-column elementor-col-25 elementor-inner-column elementor-element elementor-element-4ae5945e\" data-id=\"4ae5945e\" data-element_type=\"column\" data-e-type=\"column\">\n\t\t\t<div class=\"elementor-widget-wrap\">\n\t\t\t\t\t\t\t<\/div>\n\t\t<\/div>\n\t\t\t\t<div class=\"elementor-column elementor-col-25 elementor-inner-column elementor-element elementor-element-1b78c7ec\" data-id=\"1b78c7ec\" data-element_type=\"column\" data-e-type=\"column\">\n\t\t\t<div class=\"elementor-widget-wrap\">\n\t\t\t\t\t\t\t<\/div>\n\t\t<\/div>\n\t\t\t\t<div class=\"elementor-column elementor-col-25 elementor-inner-column elementor-element elementor-element-352b9721\" data-id=\"352b9721\" data-element_type=\"column\" data-e-type=\"column\">\n\t\t\t<div class=\"elementor-widget-wrap\">\n\t\t\t\t\t\t\t<\/div>\n\t\t<\/div>\n\t\t\t\t\t<\/div>\n\t\t<\/section>\n\t\t\t\t\t<\/div>\n\t\t<\/div>\n\t\t\t\t\t<\/div>\n\t\t<\/section>\n\t\t\t\t<section class=\"elementor-section elementor-top-section elementor-element elementor-element-fe1f6c9 elementor-section-boxed elementor-section-height-default elementor-section-height-default\" data-id=\"fe1f6c9\" data-element_type=\"section\" data-e-type=\"section\" data-settings=\"{&quot;background_background&quot;:&quot;classic&quot;}\">\n\t\t\t\t\t\t<div class=\"elementor-container elementor-column-gap-default\">\n\t\t\t\t\t<div class=\"elementor-column elementor-col-100 elementor-top-column elementor-element elementor-element-b281a0f\" data-id=\"b281a0f\" data-element_type=\"column\" data-e-type=\"column\">\n\t\t\t<div class=\"elementor-widget-wrap elementor-element-populated\">\n\t\t\t\t\t\t<section class=\"elementor-section elementor-inner-section elementor-element elementor-element-1c3c02e elementor-section-boxed elementor-section-height-default elementor-section-height-default\" data-id=\"1c3c02e\" data-element_type=\"section\" data-e-type=\"section\">\n\t\t\t\t\t\t<div class=\"elementor-container elementor-column-gap-default\">\n\t\t\t\t\t<div class=\"elementor-column elementor-col-100 elementor-inner-column elementor-element elementor-element-8524e9b\" data-id=\"8524e9b\" data-element_type=\"column\" data-e-type=\"column\">\n\t\t\t<div class=\"elementor-widget-wrap\">\n\t\t\t\t\t\t\t<\/div>\n\t\t<\/div>\n\t\t\t\t\t<\/div>\n\t\t<\/section>\n\t\t\t\t\t<\/div>\n\t\t<\/div>\n\t\t\t\t\t<\/div>\n\t\t<\/section>\n\t\t\t\t<section class=\"elementor-section elementor-top-section elementor-element elementor-element-6fe80e9d elementor-section-boxed elementor-section-height-default elementor-section-height-default\" data-id=\"6fe80e9d\" data-element_type=\"section\" data-e-type=\"section\">\n\t\t\t\t\t\t<div class=\"elementor-container elementor-column-gap-default\">\n\t\t\t\t\t<div class=\"elementor-column elementor-col-33 elementor-top-column elementor-element elementor-element-519ca11b\" data-id=\"519ca11b\" data-element_type=\"column\" data-e-type=\"column\">\n\t\t\t<div class=\"elementor-widget-wrap elementor-element-populated\">\n\t\t\t\t\t\t<div class=\"elementor-element elementor-element-9052546 elementor-widget elementor-widget-image\" data-id=\"9052546\" data-element_type=\"widget\" data-e-type=\"widget\" data-widget_type=\"image.default\">\n\t\t\t\t<div class=\"elementor-widget-container\">\n\t\t\t\t\t\t\t\t\t\t\t\t\t\t\t<img decoding=\"async\" width=\"500\" height=\"1024\" src=\"https:\/\/mailtoticket.com\/wp-content\/uploads\/2024\/03\/tr-01-500x1024.webp\" class=\"attachment-large size-large wp-image-1766\" alt=\"\" srcset=\"https:\/\/mailtoticket.com\/wp-content\/uploads\/2024\/03\/tr-01-500x1024.webp 500w, https:\/\/mailtoticket.com\/wp-content\/uploads\/2024\/03\/tr-01-139x284.webp 139w, https:\/\/mailtoticket.com\/wp-content\/uploads\/2024\/03\/tr-01-600x1228.webp 600w, https:\/\/mailtoticket.com\/wp-content\/uploads\/2024\/03\/tr-01-147x300.webp 147w, https:\/\/mailtoticket.com\/wp-content\/uploads\/2024\/03\/tr-01-768x1572.webp 768w, https:\/\/mailtoticket.com\/wp-content\/uploads\/2024\/03\/tr-01-751x1536.webp 751w, https:\/\/mailtoticket.com\/wp-content\/uploads\/2024\/03\/tr-01.webp 938w\" sizes=\"(max-width: 500px) 100vw, 500px\" \/>\t\t\t\t\t\t\t\t\t\t\t\t\t\t\t<\/div>\n\t\t\t\t<\/div>\n\t\t\t\t\t<\/div>\n\t\t<\/div>\n\t\t\t\t<div class=\"elementor-column elementor-col-33 elementor-top-column elementor-element elementor-element-130df57\" data-id=\"130df57\" data-element_type=\"column\" data-e-type=\"column\">\n\t\t\t<div class=\"elementor-widget-wrap elementor-element-populated\">\n\t\t\t\t\t\t<div class=\"elementor-element elementor-element-602a5d8 elementor-hidden-mobile elementor-widget elementor-widget-image\" data-id=\"602a5d8\" data-element_type=\"widget\" data-e-type=\"widget\" data-widget_type=\"image.default\">\n\t\t\t\t<div class=\"elementor-widget-container\">\n\t\t\t\t\t\t\t\t\t\t\t\t\t\t\t<img decoding=\"async\" width=\"343\" height=\"343\" src=\"https:\/\/mailtoticket.com\/wp-content\/uploads\/2024\/03\/rek4.png\" class=\"attachment-large size-large wp-image-1704\" alt=\"\" srcset=\"https:\/\/mailtoticket.com\/wp-content\/uploads\/2024\/03\/rek4.png 343w, https:\/\/mailtoticket.com\/wp-content\/uploads\/2024\/03\/rek4-257x257.png 257w, https:\/\/mailtoticket.com\/wp-content\/uploads\/2024\/03\/rek4-100x100.png 100w, https:\/\/mailtoticket.com\/wp-content\/uploads\/2024\/03\/rek4-300x300.png 300w, https:\/\/mailtoticket.com\/wp-content\/uploads\/2024\/03\/rek4-150x150.png 150w\" sizes=\"(max-width: 343px) 100vw, 343px\" \/>\t\t\t\t\t\t\t\t\t\t\t\t\t\t\t<\/div>\n\t\t\t\t<\/div>\n\t\t\t\t\t<\/div>\n\t\t<\/div>\n\t\t\t\t<div class=\"elementor-column elementor-col-33 elementor-top-column elementor-element elementor-element-57499caa\" data-id=\"57499caa\" data-element_type=\"column\" data-e-type=\"column\">\n\t\t\t<div class=\"elementor-widget-wrap elementor-element-populated\">\n\t\t\t\t\t\t<section class=\"elementor-section elementor-inner-section elementor-element elementor-element-78c3db35 elementor-reverse-mobile elementor-section-boxed elementor-section-height-default elementor-section-height-default\" data-id=\"78c3db35\" data-element_type=\"section\" data-e-type=\"section\">\n\t\t\t\t\t\t<div class=\"elementor-container elementor-column-gap-default\">\n\t\t\t\t\t<div class=\"elementor-column elementor-col-50 elementor-inner-column elementor-element elementor-element-6de9ba1a\" data-id=\"6de9ba1a\" data-element_type=\"column\" data-e-type=\"column\">\n\t\t\t<div class=\"elementor-widget-wrap\">\n\t\t\t\t\t\t\t<\/div>\n\t\t<\/div>\n\t\t\t\t<div class=\"elementor-column elementor-col-50 elementor-inner-column elementor-element elementor-element-5179aca8\" data-id=\"5179aca8\" data-element_type=\"column\" data-e-type=\"column\">\n\t\t\t<div class=\"elementor-widget-wrap\">\n\t\t\t\t\t\t\t<\/div>\n\t\t<\/div>\n\t\t\t\t\t<\/div>\n\t\t<\/section>\n\t\t\t\t\t<\/div>\n\t\t<\/div>\n\t\t\t\t\t<\/div>\n\t\t<\/section>\n\t\t\t\t<\/div>\n\t\t","protected":false},"excerpt":{"rendered":"<p>Welcome to Mail to Ticket, The Pioneers of AI-Driven Customer Service Solutions with our cutting-edge solutions! Mail to Ticket-d\u0259 biz qabaqc\u0131l s\u00fcni intellekt chatbot texnologiyas\u0131, q\u00fcsursuz \u00f6t\u00fcrm\u0259 sisteml\u0259ri v\u0259 h\u0259rt\u0259r\u0259fli M\u0259zmun \u0130dar\u0259etm\u0259 Sistemi (CMS) bilet sat\u0131\u015f\u0131 h\u0259ll\u0259ri vasit\u0259sil\u0259 m\u00fc\u0259ssis\u0259l\u0259rin m\u00fc\u015ft\u0259ril\u0259ri il\u0259 qar\u015f\u0131l\u0131ql\u0131 \u0259laq\u0259sini d\u0259yi\u015fdiririk. -d\u0259 yarad\u0131lm\u0131\u015fd\u0131r[Year] , bizim missiyam\u0131z h\u0259mi\u015f\u0259 b\u00fct\u00fcn \u00f6l\u00e7\u00fcl\u0259rd\u0259 olan biznesl\u0259r\u0259 m\u00fcst\u0259sna [&hellip;]<\/p>\n","protected":false},"author":1,"featured_media":0,"parent":0,"menu_order":0,"comment_status":"closed","ping_status":"closed","template":"elementor_header_footer","meta":{"om_disable_all_campaigns":false,"_monsterinsights_skip_tracking":false,"_monsterinsights_sitenote_active":false,"_monsterinsights_sitenote_note":"","_monsterinsights_sitenote_category":0,"footnotes":""},"class_list":["post-2930","page","type-page","status-publish","hentry","entry","owp-thumbs-layout-horizontal","owp-btn-normal","owp-tabs-layout-horizontal","has-no-thumbnails"],"aioseo_notices":[],"_links":{"self":[{"href":"https:\/\/mailtoticket.com\/az\/wp-json\/wp\/v2\/pages\/2930","targetHints":{"allow":["GET"]}}],"collection":[{"href":"https:\/\/mailtoticket.com\/az\/wp-json\/wp\/v2\/pages"}],"about":[{"href":"https:\/\/mailtoticket.com\/az\/wp-json\/wp\/v2\/types\/page"}],"author":[{"embeddable":true,"href":"https:\/\/mailtoticket.com\/az\/wp-json\/wp\/v2\/users\/1"}],"replies":[{"embeddable":true,"href":"https:\/\/mailtoticket.com\/az\/wp-json\/wp\/v2\/comments?post=2930"}],"version-history":[{"count":2,"href":"https:\/\/mailtoticket.com\/az\/wp-json\/wp\/v2\/pages\/2930\/revisions"}],"predecessor-version":[{"id":2934,"href":"https:\/\/mailtoticket.com\/az\/wp-json\/wp\/v2\/pages\/2930\/revisions\/2934"}],"wp:attachment":[{"href":"https:\/\/mailtoticket.com\/az\/wp-json\/wp\/v2\/media?parent=2930"}],"curies":[{"name":"wp","href":"https:\/\/api.w.org\/{rel}","templated":true}]}}