{"id":11137,"date":"2024-10-17T12:31:29","date_gmt":"2024-10-17T09:31:29","guid":{"rendered":"https:\/\/mailtoticket.com\/shop\/whatsapp-bussines-ai\/"},"modified":"2024-11-02T17:56:44","modified_gmt":"2024-11-02T14:56:44","slug":"whatsapp-bussines-ai","status":"publish","type":"product","link":"https:\/\/mailtoticket.com\/de\/shop\/whatsapp-bussines-ai\/","title":{"rendered":"Whatsapp Bussines AI"},"content":{"rendered":"<p>**Automatisieren Sie Ihre WhatsApp-Kundeninteraktionen und generieren Sie rund um die Uhr Leads!**<\/p>\n<p>**WhatsApp Business AI** wurde entwickelt, um Ihre **WhatsApp Business**-Interaktionen zu automatisieren und sicherzustellen, dass Sie nie eine Gelegenheit zur Kundenbindung verpassen \u2014 selbst wenn Ihr Team offline ist. F\u00fchren Sie Leads aus Anzeigen direkt zu **WhatsApp**, qualifizieren Sie sie automatisch und f\u00fchren Sie Gespr\u00e4che nahtlos fort.<\/p>\n","protected":false},"excerpt":{"rendered":"<p>**Automatisieren Sie Ihre WhatsApp-Kundeninteraktionen und generieren Sie rund um die Uhr Leads!**<\/p>\n<p>**WhatsApp Business AI** wurde entwickelt, um Ihre **WhatsApp Business**-Interaktionen zu automatisieren und sicherzustellen, dass Sie nie eine Gelegenheit zur Kundenbindung verpassen \u2014 selbst wenn Ihr Team offline ist. F\u00fchren Sie Leads aus Anzeigen direkt zu **WhatsApp**, qualifizieren Sie sie automatisch und f\u00fchren Sie Gespr\u00e4che nahtlos fort.<\/p>\n<p>### Hauptvorteile:<br \/>\n&#8211; **Leads aus Anzeigen zu WhatsApp f\u00fchren \ud83d\ude80:** Mit WhatsApp Business AI k\u00f6nnen Sie Leads aus Anzeigen direkt in WhatsApp leiten, auch wenn Ihre menschlichen Agenten nicht verf\u00fcgbar sind. Kein Pausieren von Kampagnen mehr w\u00e4hrend hektischer Zeiten!<\/p>\n<p>&#8211; **Automatisierte Interaktion rund um die Uhr \ud83e\udd16:** Qualifizieren Sie Leads automatisch, wenn Agenten offline sind. Sobald sie zur\u00fcck sind, k\u00f6nnen sie das Gespr\u00e4ch nahtlos fortsetzen, ohne den Faden zu verlieren.<\/p>\n<p>&#8211; **Massennachrichten auf WhatsApp \ud83d\udce2:** Senden Sie Massennachrichten auf WhatsApp, um Ihr Publikum sofort zu erreichen, sei es f\u00fcr Aktionen, Updates oder Erinnerungen.<\/p>\n<p>### 4 Einsatzm\u00f6glichkeiten von WhatsApp Business AI:<br \/>\n1. **Integration mit Ihrer Website \ud83c\udf10:** Nutzen Sie denselben AI-Bot auf Ihrer Website und WhatsApp. Der Bot bearbeitet Kundenanfragen, qualifiziert Leads und verbindet bei Bedarf mit Live-Agenten \u2013 alles \u00fcber ein zentrales Admin-Panel verwaltet.<\/p>\n<p>2. **Vollautomatisiert \ud83e\udd16:** Lassen Sie die AI alle WhatsApp-Gespr\u00e4che \u00fcbernehmen, egal ob es sich um das Beantworten von Nachrichten, die Qualifizierung von Leads oder die Bereitstellung von Kundensupport handelt \u2014 24\/7.<\/p>\n<p>3. **Unabh\u00e4ngige WhatsApp-L\u00f6sung \ud83d\udee0\ufe0f:** Nutzen Sie WhatsApp Business AI eigenst\u00e4ndig, um alle Interaktionen direkt in WhatsApp zu verwalten, ohne dass eine Website erforderlich ist.<\/p>\n<p>4. **Massennachrichten \ud83d\udce2:** Senden Sie m\u00fchelos Massennachrichten auf WhatsApp f\u00fcr Aktionen, Updates oder Ank\u00fcndigungen, um Ihr Publikum sofort zu erreichen.<\/p>\n<p>### Preisgestaltung:<br \/>\n&#8211; **Einrichtungsgeb\u00fchr:** 199 USD einmalige Geb\u00fchr<br \/>\n&#8211; **Monatliches Abonnement:** 99 USD pro Monat<\/p>\n<p>**WhatsApp Business AI** ist die perfekte L\u00f6sung zur Automatisierung Ihrer Kundeninteraktionen, zur Generierung von Leads aus Anzeigen und zur Interaktion mit Ihrem Publikum rund um die Uhr. Ob Sie eine vollst\u00e4ndige Automatisierung oder eine Integration mit Ihrer Website w\u00fcnschen, **WhatsApp Business AI** stellt sicher, dass Sie stets mit Ihren Kunden verbunden sind.<\/p>\n<p>**Starten Sie noch heute mit WhatsApp Business AI und maximieren Sie Ihre Kundenbindung!**<\/p>\n","protected":false},"featured_media":4987,"comment_status":"open","ping_status":"closed","template":"","meta":{"om_disable_all_campaigns":false,"_monsterinsights_skip_tracking":false,"_monsterinsights_sitenote_active":false,"_monsterinsights_sitenote_note":"","_monsterinsights_sitenote_category":0},"product_brand":[],"product_cat":[257,258,259],"product_tag":[],"class_list":{"0":"post-11137","1":"product","2":"type-product","3":"status-publish","4":"has-post-thumbnail","6":"product_cat-ai-chat-bot-de","7":"product_cat-ai-voice-de","8":"product_cat-cms-de","9":"entry","10":"has-media","13":"first","14":"instock","15":"sale","16":"virtual","17":"taxable","18":"purchasable","19":"product-type-simple","20":"has-product-nav","21":"col","22":"span_1_of_3","23":"owp-content-center","24":"owp-thumbs-layout-horizontal","25":"owp-btn-normal","26":"owp-tabs-layout-horizontal","27":"has-no-thumbnails"},"aioseo_notices":[],"_links":{"self":[{"href":"https:\/\/mailtoticket.com\/de\/wp-json\/wp\/v2\/product\/11137","targetHints":{"allow":["GET"]}}],"collection":[{"href":"https:\/\/mailtoticket.com\/de\/wp-json\/wp\/v2\/product"}],"about":[{"href":"https:\/\/mailtoticket.com\/de\/wp-json\/wp\/v2\/types\/product"}],"replies":[{"embeddable":true,"href":"https:\/\/mailtoticket.com\/de\/wp-json\/wp\/v2\/comments?post=11137"}],"version-history":[{"count":3,"href":"https:\/\/mailtoticket.com\/de\/wp-json\/wp\/v2\/product\/11137\/revisions"}],"predecessor-version":[{"id":11861,"href":"https:\/\/mailtoticket.com\/de\/wp-json\/wp\/v2\/product\/11137\/revisions\/11861"}],"wp:featuredmedia":[{"embeddable":true,"href":"https:\/\/mailtoticket.com\/de\/wp-json\/wp\/v2\/media\/4987"}],"wp:attachment":[{"href":"https:\/\/mailtoticket.com\/de\/wp-json\/wp\/v2\/media?parent=11137"}],"wp:term":[{"taxonomy":"product_brand","embeddable":true,"href":"https:\/\/mailtoticket.com\/de\/wp-json\/wp\/v2\/product_brand?post=11137"},{"taxonomy":"product_cat","embeddable":true,"href":"https:\/\/mailtoticket.com\/de\/wp-json\/wp\/v2\/product_cat?post=11137"},{"taxonomy":"product_tag","embeddable":true,"href":"https:\/\/mailtoticket.com\/de\/wp-json\/wp\/v2\/product_tag?post=11137"}],"curies":[{"name":"wp","href":"https:\/\/api.w.org\/{rel}","templated":true}]}}