{"id":11148,"date":"2024-10-17T12:56:59","date_gmt":"2024-10-17T09:56:59","guid":{"rendered":"https:\/\/mailtoticket.com\/shop\/telegram-messenger-ai\/"},"modified":"2024-11-02T17:53:05","modified_gmt":"2024-11-02T14:53:05","slug":"telegram-messenger-ai","status":"publish","type":"product","link":"https:\/\/mailtoticket.com\/de\/shop\/telegram-messenger-ai\/","title":{"rendered":"Telegram Messenger AI"},"content":{"rendered":"<div class=\"elementor-element elementor-element-54a854f elementor-widget elementor-widget-apper_heading\" data-id=\"54a854f\" data-element_type=\"widget\" data-widget_type=\"apper_heading.default\">\n<div class=\"elementor-widget-container\">\n<div class=\"acm-heading no-line content-left-align\">\n<div class=\"acm_heading-desc\">\n<p>**Automatisieren Sie Kundeninteraktionen und Lead-Engagement auf Telegram rund um die Uhr!**<\/p>\n<p>**Telegram Messenger AI** ist Ihre All-in-One-L\u00f6sung zur Verwaltung und Automatisierung von Kundeninteraktionen auf **Telegram** und stellt sicher, dass Ihr Unternehmen Tag und Nacht f\u00fcr Kunden erreichbar ist. Von der Bearbeitung von Kundenanfragen bis hin zur Umwandlung von Leads aus Anzeigen direkt in **Telegram** hebt diese AI-L\u00f6sung die Effizienz Ihrer Kommunikation auf das n\u00e4chste Level.<\/p>\n<\/div>\n<\/div>\n<\/div>\n<\/div>\n","protected":false},"excerpt":{"rendered":"<p>**\ud83d\udcac Telegram Messenger AI**<br \/>\n**Automatisieren Sie Kundeninteraktionen und Lead-Engagement auf Telegram rund um die Uhr!**<\/p>\n<p>**Telegram Messenger AI** ist Ihre All-in-One-L\u00f6sung zur Verwaltung und Automatisierung von Kundeninteraktionen auf **Telegram** und stellt sicher, dass Ihr Unternehmen Tag und Nacht f\u00fcr Kunden erreichbar ist. Von der Bearbeitung von Kundenanfragen bis hin zur Umwandlung von Leads aus Anzeigen direkt in **Telegram** hebt diese AI-L\u00f6sung die Effizienz Ihrer Kommunikation auf das n\u00e4chste Level.<\/p>\n<p>### Hauptvorteile:<br \/>\n&#8211; **Leads aus Anzeigen in Telegram f\u00fchren \ud83d\ude80:** Nutzen Sie **Click-to-Telegram**-Anzeigen, um Interessenten direkt in Telegram-Chats zu bringen, wo die AI Leads qualifizieren und sofortige Antworten geben kann \u2013 auch wenn menschliche Agenten nicht verf\u00fcgbar sind.<\/p>\n<p>&#8211; **Automatisierter Kundenservice rund um die Uhr \ud83e\udd16:** Telegram Messenger AI bearbeitet alle eingehenden Nachrichten, qualifiziert Leads und unterst\u00fctzt Kunden 24\/7. Ihre menschlichen Agenten k\u00f6nnen jederzeit nahtlos \u00fcbernehmen.<\/p>\n<p>&#8211; **Massennachrichten versenden \ud83d\udce2:** Senden Sie Massennachrichten an Ihre Telegram-Zielgruppe, um sofortige Updates, Aktionen oder wichtige Ank\u00fcndigungen zu \u00fcbermitteln und Ihre Kunden zu binden.<\/p>\n<p>### 4 Einsatzm\u00f6glichkeiten von Telegram Messenger AI:<br \/>\n1. **Integration mit Ihrer Website \ud83c\udf10:** Nutzen Sie denselben AI-Bot f\u00fcr Ihre Website und Telegram. Die AI bearbeitet Kundenanfragen, verbindet Kunden bei Bedarf mit Live-Agenten und erstellt Support-Tickets \u2013 alles \u00fcber ein zentrales Admin-Panel verwaltet.<\/p>\n<p>2. **Vollautomatisiert \ud83e\udd16:** Lassen Sie die AI alle Telegram-Interaktionen verwalten und rund um die Uhr Kundenanfragen, Lead-Qualifikationen und Support-Anfragen bearbeiten \u2013 ganz ohne menschliches Eingreifen.<\/p>\n<p>3. **Unabh\u00e4ngige Telegram-L\u00f6sung \ud83d\udee0\ufe0f:** Verwenden Sie Telegram Messenger AI eigenst\u00e4ndig, um alle Kundenkommunikationen in Telegram zu verwalten, ohne eine Website zu ben\u00f6tigen.<\/p>\n<p>4. **Massennachrichten \ud83d\udce2:** Versenden Sie Massen-Nachrichten an Ihre Telegram-Follower, um Aktionen, Produkteinf\u00fchrungen oder Updates m\u00fchelos anzuk\u00fcndigen.<\/p>\n<p>### Preisgestaltung:<br \/>\n&#8211; **Einrichtungsgeb\u00fchr:** 199 USD einmalige Geb\u00fchr<br \/>\n&#8211; **Monatliches Abonnement:** 99 USD pro Monat<\/p>\n<p>**Telegram Messenger AI** erm\u00f6glicht es Ihnen, das Kunden-Engagement zu automatisieren, Anfragen zu bearbeiten und Leads \u00fcber **Telegram** zu generieren. Mit 24\/7-Unterst\u00fctzung und nahtlosen \u00dcbergaben an menschliche Agenten stellt **Telegram Messenger AI** sicher, dass Ihr Unternehmen immer bereit ist, sich zu engagieren.<\/p>\n<p>**Starten Sie noch heute mit Telegram Messenger AI und transformieren Sie Ihre Telegram-Kommunikation!**<\/p>\n","protected":false},"featured_media":6017,"comment_status":"open","ping_status":"closed","template":"","meta":{"om_disable_all_campaigns":false,"_monsterinsights_skip_tracking":false,"_monsterinsights_sitenote_active":false,"_monsterinsights_sitenote_note":"","_monsterinsights_sitenote_category":0},"product_brand":[],"product_cat":[276],"product_tag":[],"class_list":{"0":"post-11148","1":"product","2":"type-product","3":"status-publish","4":"has-post-thumbnail","6":"product_cat-customer-support-de","7":"entry","8":"has-media","11":"first","12":"instock","13":"sale","14":"featured","15":"virtual","16":"taxable","17":"purchasable","18":"product-type-simple","19":"has-product-nav","20":"col","21":"span_1_of_3","22":"owp-content-center","23":"owp-thumbs-layout-horizontal","24":"owp-btn-normal","25":"owp-tabs-layout-horizontal","26":"has-no-thumbnails"},"aioseo_notices":[],"_links":{"self":[{"href":"https:\/\/mailtoticket.com\/de\/wp-json\/wp\/v2\/product\/11148","targetHints":{"allow":["GET"]}}],"collection":[{"href":"https:\/\/mailtoticket.com\/de\/wp-json\/wp\/v2\/product"}],"about":[{"href":"https:\/\/mailtoticket.com\/de\/wp-json\/wp\/v2\/types\/product"}],"replies":[{"embeddable":true,"href":"https:\/\/mailtoticket.com\/de\/wp-json\/wp\/v2\/comments?post=11148"}],"version-history":[{"count":4,"href":"https:\/\/mailtoticket.com\/de\/wp-json\/wp\/v2\/product\/11148\/revisions"}],"predecessor-version":[{"id":11859,"href":"https:\/\/mailtoticket.com\/de\/wp-json\/wp\/v2\/product\/11148\/revisions\/11859"}],"wp:featuredmedia":[{"embeddable":true,"href":"https:\/\/mailtoticket.com\/de\/wp-json\/wp\/v2\/media\/6017"}],"wp:attachment":[{"href":"https:\/\/mailtoticket.com\/de\/wp-json\/wp\/v2\/media?parent=11148"}],"wp:term":[{"taxonomy":"product_brand","embeddable":true,"href":"https:\/\/mailtoticket.com\/de\/wp-json\/wp\/v2\/product_brand?post=11148"},{"taxonomy":"product_cat","embeddable":true,"href":"https:\/\/mailtoticket.com\/de\/wp-json\/wp\/v2\/product_cat?post=11148"},{"taxonomy":"product_tag","embeddable":true,"href":"https:\/\/mailtoticket.com\/de\/wp-json\/wp\/v2\/product_tag?post=11148"}],"curies":[{"name":"wp","href":"https:\/\/api.w.org\/{rel}","templated":true}]}}