{"id":11551,"date":"2024-05-22T15:41:38","date_gmt":"2024-05-22T12:41:38","guid":{"rendered":"https:\/\/mailtoticket.com\/shop\/instasupport-ai\/"},"modified":"2024-11-03T18:47:32","modified_gmt":"2024-11-03T15:47:32","slug":"instasupport-ai","status":"publish","type":"product","link":"https:\/\/mailtoticket.com\/de\/shop\/instasupport-ai\/","title":{"rendered":"\ud83d\udcf8 InstaSupport AI"},"content":{"rendered":"<p>**InstaSupport AI** ist eine fortschrittliche Chatbot-L\u00f6sung speziell f\u00fcr **Instagram**, die Ihre Interaktionen automatisiert und Ihre Kunden zufriedenstellt, w\u00e4hrend Sie Zeit f\u00fcr andere wichtige Aufgaben gewinnen. Egal ob **DMs**, **Erw\u00e4hnungen**, **Antworten** oder das Interagieren mit **Likes** und **Shares** \u2013 InstaSupport AI ist Ihr umfassendes Instagram-Kundenservicetool.<\/p>\n","protected":false},"excerpt":{"rendered":"<p>**Ihre Kunden sind auf Instagram \u2014 Lassen Sie die KI Ihre Interaktionen verwalten!**<\/p>\n<p>**InstaSupport AI** ist eine fortschrittliche Chatbot-L\u00f6sung speziell f\u00fcr **Instagram**, die Ihre Interaktionen automatisiert und Ihre Kunden zufriedenstellt, w\u00e4hrend Sie Zeit f\u00fcr andere wichtige Aufgaben gewinnen. Egal ob **DMs**, **Erw\u00e4hnungen**, **Antworten** oder das Interagieren mit **Likes** und **Shares** \u2013 InstaSupport AI ist Ihr umfassendes Instagram-Kundenservicetool.<\/p>\n<p>### Hauptvorteile:<br \/>\n&#8211; **Automatisierte Kundeninteraktion \ud83e\udd16:** Bearbeiten Sie Direktnachrichten, Erw\u00e4hnungen, Likes, Kommentare und Story-Antworten und stellen Sie sicher, dass Ihre Kunden rund um die Uhr in Echtzeit Antworten erhalten.<\/p>\n<p>&#8211; **Steigern Sie Ihre Instagram-Werbung \ud83d\udcc8:** Kombinieren Sie **AssistFlow** mit Ihren Instagram-Anzeigen, um mehr Interessenten zu geringeren Kosten zu konvertieren. Verwenden Sie **Click-to-DM**-Anzeigen, um Leads direkt in Instagram-DMs zu leiten, wo die KI Leads qualifizieren, Bestellungen bearbeiten und Gespr\u00e4che fortsetzen kann.<\/p>\n<p>### 3 Einsatzm\u00f6glichkeiten von InstaSupport AI:<br \/>\n1. **Integriert mit Ihrer Website \ud83c\udf10:** Nutzen Sie dasselbe Chatbot- und Live-Support-System sowohl auf Ihrer Website als auch auf Instagram. Der KI-Bot reagiert auf **DMs**, **Story-Erw\u00e4hnungen**, **Antworten** und **Likes** und verbindet Kunden bei Bedarf mit dem Live-Support, erstellt Support-Tickets \u2014 alles in einem einheitlichen Admin-Dashboard verwaltet.<\/p>\n<p>2. **Vollautomatisiert \ud83e\udd16:** Lassen Sie die KI alle Instagram-Interaktionen \u00fcbernehmen \u2014 **DMs**, **Erw\u00e4hnungen**, **Story-Antworten**, **Likes** und **Shares**. Bieten Sie rund um die Uhr sofortige Antworten ohne menschliches Eingreifen.<\/p>\n<p>3. **Eigenst\u00e4ndige Instagram-L\u00f6sung \ud83d\udee0\ufe0f:** Keine Website erforderlich! InstaSupport AI verwaltet Ihre gesamte Kundeninteraktion direkt auf Instagram und automatisiert Nachrichten, Likes und Shares f\u00fcr maximale Kundenzufriedenheit.<\/p>\n<p>### Preisgestaltung:<br \/>\n&#8211; **Einrichtungsgeb\u00fchr:** Einmalig 199 USD<br \/>\n&#8211; **Monatliches Abonnement:** 99 USD pro Monat<\/p>\n<p>**InstaSupport AI** hilft Ihnen, Ihre **Instagram**-Interaktionen m\u00fchelos zu verwalten, von **DMs** bis hin zu **Erw\u00e4hnungen** und **Story-Antworten**, und sorgt daf\u00fcr, dass Ihre Kunden zeitnahe und ansprechende Antworten erhalten. Ob Sie vollst\u00e4ndige Automatisierung oder die Integration mit Ihrer Website w\u00fcnschen \u2013 InstaSupport AI bringt Ihren Instagram-Kundenservice auf die n\u00e4chste Stufe.<\/p>\n<p>**Erhalten Sie InstaSupport AI noch heute und beginnen Sie mit der Automatisierung Ihres Instagram-Kundenerlebnisses!**<\/p>\n","protected":false},"featured_media":5037,"comment_status":"open","ping_status":"closed","template":"","meta":{"om_disable_all_campaigns":false,"_monsterinsights_skip_tracking":false,"_monsterinsights_sitenote_active":false,"_monsterinsights_sitenote_note":"","_monsterinsights_sitenote_category":0},"product_brand":[],"product_cat":[257],"product_tag":[],"class_list":{"0":"post-11551","1":"product","2":"type-product","3":"status-publish","4":"has-post-thumbnail","6":"product_cat-ai-chat-bot-de","7":"entry","8":"has-media","11":"first","12":"instock","13":"sale","14":"virtual","15":"taxable","16":"purchasable","17":"product-type-simple","18":"has-product-nav","19":"col","20":"span_1_of_3","21":"owp-content-center","22":"owp-thumbs-layout-horizontal","23":"owp-btn-normal","24":"owp-tabs-layout-horizontal"},"aioseo_notices":[],"_links":{"self":[{"href":"https:\/\/mailtoticket.com\/de\/wp-json\/wp\/v2\/product\/11551","targetHints":{"allow":["GET"]}}],"collection":[{"href":"https:\/\/mailtoticket.com\/de\/wp-json\/wp\/v2\/product"}],"about":[{"href":"https:\/\/mailtoticket.com\/de\/wp-json\/wp\/v2\/types\/product"}],"replies":[{"embeddable":true,"href":"https:\/\/mailtoticket.com\/de\/wp-json\/wp\/v2\/comments?post=11551"}],"version-history":[{"count":2,"href":"https:\/\/mailtoticket.com\/de\/wp-json\/wp\/v2\/product\/11551\/revisions"}],"predecessor-version":[{"id":11885,"href":"https:\/\/mailtoticket.com\/de\/wp-json\/wp\/v2\/product\/11551\/revisions\/11885"}],"wp:featuredmedia":[{"embeddable":true,"href":"https:\/\/mailtoticket.com\/de\/wp-json\/wp\/v2\/media\/5037"}],"wp:attachment":[{"href":"https:\/\/mailtoticket.com\/de\/wp-json\/wp\/v2\/media?parent=11551"}],"wp:term":[{"taxonomy":"product_brand","embeddable":true,"href":"https:\/\/mailtoticket.com\/de\/wp-json\/wp\/v2\/product_brand?post=11551"},{"taxonomy":"product_cat","embeddable":true,"href":"https:\/\/mailtoticket.com\/de\/wp-json\/wp\/v2\/product_cat?post=11551"},{"taxonomy":"product_tag","embeddable":true,"href":"https:\/\/mailtoticket.com\/de\/wp-json\/wp\/v2\/product_tag?post=11551"}],"curies":[{"name":"wp","href":"https:\/\/api.w.org\/{rel}","templated":true}]}}