{"id":11582,"date":"2024-06-10T11:14:07","date_gmt":"2024-06-10T08:14:07","guid":{"rendered":"https:\/\/mailtoticket.com\/shop\/ai-call-center-assistant\/"},"modified":"2024-11-03T20:17:14","modified_gmt":"2024-11-03T17:17:14","slug":"ai-call-center-assistant","status":"publish","type":"product","link":"https:\/\/mailtoticket.com\/de\/shop\/ai-call-center-assistant\/","title":{"rendered":"AI Call Center Assistant"},"content":{"rendered":"<p>**KI-gest\u00fctzte eigenst\u00e4ndige Callcenter-L\u00f6sung f\u00fcr Festnetz- und Outbound-Projekte**<\/p>\n<p>**Call Center Agent AI** ist ein leistungsstarkes, eigenst\u00e4ndiges Produkt, das die Leistung Ihres Callcenters optimiert. Ob Sie **eingehende** oder **ausgehende Anrufe** verwalten, dieser KI-gest\u00fctzte Assistent verbessert das Kundenerlebnis und steigert Ihre betriebliche Effizienz. Ideal f\u00fcr Unternehmen, die auf **Festnetz-** oder **Outbound-Call-Kampagnen** angewiesen sind, ist **Call Center Agent AI** die Zukunft des Callcenter-Managements.<\/p>\n","protected":false},"excerpt":{"rendered":"<p>**\ud83d\udcde Call Center Agent AI**<br \/>\n**KI-gest\u00fctzte eigenst\u00e4ndige Callcenter-L\u00f6sung f\u00fcr Festnetz- und Outbound-Projekte**<\/p>\n<p>**Call Center Agent AI** ist ein leistungsstarkes, eigenst\u00e4ndiges Produkt, das die Leistung Ihres Callcenters optimiert. Ob Sie **eingehende** oder **ausgehende Anrufe** verwalten, dieser KI-gest\u00fctzte Assistent verbessert das Kundenerlebnis und steigert Ihre betriebliche Effizienz. Ideal f\u00fcr Unternehmen, die auf **Festnetz-** oder **Outbound-Call-Kampagnen** angewiesen sind, ist **Call Center Agent AI** die Zukunft des Callcenter-Managements.<\/p>\n<p>### Hauptfunktionen:<br \/>\n&#8211; **Unterst\u00fctzung f\u00fcr eingehende und ausgehende Anrufe \ud83d\udcde:** Verwalten Sie eingehende und ausgehende Anrufe effizient, indem die KI erste Interaktionen \u00fcbernimmt, Informationen sammelt und Anrufe bei Bedarf weiterleitet.<\/p>\n<p>&#8211; **KI-gesteuerte Anrufoptimierung \ud83e\udd16:** Verbessern Sie das Kundenerlebnis durch Automatisierung g\u00e4ngiger Aufgaben, schnelle Antworten und verk\u00fcrzte Wartezeiten, w\u00e4hrend menschliche Agenten f\u00fcr komplexere Anfragen verf\u00fcgbar sind.<\/p>\n<p>&#8211; **Erh\u00f6hte Betriebseffizienz \u26a1:** Durch die Automatisierung routinem\u00e4\u00dfiger Anrufe k\u00f6nnen Sie die Produktivit\u00e4t Ihres Callcenters erheblich steigern.<\/p>\n<p>### Preisgestaltung:<br \/>\n&#8211; **Einrichtungsgeb\u00fchr f\u00fcr Telefonnummer:** Einmalig 399 USD pro Agent<br \/>\n&#8211; **Monatliches Abonnement:** 99 USD pro Agent<br \/>\n&#8211; **Anrufkosten:** 0,25 USD pro Minute<\/p>\n<p>### Ausgehende Anrufe:<br \/>\n&#8211; **Anruferlaubnis:** F\u00fcr Outbound-Projekte ist es erforderlich, dass Sie f\u00fcr jede gew\u00e4hlte Nummer eine **Anruferlaubnis** besitzen.<\/p>\n<p>**Call Center Agent AI** ist f\u00fcr Unternehmen konzipiert, die ihre **Festnetz-** und **Outbound-Call-Operationen** optimieren m\u00f6chten. Egal, ob Sie ein gro\u00dfes Anrufvolumen bew\u00e4ltigen m\u00fcssen oder einfach nur das Kundenerlebnis verbessern m\u00f6chten \u2013 diese KI-L\u00f6sung sorgt daf\u00fcr, dass Ihr Callcenter effizient und effektiv arbeitet.<\/p>\n<p>**Investieren Sie noch heute in Call Center Agent AI und revolutionieren Sie die Leistung Ihres Callcenters!**<\/p>\n","protected":false},"featured_media":5351,"comment_status":"open","ping_status":"closed","template":"","meta":{"om_disable_all_campaigns":false,"_monsterinsights_skip_tracking":false,"_monsterinsights_sitenote_active":false,"_monsterinsights_sitenote_note":"","_monsterinsights_sitenote_category":0},"product_brand":[],"product_cat":[257,259],"product_tag":[],"class_list":{"0":"post-11582","1":"product","2":"type-product","3":"status-publish","4":"has-post-thumbnail","6":"product_cat-ai-chat-bot-de","7":"product_cat-cms-de","8":"entry","9":"has-media","12":"first","13":"instock","14":"sale","15":"virtual","16":"taxable","17":"purchasable","18":"product-type-simple","19":"has-product-nav","20":"col","21":"span_1_of_3","22":"owp-content-center","23":"owp-thumbs-layout-horizontal","24":"owp-btn-normal","25":"owp-tabs-layout-horizontal","26":"has-no-thumbnails"},"aioseo_notices":[],"_links":{"self":[{"href":"https:\/\/mailtoticket.com\/de\/wp-json\/wp\/v2\/product\/11582","targetHints":{"allow":["GET"]}}],"collection":[{"href":"https:\/\/mailtoticket.com\/de\/wp-json\/wp\/v2\/product"}],"about":[{"href":"https:\/\/mailtoticket.com\/de\/wp-json\/wp\/v2\/types\/product"}],"replies":[{"embeddable":true,"href":"https:\/\/mailtoticket.com\/de\/wp-json\/wp\/v2\/comments?post=11582"}],"version-history":[{"count":2,"href":"https:\/\/mailtoticket.com\/de\/wp-json\/wp\/v2\/product\/11582\/revisions"}],"predecessor-version":[{"id":11887,"href":"https:\/\/mailtoticket.com\/de\/wp-json\/wp\/v2\/product\/11582\/revisions\/11887"}],"wp:featuredmedia":[{"embeddable":true,"href":"https:\/\/mailtoticket.com\/de\/wp-json\/wp\/v2\/media\/5351"}],"wp:attachment":[{"href":"https:\/\/mailtoticket.com\/de\/wp-json\/wp\/v2\/media?parent=11582"}],"wp:term":[{"taxonomy":"product_brand","embeddable":true,"href":"https:\/\/mailtoticket.com\/de\/wp-json\/wp\/v2\/product_brand?post=11582"},{"taxonomy":"product_cat","embeddable":true,"href":"https:\/\/mailtoticket.com\/de\/wp-json\/wp\/v2\/product_cat?post=11582"},{"taxonomy":"product_tag","embeddable":true,"href":"https:\/\/mailtoticket.com\/de\/wp-json\/wp\/v2\/product_tag?post=11582"}],"curies":[{"name":"wp","href":"https:\/\/api.w.org\/{rel}","templated":true}]}}