{"id":11125,"date":"2024-10-17T12:23:16","date_gmt":"2024-10-17T09:23:16","guid":{"rendered":"https:\/\/mailtoticket.com\/shop\/fb-messenger-ai\/"},"modified":"2024-10-28T20:07:20","modified_gmt":"2024-10-28T17:07:20","slug":"fb-messenger-ai","status":"publish","type":"product","link":"https:\/\/mailtoticket.com\/fr\/shop\/fb-messenger-ai\/","title":{"rendered":"\ud83d\udcac FB Messenger AI"},"content":{"rendered":"<div class=\"elementor-element elementor-element-25b80f8 elementor-widget elementor-widget-apper_heading\" data-id=\"25b80f8\" data-element_type=\"widget\" data-widget_type=\"apper_heading.default\">\n<div class=\"elementor-widget-container\">\n<div class=\"acm-heading no-line content-left-align\">\n<div class=\"acm_heading-desc\">\n<p>**Vos Clients sont sur Facebook Messenger \u2014 Laissez l&rsquo;IA les G\u00e9rer Efficacement !**<\/p>\n<p>**FB Messenger AI** est une solution de chatbot puissante con\u00e7ue pour automatiser les interactions clients sur **Facebook Messenger**, permettant de satisfaire vos clients tout en vous laissant le temps de vous concentrer sur d&rsquo;autres aspects de votre entreprise.<\/p>\n<\/div>\n<\/div>\n<\/div>\n<\/div>\n","protected":false},"excerpt":{"rendered":"<p>**\ud83d\udcac FB Messenger AI**<br \/>\n**Vos Clients sont sur Facebook Messenger \u2014 Laissez l&rsquo;IA les G\u00e9rer Efficacement !**<\/p>\n<p>**FB Messenger AI** est une solution de chatbot puissante con\u00e7ue pour automatiser les interactions clients sur **Facebook Messenger**, permettant de satisfaire vos clients tout en vous laissant le temps de vous concentrer sur d&rsquo;autres aspects de votre entreprise.<\/p>\n<p>### Avantages Cl\u00e9s :<br \/>\n&#8211; **Automatisez les Interactions Client \ud83e\udd16 :** Laissez le chatbot IA r\u00e9pondre aux demandes des clients, vous permettant de vous consacrer \u00e0 la croissance de votre entreprise.<\/p>\n<p>&#8211; **Optimisez vos Publicit\u00e9s Facebook \ud83d\udca5 :** Combinez **AssistFlow** avec vos publicit\u00e9s Facebook pour r\u00e9duire les co\u00fbts d&rsquo;acquisition jusqu&rsquo;\u00e0 **9X**. Utilisez les **Click-to-Messenger Ads** pour diriger les leads directement vers Messenger, o\u00f9 le chatbot IA peut qualifier les leads, accepter les paiements, et maintenir la conversation.<\/p>\n<p>### 3 Fa\u00e7ons d&rsquo;Utiliser FB Messenger AI :<br \/>\n1. **Int\u00e9gration avec votre Site Web \ud83c\udf10 :** Utilisez le m\u00eame chatbot et syst\u00e8me d&rsquo;assistance en direct que votre site web. Le chatbot r\u00e9pond aux messages Facebook, connecte les clients \u00e0 l&rsquo;assistance en direct si n\u00e9cessaire, et cr\u00e9e des tickets de support \u2014 le tout g\u00e9r\u00e9 depuis un seul panneau d&rsquo;administration.<\/p>\n<p>2. **Enti\u00e8rement Automatis\u00e9 \ud83e\udd16 :** Laissez l&rsquo;IA g\u00e9rer tout \u2014 r\u00e9pondre aux messages, mentions et likes, en interagissant avec les clients **24\/7** sans intervention humaine.<\/p>\n<p>3. **Solution Autonome sur Messenger \ud83d\udee0\ufe0f :** Pas de site web ? Aucun probl\u00e8me ! Utilisez FB Messenger AI ind\u00e9pendamment sur Facebook Messenger pour g\u00e9rer les interactions clients.<\/p>\n<p>### Tarification :<br \/>\n&#8211; **Frais d&rsquo;installation :** 199 USD (frais uniques)<br \/>\n&#8211; **Abonnement Mensuel :** 99 USD par mois<\/p>\n<p>**FB Messenger AI** facilite la gestion de vos interactions clients sur **Facebook Messenger**. Que vous souhaitiez automatiser compl\u00e8tement les r\u00e9ponses ou les int\u00e9grer \u00e0 votre site web existant, ce chatbot IA maintiendra l&rsquo;engagement de vos clients, r\u00e9pondra \u00e0 leurs demandes et m\u00eame g\u00e9rera les ventes directement dans Messenger.<\/p>\n<p>**Commencez avec FB Messenger AI d\u00e8s aujourd&rsquo;hui pour am\u00e9liorer la satisfaction client et maximiser le retour sur investissement de vos publicit\u00e9s Facebook !**<\/p>\n<p>**\ud83c\udd93 Essai Gratuit de 14 Jours**<br \/>\nD\u00e9couvrez toutes les fonctionnalit\u00e9s de ConversaBridge pendant 14 jours sans aucun engagement. Pendant cette p\u00e9riode, voyez comment notre chatbot IA et l&rsquo;int\u00e9gration avec l&rsquo;assistance humaine transforment vos interactions clients.<\/p>\n<p>**\ud83d\udd17 Int\u00e9gration Facile**<br \/>\nConversaBridge peut \u00eatre int\u00e9gr\u00e9 \u00e0 votre site web ou plateforme de service client existante avec un minimum d&rsquo;effort technique. Cette int\u00e9gration fluide assure une exp\u00e9rience utilisateur coh\u00e9rente sur tous vos points de contact num\u00e9riques.<\/p>\n<p>**\u2699\ufe0f Personnalisation et Scalabilit\u00e9**<br \/>\nPersonnalisez votre chatbot IA pour refl\u00e9ter le ton de votre marque et r\u00e9pondre \u00e0 vos besoins sp\u00e9cifiques. La plateforme ConversaBridge s\u2019adapte aux demandes croissantes de votre entreprise, vous permettant de vous d\u00e9velopper sans compromettre la performance ou l\u2019exp\u00e9rience client.<\/p>\n<p>**\ud83d\udcca Analyses et Informations**<br \/>\nObtenez des informations pr\u00e9cieuses sur les interactions client gr\u00e2ce \u00e0 des analyses compl\u00e8tes. Comprenez mieux les besoins des clients et am\u00e9liorez continuellement vos services gr\u00e2ce \u00e0 des donn\u00e9es concr\u00e8tes.<\/p>\n<p>**Informations sur l&rsquo;utilisation des donn\u00e9es AI :**<\/p>\n<p>L&rsquo;utilisation des donn\u00e9es AI fait r\u00e9f\u00e9rence \u00e0 la quantit\u00e9 de donn\u00e9es n\u00e9cessaire pour le fonctionnement du chatbot IA. Par exemple, les mod\u00e8les IA tels que OpenAI (mod\u00e8les GPT) et Anthropic (mod\u00e8les Claude) consid\u00e8rent qu&rsquo;un jeton correspond \u00e0 environ 3-4 caract\u00e8res. Dans notre syst\u00e8me de chatbot, l&rsquo;utilisation des donn\u00e9es IA varie en fonction des fonctionnalit\u00e9s. Chaque compte b\u00e9n\u00e9ficie de 1 million de jetons par mois. Une fois ce plafond d\u00e9pass\u00e9, le syst\u00e8me s&rsquo;arr\u00eate automatiquement. Vous pouvez acheter des droits d&rsquo;usage de donn\u00e9es suppl\u00e9mentaires pour 15 USD par mois, augmentant la capacit\u00e9 de traitement du chatbot IA pour permettre une utilisation de donn\u00e9es accrue.<\/p>\n<table style=\"width: 100%; border-collapse: collapse;\">\n<thead>\n<tr style=\"background-color: #f2f2f2;\">\n<th style=\"border: 1px solid #ddd; padding: 8px;\"><span style=\"font-weight: 400;\">Provider<\/span><\/th>\n<th style=\"border: 1px solid #ddd; padding: 8px;\"><span style=\"font-weight: 400;\">Model<\/span><\/th>\n<th style=\"border: 1px solid #ddd; padding: 8px;\"><span style=\"font-weight: 400;\">Input Tokens (Credits\/1000)<\/span><\/th>\n<th style=\"border: 1px solid #ddd; padding: 8px;\"><span style=\"font-weight: 400;\">Output Tokens (Credits\/1000)<\/span><\/th>\n<\/tr>\n<\/thead>\n<tbody>\n<tr>\n<td style=\"border: 1px solid #ddd; padding: 8px;\">GPT-4o &#8211; OpenAI<\/td>\n<td style=\"border: 1px solid #ddd; padding: 8px;\">gpt-4o<\/td>\n<td style=\"border: 1px solid #ddd; padding: 8px;\">10 Credits<\/td>\n<td style=\"border: 1px solid #ddd; padding: 8px;\">35 Credits<\/td>\n<\/tr>\n<tr>\n<td style=\"border: 1px solid #ddd; padding: 8px;\">GPT-4o Mini &#8211; OpenAI<\/td>\n<td style=\"border: 1px solid #ddd; padding: 8px;\">gpt-4o-mini<\/td>\n<td style=\"border: 1px solid #ddd; padding: 8px;\">1 Credit<\/td>\n<td style=\"border: 1px solid #ddd; padding: 8px;\">1 Credit<\/td>\n<\/tr>\n<tr>\n<td style=\"border: 1px solid #ddd; padding: 8px;\">Finetuned 4o-mini UIEngine &#8211; EXPERIMENTAL<\/td>\n<td style=\"border: 1px solid #ddd; padding: 8px;\">ft:gpt-4o-mini-2024-07-18<\/td>\n<td style=\"border: 1px solid #ddd; padding: 8px;\">1 Credit<\/td>\n<td style=\"border: 1px solid #ddd; padding: 8px;\">1 Credit<\/td>\n<\/tr>\n<tr>\n<td style=\"border: 1px solid #ddd; padding: 8px;\">GPT-4 32k Turbo &#8211; OpenAI<\/td>\n<td style=\"border: 1px solid #ddd; padding: 8px;\">gpt-4-32k<\/td>\n<td style=\"border: 1px solid #ddd; padding: 8px;\">90 Credits<\/td>\n<td style=\"border: 1px solid #ddd; padding: 8px;\">190 Credits<\/td>\n<\/tr>\n<tr>\n<td style=\"border: 1px solid #ddd; padding: 8px;\">GPT-4 Turbo &#8211; OpenAI<\/td>\n<td style=\"border: 1px solid #ddd; padding: 8px;\">gpt-4<\/td>\n<td style=\"border: 1px solid #ddd; padding: 8px;\">45 Credits<\/td>\n<td style=\"border: 1px solid #ddd; padding: 8px;\">25 Credits<\/td>\n<\/tr>\n<tr>\n<td style=\"border: 1px solid #ddd; padding: 8px;\">GPT-3.5 Turbo 16k &#8211; OpenAI<\/td>\n<td style=\"border: 1px solid #ddd; padding: 8px;\">gpt-3.5-turbo-16k<\/td>\n<td style=\"border: 1px solid #ddd; padding: 8px;\">6 Credits<\/td>\n<td style=\"border: 1px solid #ddd; padding: 8px;\">8 Credits<\/td>\n<\/tr>\n<tr>\n<td style=\"border: 1px solid #ddd; padding: 8px;\">GPT-3.5 Turbo &#8211; OpenAI<\/td>\n<td style=\"border: 1px solid #ddd; padding: 8px;\">gpt-3.5-turbo<\/td>\n<td style=\"border: 1px solid #ddd; padding: 8px;\">2 Credits<\/td>\n<td style=\"border: 1px solid #ddd; padding: 8px;\">4 Credits<\/td>\n<\/tr>\n<tr>\n<td style=\"border: 1px solid #ddd; padding: 8px;\">Claude 3.5 Sonnet &#8211; Anthropic<\/td>\n<td style=\"border: 1px solid #ddd; padding: 8px;\">claude-3-5-sonnet-20240620<\/td>\n<td style=\"border: 1px solid #ddd; padding: 8px;\">10 Credits<\/td>\n<td style=\"border: 1px solid #ddd; padding: 8px;\">35 Credits<\/td>\n<\/tr>\n<tr>\n<td style=\"border: 1px solid #ddd; padding: 8px;\">Claude 3 Opus &#8211; Anthropic<\/td>\n<td style=\"border: 1px solid #ddd; padding: 8px;\">claude-3-opus-20240229<\/td>\n<td style=\"border: 1px solid #ddd; padding: 8px;\">30 Credits<\/td>\n<td style=\"border: 1px solid #ddd; padding: 8px;\">90 Credits<\/td>\n<\/tr>\n<tr>\n<td style=\"border: 1px solid #ddd; padding: 8px;\">Claude 3 Sonnet &#8211; Anthropic<\/td>\n<td style=\"border: 1px solid #ddd; padding: 8px;\">claude-3-sonnet-20240229<\/td>\n<td style=\"border: 1px solid #ddd; padding: 8px;\">12 Credits<\/td>\n<td style=\"border: 1px solid #ddd; padding: 8px;\">30 Credits<\/td>\n<\/tr>\n<tr>\n<td style=\"border: 1px solid #ddd; padding: 8px;\">Claude 3 Haiku &#8211; Anthropic<\/td>\n<td style=\"border: 1px solid #ddd; padding: 8px;\">claude-3-haiku-20240307<\/td>\n<td style=\"border: 1px solid #ddd; padding: 8px;\">1 Credit<\/td>\n<td style=\"border: 1px solid #ddd; padding: 8px;\">2 Credits<\/td>\n<\/tr>\n<tr>\n<td style=\"border: 1px solid #ddd; padding: 8px;\">Gemini 1.5 Pro &#8211; Google<\/td>\n<td style=\"border: 1px solid #ddd; padding: 8px;\">gemini-1.5-pro<\/td>\n<td style=\"border: 1px solid #ddd; padding: 8px;\">8 Credits<\/td>\n<td style=\"border: 1px solid #ddd; padding: 8px;\">12 Credits<\/td>\n<\/tr>\n<tr>\n<td style=\"border: 1px solid #ddd; padding: 8px;\">Gemini 1.5 Flash &#8211; Google<\/td>\n<td style=\"border: 1px solid #ddd; padding: 8px;\">gemini-1.5-flash<\/td>\n<td style=\"border: 1px solid #ddd; padding: 8px;\">1 Credit<\/td>\n<td style=\"border: 1px solid #ddd; padding: 8px;\">1 Credit<\/td>\n<\/tr>\n<tr>\n<td style=\"border: 1px solid #ddd; padding: 8px;\">Gemini 1.0 Pro &#8211; Google<\/td>\n<td style=\"border: 1px solid #ddd; padding: 8px;\">gemini-1.0-pro<\/td>\n<td style=\"border: 1px solid #ddd; padding: 8px;\">1 Credit<\/td>\n<td style=\"border: 1px solid #ddd; padding: 8px;\">1 Credit<\/td>\n<\/tr>\n<tr>\n<td style=\"border: 1px solid #ddd; padding: 8px;\">LLaMA3.2 90b &#8211; Groq<\/td>\n<td style=\"border: 1px solid #ddd; padding: 8px;\">llama-3.2-90b-text-preview<\/td>\n<td style=\"border: 1px solid #ddd; padding: 8px;\">2 Credits<\/td>\n<td style=\"border: 1px solid #ddd; padding: 8px;\">5 Credits<\/td>\n<\/tr>\n<tr>\n<td style=\"border: 1px solid #ddd; padding: 8px;\">LLaMA3.2 11b &#8211; Groq<\/td>\n<td style=\"border: 1px solid #ddd; padding: 8px;\">llama-3.2-11b-text-preview<\/td>\n<td style=\"border: 1px solid #ddd; padding: 8px;\">1 Credit<\/td>\n<td style=\"border: 1px solid #ddd; padding: 8px;\">1 Credit<\/td>\n<\/tr>\n<\/tbody>\n<\/table>\n","protected":false},"featured_media":5016,"comment_status":"open","ping_status":"closed","template":"","meta":{"om_disable_all_campaigns":false,"_monsterinsights_skip_tracking":false,"_monsterinsights_sitenote_active":false,"_monsterinsights_sitenote_note":"","_monsterinsights_sitenote_category":0},"product_brand":[],"product_cat":[254,255,256],"product_tag":[],"class_list":{"0":"post-11125","1":"product","2":"type-product","3":"status-publish","4":"has-post-thumbnail","6":"product_cat-ai-chat-bot-fr","7":"product_cat-ai-voice-fr","8":"product_cat-cms-fr","9":"entry","10":"has-media","13":"first","14":"instock","15":"sale","16":"virtual","17":"taxable","18":"purchasable","19":"product-type-simple","20":"has-product-nav","21":"col","22":"span_1_of_3","23":"owp-content-center","24":"owp-thumbs-layout-horizontal","25":"owp-btn-normal","26":"owp-tabs-layout-horizontal","27":"has-no-thumbnails"},"aioseo_notices":[],"_links":{"self":[{"href":"https:\/\/mailtoticket.com\/fr\/wp-json\/wp\/v2\/product\/11125","targetHints":{"allow":["GET"]}}],"collection":[{"href":"https:\/\/mailtoticket.com\/fr\/wp-json\/wp\/v2\/product"}],"about":[{"href":"https:\/\/mailtoticket.com\/fr\/wp-json\/wp\/v2\/types\/product"}],"replies":[{"embeddable":true,"href":"https:\/\/mailtoticket.com\/fr\/wp-json\/wp\/v2\/comments?post=11125"}],"version-history":[{"count":3,"href":"https:\/\/mailtoticket.com\/fr\/wp-json\/wp\/v2\/product\/11125\/revisions"}],"predecessor-version":[{"id":11780,"href":"https:\/\/mailtoticket.com\/fr\/wp-json\/wp\/v2\/product\/11125\/revisions\/11780"}],"wp:featuredmedia":[{"embeddable":true,"href":"https:\/\/mailtoticket.com\/fr\/wp-json\/wp\/v2\/media\/5016"}],"wp:attachment":[{"href":"https:\/\/mailtoticket.com\/fr\/wp-json\/wp\/v2\/media?parent=11125"}],"wp:term":[{"taxonomy":"product_brand","embeddable":true,"href":"https:\/\/mailtoticket.com\/fr\/wp-json\/wp\/v2\/product_brand?post=11125"},{"taxonomy":"product_cat","embeddable":true,"href":"https:\/\/mailtoticket.com\/fr\/wp-json\/wp\/v2\/product_cat?post=11125"},{"taxonomy":"product_tag","embeddable":true,"href":"https:\/\/mailtoticket.com\/fr\/wp-json\/wp\/v2\/product_tag?post=11125"}],"curies":[{"name":"wp","href":"https:\/\/api.w.org\/{rel}","templated":true}]}}