{"id":11136,"date":"2024-10-17T12:31:29","date_gmt":"2024-10-17T09:31:29","guid":{"rendered":"https:\/\/mailtoticket.com\/shop\/whatsapp-bussines-ai\/"},"modified":"2024-10-28T19:56:38","modified_gmt":"2024-10-28T16:56:38","slug":"whatsapp-bussines-ai","status":"publish","type":"product","link":"https:\/\/mailtoticket.com\/fr\/shop\/whatsapp-bussines-ai\/","title":{"rendered":"\ud83d\udcac WhatsApp Business AI"},"content":{"rendered":"<p>**Automatisez l&rsquo;Engagement Client sur WhatsApp et G\u00e9n\u00e9rez des Leads 24\/7 !**<\/p>\n<p>**WhatsApp Business AI** est con\u00e7u pour automatiser vos interactions sur **WhatsApp Business**, garantissant que vous ne manquez jamais une occasion d\u2019interagir avec vos clients \u2014 m\u00eame lorsque votre \u00e9quipe est hors ligne. Transformez les leads issus de publicit\u00e9s directement sur **WhatsApp**, qualifiez-les automatiquement, et poursuivez les conversations sans interruption.<\/p>\n","protected":false},"excerpt":{"rendered":"<p>**\ud83d\udcac WhatsApp Business AI**<br \/>\n**Automatisez l&rsquo;Engagement Client sur WhatsApp et G\u00e9n\u00e9rez des Leads 24\/7 !**<\/p>\n<p>**WhatsApp Business AI** est con\u00e7u pour automatiser vos interactions sur **WhatsApp Business**, garantissant que vous ne manquez jamais une occasion d\u2019interagir avec vos clients \u2014 m\u00eame lorsque votre \u00e9quipe est hors ligne. Transformez les leads issus de publicit\u00e9s directement sur **WhatsApp**, qualifiez-les automatiquement, et poursuivez les conversations sans interruption.<\/p>\n<p>### Avantages Cl\u00e9s :<br \/>\n&#8211; **G\u00e9n\u00e9ration de Leads depuis les Publicit\u00e9s vers WhatsApp \ud83d\ude80 :** Avec WhatsApp Business AI, canalisez les leads depuis vos publicit\u00e9s directement dans WhatsApp, m\u00eame lorsque vos agents sont indisponibles. Finis les arr\u00eats de campagne en p\u00e9riode de forte activit\u00e9 !<\/p>\n<p>&#8211; **Engagement Automatis\u00e9 24\/7 \ud83e\udd16 :** Qualifiez automatiquement les leads lorsque les agents sont hors ligne. D\u00e8s leur retour, ils peuvent reprendre la conversation en toute fluidit\u00e9.<\/p>\n<p>&#8211; **Messages de Masse sur WhatsApp \ud83d\udce2 :** Envoyez des messages group\u00e9s sur WhatsApp pour engager instantan\u00e9ment votre audience avec des promotions, des mises \u00e0 jour ou des rappels.<\/p>\n<p>### 4 Fa\u00e7ons d\u2019Utiliser WhatsApp Business AI :<br \/>\n1. **Int\u00e9gration avec votre Site Web \ud83c\udf10 :** Utilisez le m\u00eame bot AI pour votre site web et WhatsApp. Le bot g\u00e8re les demandes client, qualifie les leads, et met en relation avec des agents en direct si besoin, le tout depuis un panneau d&rsquo;administration unique.<\/p>\n<p>2. **Enti\u00e8rement Automatis\u00e9 \ud83e\udd16 :** Laissez l&rsquo;IA g\u00e9rer toutes les conversations sur WhatsApp, que ce soit pour r\u00e9pondre aux messages, qualifier les leads ou offrir un support client \u2014 24\/7.<\/p>\n<p>3. **Solution Autonome sur WhatsApp \ud83d\udee0\ufe0f :** Utilisez WhatsApp Business AI de mani\u00e8re ind\u00e9pendante pour g\u00e9rer toutes les interactions directement sur WhatsApp, sans besoin de site web.<\/p>\n<p>4. **Messages Group\u00e9s \ud83d\udce2 :** Envoyez facilement des messages de masse sur WhatsApp pour les promotions, les mises \u00e0 jour ou les annonces, et atteignez instantan\u00e9ment votre audience.<\/p>\n<p>### Tarification :<br \/>\n&#8211; **Frais d\u2019installation :** 199 USD (frais uniques)<br \/>\n&#8211; **Abonnement Mensuel :** 99 USD par mois<\/p>\n<p>**WhatsApp Business AI** est la solution id\u00e9ale pour automatiser vos interactions client, g\u00e9n\u00e9rer des leads depuis vos publicit\u00e9s, et engager votre audience 24\/7. Que vous souhaitiez une automatisation compl\u00e8te ou une int\u00e9gration avec votre site web, **WhatsApp Business AI** garantit que vous restez toujours connect\u00e9 avec vos clients.<\/p>\n<p>**Commencez avec WhatsApp Business AI d\u00e8s aujourd&rsquo;hui et maximisez votre engagement client !**<\/p>\n","protected":false},"featured_media":4986,"comment_status":"open","ping_status":"closed","template":"","meta":{"om_disable_all_campaigns":false,"_monsterinsights_skip_tracking":false,"_monsterinsights_sitenote_active":false,"_monsterinsights_sitenote_note":"","_monsterinsights_sitenote_category":0},"product_brand":[],"product_cat":[254,255,256],"product_tag":[],"class_list":{"0":"post-11136","1":"product","2":"type-product","3":"status-publish","4":"has-post-thumbnail","6":"product_cat-ai-chat-bot-fr","7":"product_cat-ai-voice-fr","8":"product_cat-cms-fr","9":"entry","10":"has-media","13":"first","14":"instock","15":"sale","16":"virtual","17":"taxable","18":"purchasable","19":"product-type-simple","20":"has-product-nav","21":"col","22":"span_1_of_3","23":"owp-content-center","24":"owp-thumbs-layout-horizontal","25":"owp-btn-normal","26":"owp-tabs-layout-horizontal","27":"has-no-thumbnails"},"aioseo_notices":[],"_links":{"self":[{"href":"https:\/\/mailtoticket.com\/fr\/wp-json\/wp\/v2\/product\/11136","targetHints":{"allow":["GET"]}}],"collection":[{"href":"https:\/\/mailtoticket.com\/fr\/wp-json\/wp\/v2\/product"}],"about":[{"href":"https:\/\/mailtoticket.com\/fr\/wp-json\/wp\/v2\/types\/product"}],"replies":[{"embeddable":true,"href":"https:\/\/mailtoticket.com\/fr\/wp-json\/wp\/v2\/comments?post=11136"}],"version-history":[{"count":3,"href":"https:\/\/mailtoticket.com\/fr\/wp-json\/wp\/v2\/product\/11136\/revisions"}],"predecessor-version":[{"id":11778,"href":"https:\/\/mailtoticket.com\/fr\/wp-json\/wp\/v2\/product\/11136\/revisions\/11778"}],"wp:featuredmedia":[{"embeddable":true,"href":"https:\/\/mailtoticket.com\/fr\/wp-json\/wp\/v2\/media\/4986"}],"wp:attachment":[{"href":"https:\/\/mailtoticket.com\/fr\/wp-json\/wp\/v2\/media?parent=11136"}],"wp:term":[{"taxonomy":"product_brand","embeddable":true,"href":"https:\/\/mailtoticket.com\/fr\/wp-json\/wp\/v2\/product_brand?post=11136"},{"taxonomy":"product_cat","embeddable":true,"href":"https:\/\/mailtoticket.com\/fr\/wp-json\/wp\/v2\/product_cat?post=11136"},{"taxonomy":"product_tag","embeddable":true,"href":"https:\/\/mailtoticket.com\/fr\/wp-json\/wp\/v2\/product_tag?post=11136"}],"curies":[{"name":"wp","href":"https:\/\/api.w.org\/{rel}","templated":true}]}}