{"id":11147,"date":"2024-10-17T12:56:59","date_gmt":"2024-10-17T09:56:59","guid":{"rendered":"https:\/\/mailtoticket.com\/shop\/telegram-messenger-ai\/"},"modified":"2024-10-28T18:13:54","modified_gmt":"2024-10-28T15:13:54","slug":"telegram-messenger-ai","status":"publish","type":"product","link":"https:\/\/mailtoticket.com\/fr\/shop\/telegram-messenger-ai\/","title":{"rendered":"\ud83d\udcac Telegram Messenger AI"},"content":{"rendered":"<div class=\"elementor-element elementor-element-54a854f elementor-widget elementor-widget-apper_heading\" data-id=\"54a854f\" data-element_type=\"widget\" data-widget_type=\"apper_heading.default\">\n<div class=\"elementor-widget-container\">\n<div class=\"acm-heading no-line content-left-align\">\n<div class=\"acm_heading-desc\">\n<p>**Automatisez les Interactions Client et la Gestion des Leads sur Telegram 24\/7 !**<\/p>\n<p>**Telegram Messenger AI** est votre solution tout-en-un pour g\u00e9rer et automatiser les interactions clients sur **Telegram**, garantissant que votre entreprise est disponible pour interagir avec les clients de jour comme de nuit. De la gestion des demandes clients \u00e0 la g\u00e9n\u00e9ration de leads \u00e0 partir des publicit\u00e9s directement sur **Telegram**, cette solution d&rsquo;IA am\u00e9liore consid\u00e9rablement l&rsquo;efficacit\u00e9 de votre communication.<\/p>\n<\/div>\n<\/div>\n<\/div>\n<\/div>\n","protected":false},"excerpt":{"rendered":"<p>**\ud83d\udcac Telegram Messenger AI**<br \/>\n**Automatisez les Interactions Client et la Gestion des Leads sur Telegram 24\/7 !**<\/p>\n<p>**Telegram Messenger AI** est votre solution tout-en-un pour g\u00e9rer et automatiser les interactions clients sur **Telegram**, garantissant que votre entreprise est disponible pour interagir avec les clients de jour comme de nuit. De la gestion des demandes clients \u00e0 la g\u00e9n\u00e9ration de leads \u00e0 partir des publicit\u00e9s directement sur **Telegram**, cette solution d&rsquo;IA am\u00e9liore consid\u00e9rablement l&rsquo;efficacit\u00e9 de votre communication.<\/p>\n<p>### Avantages Cl\u00e9s :<br \/>\n&#8211; **G\u00e9n\u00e9ration de Leads \u00e0 partir des Publicit\u00e9s vers Telegram \ud83d\ude80 :** Utilisez les publicit\u00e9s **Click-to-Telegram** pour diriger les prospects directement dans les chats Telegram, o\u00f9 l&rsquo;IA peut qualifier les leads et fournir des r\u00e9ponses instantan\u00e9es, m\u00eame en l&rsquo;absence d&rsquo;agents humains.<\/p>\n<p>&#8211; **Support Client Automatis\u00e9 24\/7 \ud83e\udd16 :** Telegram Messenger AI g\u00e8re tous les messages entrants, qualifie les leads et assiste les clients en continu. Vos agents humains peuvent prendre le relais \u00e0 tout moment.<\/p>\n<p>&#8211; **Messages Group\u00e9s \ud83d\udce2 :** Envoyez des messages group\u00e9s \u00e0 votre audience Telegram pour diffuser instantan\u00e9ment des mises \u00e0 jour, promotions ou annonces importantes et ainsi garder vos clients engag\u00e9s.<\/p>\n<p>### 4 Fa\u00e7ons d\u2019Utiliser Telegram Messenger AI :<br \/>\n1. **Int\u00e9gration avec votre site web \ud83c\udf10 :** Utilisez le m\u00eame bot AI pour votre site web et Telegram. L&rsquo;IA g\u00e8re les demandes des clients, les met en relation avec des agents en direct si n\u00e9cessaire, et cr\u00e9e des tickets de support, le tout depuis un seul panneau d&rsquo;administration.<\/p>\n<p>2. **Enti\u00e8rement Automatis\u00e9 \ud83e\udd16 :** Laissez l&rsquo;IA g\u00e9rer toutes les interactions sur Telegram, y compris les demandes des clients, la qualification des leads et les requ\u00eates de support, sans intervention humaine.<\/p>\n<p>3. **Solution Autonome sur Telegram \ud83d\udee0\ufe0f :** Utilisez Telegram Messenger AI ind\u00e9pendamment pour g\u00e9rer toutes les communications client au sein de Telegram, sans n\u00e9cessiter de site web.<\/p>\n<p>4. **Messages Group\u00e9s \ud83d\udce2 :** Envoyez des messages en masse \u00e0 vos abonn\u00e9s Telegram pour annoncer des promotions, lancements de produits ou mises \u00e0 jour en toute simplicit\u00e9.<\/p>\n<p>### Tarification :<br \/>\n&#8211; **Frais d\u2019installation :** 199 USD (frais uniques)<br \/>\n&#8211; **Abonnement Mensuel :** 99 USD par mois<\/p>\n<p>**Telegram Messenger AI** vous permet d&rsquo;automatiser l&rsquo;engagement client, de g\u00e9rer les demandes et de g\u00e9n\u00e9rer des leads directement via **Telegram**. Avec un support 24\/7 et des transferts sans couture aux agents humains, **Telegram Messenger AI** garantit que votre entreprise est toujours pr\u00eate \u00e0 interagir.<\/p>\n<p>**Commencez avec Telegram Messenger AI d\u00e8s aujourd&rsquo;hui et transformez votre communication sur Telegram !**<\/p>\n","protected":false},"featured_media":6016,"comment_status":"open","ping_status":"closed","template":"","meta":{"om_disable_all_campaigns":false,"_monsterinsights_skip_tracking":false,"_monsterinsights_sitenote_active":false,"_monsterinsights_sitenote_note":"","_monsterinsights_sitenote_category":0},"product_brand":[],"product_cat":[275],"product_tag":[],"class_list":{"0":"post-11147","1":"product","2":"type-product","3":"status-publish","4":"has-post-thumbnail","6":"product_cat-customer-support-fr","7":"entry","8":"has-media","11":"first","12":"instock","13":"sale","14":"virtual","15":"taxable","16":"purchasable","17":"product-type-simple","18":"has-product-nav","19":"col","20":"span_1_of_3","21":"owp-content-center","22":"owp-thumbs-layout-horizontal","23":"owp-btn-normal","24":"owp-tabs-layout-horizontal","25":"has-no-thumbnails"},"aioseo_notices":[],"_links":{"self":[{"href":"https:\/\/mailtoticket.com\/fr\/wp-json\/wp\/v2\/product\/11147","targetHints":{"allow":["GET"]}}],"collection":[{"href":"https:\/\/mailtoticket.com\/fr\/wp-json\/wp\/v2\/product"}],"about":[{"href":"https:\/\/mailtoticket.com\/fr\/wp-json\/wp\/v2\/types\/product"}],"replies":[{"embeddable":true,"href":"https:\/\/mailtoticket.com\/fr\/wp-json\/wp\/v2\/comments?post=11147"}],"version-history":[{"count":4,"href":"https:\/\/mailtoticket.com\/fr\/wp-json\/wp\/v2\/product\/11147\/revisions"}],"predecessor-version":[{"id":11772,"href":"https:\/\/mailtoticket.com\/fr\/wp-json\/wp\/v2\/product\/11147\/revisions\/11772"}],"wp:featuredmedia":[{"embeddable":true,"href":"https:\/\/mailtoticket.com\/fr\/wp-json\/wp\/v2\/media\/6016"}],"wp:attachment":[{"href":"https:\/\/mailtoticket.com\/fr\/wp-json\/wp\/v2\/media?parent=11147"}],"wp:term":[{"taxonomy":"product_brand","embeddable":true,"href":"https:\/\/mailtoticket.com\/fr\/wp-json\/wp\/v2\/product_brand?post=11147"},{"taxonomy":"product_cat","embeddable":true,"href":"https:\/\/mailtoticket.com\/fr\/wp-json\/wp\/v2\/product_cat?post=11147"},{"taxonomy":"product_tag","embeddable":true,"href":"https:\/\/mailtoticket.com\/fr\/wp-json\/wp\/v2\/product_tag?post=11147"}],"curies":[{"name":"wp","href":"https:\/\/api.w.org\/{rel}","templated":true}]}}