{"id":11404,"date":"2024-06-11T04:00:56","date_gmt":"2024-06-11T01:00:56","guid":{"rendered":"https:\/\/mailtoticket.com\/shop\/assistflow-ai\/"},"modified":"2024-10-28T20:23:13","modified_gmt":"2024-10-28T17:23:13","slug":"assistflow-ai","status":"publish","type":"product","link":"https:\/\/mailtoticket.com\/fr\/shop\/assistflow-ai\/","title":{"rendered":"\ud83c\udf99\ufe0fAssistFlow.ai"},"content":{"rendered":"<p>**\ud83c\udf99\ufe0f AssistFlow + Voice AI Assistant \ud83c\udf99\ufe0f + R\u00e9ponse aux Appels \ud83d\udcde**<\/p>\n<p>**AssistFlow** est une solution tout-en-un qui g\u00e8re non seulement le **chat web** et les plateformes de **r\u00e9seaux sociaux** comme **Facebook**, **Instagram**, **WhatsApp** et **Telegram**, mais prend \u00e9galement en charge les **appels sur ligne fixe** \ud83d\udcde gr\u00e2ce \u00e0 la puissance de l&rsquo;**IA**. L\u2019assistant vocal IA **24\/7** r\u00e9pond aux appels entrants, offrant un support client fluide. Lorsqu&rsquo;aucune solution ne peut \u00eatre trouv\u00e9e, le syst\u00e8me ouvre automatiquement une demande de support, garantissant que chaque probl\u00e8me est suivi et r\u00e9solu.<\/p>\n<p>&nbsp;<\/p>\n","protected":false},"excerpt":{"rendered":"<p>**\ud83c\udf99\ufe0f AssistFlow + Voice AI Assistant \ud83c\udf99\ufe0f + R\u00e9ponse aux Appels \ud83d\udcde**<\/p>\n<p>**AssistFlow** est une solution tout-en-un qui g\u00e8re non seulement le **chat web** et les plateformes de **r\u00e9seaux sociaux** comme **Facebook**, **Instagram**, **WhatsApp** et **Telegram**, mais prend \u00e9galement en charge les **appels sur ligne fixe** \ud83d\udcde gr\u00e2ce \u00e0 la puissance de l&rsquo;**IA**. L\u2019assistant vocal IA **24\/7** r\u00e9pond aux appels entrants, offrant un support client fluide. Lorsqu&rsquo;aucune solution ne peut \u00eatre trouv\u00e9e, le syst\u00e8me ouvre automatiquement une demande de support, garantissant que chaque probl\u00e8me est suivi et r\u00e9solu.<\/p>\n<p>### Caract\u00e9ristiques Cl\u00e9s :<br \/>\n&#8211; **R\u00e9ponse aux Appels par IA \ud83d\udcde :** L&rsquo;assistant IA r\u00e9pond \u00e0 tous les appels entrants sur votre ligne fixe, fournissant un service client de haute qualit\u00e9 et sans interruption.<\/p>\n<p>&#8211; **Chat Web et Int\u00e9gration aux R\u00e9seaux Sociaux par IA \ud83d\udcac :** G\u00e9rez tous vos canaux de messagerie \u2014 incluant **Facebook Messenger**, **Instagram**, **WhatsApp**, **Telegram** et le **chat web** \u2014 sur une seule plateforme unifi\u00e9e, avec une IA qui prend en charge les premi\u00e8res r\u00e9ponses et escalade si n\u00e9cessaire.<\/p>\n<p>&#8211; **Disponibilit\u00e9 24\/7 \u23f0 :** Avec **aucun jour f\u00e9ri\u00e9** et un **support ininterrompu**, votre entreprise aura toujours un service client propuls\u00e9 par l&rsquo;IA, r\u00e9duisant consid\u00e9rablement les co\u00fbts du centre d&rsquo;appels et les co\u00fbts op\u00e9rationnels.<\/p>\n<p>&#8211; **IA Vocale pour le Chat Web \ud83c\udf99\ufe0f :** AssistFlow g\u00e8re non seulement le chat textuel, mais propose aussi une **IA vocale** pour le chat web, permettant aux utilisateurs de parler directement avec l\u2019assistant pour des solutions plus rapides.<\/p>\n<p>&#8211; **Demandes de Support Automatis\u00e9es \ud83d\udcdd :** Lorsque l&rsquo;IA ne peut r\u00e9soudre un probl\u00e8me, elle cr\u00e9e automatiquement une demande de support, assurant une escalade fluide et un suivi d\u00e9taill\u00e9.<\/p>\n<p>&#8211; **R\u00e9duction des Co\u00fbts Op\u00e9rationnels \ud83d\udcbc :** R\u00e9duisez les co\u00fbts de votre centre d&rsquo;appels et vos co\u00fbts op\u00e9rationnels tout en maintenant un support client coh\u00e9rent et de qualit\u00e9.<\/p>\n<p>### Tarification :<br \/>\n&#8211; **Frais d\u2019Installation :** 199 USD pour une configuration personnalis\u00e9e, incluant 199 sc\u00e9narios sur mesure.<\/p>\n<p>&#8211; **Abonnement Mensuel :** 399 USD par mois pour un acc\u00e8s complet au chat web, \u00e0 l&rsquo;IA vocale, \u00e0 l&rsquo;int\u00e9gration des r\u00e9seaux sociaux et \u00e0 la gestion de la ligne fixe.<\/p>\n<p>&#8211; **Co\u00fbt par Minute d\u2019Appel :** 0,25 USD par minute pour la gestion des appels.<\/p>\n<p>**AssistFlow** est la solution ultime propuls\u00e9e par l&rsquo;IA pour g\u00e9rer les appels, le chat web et les interactions sur les r\u00e9seaux sociaux en un seul endroit. Avec **aucun jour f\u00e9ri\u00e9**, une **disponibilit\u00e9 24\/7** et une qualit\u00e9 de support constante, c&rsquo;est le choix id\u00e9al pour r\u00e9duire les co\u00fbts et offrir un service client exceptionnel.<\/p>\n<p>**Adoptez AssistFlow d\u00e8s aujourd&rsquo;hui et am\u00e9liorez l&rsquo;exp\u00e9rience client sur toutes vos plateformes !**<\/p>\n<p>**\ud83c\udd93 Essai Gratuit de 14 Jours**<br \/>\nD\u00e9couvrez toutes les fonctionnalit\u00e9s de ConversaBridge pendant 14 jours sans aucun engagement. Pendant cette p\u00e9riode, voyez comment notre chatbot IA et l&rsquo;int\u00e9gration avec l&rsquo;assistance humaine transforment vos interactions clients.<\/p>\n<p>**\ud83d\udd17 Int\u00e9gration Facile**<br \/>\nConversaBridge peut \u00eatre int\u00e9gr\u00e9 \u00e0 votre site web ou \u00e0 votre plateforme de service client existante avec un minimum d&rsquo;effort technique. Cette int\u00e9gration fluide garantit une exp\u00e9rience utilisateur coh\u00e9rente sur tous vos points de contact num\u00e9riques.<\/p>\n<p>**\u2699\ufe0f Personnalisation et Scalabilit\u00e9**<br \/>\nPersonnalisez votre chatbot IA pour refl\u00e9ter le ton de votre marque et r\u00e9pondre \u00e0 vos besoins sp\u00e9cifiques. La plateforme ConversaBridge s\u2019adapte aux demandes croissantes de votre entreprise, vous permettant de vous d\u00e9velopper sans compromettre la performance ou l\u2019exp\u00e9rience client.<\/p>\n<p>**\ud83d\udcca Analyses et Informations**<br \/>\nObtenez des informations pr\u00e9cieuses sur les interactions client gr\u00e2ce \u00e0 des analyses compl\u00e8tes. Comprenez mieux les besoins des clients et am\u00e9liorez continuellement vos services gr\u00e2ce \u00e0 des donn\u00e9es concr\u00e8tes.<\/p>\n<p>**Informations sur l&rsquo;utilisation des donn\u00e9es AI :**<\/p>\n<p>L&rsquo;utilisation des donn\u00e9es IA fait r\u00e9f\u00e9rence \u00e0 la quantit\u00e9 de donn\u00e9es n\u00e9cessaire pour le fonctionnement du chatbot IA. Par exemple, les mod\u00e8les IA tels que OpenAI (mod\u00e8les GPT) et Anthropic (mod\u00e8les Claude) consid\u00e8rent qu&rsquo;un jeton correspond \u00e0 environ 3-4 caract\u00e8res. Dans notre syst\u00e8me de chatbot, l&rsquo;utilisation des donn\u00e9es IA varie en fonction des fonctionnalit\u00e9s. Chaque compte b\u00e9n\u00e9ficie de 1 million de jetons par mois. Une fois ce plafond d\u00e9pass\u00e9, le syst\u00e8me s&rsquo;arr\u00eate automatiquement. Vous pouvez acheter des droits d&rsquo;usage de donn\u00e9es suppl\u00e9mentaires pour 15 USD par mois, augmentant la capacit\u00e9 de traitement du chatbot IA pour permettre une utilisation de donn\u00e9es accrue.<\/p>\n<table style=\"width: 100%; border-collapse: collapse;\">\n<thead>\n<tr style=\"background-color: #f2f2f2;\">\n<th style=\"border: 1px solid #ddd; padding: 8px;\"><span style=\"font-weight: 400;\">Provider<\/span><\/th>\n<th style=\"border: 1px solid #ddd; padding: 8px;\"><span style=\"font-weight: 400;\">Model<\/span><\/th>\n<th style=\"border: 1px solid #ddd; padding: 8px;\"><span style=\"font-weight: 400;\">Input Tokens (Credits\/1000)<\/span><\/th>\n<th style=\"border: 1px solid #ddd; padding: 8px;\"><span style=\"font-weight: 400;\">Output Tokens (Credits\/1000)<\/span><\/th>\n<\/tr>\n<\/thead>\n<tbody>\n<tr>\n<td style=\"border: 1px solid #ddd; padding: 8px;\">GPT-4o &#8211; OpenAI<\/td>\n<td style=\"border: 1px solid #ddd; padding: 8px;\">gpt-4o<\/td>\n<td style=\"border: 1px solid #ddd; padding: 8px;\">10 Credits<\/td>\n<td style=\"border: 1px solid #ddd; padding: 8px;\">35 Credits<\/td>\n<\/tr>\n<tr>\n<td style=\"border: 1px solid #ddd; padding: 8px;\">GPT-4o Mini &#8211; OpenAI<\/td>\n<td style=\"border: 1px solid #ddd; padding: 8px;\">gpt-4o-mini<\/td>\n<td style=\"border: 1px solid #ddd; padding: 8px;\">1 Credit<\/td>\n<td style=\"border: 1px solid #ddd; padding: 8px;\">1 Credit<\/td>\n<\/tr>\n<tr>\n<td style=\"border: 1px solid #ddd; padding: 8px;\">Finetuned 4o-mini UIEngine &#8211; EXPERIMENTAL<\/td>\n<td style=\"border: 1px solid #ddd; padding: 8px;\">ft:gpt-4o-mini-2024-07-18<\/td>\n<td style=\"border: 1px solid #ddd; padding: 8px;\">1 Credit<\/td>\n<td style=\"border: 1px solid #ddd; padding: 8px;\">1 Credit<\/td>\n<\/tr>\n<tr>\n<td style=\"border: 1px solid #ddd; padding: 8px;\">GPT-4 32k Turbo &#8211; OpenAI<\/td>\n<td style=\"border: 1px solid #ddd; padding: 8px;\">gpt-4-32k<\/td>\n<td style=\"border: 1px solid #ddd; padding: 8px;\">90 Credits<\/td>\n<td style=\"border: 1px solid #ddd; padding: 8px;\">190 Credits<\/td>\n<\/tr>\n<tr>\n<td style=\"border: 1px solid #ddd; padding: 8px;\">GPT-4 Turbo &#8211; OpenAI<\/td>\n<td style=\"border: 1px solid #ddd; padding: 8px;\">gpt-4<\/td>\n<td style=\"border: 1px solid #ddd; padding: 8px;\">45 Credits<\/td>\n<td style=\"border: 1px solid #ddd; padding: 8px;\">25 Credits<\/td>\n<\/tr>\n<tr>\n<td style=\"border: 1px solid #ddd; padding: 8px;\">GPT-3.5 Turbo 16k &#8211; OpenAI<\/td>\n<td style=\"border: 1px solid #ddd; padding: 8px;\">gpt-3.5-turbo-16k<\/td>\n<td style=\"border: 1px solid #ddd; padding: 8px;\">6 Credits<\/td>\n<td style=\"border: 1px solid #ddd; padding: 8px;\">8 Credits<\/td>\n<\/tr>\n<tr>\n<td style=\"border: 1px solid #ddd; padding: 8px;\">GPT-3.5 Turbo &#8211; OpenAI<\/td>\n<td style=\"border: 1px solid #ddd; padding: 8px;\">gpt-3.5-turbo<\/td>\n<td style=\"border: 1px solid #ddd; padding: 8px;\">2 Credits<\/td>\n<td style=\"border: 1px solid #ddd; padding: 8px;\">4 Credits<\/td>\n<\/tr>\n<tr>\n<td style=\"border: 1px solid #ddd; padding: 8px;\">Claude 3.5 Sonnet &#8211; Anthropic<\/td>\n<td style=\"border: 1px solid #ddd; padding: 8px;\">claude-3-5-sonnet-20240620<\/td>\n<td style=\"border: 1px solid #ddd; padding: 8px;\">10 Credits<\/td>\n<td style=\"border: 1px solid #ddd; padding: 8px;\">35 Credits<\/td>\n<\/tr>\n<tr>\n<td style=\"border: 1px solid #ddd; padding: 8px;\">Claude 3 Opus &#8211; Anthropic<\/td>\n<td style=\"border: 1px solid #ddd; padding: 8px;\">claude-3-opus-20240229<\/td>\n<td style=\"border: 1px solid #ddd; padding: 8px;\">30 Credits<\/td>\n<td style=\"border: 1px solid #ddd; padding: 8px;\">90 Credits<\/td>\n<\/tr>\n<tr>\n<td style=\"border: 1px solid #ddd; padding: 8px;\">Claude 3 Sonnet &#8211; Anthropic<\/td>\n<td style=\"border: 1px solid #ddd; padding: 8px;\">claude-3-sonnet-20240229<\/td>\n<td style=\"border: 1px solid #ddd; padding: 8px;\">12 Credits<\/td>\n<td style=\"border: 1px solid #ddd; padding: 8px;\">30 Credits<\/td>\n<\/tr>\n<tr>\n<td style=\"border: 1px solid #ddd; padding: 8px;\">Claude 3 Haiku &#8211; Anthropic<\/td>\n<td style=\"border: 1px solid #ddd; padding: 8px;\">claude-3-haiku-20240307<\/td>\n<td style=\"border: 1px solid #ddd; padding: 8px;\">1 Credit<\/td>\n<td style=\"border: 1px solid #ddd; padding: 8px;\">2 Credits<\/td>\n<\/tr>\n<tr>\n<td style=\"border: 1px solid #ddd; padding: 8px;\">Gemini 1.5 Pro &#8211; Google<\/td>\n<td style=\"border: 1px solid #ddd; padding: 8px;\">gemini-1.5-pro<\/td>\n<td style=\"border: 1px solid #ddd; padding: 8px;\">8 Credits<\/td>\n<td style=\"border: 1px solid #ddd; padding: 8px;\">12 Credits<\/td>\n<\/tr>\n<tr>\n<td style=\"border: 1px solid #ddd; padding: 8px;\">Gemini 1.5 Flash &#8211; Google<\/td>\n<td style=\"border: 1px solid #ddd; padding: 8px;\">gemini-1.5-flash<\/td>\n<td style=\"border: 1px solid #ddd; padding: 8px;\">1 Credit<\/td>\n<td style=\"border: 1px solid #ddd; padding: 8px;\">1 Credit<\/td>\n<\/tr>\n<tr>\n<td style=\"border: 1px solid #ddd; padding: 8px;\">Gemini 1.0 Pro &#8211; Google<\/td>\n<td style=\"border: 1px solid #ddd; padding: 8px;\">gemini-1.0-pro<\/td>\n<td style=\"border: 1px solid #ddd; padding: 8px;\">1 Credit<\/td>\n<td style=\"border: 1px solid #ddd; padding: 8px;\">1 Credit<\/td>\n<\/tr>\n<tr>\n<td style=\"border: 1px solid #ddd; padding: 8px;\">LLaMA3.2 90b &#8211; Groq<\/td>\n<td style=\"border: 1px solid #ddd; padding: 8px;\">llama-3.2-90b-text-preview<\/td>\n<td style=\"border: 1px solid #ddd; padding: 8px;\">2 Credits<\/td>\n<td style=\"border: 1px solid #ddd; padding: 8px;\">5 Credits<\/td>\n<\/tr>\n<tr>\n<td style=\"border: 1px solid #ddd; padding: 8px;\">LLaMA3.2 11b &#8211; Groq<\/td>\n<td style=\"border: 1px solid #ddd; padding: 8px;\">llama-3.2-11b-text-preview<\/td>\n<td style=\"border: 1px solid #ddd; padding: 8px;\">1 Credit<\/td>\n<td style=\"border: 1px solid #ddd; padding: 8px;\">1 Credit<\/td>\n<\/tr>\n<\/tbody>\n<\/table>\n","protected":false},"featured_media":5379,"comment_status":"open","ping_status":"closed","template":"","meta":{"om_disable_all_campaigns":false,"_monsterinsights_skip_tracking":false,"_monsterinsights_sitenote_active":false,"_monsterinsights_sitenote_note":"","_monsterinsights_sitenote_category":0},"product_brand":[],"product_cat":[254,255,256],"product_tag":[],"class_list":{"0":"post-11404","1":"product","2":"type-product","3":"status-publish","4":"has-post-thumbnail","6":"product_cat-ai-chat-bot-fr","7":"product_cat-ai-voice-fr","8":"product_cat-cms-fr","9":"entry","10":"has-media","13":"first","14":"instock","15":"sale","16":"virtual","17":"taxable","18":"purchasable","19":"product-type-simple","20":"has-product-nav","21":"col","22":"span_1_of_3","23":"owp-content-center","24":"owp-thumbs-layout-horizontal","25":"owp-btn-normal","26":"owp-tabs-layout-horizontal","27":"has-no-thumbnails"},"aioseo_notices":[],"_links":{"self":[{"href":"https:\/\/mailtoticket.com\/fr\/wp-json\/wp\/v2\/product\/11404","targetHints":{"allow":["GET"]}}],"collection":[{"href":"https:\/\/mailtoticket.com\/fr\/wp-json\/wp\/v2\/product"}],"about":[{"href":"https:\/\/mailtoticket.com\/fr\/wp-json\/wp\/v2\/types\/product"}],"replies":[{"embeddable":true,"href":"https:\/\/mailtoticket.com\/fr\/wp-json\/wp\/v2\/comments?post=11404"}],"version-history":[{"count":3,"href":"https:\/\/mailtoticket.com\/fr\/wp-json\/wp\/v2\/product\/11404\/revisions"}],"predecessor-version":[{"id":11788,"href":"https:\/\/mailtoticket.com\/fr\/wp-json\/wp\/v2\/product\/11404\/revisions\/11788"}],"wp:featuredmedia":[{"embeddable":true,"href":"https:\/\/mailtoticket.com\/fr\/wp-json\/wp\/v2\/media\/5379"}],"wp:attachment":[{"href":"https:\/\/mailtoticket.com\/fr\/wp-json\/wp\/v2\/media?parent=11404"}],"wp:term":[{"taxonomy":"product_brand","embeddable":true,"href":"https:\/\/mailtoticket.com\/fr\/wp-json\/wp\/v2\/product_brand?post=11404"},{"taxonomy":"product_cat","embeddable":true,"href":"https:\/\/mailtoticket.com\/fr\/wp-json\/wp\/v2\/product_cat?post=11404"},{"taxonomy":"product_tag","embeddable":true,"href":"https:\/\/mailtoticket.com\/fr\/wp-json\/wp\/v2\/product_tag?post=11404"}],"curies":[{"name":"wp","href":"https:\/\/api.w.org\/{rel}","templated":true}]}}