{"id":11550,"date":"2024-05-22T15:41:38","date_gmt":"2024-05-22T12:41:38","guid":{"rendered":"https:\/\/mailtoticket.com\/shop\/instasupport-ai\/"},"modified":"2024-10-28T20:37:38","modified_gmt":"2024-10-28T17:37:38","slug":"instasupport-ai","status":"publish","type":"product","link":"https:\/\/mailtoticket.com\/fr\/shop\/instasupport-ai\/","title":{"rendered":"\ud83d\udcf8 InstaSupport AI"},"content":{"rendered":"<p>**Vos Clients sont sur Instagram \u2014 Laissez l&rsquo;IA G\u00e9rer leur Engagement !**<\/p>\n<p>**InstaSupport AI** est une solution chatbot avanc\u00e9e con\u00e7ue pour **Instagram**, automatisant vos interactions et gardant vos clients satisfaits tout en vous laissant plus de temps pour le reste. Qu&rsquo;il s&rsquo;agisse de g\u00e9rer les **DMs**, **mentions**, **r\u00e9ponses**, ou d\u2019interagir avec les **likes** et **partages**, InstaSupport AI est votre outil de service client tout-en-un pour Instagram.<\/p>\n","protected":false},"excerpt":{"rendered":"<p>**\ud83d\udcf8 InstaSupport AI**<br \/>\n**Vos Clients sont sur Instagram \u2014 Laissez l&rsquo;IA G\u00e9rer leur Engagement !**<\/p>\n<p>**InstaSupport AI** est une solution chatbot avanc\u00e9e con\u00e7ue pour **Instagram**, automatisant vos interactions et gardant vos clients satisfaits tout en vous laissant plus de temps pour le reste. Qu&rsquo;il s&rsquo;agisse de g\u00e9rer les **DMs**, **mentions**, **r\u00e9ponses**, ou d\u2019interagir avec les **likes** et **partages**, InstaSupport AI est votre outil de service client tout-en-un pour Instagram.<\/p>\n<p>### Avantages Cl\u00e9s :<br \/>\n&#8211; **Automatisez l&rsquo;Engagement Client \ud83e\udd16 :** G\u00e9rez les messages directs, mentions, likes, commentaires, et r\u00e9ponses aux stories, en assurant des r\u00e9ponses en temps r\u00e9el 24\/7.<\/p>\n<p>&#8211; **Boostez vos Publicit\u00e9s Instagram \ud83d\udcc8 :** Associez **AssistFlow** \u00e0 vos publicit\u00e9s Instagram pour convertir davantage de prospects \u00e0 moindre co\u00fbt. Utilisez les publicit\u00e9s **Click-to-DM** pour attirer les leads directement dans les DM Instagram, o\u00f9 l&rsquo;IA peut qualifier les leads, traiter les commandes, et maintenir les conversations.<\/p>\n<p>### 3 Fa\u00e7ons d&rsquo;Utiliser InstaSupport AI :<br \/>\n1. **Int\u00e9gration avec votre Site Web \ud83c\udf10 :** Utilisez le m\u00eame chatbot et syst\u00e8me de support en direct sur votre site web et Instagram. Le bot IA r\u00e9pond aux **DMs**, **mentions de stories**, **r\u00e9ponses**, et **likes**, puis connecte les clients \u00e0 l&rsquo;assistance en direct si n\u00e9cessaire, cr\u00e9ant des tickets de support \u2014 le tout g\u00e9r\u00e9 depuis un panneau d&rsquo;administration unifi\u00e9.<\/p>\n<p>2. **Enti\u00e8rement Automatis\u00e9 \ud83e\udd16 :** Laissez l&rsquo;IA g\u00e9rer toutes les interactions sur Instagram \u2014 **DMs**, **mentions**, **r\u00e9ponses aux stories**, **likes**, et **partages**. Op\u00e9rez 24\/7, offrant des r\u00e9ponses instantan\u00e9es sans intervention humaine.<\/p>\n<p>3. **Solution Autonome sur Instagram \ud83d\udee0\ufe0f :** Pas de site web ? Aucun probl\u00e8me ! InstaSupport AI g\u00e8re tout l\u2019engagement client directement sur Instagram, automatisant les messages, likes, et partages pour une satisfaction client maximale.<\/p>\n<p>### Tarification :<br \/>\n&#8211; **Frais d&rsquo;Installation :** 199 USD (frais uniques)<br \/>\n&#8211; **Abonnement Mensuel :** 99 USD par mois<\/p>\n<p>**InstaSupport AI** vous aide \u00e0 g\u00e9rer facilement vos interactions **Instagram**, des **DMs** aux **mentions** et **r\u00e9ponses aux stories**, en garantissant \u00e0 vos clients des r\u00e9ponses rapides et engageantes. Que vous souhaitiez une automatisation compl\u00e8te ou une int\u00e9gration avec votre site web, InstaSupport AI porte votre service client Instagram \u00e0 un niveau sup\u00e9rieur.<\/p>\n<p>**Adoptez InstaSupport AI d\u00e8s aujourd&rsquo;hui et commencez \u00e0 automatiser votre exp\u00e9rience client sur Instagram !**<\/p>\n<table style=\"width: 100%; border-collapse: collapse;\">\n<thead>\n<tr style=\"background-color: #f2f2f2;\">\n<th style=\"border: 1px solid #ddd; padding: 8px;\"><span style=\"font-weight: 400;\">Provider<\/span><\/th>\n<th style=\"border: 1px solid #ddd; padding: 8px;\"><span style=\"font-weight: 400;\">Model<\/span><\/th>\n<th style=\"border: 1px solid #ddd; padding: 8px;\"><span style=\"font-weight: 400;\">Input Tokens (Credits\/1000)<\/span><\/th>\n<th style=\"border: 1px solid #ddd; padding: 8px;\"><span style=\"font-weight: 400;\">Output Tokens (Credits\/1000)<\/span><\/th>\n<\/tr>\n<\/thead>\n<tbody>\n<tr>\n<td style=\"border: 1px solid #ddd; padding: 8px;\">GPT-4o &#8211; OpenAI<\/td>\n<td style=\"border: 1px solid #ddd; padding: 8px;\">gpt-4o<\/td>\n<td style=\"border: 1px solid #ddd; padding: 8px;\">10 Credits<\/td>\n<td style=\"border: 1px solid #ddd; padding: 8px;\">35 Credits<\/td>\n<\/tr>\n<tr>\n<td style=\"border: 1px solid #ddd; padding: 8px;\">GPT-4o Mini &#8211; OpenAI<\/td>\n<td style=\"border: 1px solid #ddd; padding: 8px;\">gpt-4o-mini<\/td>\n<td style=\"border: 1px solid #ddd; padding: 8px;\">1 Credit<\/td>\n<td style=\"border: 1px solid #ddd; padding: 8px;\">1 Credit<\/td>\n<\/tr>\n<tr>\n<td style=\"border: 1px solid #ddd; padding: 8px;\">Finetuned 4o-mini UIEngine &#8211; EXPERIMENTAL<\/td>\n<td style=\"border: 1px solid #ddd; padding: 8px;\">ft:gpt-4o-mini-2024-07-18<\/td>\n<td style=\"border: 1px solid #ddd; padding: 8px;\">1 Credit<\/td>\n<td style=\"border: 1px solid #ddd; padding: 8px;\">1 Credit<\/td>\n<\/tr>\n<tr>\n<td style=\"border: 1px solid #ddd; padding: 8px;\">GPT-4 32k Turbo &#8211; OpenAI<\/td>\n<td style=\"border: 1px solid #ddd; padding: 8px;\">gpt-4-32k<\/td>\n<td style=\"border: 1px solid #ddd; padding: 8px;\">90 Credits<\/td>\n<td style=\"border: 1px solid #ddd; padding: 8px;\">190 Credits<\/td>\n<\/tr>\n<tr>\n<td style=\"border: 1px solid #ddd; padding: 8px;\">GPT-4 Turbo &#8211; OpenAI<\/td>\n<td style=\"border: 1px solid #ddd; padding: 8px;\">gpt-4<\/td>\n<td style=\"border: 1px solid #ddd; padding: 8px;\">45 Credits<\/td>\n<td style=\"border: 1px solid #ddd; padding: 8px;\">25 Credits<\/td>\n<\/tr>\n<tr>\n<td style=\"border: 1px solid #ddd; padding: 8px;\">GPT-3.5 Turbo 16k &#8211; OpenAI<\/td>\n<td style=\"border: 1px solid #ddd; padding: 8px;\">gpt-3.5-turbo-16k<\/td>\n<td style=\"border: 1px solid #ddd; padding: 8px;\">6 Credits<\/td>\n<td style=\"border: 1px solid #ddd; padding: 8px;\">8 Credits<\/td>\n<\/tr>\n<tr>\n<td style=\"border: 1px solid #ddd; padding: 8px;\">GPT-3.5 Turbo &#8211; OpenAI<\/td>\n<td style=\"border: 1px solid #ddd; padding: 8px;\">gpt-3.5-turbo<\/td>\n<td style=\"border: 1px solid #ddd; padding: 8px;\">2 Credits<\/td>\n<td style=\"border: 1px solid #ddd; padding: 8px;\">4 Credits<\/td>\n<\/tr>\n<tr>\n<td style=\"border: 1px solid #ddd; padding: 8px;\">Claude 3.5 Sonnet &#8211; Anthropic<\/td>\n<td style=\"border: 1px solid #ddd; padding: 8px;\">claude-3-5-sonnet-20240620<\/td>\n<td style=\"border: 1px solid #ddd; padding: 8px;\">10 Credits<\/td>\n<td style=\"border: 1px solid #ddd; padding: 8px;\">35 Credits<\/td>\n<\/tr>\n<tr>\n<td style=\"border: 1px solid #ddd; padding: 8px;\">Claude 3 Opus &#8211; Anthropic<\/td>\n<td style=\"border: 1px solid #ddd; padding: 8px;\">claude-3-opus-20240229<\/td>\n<td style=\"border: 1px solid #ddd; padding: 8px;\">30 Credits<\/td>\n<td style=\"border: 1px solid #ddd; padding: 8px;\">90 Credits<\/td>\n<\/tr>\n<tr>\n<td style=\"border: 1px solid #ddd; padding: 8px;\">Claude 3 Sonnet &#8211; Anthropic<\/td>\n<td style=\"border: 1px solid #ddd; padding: 8px;\">claude-3-sonnet-20240229<\/td>\n<td style=\"border: 1px solid #ddd; padding: 8px;\">12 Credits<\/td>\n<td style=\"border: 1px solid #ddd; padding: 8px;\">30 Credits<\/td>\n<\/tr>\n<tr>\n<td style=\"border: 1px solid #ddd; padding: 8px;\">Claude 3 Haiku &#8211; Anthropic<\/td>\n<td style=\"border: 1px solid #ddd; padding: 8px;\">claude-3-haiku-20240307<\/td>\n<td style=\"border: 1px solid #ddd; padding: 8px;\">1 Credit<\/td>\n<td style=\"border: 1px solid #ddd; padding: 8px;\">2 Credits<\/td>\n<\/tr>\n<tr>\n<td style=\"border: 1px solid #ddd; padding: 8px;\">Gemini 1.5 Pro &#8211; Google<\/td>\n<td style=\"border: 1px solid #ddd; padding: 8px;\">gemini-1.5-pro<\/td>\n<td style=\"border: 1px solid #ddd; padding: 8px;\">8 Credits<\/td>\n<td style=\"border: 1px solid #ddd; padding: 8px;\">12 Credits<\/td>\n<\/tr>\n<tr>\n<td style=\"border: 1px solid #ddd; padding: 8px;\">Gemini 1.5 Flash &#8211; Google<\/td>\n<td style=\"border: 1px solid #ddd; padding: 8px;\">gemini-1.5-flash<\/td>\n<td style=\"border: 1px solid #ddd; padding: 8px;\">1 Credit<\/td>\n<td style=\"border: 1px solid #ddd; padding: 8px;\">1 Credit<\/td>\n<\/tr>\n<tr>\n<td style=\"border: 1px solid #ddd; padding: 8px;\">Gemini 1.0 Pro &#8211; Google<\/td>\n<td style=\"border: 1px solid #ddd; padding: 8px;\">gemini-1.0-pro<\/td>\n<td style=\"border: 1px solid #ddd; padding: 8px;\">1 Credit<\/td>\n<td style=\"border: 1px solid #ddd; padding: 8px;\">1 Credit<\/td>\n<\/tr>\n<tr>\n<td style=\"border: 1px solid #ddd; padding: 8px;\">LLaMA3.2 90b &#8211; Groq<\/td>\n<td style=\"border: 1px solid #ddd; padding: 8px;\">llama-3.2-90b-text-preview<\/td>\n<td style=\"border: 1px solid #ddd; padding: 8px;\">2 Credits<\/td>\n<td style=\"border: 1px solid #ddd; padding: 8px;\">5 Credits<\/td>\n<\/tr>\n<tr>\n<td style=\"border: 1px solid #ddd; padding: 8px;\">LLaMA3.2 11b &#8211; Groq<\/td>\n<td style=\"border: 1px solid #ddd; padding: 8px;\">llama-3.2-11b-text-preview<\/td>\n<td style=\"border: 1px solid #ddd; padding: 8px;\">1 Credit<\/td>\n<td style=\"border: 1px solid #ddd; padding: 8px;\">1 Credit<\/td>\n<\/tr>\n<\/tbody>\n<\/table>\n","protected":false},"featured_media":5036,"comment_status":"open","ping_status":"closed","template":"","meta":{"om_disable_all_campaigns":false,"_monsterinsights_skip_tracking":false,"_monsterinsights_sitenote_active":false,"_monsterinsights_sitenote_note":"","_monsterinsights_sitenote_category":0},"product_brand":[],"product_cat":[254],"product_tag":[],"class_list":{"0":"post-11550","1":"product","2":"type-product","3":"status-publish","4":"has-post-thumbnail","6":"product_cat-ai-chat-bot-fr","7":"entry","8":"has-media","11":"first","12":"instock","13":"sale","14":"virtual","15":"taxable","16":"purchasable","17":"product-type-simple","18":"has-product-nav","19":"col","20":"span_1_of_3","21":"owp-content-center","22":"owp-thumbs-layout-horizontal","23":"owp-btn-normal","24":"owp-tabs-layout-horizontal"},"aioseo_notices":[],"_links":{"self":[{"href":"https:\/\/mailtoticket.com\/fr\/wp-json\/wp\/v2\/product\/11550","targetHints":{"allow":["GET"]}}],"collection":[{"href":"https:\/\/mailtoticket.com\/fr\/wp-json\/wp\/v2\/product"}],"about":[{"href":"https:\/\/mailtoticket.com\/fr\/wp-json\/wp\/v2\/types\/product"}],"replies":[{"embeddable":true,"href":"https:\/\/mailtoticket.com\/fr\/wp-json\/wp\/v2\/comments?post=11550"}],"version-history":[{"count":3,"href":"https:\/\/mailtoticket.com\/fr\/wp-json\/wp\/v2\/product\/11550\/revisions"}],"predecessor-version":[{"id":11793,"href":"https:\/\/mailtoticket.com\/fr\/wp-json\/wp\/v2\/product\/11550\/revisions\/11793"}],"wp:featuredmedia":[{"embeddable":true,"href":"https:\/\/mailtoticket.com\/fr\/wp-json\/wp\/v2\/media\/5036"}],"wp:attachment":[{"href":"https:\/\/mailtoticket.com\/fr\/wp-json\/wp\/v2\/media?parent=11550"}],"wp:term":[{"taxonomy":"product_brand","embeddable":true,"href":"https:\/\/mailtoticket.com\/fr\/wp-json\/wp\/v2\/product_brand?post=11550"},{"taxonomy":"product_cat","embeddable":true,"href":"https:\/\/mailtoticket.com\/fr\/wp-json\/wp\/v2\/product_cat?post=11550"},{"taxonomy":"product_tag","embeddable":true,"href":"https:\/\/mailtoticket.com\/fr\/wp-json\/wp\/v2\/product_tag?post=11550"}],"curies":[{"name":"wp","href":"https:\/\/api.w.org\/{rel}","templated":true}]}}