{"id":2914,"date":"2023-02-19T14:35:20","date_gmt":"2023-02-19T14:35:20","guid":{"rendered":"http:\/\/mailtoticket.com\/iletisim\/"},"modified":"2024-07-06T15:09:08","modified_gmt":"2024-07-06T15:09:08","slug":"iletisim","status":"publish","type":"page","link":"https:\/\/mailtoticket.com\/tr\/iletisim\/","title":{"rendered":"\u0130leti\u015fim"},"content":{"rendered":"\t\t<div data-elementor-type=\"wp-page\" data-elementor-id=\"2914\" class=\"elementor elementor-2914\">\n\t\t\t\t\t\t<section class=\"elementor-section elementor-top-section elementor-element elementor-element-4b861b1 elementor-section-boxed elementor-section-height-default elementor-section-height-default\" data-id=\"4b861b1\" data-element_type=\"section\" data-e-type=\"section\">\n\t\t\t\t\t\t<div class=\"elementor-container elementor-column-gap-default\">\n\t\t\t\t\t<div class=\"elementor-column elementor-col-50 elementor-top-column elementor-element elementor-element-94107af\" data-id=\"94107af\" data-element_type=\"column\" data-e-type=\"column\">\n\t\t\t<div class=\"elementor-widget-wrap elementor-element-populated\">\n\t\t\t\t\t\t<div class=\"elementor-element elementor-element-9e560ba elementor-widget elementor-widget-shortcode\" data-id=\"9e560ba\" data-element_type=\"widget\" data-e-type=\"widget\" data-widget_type=\"shortcode.default\">\n\t\t\t\t<div class=\"elementor-widget-container\">\n\t\t\t\t\t\t\t<div class=\"elementor-shortcode\"><div class=\"everest-forms\"><script type='text\/javascript'>\n\/* <![CDATA[ *\/\nvar evf_settings = {\"currency_code\":\"USD\",\"currency_thousands\":\",\",\"currency_decimal\":\".\",\"currency_symbol\":\"$\",\"currency_symbol_pos\":\"left\"}\n\/* ]]> *\/\n<\/script>\n<div class=\"evf-container default\" id=\"evf-6654\"><form id=\"evf-form-6654\" class=\"everest-form\" data-formid=\"6654\" data-ajax_submission=\"1\" data-keyboard_friendly_form=\"1\" method=\"post\" enctype=\"multipart\/form-data\" action=\"\/tr\/wp-json\/wp\/v2\/pages\/2914\"><div class=\"evf-field-container\"><input type=\"hidden\" id=\"_wpnonce6654\" name=\"_wpnonce6654\" value=\"2037f524eb\" \/><input type=\"hidden\" name=\"_wp_http_referer\" value=\"\/tr\/wp-json\/wp\/v2\/pages\/2914\" \/><div class=\"evf-frontend-row\" data-row=\"row_10\" conditional_rules=\"[]\"><div class=\"evf-frontend-grid evf-grid-1\" data-grid=\"grid_1\"><div id=\"evf-6654-field_dpmHncTzYA-19-container\" class=\"evf-field evf-field-radio form-row validate-required everest-forms-conditional-field\" data-required-field-message=\"This field is required.\" data-field-id=\"dpmHncTzYA-19\"><label class=\"evf-field-label\" for=\"evf-6654-field_dpmHncTzYA-19\"><span class=\"evf-label\">Select Product<\/span> <abbr class=\"required\" title=\"Required\">*<\/abbr><\/label><ul id=\"evf-6654-field_dpmHncTzYA-19\" class=\" evf-field-required\"><li class=\"choice-2 depth-1\"><input type=\"radio\" id=\"evf-6654-field_dpmHncTzYA-19_2\" class=\"input-text\" name=\"everest_forms[form_fields][dpmHncTzYA-19]\" value=\"Conversa Bridge:Own Company Data + Chat Bot + Admin Panel + Handoff + Live Help + Email notification for Support\" conditional_id=\"dpmHncTzYA-19\" conditional_rules=\"{&quot;conditional_option&quot;:&quot;show&quot;,&quot;conditionals&quot;:{&quot;1&quot;:{&quot;1&quot;:{&quot;field&quot;:&quot;---Select Field---&quot;,&quot;operator&quot;:&quot;is&quot;,&quot;value&quot;:&quot;&quot;}}},&quot;required&quot;:&quot;1&quot;}\" required ><label class=\"everest-forms-field-label-inline\" for=\"evf-6654-field_dpmHncTzYA-19_2\">Conversa Bridge:Own Company Data + Chat Bot + Admin Panel + Handoff + Live Help + Email notification for Support<\/label><\/li><li class=\"choice-5 depth-1\"><input type=\"radio\" id=\"evf-6654-field_dpmHncTzYA-19_5\" class=\"input-text\" name=\"everest_forms[form_fields][dpmHncTzYA-19]\" value=\"Supportmaster Pro: Conversa Bridge + Your Own Customer CMS\" conditional_id=\"dpmHncTzYA-19\" conditional_rules=\"{&quot;conditional_option&quot;:&quot;show&quot;,&quot;conditionals&quot;:{&quot;1&quot;:{&quot;1&quot;:{&quot;field&quot;:&quot;---Select Field---&quot;,&quot;operator&quot;:&quot;is&quot;,&quot;value&quot;:&quot;&quot;}}},&quot;required&quot;:&quot;1&quot;}\" required ><label class=\"everest-forms-field-label-inline\" for=\"evf-6654-field_dpmHncTzYA-19_5\">Supportmaster Pro: Conversa Bridge + Your Own Customer CMS<\/label><\/li><li class=\"choice-4 depth-1 everest-forms-selected\"><input type=\"radio\" id=\"evf-6654-field_dpmHncTzYA-19_4\" class=\"input-text\" name=\"everest_forms[form_fields][dpmHncTzYA-19]\" value=\"Supportmaster Pro: Conversa Bridge + Our Customer CMS\" conditional_id=\"dpmHncTzYA-19\" conditional_rules=\"{&quot;conditional_option&quot;:&quot;show&quot;,&quot;conditionals&quot;:{&quot;1&quot;:{&quot;1&quot;:{&quot;field&quot;:&quot;---Select Field---&quot;,&quot;operator&quot;:&quot;is&quot;,&quot;value&quot;:&quot;&quot;}}},&quot;required&quot;:&quot;1&quot;}\" required  checked='checked'><label class=\"everest-forms-field-label-inline\" for=\"evf-6654-field_dpmHncTzYA-19_4\">Supportmaster Pro: Conversa Bridge + Our Customer CMS<\/label><\/li><\/ul><\/div><div id=\"evf-6654-field_KtPQU9y59e-21-container\" class=\"evf-field evf-field-radio form-row\" data-field-id=\"KtPQU9y59e-21\"><label class=\"evf-field-label\" for=\"evf-6654-field_KtPQU9y59e-21\"><span class=\"evf-label\">Select Product<\/span> <\/label><ul id=\"evf-6654-field_KtPQU9y59e-21\"><li class=\"choice-1 depth-1\"><input type=\"radio\" id=\"evf-6654-field_KtPQU9y59e-21_1\" class=\"input-text\" name=\"everest_forms[form_fields][KtPQU9y59e-21]\" value=\"OmmiChat Pro: Supportmaster Pro + Web Chat AI Voice Call Center Agent\" conditional_id=\"KtPQU9y59e-21\"  ><label class=\"everest-forms-field-label-inline\" for=\"evf-6654-field_KtPQU9y59e-21_1\">OmmiChat Pro: Supportmaster Pro + Web Chat AI Voice Call Center Agent<\/label><\/li><li class=\"choice-2 depth-1\"><input type=\"radio\" id=\"evf-6654-field_KtPQU9y59e-21_2\" class=\"input-text\" name=\"everest_forms[form_fields][KtPQU9y59e-21]\" value=\"OmniChat Plus :OmmiChat Pro +Facebook+ Instagram + Whatsapp + Telegram\" conditional_id=\"KtPQU9y59e-21\"  ><label class=\"everest-forms-field-label-inline\" for=\"evf-6654-field_KtPQU9y59e-21_2\">OmniChat Plus :OmmiChat Pro +Facebook+ Instagram + Whatsapp + Telegram<\/label><\/li><li class=\"choice-3 depth-1\"><input type=\"radio\" id=\"evf-6654-field_KtPQU9y59e-21_3\" class=\"input-text\" name=\"everest_forms[form_fields][KtPQU9y59e-21]\" value=\"AssistFlow.ai : OmniChat Plus + Land Line Call Center AI Customer Support Agent + FlexiBot :Custom integration ,API , WordPress Plugin\" conditional_id=\"KtPQU9y59e-21\"  ><label class=\"everest-forms-field-label-inline\" for=\"evf-6654-field_KtPQU9y59e-21_3\">AssistFlow.ai : OmniChat Plus + Land Line Call Center AI Customer Support Agent + FlexiBot :Custom integration ,API , WordPress Plugin<\/label><\/li><\/ul><\/div><\/div><\/div><div class=\"evf-frontend-row\" data-row=\"row_1\" conditional_rules=\"[]\"><div class=\"evf-frontend-grid evf-grid-1\" data-grid=\"grid_1\"><div id=\"evf-6654-field_u9w34zRH6R-12-container\" class=\"evf-field evf-field-first-name form-row validate-required\" data-required-field-message=\"This field is required.\" data-field-id=\"u9w34zRH6R-12\"><label class=\"evf-field-label\" for=\"evf-6654-field_u9w34zRH6R-12\"><span class=\"evf-label\">Please enter your name.<\/span> <abbr class=\"required\" title=\"Required\">*<\/abbr><\/label><span class=\"input-wrapper\"><input type=\"text\" id=\"evf-6654-field_u9w34zRH6R-12\" class=\"input-text\" name=\"everest_forms[form_fields][u9w34zRH6R-12]\" conditional_id=\"u9w34zRH6R-12\" required><span class=\"evf-icon evf-icon-first-name\"><\/span><\/span><\/div><\/div><\/div><div class=\"evf-frontend-row\" data-row=\"row_6\" conditional_rules=\"[]\"><div class=\"evf-frontend-grid evf-grid-1\" data-grid=\"grid_1\"><div id=\"evf-6654-field_gg3Mdpztez-13-container\" class=\"evf-field evf-field-text form-row validate-required\" data-required-field-message=\"This field is required.\" data-field-id=\"gg3Mdpztez-13\"><label class=\"evf-field-label\" for=\"evf-6654-field_gg3Mdpztez-13\"><span class=\"evf-label\">What's the name of your company?<\/span> <abbr class=\"required\" title=\"Required\">*<\/abbr><\/label><span class=\"input-wrapper\"><input type=\"text\" id=\"evf-6654-field_gg3Mdpztez-13\" class=\"input-text\" name=\"everest_forms[form_fields][gg3Mdpztez-13]\" conditional_id=\"gg3Mdpztez-13\" required><span class=\"evf-icon evf-icon-text\"><\/span><\/span><\/div><\/div><\/div><div class=\"evf-frontend-row\" data-row=\"row_7\" conditional_rules=\"[]\"><div class=\"evf-frontend-grid evf-grid-1\" data-grid=\"grid_1\"><div id=\"evf-6654-field_e9ZoJcT2Kh-14-container\" class=\"evf-field evf-field-email form-row validate-required validate-email\" data-required-field-message=\"Please enter a valid email address.\" data-field-id=\"e9ZoJcT2Kh-14\"><label class=\"evf-field-label\" for=\"evf-6654-field_e9ZoJcT2Kh-14\"><span class=\"evf-label\">What's your email address for communication?<\/span> <abbr class=\"required\" title=\"Required\">*<\/abbr><\/label><span class=\"input-wrapper\"><input type=\"email\" id=\"evf-6654-field_e9ZoJcT2Kh-14\" class=\"input-text\" name=\"everest_forms[form_fields][e9ZoJcT2Kh-14]\" conditional_id=\"e9ZoJcT2Kh-14\" required ><span class=\"evf-icon evf-icon-email\"><\/span><\/span><\/div><div id=\"evf-6654-field_NxOghqRWxZ-3-container\" class=\"evf-field evf-field-url form-row\" data-field-id=\"NxOghqRWxZ-3\"><label class=\"evf-field-label\" for=\"evf-6654-field_NxOghqRWxZ-3\"><span class=\"evf-label\">Could you share the URL of your website?<\/span> <\/label><span class=\"input-wrapper\"><input type=\"url\" id=\"evf-6654-field_NxOghqRWxZ-3\" class=\"input-text\" name=\"everest_forms[form_fields][NxOghqRWxZ-3]\" conditional_id=\"NxOghqRWxZ-3\"  ><span class=\"evf-icon evf-icon-website\"><\/span><\/span><\/div><\/div><\/div><div class=\"evf-frontend-row\" data-row=\"row_8\" conditional_rules=\"[]\"><div class=\"evf-frontend-grid evf-grid-1\" data-grid=\"grid_1\"><div id=\"evf-6654-field_pMozQ8qHbM-15-container\" class=\"evf-field evf-field-text form-row validate-required\" data-required-field-message=\"This field is required.\" data-field-id=\"pMozQ8qHbM-15\"><label class=\"evf-field-label\" for=\"evf-6654-field_pMozQ8qHbM-15\"><span class=\"evf-label\">In which industry does your company operate?<\/span> <abbr class=\"required\" title=\"Required\">*<\/abbr><\/label><span class=\"input-wrapper\"><input type=\"text\" id=\"evf-6654-field_pMozQ8qHbM-15\" class=\"input-text\" name=\"everest_forms[form_fields][pMozQ8qHbM-15]\" conditional_id=\"pMozQ8qHbM-15\" required><span class=\"evf-icon evf-icon-text\"><\/span><\/span><\/div><div id=\"evf-6654-field_3CnbOru8aB-16-container\" class=\"evf-field evf-field-select form-row validate-required\" data-required-field-message=\"This field is required.\" data-field-id=\"3CnbOru8aB-16\"><label class=\"evf-field-label\" for=\"evf-6654-field_3CnbOru8aB-16\"><span class=\"evf-label\">Which language should your chat bot use?<\/span> <abbr class=\"required\" title=\"Required\">*<\/abbr><\/label><select id=\"evf-6654-field_3CnbOru8aB-16\" class=\"input-text evf-field-required evf-enhanced-select\" data-placeholder=\"English\" name=\"everest_forms[form_fields][3CnbOru8aB-16][]\" required=\"required\" multiple=\"multiple\" conditional_id=\"3CnbOru8aB-16\" ><option value=\"\" class=\"placeholder\" disabled >English<\/option><option value=\"English\"  selected='selected'>English<\/option><option value=\"Turkish\"  selected='selected'>Turkish<\/option><option value=\"Other\"  selected='selected'>Other<\/option><\/select><\/div><div id=\"evf-6654-field_rctPdapct6-17-container\" class=\"evf-field evf-field-select form-row\" data-field-id=\"rctPdapct6-17\"><label class=\"evf-field-label\" for=\"evf-6654-field_rctPdapct6-17\"><span class=\"evf-label\">Select the gender of the voice assistant: Male or Female?<\/span> <\/label><select id=\"evf-6654-field_rctPdapct6-17\" class=\"input-text evf-enhanced-select\" data-placeholder=\"Male\" name=\"everest_forms[form_fields][rctPdapct6-17][]\" multiple=\"multiple\" conditional_id=\"rctPdapct6-17\" ><option value=\"\" class=\"placeholder\" disabled >Male<\/option><option value=\"Male\"  selected='selected'>Male<\/option><option value=\"Female\"  selected='selected'>Female<\/option><\/select><\/div><\/div><\/div><div class=\"evf-frontend-row\" data-row=\"row_9\" conditional_rules=\"[]\"><div class=\"evf-frontend-grid evf-grid-1\" data-grid=\"grid_1\"><div id=\"evf-6654-field_U5Q5JPZVaL-18-container\" class=\"evf-field evf-field-textarea form-row\" data-field-id=\"U5Q5JPZVaL-18\"><label class=\"evf-field-label\" for=\"evf-6654-field_U5Q5JPZVaL-18\"><span class=\"evf-label\">Information About Your Company:<\/span> <\/label><textarea id=\"evf-6654-field_U5Q5JPZVaL-18\" class=\"input-text\" name=\"everest_forms[form_fields][U5Q5JPZVaL-18]\" conditional_id=\"U5Q5JPZVaL-18\"  ><\/textarea><div class=\"evf-field-description\">To create your initial account, please provide some brief information about your company. Include your company name, the industry you operate in, the brands you sell, or the services you offer. You can update this information in your admin panel later.<\/div><\/div><\/div><\/div><div class=\"evf-frontend-row\" data-row=\"row_11\" conditional_rules=\"[]\"><div class=\"evf-frontend-grid evf-grid-1\" data-grid=\"grid_1\"><div id=\"evf-6654-field_xBI2UoIGgz-20-container\" class=\"evf-field evf-field-radio form-row everest-forms-trigger-conditional everest-forms-conditional-field\" data-field-id=\"xBI2UoIGgz-20\"><label class=\"evf-field-label\" for=\"evf-6654-field_xBI2UoIGgz-20\"><span class=\"evf-label\">we offer three options:<\/span> <\/label><ul id=\"evf-6654-field_xBI2UoIGgz-20\"><li class=\"choice-1 depth-1\"><input type=\"radio\" id=\"evf-6654-field_xBI2UoIGgz-20_1\" class=\"input-text\" name=\"everest_forms[form_fields][xBI2UoIGgz-20]\" value=\"Try it free for 14 days\" conditional_id=\"xBI2UoIGgz-20\" conditional_rules=\"{&quot;conditional_option&quot;:&quot;show&quot;,&quot;conditionals&quot;:{&quot;1&quot;:{&quot;1&quot;:{&quot;field&quot;:&quot;---Select Field---&quot;,&quot;operator&quot;:&quot;is&quot;,&quot;value&quot;:&quot;&quot;}}},&quot;required&quot;:0}\"  ><label class=\"everest-forms-field-label-inline\" for=\"evf-6654-field_xBI2UoIGgz-20_1\">Try it free for 14 days<\/label><\/li><li class=\"choice-2 depth-1\"><input type=\"radio\" id=\"evf-6654-field_xBI2UoIGgz-20_2\" class=\"input-text\" name=\"everest_forms[form_fields][xBI2UoIGgz-20]\" value=\"Purchase and start the transformation\" conditional_id=\"xBI2UoIGgz-20\" conditional_rules=\"{&quot;conditional_option&quot;:&quot;show&quot;,&quot;conditionals&quot;:{&quot;1&quot;:{&quot;1&quot;:{&quot;field&quot;:&quot;---Select Field---&quot;,&quot;operator&quot;:&quot;is&quot;,&quot;value&quot;:&quot;&quot;}}},&quot;required&quot;:0}\"  ><label class=\"everest-forms-field-label-inline\" for=\"evf-6654-field_xBI2UoIGgz-20_2\">Purchase and start the transformation<\/label><\/li><li class=\"choice-3 depth-1\"><input type=\"radio\" id=\"evf-6654-field_xBI2UoIGgz-20_3\" class=\"input-text\" name=\"everest_forms[form_fields][xBI2UoIGgz-20]\" value=\"Schedule a meeting with customer service via Zoom\" conditional_id=\"xBI2UoIGgz-20\" conditional_rules=\"{&quot;conditional_option&quot;:&quot;show&quot;,&quot;conditionals&quot;:{&quot;1&quot;:{&quot;1&quot;:{&quot;field&quot;:&quot;---Select Field---&quot;,&quot;operator&quot;:&quot;is&quot;,&quot;value&quot;:&quot;&quot;}}},&quot;required&quot;:0}\"  ><label class=\"everest-forms-field-label-inline\" for=\"evf-6654-field_xBI2UoIGgz-20_3\">Schedule a meeting with customer service via Zoom<\/label><\/li><\/ul><\/div><\/div><\/div><\/div><div class=\"evf-honeypot-container evf-field-hp\"><label for=\"evf-6654-field-hp\" class=\"evf-field-label\">Name<\/label><input type=\"text\" name=\"everest_forms[hp]\" id=\"evf-6654-field-hp\" class=\"input-text\"><\/div><div class=\"evf-submit-container \" ><input type=\"hidden\" name=\"everest_forms[id]\" value=\"6654\"><input type=\"hidden\" name=\"everest_forms[author]\" value=\"1\"><button type='submit' name='everest_forms[submit]' class='everest-forms-submit-button button evf-submit ' id='evf-submit-6654' value='evf-submit' data-process-text=\"Processing...\" conditional_rules='{&quot;conditional_option&quot;:&quot;show&quot;,&quot;conditionals&quot;:{&quot;2&quot;:{&quot;1&quot;:{&quot;field&quot;:&quot;xBI2UoIGgz-20&quot;,&quot;operator&quot;:&quot;is&quot;,&quot;value&quot;:&quot;Try it free for 14 days&quot;}},&quot;3&quot;:{&quot;1&quot;:{&quot;field&quot;:&quot;xBI2UoIGgz-20&quot;,&quot;operator&quot;:&quot;is&quot;,&quot;value&quot;:&quot;Purchase and start the transformation&quot;}},&quot;4&quot;:{&quot;1&quot;:{&quot;field&quot;:&quot;xBI2UoIGgz-20&quot;,&quot;operator&quot;:&quot;is&quot;,&quot;value&quot;:&quot;Schedule a meeting with customer service via Zoom&quot;}}}}' conditional_id='evf-submit-6654'  id=\"evf-submit-6654\" aria-live=\"assertive\">Sumbit<\/button><\/div><\/form><\/div><!-- .evf-container --><\/div><\/div>\n\t\t\t\t\t\t<\/div>\n\t\t\t\t<\/div>\n\t\t\t\t\t<\/div>\n\t\t<\/div>\n\t\t\t\t<div class=\"elementor-column elementor-col-50 elementor-top-column elementor-element elementor-element-9f499cc\" data-id=\"9f499cc\" data-element_type=\"column\" data-e-type=\"column\">\n\t\t\t<div class=\"elementor-widget-wrap elementor-element-populated\">\n\t\t\t\t\t\t<div class=\"elementor-element elementor-element-39a024a elementor-view-stacked elementor-shape-circle elementor-widget elementor-widget-icon\" data-id=\"39a024a\" data-element_type=\"widget\" data-e-type=\"widget\" data-widget_type=\"icon.default\">\n\t\t\t\t<div class=\"elementor-widget-container\">\n\t\t\t\t\t\t\t<div class=\"elementor-icon-wrapper\">\n\t\t\t<div class=\"elementor-icon\">\n\t\t\t<i aria-hidden=\"true\" class=\"icon icon-question\"><\/i>\t\t\t<\/div>\n\t\t<\/div>\n\t\t\t\t\t\t<\/div>\n\t\t\t\t<\/div>\n\t\t\t\t\t<\/div>\n\t\t<\/div>\n\t\t\t\t\t<\/div>\n\t\t<\/section>\n\t\t\t\t<section class=\"elementor-section elementor-top-section elementor-element elementor-element-e5a9d10 elementor-section-boxed elementor-section-height-default elementor-section-height-default\" data-id=\"e5a9d10\" data-element_type=\"section\" data-e-type=\"section\">\n\t\t\t\t\t\t<div class=\"elementor-container elementor-column-gap-default\">\n\t\t\t\t\t<div class=\"elementor-column elementor-col-100 elementor-top-column elementor-element elementor-element-af448ba\" data-id=\"af448ba\" data-element_type=\"column\" data-e-type=\"column\">\n\t\t\t<div class=\"elementor-widget-wrap elementor-element-populated\">\n\t\t\t\t\t\t<div class=\"elementor-element elementor-element-9c2114c elementor-widget elementor-widget-google_maps\" data-id=\"9c2114c\" data-element_type=\"widget\" data-e-type=\"widget\" data-widget_type=\"google_maps.default\">\n\t\t\t\t<div class=\"elementor-widget-container\">\n\t\t\t\t\t\t\t<div class=\"elementor-custom-embed\">\n\t\t\t<iframe loading=\"lazy\"\n\t\t\t\t\tsrc=\"https:\/\/www.google.com\/maps\/embed\/v1\/place?key=AIzaSyAkBb0Qv-KdwWGSNkHTV1DN-IzA0uaoAe8&#038;q=Mail%20to%20ticket%20&#038;zoom=13\"\n\t\t\t\t\ttitle=\"Mail to ticket \"\n\t\t\t\t\taria-label=\"Mail to ticket \"\n\t\t\t><\/iframe>\n\t\t<\/div>\n\t\t\t\t\t\t<\/div>\n\t\t\t\t<\/div>\n\t\t\t\t\t<\/div>\n\t\t<\/div>\n\t\t\t\t\t<\/div>\n\t\t<\/section>\n\t\t\t\t<section class=\"elementor-section elementor-top-section elementor-element elementor-element-4129097 elementor-section-boxed elementor-section-height-default elementor-section-height-default\" data-id=\"4129097\" data-element_type=\"section\" data-e-type=\"section\">\n\t\t\t\t\t\t<div class=\"elementor-container elementor-column-gap-default\">\n\t\t\t\t\t<div class=\"elementor-column elementor-col-100 elementor-top-column elementor-element elementor-element-2b174c9\" data-id=\"2b174c9\" data-element_type=\"column\" data-e-type=\"column\">\n\t\t\t<div class=\"elementor-widget-wrap\">\n\t\t\t\t\t\t\t<\/div>\n\t\t<\/div>\n\t\t\t\t\t<\/div>\n\t\t<\/section>\n\t\t\t\t<\/div>\n\t\t","protected":false},"excerpt":{"rendered":"<p>Mesaj\u0131n\u0131z\u0131 b\u0131rak\u0131n L\u00fctfen t\u00fcm gerekli alanlar\u0131 doldurun! Sorunuz mu var? \u00dcr\u00fcnlerimiz ve hizmetlerimizle ilgili t\u00fcm sorular\u0131n\u0131za cevap almak i\u00e7in s\u0131k\u00e7a sorulan sorular sayfam\u0131z\u0131 okuyun Destek TaleB\u0130 A\u00c7 Bize E-posta G\u00f6nderin support@mailtoticket.com Bizi Aray\u0131n +90 (850) 255-31-13 Konumumuz Dumlup\u0131nar Mahallesi , \u00c7e\u015fme Sokak Kipta\u015f Torkam Sitesi Fikirtepe<\/p>\n","protected":false},"author":1,"featured_media":0,"parent":0,"menu_order":0,"comment_status":"closed","ping_status":"closed","template":"elementor_header_footer","meta":{"om_disable_all_campaigns":false,"_monsterinsights_skip_tracking":false,"_monsterinsights_sitenote_active":false,"_monsterinsights_sitenote_note":"","_monsterinsights_sitenote_category":0,"footnotes":""},"class_list":["post-2914","page","type-page","status-publish","hentry","entry","owp-thumbs-layout-horizontal","owp-btn-normal","owp-tabs-layout-horizontal","has-no-thumbnails"],"aioseo_notices":[],"_links":{"self":[{"href":"https:\/\/mailtoticket.com\/tr\/wp-json\/wp\/v2\/pages\/2914","targetHints":{"allow":["GET"]}}],"collection":[{"href":"https:\/\/mailtoticket.com\/tr\/wp-json\/wp\/v2\/pages"}],"about":[{"href":"https:\/\/mailtoticket.com\/tr\/wp-json\/wp\/v2\/types\/page"}],"author":[{"embeddable":true,"href":"https:\/\/mailtoticket.com\/tr\/wp-json\/wp\/v2\/users\/1"}],"replies":[{"embeddable":true,"href":"https:\/\/mailtoticket.com\/tr\/wp-json\/wp\/v2\/comments?post=2914"}],"version-history":[{"count":6,"href":"https:\/\/mailtoticket.com\/tr\/wp-json\/wp\/v2\/pages\/2914\/revisions"}],"predecessor-version":[{"id":6664,"href":"https:\/\/mailtoticket.com\/tr\/wp-json\/wp\/v2\/pages\/2914\/revisions\/6664"}],"wp:attachment":[{"href":"https:\/\/mailtoticket.com\/tr\/wp-json\/wp\/v2\/media?parent=2914"}],"curies":[{"name":"wp","href":"https:\/\/api.w.org\/{rel}","templated":true}]}}