{"id":2921,"date":"2023-03-05T09:29:22","date_gmt":"2023-03-05T09:29:22","guid":{"rendered":"http:\/\/mailtoticket.com\/hakkimizda\/"},"modified":"2024-03-11T01:29:28","modified_gmt":"2024-03-11T01:29:28","slug":"hakkimizda","status":"publish","type":"page","link":"https:\/\/mailtoticket.com\/tr\/hakkimizda\/","title":{"rendered":"Hakk\u0131m\u0131zda"},"content":{"rendered":"\t\t<div data-elementor-type=\"wp-page\" data-elementor-id=\"2921\" class=\"elementor elementor-2921\">\n\t\t\t\t\t\t<section class=\"elementor-section elementor-top-section elementor-element elementor-element-e6c4ba1 elementor-section-boxed elementor-section-height-default elementor-section-height-default\" data-id=\"e6c4ba1\" data-element_type=\"section\" data-e-type=\"section\">\n\t\t\t\t\t\t<div class=\"elementor-container elementor-column-gap-default\">\n\t\t\t\t\t<div class=\"elementor-column elementor-col-50 elementor-top-column elementor-element elementor-element-b891c5b\" data-id=\"b891c5b\" data-element_type=\"column\" data-e-type=\"column\">\n\t\t\t<div class=\"elementor-widget-wrap elementor-element-populated\">\n\t\t\t\t\t\t<div class=\"elementor-element elementor-element-8b4e791 elementor-widget elementor-widget-text-editor\" data-id=\"8b4e791\" data-element_type=\"widget\" data-e-type=\"widget\" data-widget_type=\"text-editor.default\">\n\t\t\t\t<div class=\"elementor-widget-container\">\n\t\t\t\t\t\t\t\t\t<p>IT &amp; E-commerce alan\u0131nda uzun y\u0131llard\u0131r \u00e7al\u0131\u015f\u0131yorum ve bu s\u00fcre\u00e7te outdoor sekt\u00f6r\u00fcnde \u00e7al\u0131\u015f\u0131rken kar\u015f\u0131la\u015ft\u0131\u011f\u0131m temel sorunlar\u0131n \u00e7\u00f6z\u00fcm\u00fc i\u00e7in bir sistem geli\u015ftirdim.<\/p><p>Teknolojik yat\u0131r\u0131mlar, bir i\u015fletmenin b\u00fcy\u00fcmesi ve geli\u015fmesi i\u00e7in hayati \u00f6neme sahiptir. Ancak, bu yat\u0131r\u0131mlar\u0131n ba\u015far\u0131s\u0131 sonu\u00e7ta \u00e7al\u0131\u015fan personelin performans\u0131na ba\u011fl\u0131d\u0131r. \u00d6zellikle bir e-ticaret sitesi i\u015fletiyorsan\u0131z, m\u00fc\u015fterilere 7\/24 online destek hizmeti sunman\u0131z kritik \u00f6nem ta\u015f\u0131r. Ancak, bu hizmeti s\u00fcrekli olarak sa\u011flamak i\u00e7in personel tutman\u0131z gerekebilir ve bu da y\u00fcksek maliyetli olabilir.<\/p>\t\t\t\t\t\t\t\t<\/div>\n\t\t\t\t<\/div>\n\t\t\t\t\t<\/div>\n\t\t<\/div>\n\t\t\t\t<div class=\"elementor-column elementor-col-50 elementor-top-column elementor-element elementor-element-26ca03b\" data-id=\"26ca03b\" data-element_type=\"column\" data-e-type=\"column\">\n\t\t\t<div class=\"elementor-widget-wrap\">\n\t\t\t\t\t\t\t<\/div>\n\t\t<\/div>\n\t\t\t\t\t<\/div>\n\t\t<\/section>\n\t\t\t\t<section class=\"elementor-section elementor-top-section elementor-element elementor-element-aa95028 elementor-section-boxed elementor-section-height-default elementor-section-height-default\" data-id=\"aa95028\" data-element_type=\"section\" data-e-type=\"section\">\n\t\t\t\t\t\t<div class=\"elementor-container elementor-column-gap-default\">\n\t\t\t\t\t<div class=\"elementor-column elementor-col-100 elementor-top-column elementor-element elementor-element-1d4c37f\" data-id=\"1d4c37f\" data-element_type=\"column\" data-e-type=\"column\">\n\t\t\t<div class=\"elementor-widget-wrap elementor-element-populated\">\n\t\t\t\t\t\t<div class=\"elementor-element elementor-element-56d7a14 elementor-widget elementor-widget-text-editor\" data-id=\"56d7a14\" data-element_type=\"widget\" data-e-type=\"widget\" data-widget_type=\"text-editor.default\">\n\t\t\t\t<div class=\"elementor-widget-container\">\n\t\t\t\t\t\t\t\t\t<p>Geleneksel olarak, bir eleman\u0131n i\u015fe al\u0131nmas\u0131 ve e\u011fitilmesi zaman al\u0131c\u0131 ve maliyetlidir. \u00dcstelik, bir eleman tam olarak i\u015fi \u00f6\u011frendi\u011finde bile, i\u015ften ayr\u0131labilir ve bu durumda yeniden ba\u015fa d\u00f6n\u00fclmesi gerekebilir. Ayr\u0131ca, bir personel ayn\u0131 anda sadece bir ki\u015fiye hizmet verebilirken, yapay zeka destekli bir sistem binlerce ki\u015fiye ayn\u0131 anda hizmet sunabilir.<\/p><p>\u00d6zellikle online destek taleplerinin takibi konusunda ya\u015fanan zorluklar da g\u00f6z \u00f6n\u00fcne al\u0131nd\u0131\u011f\u0131nda, m\u00fc\u015fteri hizmetlerinin etkin bir \u015fekilde y\u00f6netilmesi \u00e7ok \u00f6nemlidir. M\u00fc\u015fteri hizmetlerine gelen telefon aramalar\u0131n\u0131n takibi, sorunlar\u0131n h\u0131zl\u0131 bir \u015fekilde \u00e7\u00f6z\u00fclmesini sa\u011flar ve m\u00fc\u015fteri memnuniyetini art\u0131r\u0131r.<\/p><p>\u0130\u015fte bu noktada, geli\u015ftirdi\u011fimiz sistem devreye giriyor. Yapay zeka destekli online destek hizmeti ve m\u00fc\u015fteri hizmetlerine gelen telefon aramalar\u0131n\u0131n takibini sa\u011flayan bir CMS program\u0131, i\u015fletmenizin maliyetlerini minimumda tutarken karl\u0131l\u0131\u011f\u0131n\u0131 maksimuma \u00e7\u0131karman\u0131za yard\u0131mc\u0131 olur. Bu sistem, personelin cevap verip vermedi\u011fini veya m\u00fc\u015fterinin memnun olup olmad\u0131\u011f\u0131n\u0131 belirlemeden, online destek taleplerini otomatik olarak y\u00f6nlendirerek kontrol\u00fc kendi eline al\u0131r ve i\u015fletmenizin ana m\u00fc\u015fteri hizmetleri grubuna y\u00f6nlendirir.<\/p><p>K\u0131sacas\u0131, geli\u015ftirdi\u011fimiz sistem i\u015fletmenizin maliyetlerini minimumda tutarken, karl\u0131l\u0131\u011f\u0131n\u0131z\u0131 maksimuma \u00e7\u0131karmak i\u00e7in tasarlanm\u0131\u015ft\u0131r. Bu sistem ayr\u0131ca m\u00fc\u015fteri hizmetlerinin etkin bir \u015fekilde y\u00f6netilmesine de katk\u0131 sa\u011flar, b\u00f6ylece i\u015fletmenizin ba\u015far\u0131s\u0131n\u0131 art\u0131r\u0131r.<\/p><p><a href=\"http:\/\/mailtoticket.com\/shop\/conversabridge-lite\/\" target=\"_blank\" rel=\"noopener\">14 g\u00fcnl\u00fck \u00fccretsiz deneme<\/a> s\u00fcremizle, t\u00fcm \u00f6zellikleri ke\u015ffetmenizi sa\u011fl\u0131yoruz. CMS program\u0131 i\u00e7in kurulum gerekti\u011finden \u00fccretsiz deneme sunam\u0131yoruz, ancak ayn\u0131 CMS sistemini kendi sitemiz olan mail to ticket i\u00e7in kullan\u0131yoruz. Destek talebi a\u00e7arak, t\u00fcm s\u00fcre\u00e7leri canl\u0131 olarak g\u00f6rebilirsiniz. Detaylar i\u00e7in <a href=\"https:\/\/support.mailtoticket.com\/guest\/openticket\" target=\"_blank\" rel=\"noopener\">Destek Talebi A\u00e7<\/a> adresini ziyaret edebilirsiniz.<\/p><p>\u0130leti\u015fim kurmak ve i\u015fletmenizdeki sorunlara \u00e7\u00f6z\u00fcm bulmak i\u00e7in bize kat\u0131l\u0131n!<\/p>\t\t\t\t\t\t\t\t<\/div>\n\t\t\t\t<\/div>\n\t\t\t\t\t<\/div>\n\t\t<\/div>\n\t\t\t\t\t<\/div>\n\t\t<\/section>\n\t\t\t\t<section class=\"elementor-section elementor-top-section elementor-element elementor-element-19945e9f elementor-section-boxed elementor-section-height-default elementor-section-height-default\" data-id=\"19945e9f\" data-element_type=\"section\" data-e-type=\"section\" data-settings=\"{&quot;background_background&quot;:&quot;classic&quot;}\">\n\t\t\t\t\t\t<div class=\"elementor-container elementor-column-gap-default\">\n\t\t\t\t\t<div class=\"elementor-column elementor-col-100 elementor-top-column elementor-element elementor-element-3676d507\" data-id=\"3676d507\" data-element_type=\"column\" data-e-type=\"column\">\n\t\t\t<div class=\"elementor-widget-wrap elementor-element-populated\">\n\t\t\t\t\t\t<section class=\"elementor-section elementor-inner-section elementor-element elementor-element-c119d86 elementor-section-boxed elementor-section-height-default elementor-section-height-default\" data-id=\"c119d86\" data-element_type=\"section\" data-e-type=\"section\">\n\t\t\t\t\t\t<div class=\"elementor-container elementor-column-gap-default\">\n\t\t\t\t\t<div class=\"elementor-column elementor-col-50 elementor-inner-column elementor-element elementor-element-0d57066\" data-id=\"0d57066\" data-element_type=\"column\" data-e-type=\"column\">\n\t\t\t<div class=\"elementor-widget-wrap\">\n\t\t\t\t\t\t\t<\/div>\n\t\t<\/div>\n\t\t\t\t<div class=\"elementor-column elementor-col-50 elementor-inner-column elementor-element elementor-element-94283fa\" data-id=\"94283fa\" data-element_type=\"column\" data-e-type=\"column\">\n\t\t\t<div class=\"elementor-widget-wrap\">\n\t\t\t\t\t\t\t<\/div>\n\t\t<\/div>\n\t\t\t\t\t<\/div>\n\t\t<\/section>\n\t\t\t\t<section class=\"elementor-section elementor-inner-section elementor-element elementor-element-48fd8adf elementor-section-boxed elementor-section-height-default elementor-section-height-default\" data-id=\"48fd8adf\" data-element_type=\"section\" data-e-type=\"section\">\n\t\t\t\t\t\t<div class=\"elementor-container elementor-column-gap-default\">\n\t\t\t\t\t<div class=\"elementor-column elementor-col-100 elementor-inner-column elementor-element elementor-element-22da76b6\" data-id=\"22da76b6\" data-element_type=\"column\" data-e-type=\"column\">\n\t\t\t<div class=\"elementor-widget-wrap elementor-element-populated\">\n\t\t\t\t\t\t<div class=\"elementor-element elementor-element-757f006e elementor-widget elementor-widget-image\" data-id=\"757f006e\" data-element_type=\"widget\" data-e-type=\"widget\" data-widget_type=\"image.default\">\n\t\t\t\t<div class=\"elementor-widget-container\">\n\t\t\t\t\t\t\t\t\t\t\t\t\t\t\t<img fetchpriority=\"high\" decoding=\"async\" width=\"790\" height=\"441\" src=\"https:\/\/mailtoticket.com\/wp-content\/uploads\/2023\/02\/apper-mobile-screen.webp\" class=\"attachment-large size-large wp-image-708\" alt=\"App Landing WordPress Theme\" srcset=\"https:\/\/mailtoticket.com\/wp-content\/uploads\/2023\/02\/apper-mobile-screen.webp 790w, https:\/\/mailtoticket.com\/wp-content\/uploads\/2023\/02\/apper-mobile-screen-257x143.webp 257w, https:\/\/mailtoticket.com\/wp-content\/uploads\/2023\/02\/apper-mobile-screen-600x335.webp 600w\" sizes=\"(max-width: 790px) 100vw, 790px\" \/>\t\t\t\t\t\t\t\t\t\t\t\t\t\t\t<\/div>\n\t\t\t\t<\/div>\n\t\t\t\t\t<\/div>\n\t\t<\/div>\n\t\t\t\t\t<\/div>\n\t\t<\/section>\n\t\t\t\t<section class=\"elementor-section elementor-inner-section elementor-element elementor-element-1a307816 elementor-section-boxed elementor-section-height-default elementor-section-height-default\" data-id=\"1a307816\" data-element_type=\"section\" data-e-type=\"section\">\n\t\t\t\t\t\t<div class=\"elementor-container elementor-column-gap-no\">\n\t\t\t\t\t<div class=\"elementor-column elementor-col-100 elementor-inner-column elementor-element elementor-element-a27c946\" data-id=\"a27c946\" data-element_type=\"column\" data-e-type=\"column\">\n\t\t\t<div class=\"elementor-widget-wrap\">\n\t\t\t\t\t\t\t<\/div>\n\t\t<\/div>\n\t\t\t\t\t<\/div>\n\t\t<\/section>\n\t\t\t\t<section class=\"elementor-section elementor-inner-section elementor-element elementor-element-720e7fb3 elementor-section-boxed elementor-section-height-default elementor-section-height-default\" data-id=\"720e7fb3\" data-element_type=\"section\" data-e-type=\"section\">\n\t\t\t\t\t\t<div class=\"elementor-container elementor-column-gap-default\">\n\t\t\t\t\t<div class=\"elementor-column elementor-col-25 elementor-inner-column elementor-element elementor-element-27f85786\" data-id=\"27f85786\" data-element_type=\"column\" data-e-type=\"column\">\n\t\t\t<div class=\"elementor-widget-wrap\">\n\t\t\t\t\t\t\t<\/div>\n\t\t<\/div>\n\t\t\t\t<div class=\"elementor-column elementor-col-25 elementor-inner-column elementor-element elementor-element-4ae5945e\" data-id=\"4ae5945e\" data-element_type=\"column\" data-e-type=\"column\">\n\t\t\t<div class=\"elementor-widget-wrap\">\n\t\t\t\t\t\t\t<\/div>\n\t\t<\/div>\n\t\t\t\t<div class=\"elementor-column elementor-col-25 elementor-inner-column elementor-element elementor-element-1b78c7ec\" data-id=\"1b78c7ec\" data-element_type=\"column\" data-e-type=\"column\">\n\t\t\t<div class=\"elementor-widget-wrap\">\n\t\t\t\t\t\t\t<\/div>\n\t\t<\/div>\n\t\t\t\t<div class=\"elementor-column elementor-col-25 elementor-inner-column elementor-element elementor-element-352b9721\" data-id=\"352b9721\" data-element_type=\"column\" data-e-type=\"column\">\n\t\t\t<div class=\"elementor-widget-wrap\">\n\t\t\t\t\t\t\t<\/div>\n\t\t<\/div>\n\t\t\t\t\t<\/div>\n\t\t<\/section>\n\t\t\t\t<section class=\"elementor-section elementor-inner-section elementor-element elementor-element-6c1df30 elementor-section-boxed elementor-section-height-default elementor-section-height-default\" data-id=\"6c1df30\" data-element_type=\"section\" data-e-type=\"section\">\n\t\t\t\t\t\t<div class=\"elementor-container elementor-column-gap-default\">\n\t\t\t\t\t<div class=\"elementor-column elementor-col-25 elementor-inner-column elementor-element elementor-element-0f4c870\" data-id=\"0f4c870\" data-element_type=\"column\" data-e-type=\"column\">\n\t\t\t<div class=\"elementor-widget-wrap\">\n\t\t\t\t\t\t\t<\/div>\n\t\t<\/div>\n\t\t\t\t<div class=\"elementor-column elementor-col-25 elementor-inner-column elementor-element elementor-element-0861ae8\" data-id=\"0861ae8\" data-element_type=\"column\" data-e-type=\"column\">\n\t\t\t<div class=\"elementor-widget-wrap\">\n\t\t\t\t\t\t\t<\/div>\n\t\t<\/div>\n\t\t\t\t<div class=\"elementor-column elementor-col-25 elementor-inner-column elementor-element elementor-element-f1273e0\" data-id=\"f1273e0\" data-element_type=\"column\" data-e-type=\"column\">\n\t\t\t<div class=\"elementor-widget-wrap\">\n\t\t\t\t\t\t\t<\/div>\n\t\t<\/div>\n\t\t\t\t<div class=\"elementor-column elementor-col-25 elementor-inner-column elementor-element elementor-element-c25bc9f\" data-id=\"c25bc9f\" data-element_type=\"column\" data-e-type=\"column\">\n\t\t\t<div class=\"elementor-widget-wrap\">\n\t\t\t\t\t\t\t<\/div>\n\t\t<\/div>\n\t\t\t\t\t<\/div>\n\t\t<\/section>\n\t\t\t\t\t<\/div>\n\t\t<\/div>\n\t\t\t\t\t<\/div>\n\t\t<\/section>\n\t\t\t\t<section class=\"elementor-section elementor-top-section elementor-element elementor-element-fe1f6c9 elementor-section-boxed elementor-section-height-default elementor-section-height-default\" data-id=\"fe1f6c9\" data-element_type=\"section\" data-e-type=\"section\" data-settings=\"{&quot;background_background&quot;:&quot;classic&quot;}\">\n\t\t\t\t\t\t<div class=\"elementor-container elementor-column-gap-default\">\n\t\t\t\t\t<div class=\"elementor-column elementor-col-100 elementor-top-column elementor-element elementor-element-b281a0f\" data-id=\"b281a0f\" data-element_type=\"column\" data-e-type=\"column\">\n\t\t\t<div class=\"elementor-widget-wrap elementor-element-populated\">\n\t\t\t\t\t\t<section class=\"elementor-section elementor-inner-section elementor-element elementor-element-1c3c02e elementor-section-boxed elementor-section-height-default elementor-section-height-default\" data-id=\"1c3c02e\" data-element_type=\"section\" data-e-type=\"section\">\n\t\t\t\t\t\t<div class=\"elementor-container elementor-column-gap-default\">\n\t\t\t\t\t<div class=\"elementor-column elementor-col-100 elementor-inner-column elementor-element elementor-element-8524e9b\" data-id=\"8524e9b\" data-element_type=\"column\" data-e-type=\"column\">\n\t\t\t<div class=\"elementor-widget-wrap\">\n\t\t\t\t\t\t\t<\/div>\n\t\t<\/div>\n\t\t\t\t\t<\/div>\n\t\t<\/section>\n\t\t\t\t\t<\/div>\n\t\t<\/div>\n\t\t\t\t\t<\/div>\n\t\t<\/section>\n\t\t\t\t<section class=\"elementor-section elementor-top-section elementor-element elementor-element-6fe80e9d elementor-section-boxed elementor-section-height-default elementor-section-height-default\" data-id=\"6fe80e9d\" data-element_type=\"section\" data-e-type=\"section\">\n\t\t\t\t\t\t<div class=\"elementor-container elementor-column-gap-default\">\n\t\t\t\t\t<div class=\"elementor-column elementor-col-33 elementor-top-column elementor-element elementor-element-519ca11b\" data-id=\"519ca11b\" data-element_type=\"column\" data-e-type=\"column\">\n\t\t\t<div class=\"elementor-widget-wrap elementor-element-populated\">\n\t\t\t\t\t\t<div class=\"elementor-element elementor-element-9052546 elementor-widget elementor-widget-image\" data-id=\"9052546\" data-element_type=\"widget\" data-e-type=\"widget\" data-widget_type=\"image.default\">\n\t\t\t\t<div class=\"elementor-widget-container\">\n\t\t\t\t\t\t\t\t\t\t\t\t\t\t\t<img decoding=\"async\" width=\"390\" height=\"787\" src=\"https:\/\/mailtoticket.com\/wp-content\/uploads\/2024\/03\/mail-to-ticket.png\" class=\"attachment-large size-large wp-image-4178\" alt=\"\" srcset=\"https:\/\/mailtoticket.com\/wp-content\/uploads\/2024\/03\/mail-to-ticket.png 390w, https:\/\/mailtoticket.com\/wp-content\/uploads\/2024\/03\/mail-to-ticket-141x284.png 141w, https:\/\/mailtoticket.com\/wp-content\/uploads\/2024\/03\/mail-to-ticket-149x300.png 149w\" sizes=\"(max-width: 390px) 100vw, 390px\" \/>\t\t\t\t\t\t\t\t\t\t\t\t\t\t\t<\/div>\n\t\t\t\t<\/div>\n\t\t\t\t\t<\/div>\n\t\t<\/div>\n\t\t\t\t<div class=\"elementor-column elementor-col-33 elementor-top-column elementor-element elementor-element-130df57\" data-id=\"130df57\" data-element_type=\"column\" data-e-type=\"column\">\n\t\t\t<div class=\"elementor-widget-wrap elementor-element-populated\">\n\t\t\t\t\t\t<div class=\"elementor-element elementor-element-602a5d8 elementor-hidden-mobile elementor-widget elementor-widget-image\" data-id=\"602a5d8\" data-element_type=\"widget\" data-e-type=\"widget\" data-widget_type=\"image.default\">\n\t\t\t\t<div class=\"elementor-widget-container\">\n\t\t\t\t\t\t\t\t\t\t\t\t\t\t\t<img decoding=\"async\" width=\"343\" height=\"343\" src=\"https:\/\/mailtoticket.com\/wp-content\/uploads\/2024\/03\/rek4.png\" class=\"attachment-large size-large wp-image-1704\" alt=\"\" srcset=\"https:\/\/mailtoticket.com\/wp-content\/uploads\/2024\/03\/rek4.png 343w, https:\/\/mailtoticket.com\/wp-content\/uploads\/2024\/03\/rek4-257x257.png 257w, https:\/\/mailtoticket.com\/wp-content\/uploads\/2024\/03\/rek4-100x100.png 100w, https:\/\/mailtoticket.com\/wp-content\/uploads\/2024\/03\/rek4-300x300.png 300w, https:\/\/mailtoticket.com\/wp-content\/uploads\/2024\/03\/rek4-150x150.png 150w\" sizes=\"(max-width: 343px) 100vw, 343px\" \/>\t\t\t\t\t\t\t\t\t\t\t\t\t\t\t<\/div>\n\t\t\t\t<\/div>\n\t\t\t\t\t<\/div>\n\t\t<\/div>\n\t\t\t\t<div class=\"elementor-column elementor-col-33 elementor-top-column elementor-element elementor-element-57499caa\" data-id=\"57499caa\" data-element_type=\"column\" data-e-type=\"column\">\n\t\t\t<div class=\"elementor-widget-wrap elementor-element-populated\">\n\t\t\t\t\t\t<section class=\"elementor-section elementor-inner-section elementor-element elementor-element-78c3db35 elementor-reverse-mobile elementor-section-boxed elementor-section-height-default elementor-section-height-default\" data-id=\"78c3db35\" data-element_type=\"section\" data-e-type=\"section\">\n\t\t\t\t\t\t<div class=\"elementor-container elementor-column-gap-default\">\n\t\t\t\t\t<div class=\"elementor-column elementor-col-50 elementor-inner-column elementor-element elementor-element-6de9ba1a\" data-id=\"6de9ba1a\" data-element_type=\"column\" data-e-type=\"column\">\n\t\t\t<div class=\"elementor-widget-wrap\">\n\t\t\t\t\t\t\t<\/div>\n\t\t<\/div>\n\t\t\t\t<div class=\"elementor-column elementor-col-50 elementor-inner-column elementor-element elementor-element-5179aca8\" data-id=\"5179aca8\" data-element_type=\"column\" data-e-type=\"column\">\n\t\t\t<div class=\"elementor-widget-wrap\">\n\t\t\t\t\t\t\t<\/div>\n\t\t<\/div>\n\t\t\t\t\t<\/div>\n\t\t<\/section>\n\t\t\t\t\t<\/div>\n\t\t<\/div>\n\t\t\t\t\t<\/div>\n\t\t<\/section>\n\t\t\t\t<\/div>\n\t\t","protected":false},"excerpt":{"rendered":"<p>Merhaba! Ben \u00d6zg\u00fcr A. \u0130\u015fletmenizin Maliyetlerini Azalt\u0131n, Karl\u0131l\u0131\u011f\u0131n\u0131z\u0131 Art\u0131r\u0131n IT &amp; E-commerce alan\u0131nda uzun y\u0131llard\u0131r \u00e7al\u0131\u015f\u0131yorum ve bu s\u00fcre\u00e7te outdoor sekt\u00f6r\u00fcnde \u00e7al\u0131\u015f\u0131rken kar\u015f\u0131la\u015ft\u0131\u011f\u0131m temel sorunlar\u0131n \u00e7\u00f6z\u00fcm\u00fc i\u00e7in bir sistem geli\u015ftirdim. Teknolojik yat\u0131r\u0131mlar, bir i\u015fletmenin b\u00fcy\u00fcmesi ve geli\u015fmesi i\u00e7in hayati \u00f6neme sahiptir. Ancak, bu yat\u0131r\u0131mlar\u0131n ba\u015far\u0131s\u0131 sonu\u00e7ta \u00e7al\u0131\u015fan personelin performans\u0131na ba\u011fl\u0131d\u0131r. \u00d6zellikle bir e-ticaret sitesi i\u015fletiyorsan\u0131z, [&hellip;]<\/p>\n","protected":false},"author":1,"featured_media":0,"parent":0,"menu_order":0,"comment_status":"closed","ping_status":"closed","template":"elementor_header_footer","meta":{"om_disable_all_campaigns":false,"_monsterinsights_skip_tracking":false,"_monsterinsights_sitenote_active":false,"_monsterinsights_sitenote_note":"","_monsterinsights_sitenote_category":0,"footnotes":""},"class_list":["post-2921","page","type-page","status-publish","hentry","entry","owp-thumbs-layout-horizontal","owp-btn-normal","owp-tabs-layout-horizontal","has-no-thumbnails"],"aioseo_notices":[],"_links":{"self":[{"href":"https:\/\/mailtoticket.com\/tr\/wp-json\/wp\/v2\/pages\/2921","targetHints":{"allow":["GET"]}}],"collection":[{"href":"https:\/\/mailtoticket.com\/tr\/wp-json\/wp\/v2\/pages"}],"about":[{"href":"https:\/\/mailtoticket.com\/tr\/wp-json\/wp\/v2\/types\/page"}],"author":[{"embeddable":true,"href":"https:\/\/mailtoticket.com\/tr\/wp-json\/wp\/v2\/users\/1"}],"replies":[{"embeddable":true,"href":"https:\/\/mailtoticket.com\/tr\/wp-json\/wp\/v2\/comments?post=2921"}],"version-history":[{"count":5,"href":"https:\/\/mailtoticket.com\/tr\/wp-json\/wp\/v2\/pages\/2921\/revisions"}],"predecessor-version":[{"id":4190,"href":"https:\/\/mailtoticket.com\/tr\/wp-json\/wp\/v2\/pages\/2921\/revisions\/4190"}],"wp:attachment":[{"href":"https:\/\/mailtoticket.com\/tr\/wp-json\/wp\/v2\/media?parent=2921"}],"curies":[{"name":"wp","href":"https:\/\/api.w.org\/{rel}","templated":true}]}}