{"id":3349,"date":"2024-03-07T12:55:28","date_gmt":"2024-03-07T12:55:28","guid":{"rendered":"http:\/\/mailtoticket.com\/bilet-icin-posta-iade-ve-geri-odeme-politikasi\/"},"modified":"2024-03-14T05:48:00","modified_gmt":"2024-03-14T05:48:00","slug":"bilet-icin-posta-iade-ve-geri-odeme-politikasi","status":"publish","type":"page","link":"https:\/\/mailtoticket.com\/tr\/bilet-icin-posta-iade-ve-geri-odeme-politikasi\/","title":{"rendered":"Bilet i\u00e7in Posta \u0130ade ve Geri \u00d6deme Politikas\u0131"},"content":{"rendered":"\r\n<p><strong>Genel bak\u0131\u015f:<\/strong> MailtoTicket olarak, m\u00fc\u015fteri memnuniyetine \u00f6nem veriyoruz ve bazen hizmetlerin veya \u00fcr\u00fcnlerin beklentilerinizi kar\u015f\u0131lamayabilece\u011fini anl\u0131yoruz. \u0130ade ve geri \u00f6deme politikam\u0131z, bu t\u00fcr durumlar\u0131n ele al\u0131nmas\u0131 i\u00e7in a\u00e7\u0131k ve adil bir s\u00fcre\u00e7 sa\u011flamak \u00fczere tasarlanm\u0131\u015ft\u0131r.<\/p>\r\n<p><strong>Para \u0130adesi Politikas\u0131:<\/strong><\/p>\r\n<ol>\r\n<li>\r\n<p><strong>Abonelik Hizmetleri:<\/strong> Abonelik tabanl\u0131 hizmetlerimizden memnun kalmazsan\u0131z, abonelik ba\u015flang\u0131\u00e7 tarihinden itibaren 14 g\u00fcn i\u00e7inde para iadesi talebinde bulunabilirsiniz. Para iadesi almaya hak kazanmak i\u00e7in, aboneli\u011finizi iptal etme karar\u0131n\u0131z\u0131 bize bildirmeniz ve bu s\u00fcre i\u00e7inde para iadesi talep etmeniz gerekir.<\/p>\r\n<\/li>\r\n<li>\r\n<p><strong>Tek Seferlik Sat\u0131n Al\u0131mlar:<\/strong> Tek seferlik olarak sat\u0131n al\u0131nan hizmetler veya \u00fcr\u00fcnler i\u00e7in, hizmetten yararlan\u0131lmam\u0131\u015f veya \u00fcr\u00fcn etkinle\u015ftirilmemi\u015f olmas\u0131 ko\u015fuluyla, sat\u0131n alma tarihinden itibaren 7 g\u00fcn i\u00e7inde para iadesi talep edilebilir.<\/p>\r\n<\/li>\r\n<li>\r\n<p><strong>\u00d6zel \u00c7\u00f6z\u00fcmler:<\/strong> \u00d6zel yaz\u0131l\u0131m geli\u015ftirme dahil ancak bununla s\u0131n\u0131rl\u0131 olmamak \u00fczere \u00f6zel \u00e7\u00f6z\u00fcmlerin do\u011fas\u0131 gere\u011fi, geri \u00f6demeler duruma g\u00f6re ele al\u0131n\u0131r. Nihai \u00fcr\u00fcn\u00fcn beklentilerinizi kar\u015f\u0131lad\u0131\u011f\u0131ndan emin olmak i\u00e7in geli\u015ftirme s\u00fcreci boyunca a\u00e7\u0131k ileti\u015fimi te\u015fvik ediyoruz.<\/p>\r\n<\/li>\r\n<\/ol>\r\n<p><strong>\u0130ade Politikas\u0131:<\/strong> MailtoTicket \u00f6ncelikle dijital \u00fcr\u00fcnler ve hizmetler sundu\u011fundan, iadeler ge\u00e7erli de\u011fildir. Bununla birlikte, sa\u011flanan hizmet veya \u00fcr\u00fcnle ilgili her t\u00fcrl\u00fc sorunu \u00e7\u00f6zmeye kararl\u0131y\u0131z.<\/p>\r\n<p><strong>Para \u0130adesi Talep Etme S\u00fcreci:<\/strong><\/p>\r\n<ol>\r\n<li>Contact our customer support team via email at <a target=\"_new\" rel=\"noopener\">support@mailtoticket.com<\/a>, providing your order number, the date of purchase, and the reason for requesting a refund.<\/li>\r\n<li>Our team will review your request and may ask for additional information to process the refund.<\/li>\r\n<li>Once approved, the refund will be processed back to your original method of payment within 7-10 business days.<\/li>\r\n<\/ol>\r\n<p><strong>\u0130stisnalar:<\/strong><\/p>\r\n<ul>\r\n<li>Refunds cannot be granted if more than 14 days have passed since the subscription start date or more than 7 days for one-time purchases.<\/li>\r\n<li>Services or products that have been utilized or activated are not eligible for a refund.<\/li>\r\n<\/ul>\r\n<p><strong>\u0130leti\u015fim Bilgileri:<\/strong> \u0130ade ve geri \u00f6deme politikam\u0131zla ilgili her t\u00fcrl\u00fc soru veya endi\u015feniz i\u00e7in l\u00fctfen <a target=\"_new\" rel=\"noopener\">support@mailtoticket.com<\/a> adresinden m\u00fc\u015fteri destek ekibimizle ileti\u015fime ge\u00e7in.<\/p>\r\n<p><strong>Politika De\u011fi\u015fiklikleri:<\/strong> MailtoTicket, bu iade ve geri \u00f6deme politikas\u0131n\u0131 istedi\u011fi zaman de\u011fi\u015ftirme veya g\u00fcncelleme hakk\u0131n\u0131 sakl\u0131 tutar. M\u00fc\u015fterilerin herhangi bir de\u011fi\u015fiklik i\u00e7in politikay\u0131 periyodik olarak g\u00f6zden ge\u00e7irmeleri tavsiye edilir.<\/p>\r\n<p><strong>Sonu\u00e7<\/strong> MailtoTicket&#8217;teki amac\u0131m\u0131z, hizmetlerimizden ve \u00fcr\u00fcnlerimizden tamamen memnun kalman\u0131z\u0131 sa\u011flamakt\u0131r. Herhangi bir endi\u015feniz varsa veya tam olarak memnun de\u011filseniz, bir \u00e7\u00f6z\u00fcm i\u00e7in \u00e7al\u0131\u015fabilmemiz i\u00e7in bize ula\u015fman\u0131z\u0131 \u00f6neririz.<\/p>\r\n<p><strong>\u0130ade ve \u0130ade Politikas\u0131<\/strong><\/p>\r\n<p>MailToTicket olarak, AI Sohbet Botu ve CMS yaz\u0131l\u0131m\u0131m\u0131zla tam memnuniyetinizi sa\u011flamak istiyoruz. \u00dcr\u00fcn\u00fcm\u00fcz\u00fc ilk elden deneyimleyebilmeniz i\u00e7in 14 g\u00fcnl\u00fck tam deneme s\u00fcresi sunuyoruz. Herhangi bir nedenle yaz\u0131l\u0131m\u0131m\u0131zdan memnun kalmazsan\u0131z, l\u00fctfen a\u015fa\u011f\u0131daki iade ve iade politikam\u0131z\u0131 g\u00f6zden ge\u00e7irin:<\/p>\r\n<p><strong>\u0130ade S\u00fcreci:<\/strong><\/p>\r\n<ol>\r\n<li>\u0130ade Talebi: Deneme s\u00fcresi i\u00e7inde yaz\u0131l\u0131m\u0131m\u0131z\u0131 iade etmeye karar verirseniz, iade s\u00fcrecini ba\u015flatmak i\u00e7in m\u00fc\u015fteri destek ekibimizle ileti\u015fime ge\u00e7in.<\/li>\r\n<li>\u0130ade Onay\u0131: Onayland\u0131\u011f\u0131nda, size bir iade onay numaras\u0131 ve yaz\u0131l\u0131m\u0131 nas\u0131l iade edece\u011finizle ilgili talimatlar verilecektir.<\/li>\r\n<li>Yaz\u0131l\u0131m\u0131 \u0130ade Edin: Yaz\u0131l\u0131m\u0131 g\u00fcvenli bir \u015fekilde paketleyin ve deneme s\u00fcresi i\u00e7inde bize geri g\u00f6nderin.<\/li>\r\n<\/ol>\r\n<p><strong>\u0130ade S\u00fcreci:<\/strong><\/p>\r\n<ol>\r\n<li>Yaz\u0131l\u0131m\u0131n \u0130ncelenmesi: \u0130ade edilen yaz\u0131l\u0131m\u0131 ald\u0131ktan sonra, ekibimiz iade ko\u015fullar\u0131m\u0131za uygun oldu\u011funu kontrol edecektir.<\/li>\r\n<li>\u0130ade \u0130\u015flemi: \u0130ade onayland\u0131\u011f\u0131nda, sat\u0131n alma fiyat\u0131n\u0131n tamam\u0131n\u0131 orijinal \u00f6deme y\u00f6nteminize geri \u00f6deyece\u011fiz.<\/li>\r\n<li>Bildirim: \u0130ade i\u015flemi tamamland\u0131\u011f\u0131nda size bir e-posta bildirimi g\u00f6nderilecektir.<\/li>\r\n<\/ol>\r\n<p><strong>M\u00fc\u015fteri Gereksinimleri:<\/strong><\/p>\r\n<ul>\r\n<li>Deneme S\u00fcresi: Sat\u0131n alma tarihinden itibaren 14 g\u00fcnl\u00fck deneme s\u00fcresi i\u00e7inde iade talebinde bulunulmal\u0131d\u0131r.<\/li>\r\n<li>Yaz\u0131l\u0131m Durumu: Yaz\u0131l\u0131m\u0131n, t\u00fcm bile\u015fenleri ve belgeleriyle birlikte orijinal durumunda geri g\u00f6nderilmesi gerekmektedir.<\/li>\r\n<li>\u0130ade Nedeni: Hizmetlerimizi ve yaz\u0131l\u0131mlar\u0131m\u0131z\u0131 geli\u015ftirmemize yard\u0131mc\u0131 olmak i\u00e7in iade nedeninizi belirtiniz.<\/li>\r\n<\/ul>\r\n<p><strong>\u0130ade Edilemeyen \u00dcr\u00fcnler:<\/strong><\/p>\r\n<ul>\r\n<li>\u00d6zelle\u015ftirilmi\u015f veya ki\u015fiselle\u015ftirilmi\u015f yaz\u0131l\u0131m yap\u0131land\u0131rmalar\u0131.<\/li>\r\n<li>Deneme s\u00fcresinin \u00f6tesinde kullan\u0131lan veya etkinle\u015ftirilen yaz\u0131l\u0131m lisanslar\u0131.<\/li>\r\n<\/ul>\r\n<p>\u0130ade ve iade politikam\u0131zla ilgili herhangi bir sorunuz veya endi\u015feniz varsa, l\u00fctfen m\u00fc\u015fteri destek ekibimizle ileti\u015fime ge\u00e7mekten \u00e7ekinmeyin.<\/p>\r\n<p>L\u00fctfen bu politikan\u0131n yaln\u0131zca do\u011frudan MailToTicket \u00fczerinden yap\u0131lan sat\u0131n al\u0131mlar i\u00e7in ge\u00e7erli oldu\u011funu unutmay\u0131n. \u00dc\u00e7\u00fcnc\u00fc taraf perakendeciler arac\u0131l\u0131\u011f\u0131yla yap\u0131lan sat\u0131n al\u0131mlar i\u00e7in l\u00fctfen ilgili iade ve iade politikalar\u0131na ba\u015fvurun.<\/p>\r\n<p>MailToTicket, bu politikay\u0131 \u00f6nceden bildirim yapmaks\u0131z\u0131n her zaman g\u00fcncelleme veya de\u011fi\u015ftirme hakk\u0131n\u0131 sakl\u0131 tutar.<\/p>\r\n","protected":false},"excerpt":{"rendered":"<p>Genel bak\u0131\u015f: MailtoTicket olarak, m\u00fc\u015fteri memnuniyetine \u00f6nem veriyoruz ve bazen hizmetlerin veya \u00fcr\u00fcnlerin beklentilerinizi kar\u015f\u0131lamayabilece\u011fini anl\u0131yoruz. \u0130ade ve geri \u00f6deme politikam\u0131z, bu t\u00fcr durumlar\u0131n ele al\u0131nmas\u0131 i\u00e7in a\u00e7\u0131k ve adil bir s\u00fcre\u00e7 sa\u011flamak \u00fczere tasarlanm\u0131\u015ft\u0131r. Para \u0130adesi Politikas\u0131: Abonelik Hizmetleri: Abonelik tabanl\u0131 hizmetlerimizden memnun kalmazsan\u0131z, abonelik ba\u015flang\u0131\u00e7 tarihinden itibaren 14 g\u00fcn i\u00e7inde para iadesi talebinde [&hellip;]<\/p>\n","protected":false},"author":1,"featured_media":0,"parent":0,"menu_order":0,"comment_status":"closed","ping_status":"closed","template":"","meta":{"om_disable_all_campaigns":false,"_monsterinsights_skip_tracking":false,"_monsterinsights_sitenote_active":false,"_monsterinsights_sitenote_note":"","_monsterinsights_sitenote_category":0,"footnotes":""},"class_list":["post-3349","page","type-page","status-publish","hentry","entry","owp-thumbs-layout-horizontal","owp-btn-normal","owp-tabs-layout-horizontal","has-no-thumbnails"],"aioseo_notices":[],"_links":{"self":[{"href":"https:\/\/mailtoticket.com\/tr\/wp-json\/wp\/v2\/pages\/3349","targetHints":{"allow":["GET"]}}],"collection":[{"href":"https:\/\/mailtoticket.com\/tr\/wp-json\/wp\/v2\/pages"}],"about":[{"href":"https:\/\/mailtoticket.com\/tr\/wp-json\/wp\/v2\/types\/page"}],"author":[{"embeddable":true,"href":"https:\/\/mailtoticket.com\/tr\/wp-json\/wp\/v2\/users\/1"}],"replies":[{"embeddable":true,"href":"https:\/\/mailtoticket.com\/tr\/wp-json\/wp\/v2\/comments?post=3349"}],"version-history":[{"count":3,"href":"https:\/\/mailtoticket.com\/tr\/wp-json\/wp\/v2\/pages\/3349\/revisions"}],"predecessor-version":[{"id":4262,"href":"https:\/\/mailtoticket.com\/tr\/wp-json\/wp\/v2\/pages\/3349\/revisions\/4262"}],"wp:attachment":[{"href":"https:\/\/mailtoticket.com\/tr\/wp-json\/wp\/v2\/media?parent=3349"}],"curies":[{"name":"wp","href":"https:\/\/api.w.org\/{rel}","templated":true}]}}