{"id":4742,"date":"2024-05-25T08:42:36","date_gmt":"2024-05-25T08:42:36","guid":{"rendered":"http:\/\/mailtoticket.com\/?page_id=4742"},"modified":"2024-05-26T15:50:19","modified_gmt":"2024-05-26T15:50:19","slug":"omnichat-plus-ile-musteri-hizmetleri-donusumu","status":"publish","type":"page","link":"https:\/\/mailtoticket.com\/tr\/omnichat-plus-ile-musteri-hizmetleri-donusumu\/","title":{"rendered":"OmniChat Plus ile M\u00fc\u015fteri Hizmetleri D\u00f6n\u00fc\u015f\u00fcm\u00fc"},"content":{"rendered":"\t\t<div data-elementor-type=\"wp-page\" data-elementor-id=\"4742\" class=\"elementor elementor-4742\">\n\t\t\t\t\t\t<section class=\"elementor-section elementor-top-section elementor-element elementor-element-01a2c4e elementor-section-boxed elementor-section-height-default elementor-section-height-default\" data-id=\"01a2c4e\" data-element_type=\"section\" data-e-type=\"section\">\n\t\t\t\t\t\t<div class=\"elementor-container elementor-column-gap-default\">\n\t\t\t\t\t<div class=\"elementor-column elementor-col-100 elementor-top-column elementor-element elementor-element-fbe5cd1\" data-id=\"fbe5cd1\" data-element_type=\"column\" data-e-type=\"column\">\n\t\t\t<div class=\"elementor-widget-wrap elementor-element-populated\">\n\t\t\t\t\t\t<div class=\"elementor-element elementor-element-f5bb3ca elementor-widget elementor-widget-video\" data-id=\"f5bb3ca\" data-element_type=\"widget\" data-e-type=\"widget\" data-settings=\"{&quot;youtube_url&quot;:&quot;https:\\\/\\\/www.youtube.com\\\/watch?v=ah31zy-Pwhc&amp;t=6s&quot;,&quot;video_type&quot;:&quot;youtube&quot;,&quot;controls&quot;:&quot;yes&quot;}\" data-widget_type=\"video.default\">\n\t\t\t\t<div class=\"elementor-widget-container\">\n\t\t\t\t\t\t\t<div class=\"elementor-wrapper elementor-open-inline\">\n\t\t\t<div class=\"elementor-video\"><\/div>\t\t<\/div>\n\t\t\t\t\t\t<\/div>\n\t\t\t\t<\/div>\n\t\t\t\t\t<\/div>\n\t\t<\/div>\n\t\t\t\t\t<\/div>\n\t\t<\/section>\n\t\t\t\t<section class=\"elementor-section elementor-top-section elementor-element elementor-element-3d94987d elementor-section-boxed elementor-section-height-default elementor-section-height-default\" data-id=\"3d94987d\" data-element_type=\"section\" data-e-type=\"section\">\n\t\t\t\t\t\t<div class=\"elementor-container elementor-column-gap-default\">\n\t\t\t\t\t<div class=\"elementor-column elementor-col-100 elementor-top-column elementor-element elementor-element-b7d487b\" data-id=\"b7d487b\" data-element_type=\"column\" data-e-type=\"column\">\n\t\t\t<div class=\"elementor-widget-wrap elementor-element-populated\">\n\t\t\t\t\t\t<div class=\"elementor-element elementor-element-5a13215d elementor-widget elementor-widget-text-editor\" data-id=\"5a13215d\" data-element_type=\"widget\" data-e-type=\"widget\" data-widget_type=\"text-editor.default\">\n\t\t\t\t<div class=\"elementor-widget-container\">\n\t\t\t\t\t\t\t\t\t<p><strong>M\u00fc\u015fteri Hizmetleri D\u00f6n\u00fc\u015f\u00fcm\u00fc OmniChat Plus ile Ba\u015flat\u0131n \ud83d\ude80 Hemen Ke\u015ffedin!<\/strong><\/p><p>Yenilik\u00e7i \u00c7\u00f6z\u00fcm: Web chat, Google Business, WhatsApp Business, Facebook Messenger, Instagram Messenger, Telegram AI chatbot, canl\u0131 destek ve entegre ticket sistemi\u2014hepsi bir arada.<\/p><p>Web Sitemiz: <a href=\"https:\/\/mailtoticket.com\/tr\/\" target=\"_blank\" rel=\"noopener\">https:\/\/mailtoticket.com\/tr\/<\/a><\/p><p>Web Chat AI m\u00fc\u015fteri hizmetleri test i\u00e7in: <a title=\"Web Chat AI Demo\" href=\"https:\/\/ai.mailtoticket.com\/eu\/prototype\/9a13nkt3u06e1ik\" target=\"_blank\" rel=\"noopener\">https:\/\/ai.mailtoticket.com\/eu\/prototype\/9a13nkt3u06e1ik<\/a><\/p><p>Instagram DM ve Yorum i\u00e7in: <a href=\"https:\/\/www.instagram.com\/mailtoticket\/\" target=\"_blank\" rel=\"noopener\">https:\/\/www.instagram.com\/mailtoticket\/<\/a><\/p><p>Facebook Messenger ve Yorum i\u00e7in: <a href=\"https:\/\/m.me\/262569030263293\" target=\"_blank\" rel=\"noopener\">https:\/\/m.me\/262569030263293<\/a><\/p><p>Google Business i\u00e7in: <a href=\"https:\/\/maps.app.goo.gl\/DYCVKCvXSHfJ3xyM6\" target=\"_blank\" rel=\"noopener\">https:\/\/maps.app.goo.gl\/DYCVKCvXSHfJ3xyM6<\/a> (Sadece Cep telefonlar\u0131nda ve google giri\u015f yapm\u0131\u015f kullan\u0131c\u0131ya Sohbet \u00f6zelli\u011fi a\u00e7\u0131kt\u0131r)<\/p><p>Telegram Messenger AI i\u00e7in: <a href=\"https:\/\/telegram.me\/mailtoticket\" target=\"_blank\" rel=\"noopener\">https:\/\/telegram.me\/mailtoticket<\/a><\/p><p>WhatsApp Business i\u00e7in: <a title=\"WhatsApp Business AI Support\" href=\"https:\/\/wa.me\/905527242244\" target=\"_blank\" rel=\"noopener\">0 552 724 22 44<\/a><\/p><p>Bilet Sistemi CMS i\u00e7in: <a href=\"https:\/\/support.mailtoticket.com\/admin\/\" target=\"_blank\" rel=\"noopener\">https:\/\/support.mailtoticket.com\/admin\/<\/a><br \/>Kullan\u0131c\u0131 ad\u0131: <a target=\"_new\" rel=\"noreferrer noopener\">demo@mailtoticket.com<\/a><br \/>Parola: 4FpP7GiloR<\/p><p>Canl\u0131 Destek Sistemi Y\u00f6netici ve AI kontrol paneli i\u00e7in: <a href=\"https:\/\/ai.mailtoticket.com\/\" target=\"_blank\" rel=\"noopener\">https:\/\/ai.mailtoticket.com<\/a><\/p><p>E-ticaret entegrasyonlar\u0131:<\/p><ul><li>IdeaSoft API<\/li><li>T-Soft API<\/li><li>ShopPHP API<br \/>E-posta: <a target=\"_new\" rel=\"noreferrer noopener\">support@mailtoticket.com<\/a><\/li><\/ul><p>Bize ula\u015f\u0131n: 0 212 706 24 43<\/p>\t\t\t\t\t\t\t\t<\/div>\n\t\t\t\t<\/div>\n\t\t\t\t\t<\/div>\n\t\t<\/div>\n\t\t\t\t\t<\/div>\n\t\t<\/section>\n\t\t\t\t<\/div>\n\t\t","protected":false},"excerpt":{"rendered":"<p>https:\/\/www.youtube.com\/watch?v=ah31zy-Pwhc&#038;t=6s M\u00fc\u015fteri Hizmetleri D\u00f6n\u00fc\u015f\u00fcm\u00fc OmniChat Plus ile Ba\u015flat\u0131n \ud83d\ude80 Hemen Ke\u015ffedin! Yenilik\u00e7i \u00c7\u00f6z\u00fcm: Web chat, Google Business, WhatsApp Business, Facebook Messenger, Instagram Messenger, Telegram AI chatbot, canl\u0131 destek ve entegre ticket sistemi\u2014hepsi bir arada. Web Sitemiz: https:\/\/mailtoticket.com\/tr\/ Web Chat AI m\u00fc\u015fteri hizmetleri test i\u00e7in: https:\/\/ai.mailtoticket.com\/eu\/prototype\/9a13nkt3u06e1ik Instagram DM ve Yorum i\u00e7in: https:\/\/www.instagram.com\/mailtoticket\/ Facebook Messenger ve Yorum [&hellip;]<\/p>\n","protected":false},"author":1,"featured_media":4673,"parent":0,"menu_order":0,"comment_status":"closed","ping_status":"closed","template":"","meta":{"om_disable_all_campaigns":false,"_monsterinsights_skip_tracking":false,"_monsterinsights_sitenote_active":false,"_monsterinsights_sitenote_note":"","_monsterinsights_sitenote_category":0,"footnotes":""},"class_list":["post-4742","page","type-page","status-publish","has-post-thumbnail","hentry","entry","has-media","owp-thumbs-layout-horizontal","owp-btn-normal","owp-tabs-layout-horizontal","has-no-thumbnails"],"aioseo_notices":[],"_links":{"self":[{"href":"https:\/\/mailtoticket.com\/tr\/wp-json\/wp\/v2\/pages\/4742","targetHints":{"allow":["GET"]}}],"collection":[{"href":"https:\/\/mailtoticket.com\/tr\/wp-json\/wp\/v2\/pages"}],"about":[{"href":"https:\/\/mailtoticket.com\/tr\/wp-json\/wp\/v2\/types\/page"}],"author":[{"embeddable":true,"href":"https:\/\/mailtoticket.com\/tr\/wp-json\/wp\/v2\/users\/1"}],"replies":[{"embeddable":true,"href":"https:\/\/mailtoticket.com\/tr\/wp-json\/wp\/v2\/comments?post=4742"}],"version-history":[{"count":5,"href":"https:\/\/mailtoticket.com\/tr\/wp-json\/wp\/v2\/pages\/4742\/revisions"}],"predecessor-version":[{"id":5052,"href":"https:\/\/mailtoticket.com\/tr\/wp-json\/wp\/v2\/pages\/4742\/revisions\/5052"}],"wp:featuredmedia":[{"embeddable":true,"href":"https:\/\/mailtoticket.com\/tr\/wp-json\/wp\/v2\/media\/4673"}],"wp:attachment":[{"href":"https:\/\/mailtoticket.com\/tr\/wp-json\/wp\/v2\/media?parent=4742"}],"curies":[{"name":"wp","href":"https:\/\/api.w.org\/{rel}","templated":true}]}}