{"id":11098,"date":"2024-10-17T10:39:33","date_gmt":"2024-10-17T07:39:33","guid":{"rendered":"https:\/\/mailtoticket.com\/shop\/voice-cal-ai\/"},"modified":"2024-10-23T15:40:40","modified_gmt":"2024-10-23T12:40:40","slug":"voice-cal-ai","status":"publish","type":"product","link":"https:\/\/mailtoticket.com\/tr\/shop\/voice-cal-ai\/","title":{"rendered":"Voice Cal AI"},"content":{"rendered":"<p><strong>VoiceCal AI + Google Takvim Entegrasyonu \ud83d\udcc5<\/strong><\/p>\n<p><strong>VoiceCal AI<\/strong>, <strong>sabit hatlar<\/strong> i\u00e7in tasarlanm\u0131\u015f yenilik\u00e7i bir yapay zeka destekli sesli asistand\u0131r ve randevular\u0131n\u0131z\u0131 eller serbest bir \u015fekilde y\u00f6netmenizi sa\u011flayan <strong>Google Takvim<\/strong> entegrasyonu sunar. \u0130ster sabit hat ileti\u015fimine dayanan bir i\u015fletme olun, ister bireysel kullan\u0131c\u0131, <strong>VoiceCal AI<\/strong> sesli komutlarla randevu olu\u015fturma ve takvim y\u00f6netimi i\u00e7in etkili bir \u00e7\u00f6z\u00fcm sa\u011flar. Sabit hatt\u0131n\u0131za konu\u015farak randevular\u0131n\u0131z\u0131 olu\u015fturun ve yapay zeka, randevular\u0131n\u0131z\u0131 Google Takviminize do\u011fru \u015fekilde kaydetsin, b\u00f6ylece hem zaman hem de efor tasarrufu sa\u011flay\u0131n.<\/p>\n","protected":false},"excerpt":{"rendered":"<p>**\ud83c\udf99\ufe0f VoiceCal AI**<br \/>\n**VoiceCal AI + Google Takvim Entegrasyonu \ud83d\udcc5**<\/p>\n<p>**VoiceCal AI**, **sabit hatlar** i\u00e7in tasarlanm\u0131\u015f yenilik\u00e7i bir yapay zeka destekli sesli asistand\u0131r ve randevular\u0131n\u0131z\u0131 eller serbest bir \u015fekilde y\u00f6netmenizi sa\u011flayan **Google Takvim** entegrasyonu sunar. \u0130ster sabit hat ileti\u015fimine dayanan bir i\u015fletme olun, ister bireysel kullan\u0131c\u0131, **VoiceCal AI** sesli komutlarla randevu olu\u015fturma ve takvim y\u00f6netimi i\u00e7in etkili bir \u00e7\u00f6z\u00fcm sa\u011flar. Sabit hatt\u0131n\u0131za konu\u015farak randevular\u0131n\u0131z\u0131 olu\u015fturun ve yapay zeka, randevular\u0131n\u0131z\u0131 Google Takviminize do\u011fru \u015fekilde kaydetsin, b\u00f6ylece hem zaman hem de efor tasarrufu sa\u011flay\u0131n.<\/p>\n<p>### Temel \u00d6zellikler:<br \/>\n&#8211; **Yapay Zeka Destekli Sabit Hat Asistan\u0131 \ud83d\udcde:** Sabit hatt\u0131n\u0131za konu\u015farak kolayca randevu olu\u015fturun ve y\u00f6netin.<\/p>\n<p>&#8211; **Google Takvim Entegrasyonu \ud83d\udcc5:** Yapay zeka, Google Takviminiz ile sorunsuz bir \u015fekilde senkronize olur ve t\u00fcm randevular\u0131n do\u011fru \u015fekilde kaydedilmesini sa\u011flar.<\/p>\n<p>&#8211; **Eller Serbest Randevu Y\u00f6netimi \ud83d\uddd3\ufe0f:** Takviminizi tek bir parma\u011f\u0131n\u0131z\u0131 kald\u0131rmadan y\u00f6netin \u2014 t\u00fcm i\u015fi VoiceCal AI yapar.<\/p>\n<p>### Fiyatland\u0131rma:<br \/>\n&#8211; **Kurulum \u00dccreti:** Ki\u015fiselle\u015ftirilmi\u015f kurulum i\u00e7in bir defaya mahsus 199 USD \u00fccret (199 \u00f6zel senaryo dahil).<\/p>\n<p>&#8211; **Ayl\u0131k Abonelik:** Mevcut \u00fcr\u00fcn\u00fcn\u00fcze ek olarak ayda 99 USD.<\/p>\n<p>&#8211; **\u00c7a\u011fr\u0131 S\u00fcresi \u00dccreti:** \u00c7a\u011fr\u0131 y\u00f6netimi i\u00e7in dakika ba\u015f\u0131na 0.25 USD.<\/p>\n<p>**VoiceCal AI**, sabit hat ileti\u015fimi arac\u0131l\u0131\u011f\u0131yla planlama s\u00fcre\u00e7lerinizi kolayla\u015ft\u0131rmak isteyen i\u015fletmeler i\u00e7in m\u00fckemmel bir eklentidir. Eller serbest, ses kontroll\u00fc sistemi ile randevular\u0131n\u0131z her zaman do\u011fru ve g\u00fcncel olacak \u015fekilde Google Takviminizde yer al\u0131r.<\/p>\n<p>**VoiceCal AI&#8217;\u0131 sisteminize ekleyin ve randevu y\u00f6netiminizi kolayla\u015ft\u0131r\u0131n!**<\/p>\n<p>&#8212;<\/p>\n<p>### \ud83c\udd93 **14 G\u00fcn \u00dccretsiz Deneme**<br \/>\nConversaBridge&#8217;in t\u00fcm \u00f6zelliklerini 14 g\u00fcn boyunca taahh\u00fcts\u00fcz olarak deneyimleyin. Bu s\u00fcre zarf\u0131nda yapay zeka chatbotu ve insan destek entegrasyonunun m\u00fc\u015fteri etkile\u015fimlerinizi nas\u0131l d\u00f6n\u00fc\u015ft\u00fcrd\u00fc\u011f\u00fcn\u00fc ke\u015ffedin.<\/p>\n<p>### \ud83d\udd17 **Kolay Entegrasyon**<br \/>\nConversaBridge, mevcut web siteniz veya m\u00fc\u015fteri hizmetleri platformunuzla minimum teknik \u00e7abayla entegre edilebilir. Bu sorunsuz entegrasyon, t\u00fcm dijital temas noktalar\u0131n\u0131zda tutarl\u0131 bir kullan\u0131c\u0131 deneyimi sa\u011flar.<\/p>\n<p>### \u2699\ufe0f **\u00d6zelle\u015ftirme ve \u00d6l\u00e7eklenebilirlik**<br \/>\nYapay zeka chatbotunuzu markan\u0131z\u0131n tonu ve ihtiya\u00e7lar\u0131na g\u00f6re \u00f6zelle\u015ftirin. ConversaBridge platformu, i\u015finizin b\u00fcy\u00fcyen taleplerine uyum sa\u011flar ve performanstan \u00f6d\u00fcn vermeden \u00f6l\u00e7eklendirmenize yard\u0131mc\u0131 olur.<\/p>\n<p>### \ud83d\udcca **Analitik ve \u0130\u00e7g\u00f6r\u00fcler**<br \/>\nM\u00fc\u015fteri etkile\u015fimleri hakk\u0131nda de\u011ferli bilgiler edinerek hizmetlerinizi geli\u015ftirin. Kapsaml\u0131 analizlerle m\u00fc\u015fteri ihtiya\u00e7lar\u0131n\u0131 daha iyi anlay\u0131n ve ger\u00e7ek verilere dayanarak s\u00fcrekli iyile\u015ftirme yap\u0131n.<\/p>\n<p>&#8212;<\/p>\n<p>### Yapay Zeka Veri Kullan\u0131m Bilgileri:<br \/>\nYapay zeka veri kullan\u0131m\u0131, yapay zeka chatbotunun \u00e7al\u0131\u015fmas\u0131 i\u00e7in gerekli olan veri miktar\u0131n\u0131 ifade eder. **OpenAI (GPT modelleri)** ve **Anthropic (Claude modelleri)** gibi yapay zeka modelleri bir token&#8217;\u0131 yakla\u015f\u0131k 3-4 karakter olarak kabul eder. Chatbot sistemimizde yapay zeka veri kullan\u0131m\u0131, \u00f6zelliklere g\u00f6re de\u011fi\u015fir. Her hesap, ayl\u0131k 1 milyon veri kullan\u0131m hakk\u0131na sahiptir. Bu limit a\u015f\u0131ld\u0131\u011f\u0131nda sistem otomatik olarak durur. Ek veri kullan\u0131m haklar\u0131n\u0131 ayl\u0131k **15 USD** kar\u015f\u0131l\u0131\u011f\u0131nda sat\u0131n alabilirsiniz. Bu \u00fccret, yapay zeka chatbotunun veri i\u015fleme kapasitesini art\u0131rmak ve daha fazla veri kullan\u0131m\u0131na olanak sa\u011flamak i\u00e7in kullan\u0131l\u0131r.<\/p>\n<table style=\"width: 100%; border-collapse: collapse;\">\n<thead>\n<tr style=\"background-color: #f2f2f2;\">\n<th style=\"border: 1px solid #ddd; padding: 8px;\"><span style=\"font-weight: 400;\">Provider<\/span><\/th>\n<th style=\"border: 1px solid #ddd; padding: 8px;\"><span style=\"font-weight: 400;\">Model<\/span><\/th>\n<th style=\"border: 1px solid #ddd; padding: 8px;\"><span style=\"font-weight: 400;\">Input Tokens (Credits\/1000)<\/span><\/th>\n<th style=\"border: 1px solid #ddd; padding: 8px;\"><span style=\"font-weight: 400;\">Output Tokens (Credits\/1000)<\/span><\/th>\n<\/tr>\n<\/thead>\n<tbody>\n<tr>\n<td style=\"border: 1px solid #ddd; padding: 8px;\">GPT-4o &#8211; OpenAI<\/td>\n<td style=\"border: 1px solid #ddd; padding: 8px;\">gpt-4o<\/td>\n<td style=\"border: 1px solid #ddd; padding: 8px;\">10 Credits<\/td>\n<td style=\"border: 1px solid #ddd; padding: 8px;\">35 Credits<\/td>\n<\/tr>\n<tr>\n<td style=\"border: 1px solid #ddd; padding: 8px;\">GPT-4o Mini &#8211; OpenAI<\/td>\n<td style=\"border: 1px solid #ddd; padding: 8px;\">gpt-4o-mini<\/td>\n<td style=\"border: 1px solid #ddd; padding: 8px;\">1 Credit<\/td>\n<td style=\"border: 1px solid #ddd; padding: 8px;\">1 Credit<\/td>\n<\/tr>\n<tr>\n<td style=\"border: 1px solid #ddd; padding: 8px;\">Finetuned 4o-mini UIEngine &#8211; EXPERIMENTAL<\/td>\n<td style=\"border: 1px solid #ddd; padding: 8px;\">ft:gpt-4o-mini-2024-07-18<\/td>\n<td style=\"border: 1px solid #ddd; padding: 8px;\">1 Credit<\/td>\n<td style=\"border: 1px solid #ddd; padding: 8px;\">1 Credit<\/td>\n<\/tr>\n<tr>\n<td style=\"border: 1px solid #ddd; padding: 8px;\">GPT-4 32k Turbo &#8211; OpenAI<\/td>\n<td style=\"border: 1px solid #ddd; padding: 8px;\">gpt-4-32k<\/td>\n<td style=\"border: 1px solid #ddd; padding: 8px;\">90 Credits<\/td>\n<td style=\"border: 1px solid #ddd; padding: 8px;\">190 Credits<\/td>\n<\/tr>\n<tr>\n<td style=\"border: 1px solid #ddd; padding: 8px;\">GPT-4 Turbo &#8211; OpenAI<\/td>\n<td style=\"border: 1px solid #ddd; padding: 8px;\">gpt-4<\/td>\n<td style=\"border: 1px solid #ddd; padding: 8px;\">45 Credits<\/td>\n<td style=\"border: 1px solid #ddd; padding: 8px;\">25 Credits<\/td>\n<\/tr>\n<tr>\n<td style=\"border: 1px solid #ddd; padding: 8px;\">GPT-3.5 Turbo 16k &#8211; OpenAI<\/td>\n<td style=\"border: 1px solid #ddd; padding: 8px;\">gpt-3.5-turbo-16k<\/td>\n<td style=\"border: 1px solid #ddd; padding: 8px;\">6 Credits<\/td>\n<td style=\"border: 1px solid #ddd; padding: 8px;\">8 Credits<\/td>\n<\/tr>\n<tr>\n<td style=\"border: 1px solid #ddd; padding: 8px;\">GPT-3.5 Turbo &#8211; OpenAI<\/td>\n<td style=\"border: 1px solid #ddd; padding: 8px;\">gpt-3.5-turbo<\/td>\n<td style=\"border: 1px solid #ddd; padding: 8px;\">2 Credits<\/td>\n<td style=\"border: 1px solid #ddd; padding: 8px;\">4 Credits<\/td>\n<\/tr>\n<tr>\n<td style=\"border: 1px solid #ddd; padding: 8px;\">Claude 3.5 Sonnet &#8211; Anthropic<\/td>\n<td style=\"border: 1px solid #ddd; padding: 8px;\">claude-3-5-sonnet-20240620<\/td>\n<td style=\"border: 1px solid #ddd; padding: 8px;\">10 Credits<\/td>\n<td style=\"border: 1px solid #ddd; padding: 8px;\">35 Credits<\/td>\n<\/tr>\n<tr>\n<td style=\"border: 1px solid #ddd; padding: 8px;\">Claude 3 Opus &#8211; Anthropic<\/td>\n<td style=\"border: 1px solid #ddd; padding: 8px;\">claude-3-opus-20240229<\/td>\n<td style=\"border: 1px solid #ddd; padding: 8px;\">30 Credits<\/td>\n<td style=\"border: 1px solid #ddd; padding: 8px;\">90 Credits<\/td>\n<\/tr>\n<tr>\n<td style=\"border: 1px solid #ddd; padding: 8px;\">Claude 3 Sonnet &#8211; Anthropic<\/td>\n<td style=\"border: 1px solid #ddd; padding: 8px;\">claude-3-sonnet-20240229<\/td>\n<td style=\"border: 1px solid #ddd; padding: 8px;\">12 Credits<\/td>\n<td style=\"border: 1px solid #ddd; padding: 8px;\">30 Credits<\/td>\n<\/tr>\n<tr>\n<td style=\"border: 1px solid #ddd; padding: 8px;\">Claude 3 Haiku &#8211; Anthropic<\/td>\n<td style=\"border: 1px solid #ddd; padding: 8px;\">claude-3-haiku-20240307<\/td>\n<td style=\"border: 1px solid #ddd; padding: 8px;\">1 Credit<\/td>\n<td style=\"border: 1px solid #ddd; padding: 8px;\">2 Credits<\/td>\n<\/tr>\n<tr>\n<td style=\"border: 1px solid #ddd; padding: 8px;\">Gemini 1.5 Pro &#8211; Google<\/td>\n<td style=\"border: 1px solid #ddd; padding: 8px;\">gemini-1.5-pro<\/td>\n<td style=\"border: 1px solid #ddd; padding: 8px;\">8 Credits<\/td>\n<td style=\"border: 1px solid #ddd; padding: 8px;\">12 Credits<\/td>\n<\/tr>\n<tr>\n<td style=\"border: 1px solid #ddd; padding: 8px;\">Gemini 1.5 Flash &#8211; Google<\/td>\n<td style=\"border: 1px solid #ddd; padding: 8px;\">gemini-1.5-flash<\/td>\n<td style=\"border: 1px solid #ddd; padding: 8px;\">1 Credit<\/td>\n<td style=\"border: 1px solid #ddd; padding: 8px;\">1 Credit<\/td>\n<\/tr>\n<tr>\n<td style=\"border: 1px solid #ddd; padding: 8px;\">Gemini 1.0 Pro &#8211; Google<\/td>\n<td style=\"border: 1px solid #ddd; padding: 8px;\">gemini-1.0-pro<\/td>\n<td style=\"border: 1px solid #ddd; padding: 8px;\">1 Credit<\/td>\n<td style=\"border: 1px solid #ddd; padding: 8px;\">1 Credit<\/td>\n<\/tr>\n<tr>\n<td style=\"border: 1px solid #ddd; padding: 8px;\">LLaMA3.2 90b &#8211; Groq<\/td>\n<td style=\"border: 1px solid #ddd; padding: 8px;\">llama-3.2-90b-text-preview<\/td>\n<td style=\"border: 1px solid #ddd; padding: 8px;\">2 Credits<\/td>\n<td style=\"border: 1px solid #ddd; padding: 8px;\">5 Credits<\/td>\n<\/tr>\n<tr>\n<td style=\"border: 1px solid #ddd; padding: 8px;\">LLaMA3.2 11b &#8211; Groq<\/td>\n<td style=\"border: 1px solid #ddd; padding: 8px;\">llama-3.2-11b-text-preview<\/td>\n<td style=\"border: 1px solid #ddd; padding: 8px;\">1 Credit<\/td>\n<td style=\"border: 1px solid #ddd; padding: 8px;\">1 Credit<\/td>\n<\/tr>\n<\/tbody>\n<\/table>\n","protected":false},"featured_media":7129,"comment_status":"open","ping_status":"closed","template":"","meta":{"om_disable_all_campaigns":false,"_monsterinsights_skip_tracking":false,"_monsterinsights_sitenote_active":false,"_monsterinsights_sitenote_note":"","_monsterinsights_sitenote_category":0},"product_brand":[],"product_cat":[270,271,180],"product_tag":[],"class_list":{"0":"post-11098","1":"product","2":"type-product","3":"status-publish","4":"has-post-thumbnail","6":"product_cat-ai-chat-bot-tr","7":"product_cat-ai-voice-tr","8":"product_cat-cms-tr","9":"entry","10":"has-media","13":"first","14":"instock","15":"sale","16":"virtual","17":"taxable","18":"purchasable","19":"product-type-simple","20":"has-product-nav","21":"col","22":"span_1_of_3","23":"owp-content-center","24":"owp-thumbs-layout-horizontal","25":"owp-btn-normal","26":"owp-tabs-layout-horizontal","27":"has-no-thumbnails"},"aioseo_notices":[],"_links":{"self":[{"href":"https:\/\/mailtoticket.com\/tr\/wp-json\/wp\/v2\/product\/11098","targetHints":{"allow":["GET"]}}],"collection":[{"href":"https:\/\/mailtoticket.com\/tr\/wp-json\/wp\/v2\/product"}],"about":[{"href":"https:\/\/mailtoticket.com\/tr\/wp-json\/wp\/v2\/types\/product"}],"replies":[{"embeddable":true,"href":"https:\/\/mailtoticket.com\/tr\/wp-json\/wp\/v2\/comments?post=11098"}],"version-history":[{"count":3,"href":"https:\/\/mailtoticket.com\/tr\/wp-json\/wp\/v2\/product\/11098\/revisions"}],"predecessor-version":[{"id":11658,"href":"https:\/\/mailtoticket.com\/tr\/wp-json\/wp\/v2\/product\/11098\/revisions\/11658"}],"wp:featuredmedia":[{"embeddable":true,"href":"https:\/\/mailtoticket.com\/tr\/wp-json\/wp\/v2\/media\/7129"}],"wp:attachment":[{"href":"https:\/\/mailtoticket.com\/tr\/wp-json\/wp\/v2\/media?parent=11098"}],"wp:term":[{"taxonomy":"product_brand","embeddable":true,"href":"https:\/\/mailtoticket.com\/tr\/wp-json\/wp\/v2\/product_brand?post=11098"},{"taxonomy":"product_cat","embeddable":true,"href":"https:\/\/mailtoticket.com\/tr\/wp-json\/wp\/v2\/product_cat?post=11098"},{"taxonomy":"product_tag","embeddable":true,"href":"https:\/\/mailtoticket.com\/tr\/wp-json\/wp\/v2\/product_tag?post=11098"}],"curies":[{"name":"wp","href":"https:\/\/api.w.org\/{rel}","templated":true}]}}