{"id":11109,"date":"2024-10-17T11:07:59","date_gmt":"2024-10-17T08:07:59","guid":{"rendered":"https:\/\/mailtoticket.com\/shop\/call-sched-ai\/"},"modified":"2024-10-23T15:46:13","modified_gmt":"2024-10-23T12:46:13","slug":"call-sched-ai","status":"publish","type":"product","link":"https:\/\/mailtoticket.com\/tr\/shop\/call-sched-ai\/","title":{"rendered":"Call Sched AI"},"content":{"rendered":"<p><strong>Yapay Zeka Destekli Giden \u00c7a\u011fr\u0131 Asistan\u0131 ile Verimli Sat\u0131\u015f ve Planlama<\/strong><\/p>\n<p><strong>CallSched AI<\/strong>, <strong>sigorta<\/strong>, <strong>emlak<\/strong> gibi sekt\u00f6rler i\u00e7in m\u00fckemmel olan geli\u015fmi\u015f yapay zeka destekli bir giden \u00e7a\u011fr\u0131 asistan\u0131d\u0131r. <strong>So\u011fuk aramalar<\/strong>, <strong>randevu planlama<\/strong>, <strong>sat\u0131\u015f onaylar\u0131<\/strong> ve takipleri otomatikle\u015ftirerek operasyonlar\u0131 kolayla\u015ft\u0131r\u0131r ve verimlili\u011fi art\u0131r\u0131r. <strong>CallSched AI<\/strong>, potansiyel m\u00fc\u015fterilere y\u00f6nelik giden \u00e7a\u011fr\u0131lar\u0131 etkin bir \u015fekilde y\u00f6netir, randevular\u0131 planlar ve takiplerin sorunsuz bir \u015fekilde yap\u0131lmas\u0131n\u0131 sa\u011flar.<\/p>\n","protected":false},"excerpt":{"rendered":"<p>**\ud83d\udcde CallSched AI**<br \/>\n**Yapay Zeka Destekli Giden \u00c7a\u011fr\u0131 Asistan\u0131 ile Verimli Sat\u0131\u015f ve Planlama**<\/p>\n<p>**CallSched AI**, **sigorta**, **emlak** gibi sekt\u00f6rler i\u00e7in m\u00fckemmel olan geli\u015fmi\u015f yapay zeka destekli bir giden \u00e7a\u011fr\u0131 asistan\u0131d\u0131r. **So\u011fuk aramalar**, **randevu planlama**, **sat\u0131\u015f onaylar\u0131** ve takipleri otomatikle\u015ftirerek operasyonlar\u0131 kolayla\u015ft\u0131r\u0131r ve verimlili\u011fi art\u0131r\u0131r. **CallSched AI**, potansiyel m\u00fc\u015fterilere y\u00f6nelik giden \u00e7a\u011fr\u0131lar\u0131 etkin bir \u015fekilde y\u00f6netir, randevular\u0131 planlar ve takiplerin sorunsuz bir \u015fekilde yap\u0131lmas\u0131n\u0131 sa\u011flar.<\/p>\n<p>### Temel \u00d6zellikler:<br \/>\n&#8211; **Otomatik So\u011fuk Aramalar \ud83d\udcde:** Potansiyel m\u00fc\u015fterilere yap\u0131lan so\u011fuk aramalar\u0131 yapay zeka destekli do\u011frulukla otomatikle\u015ftirerek zaman kazan\u0131n.<\/p>\n<p>&#8211; **Randevu Planlama \ud83d\uddd3\ufe0f:** Randevular\u0131 verimli bir \u015fekilde planlay\u0131n ve y\u00f6netin, hi\u00e7bir f\u0131rsat\u0131 ka\u00e7\u0131rmay\u0131n.<\/p>\n<p>&#8211; **Sat\u0131\u015f Onaylar\u0131 \ud83d\udecd\ufe0f:** Sat\u0131\u015f onaylar\u0131n\u0131 ve takip aramalar\u0131n\u0131 otomatikle\u015ftirerek anla\u015fmalar\u0131 daha h\u0131zl\u0131 kapat\u0131n.<\/p>\n<p>&#8211; **Verimlili\u011fi Art\u0131r\u0131n \u26a1:** Sigorta ve emlak gibi sekt\u00f6rler i\u00e7in outbound \u00e7a\u011fr\u0131lar\u0131 ve takipleri otomatikle\u015ftirerek operasyonel verimlili\u011fi art\u0131r\u0131n.<\/p>\n<p>### Fiyatland\u0131rma:<br \/>\n&#8211; **Kurulum \u00dccreti:** Ki\u015fiselle\u015ftirilmi\u015f kurulum ve entegrasyon i\u00e7in 199 USD tek seferlik \u00fccret.<\/p>\n<p>&#8211; **\u00c7a\u011fr\u0131 \u00dccreti:** \u00c7a\u011fr\u0131 maliyetleri \u00fclke, telefon numaras\u0131 ve \u00e7a\u011fr\u0131 s\u00fcresine g\u00f6re de\u011fi\u015fiklik g\u00f6sterir.<\/p>\n<p>### CallSched AI&#8217;\u0131 Deneyin:<br \/>\n&#8211; **Fiyat Teklifi Al\u0131n veya Toplant\u0131 Planlay\u0131n:** Lansmandan \u00f6nce outbound \u00e7a\u011fr\u0131 hizmetimizi deneyin ve **CallSched AI**&#8217;\u0131n outbound \u00e7a\u011fr\u0131lar\u0131n\u0131z\u0131 nas\u0131l d\u00f6n\u00fc\u015ft\u00fcrebilece\u011fini g\u00f6r\u00fcn.<br \/>\n&#8211; \u0130\u015fletmenize uygun **CallSched AI** \u00e7\u00f6z\u00fcm\u00fcn\u00fc nas\u0131l sunabilece\u011fimizi \u00f6\u011frenmek i\u00e7in ekibimizle bir toplant\u0131 planlay\u0131n!<\/p>\n<p>**CallSched AI**, outbound \u00e7a\u011fr\u0131lar\u0131n\u0131z\u0131 otomatikle\u015ftirmek, takipleri y\u00f6netmek ve genel i\u015f verimlili\u011finizi art\u0131rmak i\u00e7in ba\u015fvurman\u0131z gereken ideal \u00e7\u00f6z\u00fcmd\u00fcr.<\/p>\n<p>**Bug\u00fcn CallSched AI&#8217;\u0131 deneyin ve outbound \u00e7a\u011fr\u0131 s\u00fcre\u00e7lerinizi kolayla\u015ft\u0131r\u0131n!**<\/p>\n<p>&#8212;<\/p>\n<p>### \ud83d\udd17 **Kolay Entegrasyon**<br \/>\nConversaBridge, mevcut web siteniz veya m\u00fc\u015fteri hizmetleri platformunuzla minimum teknik \u00e7abayla entegre edilebilir. Bu sorunsuz entegrasyon, t\u00fcm dijital temas noktalar\u0131n\u0131zda tutarl\u0131 bir kullan\u0131c\u0131 deneyimi sa\u011flar.<\/p>\n<p>### \u2699\ufe0f **\u00d6zelle\u015ftirme ve \u00d6l\u00e7eklenebilirlik**<br \/>\nYapay zeka chatbotunuzu markan\u0131z\u0131n tonu ve ihtiya\u00e7lar\u0131na g\u00f6re \u00f6zelle\u015ftirin. ConversaBridge platformu, i\u015finizin b\u00fcy\u00fcyen taleplerine uyum sa\u011flar ve performanstan \u00f6d\u00fcn vermeden \u00f6l\u00e7eklendirmenize yard\u0131mc\u0131 olur.<\/p>\n<p>### \ud83d\udcca **Analitik ve \u0130\u00e7g\u00f6r\u00fcler**<br \/>\nM\u00fc\u015fteri etkile\u015fimleri hakk\u0131nda de\u011ferli bilgiler edinerek hizmetlerinizi geli\u015ftirin. Kapsaml\u0131 analizlerle m\u00fc\u015fteri ihtiya\u00e7lar\u0131n\u0131 daha iyi anlay\u0131n ve ger\u00e7ek verilere dayanarak s\u00fcrekli iyile\u015ftirme yap\u0131n.<\/p>\n<p>&#8212;<\/p>\n<p>### Yapay Zeka Veri Kullan\u0131m Bilgileri:<br \/>\nYapay zeka veri kullan\u0131m\u0131, yapay zeka chatbotunun \u00e7al\u0131\u015fmas\u0131 i\u00e7in gereken veri miktar\u0131n\u0131 ifade eder. **OpenAI (GPT modelleri)** ve **Anthropic (Claude modelleri)** gibi yapay zeka modelleri bir token&#8217;\u0131 yakla\u015f\u0131k 3-4 karakter olarak kabul eder. Chatbot sistemimizde yapay zeka veri kullan\u0131m\u0131, \u00f6zelliklere g\u00f6re de\u011fi\u015fir. Her hesap, ayl\u0131k 1 milyon veri kullan\u0131m hakk\u0131na sahiptir. Bu limit a\u015f\u0131ld\u0131\u011f\u0131nda sistem otomatik olarak durur. Ek veri kullan\u0131m haklar\u0131n\u0131 ayl\u0131k **15 USD** kar\u015f\u0131l\u0131\u011f\u0131nda sat\u0131n alabilirsiniz. Bu \u00fccret, yapay zeka chatbotunun veri i\u015fleme kapasitesini art\u0131rmak ve daha fazla veri kullan\u0131m\u0131na olanak sa\u011flamak i\u00e7in kullan\u0131l\u0131r.<\/p>\n<table style=\"width: 100%; border-collapse: collapse;\">\n<thead>\n<tr style=\"background-color: #f2f2f2;\">\n<th style=\"border: 1px solid #ddd; padding: 8px;\"><span style=\"font-weight: 400;\">Provider<\/span><\/th>\n<th style=\"border: 1px solid #ddd; padding: 8px;\"><span style=\"font-weight: 400;\">Model<\/span><\/th>\n<th style=\"border: 1px solid #ddd; padding: 8px;\"><span style=\"font-weight: 400;\">Input Tokens (Credits\/1000)<\/span><\/th>\n<th style=\"border: 1px solid #ddd; padding: 8px;\"><span style=\"font-weight: 400;\">Output Tokens (Credits\/1000)<\/span><\/th>\n<\/tr>\n<\/thead>\n<tbody>\n<tr>\n<td style=\"border: 1px solid #ddd; padding: 8px;\">GPT-4o &#8211; OpenAI<\/td>\n<td style=\"border: 1px solid #ddd; padding: 8px;\">gpt-4o<\/td>\n<td style=\"border: 1px solid #ddd; padding: 8px;\">10 Credits<\/td>\n<td style=\"border: 1px solid #ddd; padding: 8px;\">35 Credits<\/td>\n<\/tr>\n<tr>\n<td style=\"border: 1px solid #ddd; padding: 8px;\">GPT-4o Mini &#8211; OpenAI<\/td>\n<td style=\"border: 1px solid #ddd; padding: 8px;\">gpt-4o-mini<\/td>\n<td style=\"border: 1px solid #ddd; padding: 8px;\">1 Credit<\/td>\n<td style=\"border: 1px solid #ddd; padding: 8px;\">1 Credit<\/td>\n<\/tr>\n<tr>\n<td style=\"border: 1px solid #ddd; padding: 8px;\">Finetuned 4o-mini UIEngine &#8211; EXPERIMENTAL<\/td>\n<td style=\"border: 1px solid #ddd; padding: 8px;\">ft:gpt-4o-mini-2024-07-18<\/td>\n<td style=\"border: 1px solid #ddd; padding: 8px;\">1 Credit<\/td>\n<td style=\"border: 1px solid #ddd; padding: 8px;\">1 Credit<\/td>\n<\/tr>\n<tr>\n<td style=\"border: 1px solid #ddd; padding: 8px;\">GPT-4 32k Turbo &#8211; OpenAI<\/td>\n<td style=\"border: 1px solid #ddd; padding: 8px;\">gpt-4-32k<\/td>\n<td style=\"border: 1px solid #ddd; padding: 8px;\">90 Credits<\/td>\n<td style=\"border: 1px solid #ddd; padding: 8px;\">190 Credits<\/td>\n<\/tr>\n<tr>\n<td style=\"border: 1px solid #ddd; padding: 8px;\">GPT-4 Turbo &#8211; OpenAI<\/td>\n<td style=\"border: 1px solid #ddd; padding: 8px;\">gpt-4<\/td>\n<td style=\"border: 1px solid #ddd; padding: 8px;\">45 Credits<\/td>\n<td style=\"border: 1px solid #ddd; padding: 8px;\">25 Credits<\/td>\n<\/tr>\n<tr>\n<td style=\"border: 1px solid #ddd; padding: 8px;\">GPT-3.5 Turbo 16k &#8211; OpenAI<\/td>\n<td style=\"border: 1px solid #ddd; padding: 8px;\">gpt-3.5-turbo-16k<\/td>\n<td style=\"border: 1px solid #ddd; padding: 8px;\">6 Credits<\/td>\n<td style=\"border: 1px solid #ddd; padding: 8px;\">8 Credits<\/td>\n<\/tr>\n<tr>\n<td style=\"border: 1px solid #ddd; padding: 8px;\">GPT-3.5 Turbo &#8211; OpenAI<\/td>\n<td style=\"border: 1px solid #ddd; padding: 8px;\">gpt-3.5-turbo<\/td>\n<td style=\"border: 1px solid #ddd; padding: 8px;\">2 Credits<\/td>\n<td style=\"border: 1px solid #ddd; padding: 8px;\">4 Credits<\/td>\n<\/tr>\n<tr>\n<td style=\"border: 1px solid #ddd; padding: 8px;\">Claude 3.5 Sonnet &#8211; Anthropic<\/td>\n<td style=\"border: 1px solid #ddd; padding: 8px;\">claude-3-5-sonnet-20240620<\/td>\n<td style=\"border: 1px solid #ddd; padding: 8px;\">10 Credits<\/td>\n<td style=\"border: 1px solid #ddd; padding: 8px;\">35 Credits<\/td>\n<\/tr>\n<tr>\n<td style=\"border: 1px solid #ddd; padding: 8px;\">Claude 3 Opus &#8211; Anthropic<\/td>\n<td style=\"border: 1px solid #ddd; padding: 8px;\">claude-3-opus-20240229<\/td>\n<td style=\"border: 1px solid #ddd; padding: 8px;\">30 Credits<\/td>\n<td style=\"border: 1px solid #ddd; padding: 8px;\">90 Credits<\/td>\n<\/tr>\n<tr>\n<td style=\"border: 1px solid #ddd; padding: 8px;\">Claude 3 Sonnet &#8211; Anthropic<\/td>\n<td style=\"border: 1px solid #ddd; padding: 8px;\">claude-3-sonnet-20240229<\/td>\n<td style=\"border: 1px solid #ddd; padding: 8px;\">12 Credits<\/td>\n<td style=\"border: 1px solid #ddd; padding: 8px;\">30 Credits<\/td>\n<\/tr>\n<tr>\n<td style=\"border: 1px solid #ddd; padding: 8px;\">Claude 3 Haiku &#8211; Anthropic<\/td>\n<td style=\"border: 1px solid #ddd; padding: 8px;\">claude-3-haiku-20240307<\/td>\n<td style=\"border: 1px solid #ddd; padding: 8px;\">1 Credit<\/td>\n<td style=\"border: 1px solid #ddd; padding: 8px;\">2 Credits<\/td>\n<\/tr>\n<tr>\n<td style=\"border: 1px solid #ddd; padding: 8px;\">Gemini 1.5 Pro &#8211; Google<\/td>\n<td style=\"border: 1px solid #ddd; padding: 8px;\">gemini-1.5-pro<\/td>\n<td style=\"border: 1px solid #ddd; padding: 8px;\">8 Credits<\/td>\n<td style=\"border: 1px solid #ddd; padding: 8px;\">12 Credits<\/td>\n<\/tr>\n<tr>\n<td style=\"border: 1px solid #ddd; padding: 8px;\">Gemini 1.5 Flash &#8211; Google<\/td>\n<td style=\"border: 1px solid #ddd; padding: 8px;\">gemini-1.5-flash<\/td>\n<td style=\"border: 1px solid #ddd; padding: 8px;\">1 Credit<\/td>\n<td style=\"border: 1px solid #ddd; padding: 8px;\">1 Credit<\/td>\n<\/tr>\n<tr>\n<td style=\"border: 1px solid #ddd; padding: 8px;\">Gemini 1.0 Pro &#8211; Google<\/td>\n<td style=\"border: 1px solid #ddd; padding: 8px;\">gemini-1.0-pro<\/td>\n<td style=\"border: 1px solid #ddd; padding: 8px;\">1 Credit<\/td>\n<td style=\"border: 1px solid #ddd; padding: 8px;\">1 Credit<\/td>\n<\/tr>\n<tr>\n<td style=\"border: 1px solid #ddd; padding: 8px;\">LLaMA3.2 90b &#8211; Groq<\/td>\n<td style=\"border: 1px solid #ddd; padding: 8px;\">llama-3.2-90b-text-preview<\/td>\n<td style=\"border: 1px solid #ddd; padding: 8px;\">2 Credits<\/td>\n<td style=\"border: 1px solid #ddd; padding: 8px;\">5 Credits<\/td>\n<\/tr>\n<tr>\n<td style=\"border: 1px solid #ddd; padding: 8px;\">LLaMA3.2 11b &#8211; Groq<\/td>\n<td style=\"border: 1px solid #ddd; padding: 8px;\">llama-3.2-11b-text-preview<\/td>\n<td style=\"border: 1px solid #ddd; padding: 8px;\">1 Credit<\/td>\n<td style=\"border: 1px solid #ddd; padding: 8px;\">1 Credit<\/td>\n<\/tr>\n<\/tbody>\n<\/table>\n","protected":false},"featured_media":7360,"comment_status":"open","ping_status":"closed","template":"","meta":{"om_disable_all_campaigns":false,"_monsterinsights_skip_tracking":false,"_monsterinsights_sitenote_active":false,"_monsterinsights_sitenote_note":"","_monsterinsights_sitenote_category":0},"product_brand":[],"product_cat":[270,271,180],"product_tag":[],"class_list":{"0":"post-11109","1":"product","2":"type-product","3":"status-publish","4":"has-post-thumbnail","6":"product_cat-ai-chat-bot-tr","7":"product_cat-ai-voice-tr","8":"product_cat-cms-tr","9":"entry","10":"has-media","13":"first","14":"instock","15":"sale","16":"virtual","17":"taxable","18":"purchasable","19":"product-type-simple","20":"has-product-nav","21":"col","22":"span_1_of_3","23":"owp-content-center","24":"owp-thumbs-layout-horizontal","25":"owp-btn-normal","26":"owp-tabs-layout-horizontal","27":"has-no-thumbnails"},"aioseo_notices":[],"_links":{"self":[{"href":"https:\/\/mailtoticket.com\/tr\/wp-json\/wp\/v2\/product\/11109","targetHints":{"allow":["GET"]}}],"collection":[{"href":"https:\/\/mailtoticket.com\/tr\/wp-json\/wp\/v2\/product"}],"about":[{"href":"https:\/\/mailtoticket.com\/tr\/wp-json\/wp\/v2\/types\/product"}],"replies":[{"embeddable":true,"href":"https:\/\/mailtoticket.com\/tr\/wp-json\/wp\/v2\/comments?post=11109"}],"version-history":[{"count":3,"href":"https:\/\/mailtoticket.com\/tr\/wp-json\/wp\/v2\/product\/11109\/revisions"}],"predecessor-version":[{"id":11666,"href":"https:\/\/mailtoticket.com\/tr\/wp-json\/wp\/v2\/product\/11109\/revisions\/11666"}],"wp:featuredmedia":[{"embeddable":true,"href":"https:\/\/mailtoticket.com\/tr\/wp-json\/wp\/v2\/media\/7360"}],"wp:attachment":[{"href":"https:\/\/mailtoticket.com\/tr\/wp-json\/wp\/v2\/media?parent=11109"}],"wp:term":[{"taxonomy":"product_brand","embeddable":true,"href":"https:\/\/mailtoticket.com\/tr\/wp-json\/wp\/v2\/product_brand?post=11109"},{"taxonomy":"product_cat","embeddable":true,"href":"https:\/\/mailtoticket.com\/tr\/wp-json\/wp\/v2\/product_cat?post=11109"},{"taxonomy":"product_tag","embeddable":true,"href":"https:\/\/mailtoticket.com\/tr\/wp-json\/wp\/v2\/product_tag?post=11109"}],"curies":[{"name":"wp","href":"https:\/\/api.w.org\/{rel}","templated":true}]}}