{"id":11120,"date":"2024-10-17T12:05:57","date_gmt":"2024-10-17T09:05:57","guid":{"rendered":"https:\/\/mailtoticket.com\/shop\/nexus-voice-ai\/"},"modified":"2024-10-23T15:49:33","modified_gmt":"2024-10-23T12:49:33","slug":"nexus-voice-ai","status":"publish","type":"product","link":"https:\/\/mailtoticket.com\/tr\/shop\/nexus-voice-ai\/","title":{"rendered":"\ud83d\udcbcNexus Voice AI"},"content":{"rendered":"<p><strong>Geli\u015fmi\u015f Sohbet ve Sesli Yapay Zeka ile Kusursuz Kurumsal Entegrasyon<\/strong><\/p>\n<p><strong>NexusVoice AI<\/strong>, b\u00fcy\u00fck \u00f6l\u00e7ekli kurumsal veritabanlar\u0131 ve uygulamalar\u0131yla sorunsuz bir \u015fekilde entegre olmak i\u00e7in tasarlanm\u0131\u015f ileri d\u00fczey sohbet ve sesli yapay zeka \u00e7\u00f6z\u00fcm\u00fcd\u00fcr. <strong>SAP<\/strong>, <strong>Oracle<\/strong>, <strong>Salesforce<\/strong>, <strong>Microsoft Dynamics<\/strong>, <strong>Workday<\/strong> ve daha bir\u00e7ok b\u00fcy\u00fck kurumsal yaz\u0131l\u0131m sistemiyle uyumlu \u00e7al\u0131\u015farak, kurumsal ileti\u015fim ve m\u00fc\u015fteri hizmeti operasyonlar\u0131n\u0131 optimize etmek i\u00e7in kapsaml\u0131 bir ara\u00e7 sa\u011flar.<\/p>\n","protected":false},"excerpt":{"rendered":"<p>**\ud83d\udcbc NexusVoice AI**<br \/>\n**Geli\u015fmi\u015f Sohbet ve Sesli Yapay Zeka ile Kusursuz Kurumsal Entegrasyon**<\/p>\n<p>**NexusVoice AI**, b\u00fcy\u00fck \u00f6l\u00e7ekli kurumsal veritabanlar\u0131 ve uygulamalar\u0131yla sorunsuz bir \u015fekilde entegre olmak i\u00e7in tasarlanm\u0131\u015f ileri d\u00fczey sohbet ve sesli yapay zeka \u00e7\u00f6z\u00fcm\u00fcd\u00fcr. **SAP**, **Oracle**, **Salesforce**, **Microsoft Dynamics**, **Workday** ve daha bir\u00e7ok b\u00fcy\u00fck kurumsal yaz\u0131l\u0131m sistemiyle uyumlu \u00e7al\u0131\u015farak, kurumsal ileti\u015fim ve m\u00fc\u015fteri hizmeti operasyonlar\u0131n\u0131 optimize etmek i\u00e7in kapsaml\u0131 bir ara\u00e7 sa\u011flar.<\/p>\n<p>### Temel \u00d6zellikler:<br \/>\n&#8211; **Kurumsal Entegrasyon \ud83d\udd17:** **SAP**, **Oracle**, **Salesforce** ve **Microsoft Dynamics** gibi mevcut sistemlerinizle sorunsuz entegrasyon sa\u011flar.<\/p>\n<p>&#8211; **Geli\u015fmi\u015f M\u00fc\u015fteri Hizmetleri \ud83d\ude80:** Ger\u00e7ek zamanl\u0131 destek ile m\u00fc\u015fteri etkile\u015fimlerini y\u00f6netin, ki\u015fiselle\u015ftirilmi\u015f hizmetler sunarak m\u00fc\u015fteri memnuniyetini art\u0131r\u0131n.<\/p>\n<p>&#8211; **Veri Analiti\u011fi \ud83d\udcca:** M\u00fc\u015fteri ileti\u015fim verimlili\u011fini izlemek ve iyile\u015ftirmek i\u00e7in yerle\u015fik veri analiti\u011fi ile de\u011ferli i\u00e7g\u00f6r\u00fcler elde edin.<\/p>\n<p>&#8211; **Optimize Edilmi\u015f Kurumsal \u0130leti\u015fim \ud83d\udde3\ufe0f:** Departmanlar aras\u0131nda ileti\u015fimi kolayla\u015ft\u0131rarak i\u015f ak\u0131\u015flar\u0131n\u0131 iyile\u015ftirin ve operasyonel verimlili\u011fi art\u0131r\u0131n.<\/p>\n<p>### \u00d6zel Projeler ve Fiyatland\u0131rma:<br \/>\n&#8211; **\u00d6zel Kurulum 399 USD&#8217;den Ba\u015flar:** Proje kurulumu, gereksinimlere ba\u011fl\u0131 olarak \u00f6zelle\u015ftirme seviyesine g\u00f6re de\u011fi\u015fir.<\/p>\n<p>&#8211; **T\u00fcm API&#8217;leri Ba\u011flay\u0131n:** Kurumsal API&#8217;lerinizle sorunsuz bir entegrasyon sa\u011flayarak tamamen \u00f6zelle\u015ftirilmi\u015f bir \u00e7\u00f6z\u00fcm olu\u015fturun.<\/p>\n<p>### Teklif Al\u0131n:<br \/>\nSipari\u015f vermeden \u00f6nce, i\u015fletmenizin \u00f6zel ihtiya\u00e7lar\u0131na ve \u00f6zelle\u015ftirmelere uygun bir teklif al\u0131n.<\/p>\n<p>**NexusVoice AI**, m\u00fc\u015fteri ileti\u015fimini iyile\u015ftirmek ve hizmet operasyonlar\u0131n\u0131 optimize etmek isteyen b\u00fcy\u00fck i\u015fletmeler i\u00e7in tasarlanm\u0131\u015ft\u0131r. Mevcut kurumsal yaz\u0131l\u0131mlar\u0131n\u0131za entegre edilen **NexusVoice AI**, m\u00fc\u015fterilerinize daha verimli, ki\u015fiselle\u015ftirilmi\u015f ve etkili bir hizmet sunman\u0131za yard\u0131mc\u0131 olur.<\/p>\n<p>**Bug\u00fcn NexusVoice AI ile ba\u015flay\u0131n ve kurumsal ileti\u015fiminizi bir \u00fcst seviyeye ta\u015f\u0131y\u0131n!**<\/p>\n<p>&#8212;<\/p>\n<p>### \ud83c\udd93 **14 G\u00fcn \u00dccretsiz Deneme**<br \/>\nConversaBridge&#8217;in t\u00fcm \u00f6zelliklerini 14 g\u00fcn boyunca taahh\u00fcts\u00fcz olarak deneyimleyin. Bu s\u00fcre zarf\u0131nda yapay zeka chatbotu ve insan destek entegrasyonunun m\u00fc\u015fteri etkile\u015fimlerinizi nas\u0131l d\u00f6n\u00fc\u015ft\u00fcrd\u00fc\u011f\u00fcn\u00fc ke\u015ffedin.<\/p>\n<p>### \ud83d\udd17 **Kolay Entegrasyon**<br \/>\nConversaBridge, mevcut web siteniz veya m\u00fc\u015fteri hizmetleri platformunuzla minimum teknik \u00e7abayla entegre edilebilir. Bu sorunsuz entegrasyon, t\u00fcm dijital temas noktalar\u0131n\u0131zda tutarl\u0131 bir kullan\u0131c\u0131 deneyimi sa\u011flar.<\/p>\n<p>### \u2699\ufe0f **\u00d6zelle\u015ftirme ve \u00d6l\u00e7eklenebilirlik**<br \/>\nYapay zeka chatbotunuzu markan\u0131z\u0131n tonu ve ihtiya\u00e7lar\u0131na g\u00f6re \u00f6zelle\u015ftirin. ConversaBridge platformu, i\u015finizin b\u00fcy\u00fcyen taleplerine uyum sa\u011flar ve performanstan \u00f6d\u00fcn vermeden \u00f6l\u00e7eklendirmenize yard\u0131mc\u0131 olur.<\/p>\n<p>### \ud83d\udcca **Analitik ve \u0130\u00e7g\u00f6r\u00fcler**<br \/>\nM\u00fc\u015fteri etkile\u015fimleri hakk\u0131nda de\u011ferli bilgiler edinerek hizmetlerinizi geli\u015ftirin. Kapsaml\u0131 analizlerle m\u00fc\u015fteri ihtiya\u00e7lar\u0131n\u0131 daha iyi anlay\u0131n ve ger\u00e7ek verilere dayanarak s\u00fcrekli iyile\u015ftirme yap\u0131n.<\/p>\n<p>&#8212;<\/p>\n<p>### Yapay Zeka Veri Kullan\u0131m Bilgileri:<br \/>\nYapay zeka veri kullan\u0131m\u0131, yapay zeka chatbotunun \u00e7al\u0131\u015fmas\u0131 i\u00e7in gereken veri miktar\u0131n\u0131 ifade eder. **OpenAI (GPT modelleri)** ve **Anthropic (Claude modelleri)** gibi yapay zeka modelleri bir token&#8217;\u0131 yakla\u015f\u0131k 3-4 karakter olarak kabul eder. Chatbot sistemimizde yapay zeka veri kullan\u0131m\u0131, \u00f6zelliklere g\u00f6re de\u011fi\u015fir. Her hesap, ayl\u0131k 1 milyon veri kullan\u0131m hakk\u0131na sahiptir. Bu limit a\u015f\u0131ld\u0131\u011f\u0131nda sistem otomatik olarak durur. Ek veri kullan\u0131m haklar\u0131n\u0131 ayl\u0131k **15 USD** kar\u015f\u0131l\u0131\u011f\u0131nda sat\u0131n alabilirsiniz. Bu \u00fccret, yapay zeka chatbotunun veri i\u015fleme kapasitesini art\u0131rmak ve daha fazla veri kullan\u0131m\u0131na olanak sa\u011flamak i\u00e7in kullan\u0131l\u0131r.<\/p>\n<table style=\"width: 100%; border-collapse: collapse;\">\n<thead>\n<tr style=\"background-color: #f2f2f2;\">\n<th style=\"border: 1px solid #ddd; padding: 8px;\"><span style=\"font-weight: 400;\">Provider<\/span><\/th>\n<th style=\"border: 1px solid #ddd; padding: 8px;\"><span style=\"font-weight: 400;\">Model<\/span><\/th>\n<th style=\"border: 1px solid #ddd; padding: 8px;\"><span style=\"font-weight: 400;\">Input Tokens (Credits\/1000)<\/span><\/th>\n<th style=\"border: 1px solid #ddd; padding: 8px;\"><span style=\"font-weight: 400;\">Output Tokens (Credits\/1000)<\/span><\/th>\n<\/tr>\n<\/thead>\n<tbody>\n<tr>\n<td style=\"border: 1px solid #ddd; padding: 8px;\">GPT-4o &#8211; OpenAI<\/td>\n<td style=\"border: 1px solid #ddd; padding: 8px;\">gpt-4o<\/td>\n<td style=\"border: 1px solid #ddd; padding: 8px;\">10 Credits<\/td>\n<td style=\"border: 1px solid #ddd; padding: 8px;\">35 Credits<\/td>\n<\/tr>\n<tr>\n<td style=\"border: 1px solid #ddd; padding: 8px;\">GPT-4o Mini &#8211; OpenAI<\/td>\n<td style=\"border: 1px solid #ddd; padding: 8px;\">gpt-4o-mini<\/td>\n<td style=\"border: 1px solid #ddd; padding: 8px;\">1 Credit<\/td>\n<td style=\"border: 1px solid #ddd; padding: 8px;\">1 Credit<\/td>\n<\/tr>\n<tr>\n<td style=\"border: 1px solid #ddd; padding: 8px;\">Finetuned 4o-mini UIEngine &#8211; EXPERIMENTAL<\/td>\n<td style=\"border: 1px solid #ddd; padding: 8px;\">ft:gpt-4o-mini-2024-07-18<\/td>\n<td style=\"border: 1px solid #ddd; padding: 8px;\">1 Credit<\/td>\n<td style=\"border: 1px solid #ddd; padding: 8px;\">1 Credit<\/td>\n<\/tr>\n<tr>\n<td style=\"border: 1px solid #ddd; padding: 8px;\">GPT-4 32k Turbo &#8211; OpenAI<\/td>\n<td style=\"border: 1px solid #ddd; padding: 8px;\">gpt-4-32k<\/td>\n<td style=\"border: 1px solid #ddd; padding: 8px;\">90 Credits<\/td>\n<td style=\"border: 1px solid #ddd; padding: 8px;\">190 Credits<\/td>\n<\/tr>\n<tr>\n<td style=\"border: 1px solid #ddd; padding: 8px;\">GPT-4 Turbo &#8211; OpenAI<\/td>\n<td style=\"border: 1px solid #ddd; padding: 8px;\">gpt-4<\/td>\n<td style=\"border: 1px solid #ddd; padding: 8px;\">45 Credits<\/td>\n<td style=\"border: 1px solid #ddd; padding: 8px;\">25 Credits<\/td>\n<\/tr>\n<tr>\n<td style=\"border: 1px solid #ddd; padding: 8px;\">GPT-3.5 Turbo 16k &#8211; OpenAI<\/td>\n<td style=\"border: 1px solid #ddd; padding: 8px;\">gpt-3.5-turbo-16k<\/td>\n<td style=\"border: 1px solid #ddd; padding: 8px;\">6 Credits<\/td>\n<td style=\"border: 1px solid #ddd; padding: 8px;\">8 Credits<\/td>\n<\/tr>\n<tr>\n<td style=\"border: 1px solid #ddd; padding: 8px;\">GPT-3.5 Turbo &#8211; OpenAI<\/td>\n<td style=\"border: 1px solid #ddd; padding: 8px;\">gpt-3.5-turbo<\/td>\n<td style=\"border: 1px solid #ddd; padding: 8px;\">2 Credits<\/td>\n<td style=\"border: 1px solid #ddd; padding: 8px;\">4 Credits<\/td>\n<\/tr>\n<tr>\n<td style=\"border: 1px solid #ddd; padding: 8px;\">Claude 3.5 Sonnet &#8211; Anthropic<\/td>\n<td style=\"border: 1px solid #ddd; padding: 8px;\">claude-3-5-sonnet-20240620<\/td>\n<td style=\"border: 1px solid #ddd; padding: 8px;\">10 Credits<\/td>\n<td style=\"border: 1px solid #ddd; padding: 8px;\">35 Credits<\/td>\n<\/tr>\n<tr>\n<td style=\"border: 1px solid #ddd; padding: 8px;\">Claude 3 Opus &#8211; Anthropic<\/td>\n<td style=\"border: 1px solid #ddd; padding: 8px;\">claude-3-opus-20240229<\/td>\n<td style=\"border: 1px solid #ddd; padding: 8px;\">30 Credits<\/td>\n<td style=\"border: 1px solid #ddd; padding: 8px;\">90 Credits<\/td>\n<\/tr>\n<tr>\n<td style=\"border: 1px solid #ddd; padding: 8px;\">Claude 3 Sonnet &#8211; Anthropic<\/td>\n<td style=\"border: 1px solid #ddd; padding: 8px;\">claude-3-sonnet-20240229<\/td>\n<td style=\"border: 1px solid #ddd; padding: 8px;\">12 Credits<\/td>\n<td style=\"border: 1px solid #ddd; padding: 8px;\">30 Credits<\/td>\n<\/tr>\n<tr>\n<td style=\"border: 1px solid #ddd; padding: 8px;\">Claude 3 Haiku &#8211; Anthropic<\/td>\n<td style=\"border: 1px solid #ddd; padding: 8px;\">claude-3-haiku-20240307<\/td>\n<td style=\"border: 1px solid #ddd; padding: 8px;\">1 Credit<\/td>\n<td style=\"border: 1px solid #ddd; padding: 8px;\">2 Credits<\/td>\n<\/tr>\n<tr>\n<td style=\"border: 1px solid #ddd; padding: 8px;\">Gemini 1.5 Pro &#8211; Google<\/td>\n<td style=\"border: 1px solid #ddd; padding: 8px;\">gemini-1.5-pro<\/td>\n<td style=\"border: 1px solid #ddd; padding: 8px;\">8 Credits<\/td>\n<td style=\"border: 1px solid #ddd; padding: 8px;\">12 Credits<\/td>\n<\/tr>\n<tr>\n<td style=\"border: 1px solid #ddd; padding: 8px;\">Gemini 1.5 Flash &#8211; Google<\/td>\n<td style=\"border: 1px solid #ddd; padding: 8px;\">gemini-1.5-flash<\/td>\n<td style=\"border: 1px solid #ddd; padding: 8px;\">1 Credit<\/td>\n<td style=\"border: 1px solid #ddd; padding: 8px;\">1 Credit<\/td>\n<\/tr>\n<tr>\n<td style=\"border: 1px solid #ddd; padding: 8px;\">Gemini 1.0 Pro &#8211; Google<\/td>\n<td style=\"border: 1px solid #ddd; padding: 8px;\">gemini-1.0-pro<\/td>\n<td style=\"border: 1px solid #ddd; padding: 8px;\">1 Credit<\/td>\n<td style=\"border: 1px solid #ddd; padding: 8px;\">1 Credit<\/td>\n<\/tr>\n<tr>\n<td style=\"border: 1px solid #ddd; padding: 8px;\">LLaMA3.2 90b &#8211; Groq<\/td>\n<td style=\"border: 1px solid #ddd; padding: 8px;\">llama-3.2-90b-text-preview<\/td>\n<td style=\"border: 1px solid #ddd; padding: 8px;\">2 Credits<\/td>\n<td style=\"border: 1px solid #ddd; padding: 8px;\">5 Credits<\/td>\n<\/tr>\n<tr>\n<td style=\"border: 1px solid #ddd; padding: 8px;\">LLaMA3.2 11b &#8211; Groq<\/td>\n<td style=\"border: 1px solid #ddd; padding: 8px;\">llama-3.2-11b-text-preview<\/td>\n<td style=\"border: 1px solid #ddd; padding: 8px;\">1 Credit<\/td>\n<td style=\"border: 1px solid #ddd; padding: 8px;\">1 Credit<\/td>\n<\/tr>\n<\/tbody>\n<\/table>\n","protected":false},"featured_media":7380,"comment_status":"open","ping_status":"closed","template":"","meta":{"om_disable_all_campaigns":false,"_monsterinsights_skip_tracking":false,"_monsterinsights_sitenote_active":false,"_monsterinsights_sitenote_note":"","_monsterinsights_sitenote_category":0},"product_brand":[],"product_cat":[270,271,180],"product_tag":[],"class_list":{"0":"post-11120","1":"product","2":"type-product","3":"status-publish","4":"has-post-thumbnail","6":"product_cat-ai-chat-bot-tr","7":"product_cat-ai-voice-tr","8":"product_cat-cms-tr","9":"entry","10":"has-media","13":"first","14":"instock","15":"sale","16":"virtual","17":"taxable","18":"purchasable","19":"product-type-simple","20":"has-product-nav","21":"col","22":"span_1_of_3","23":"owp-content-center","24":"owp-thumbs-layout-horizontal","25":"owp-btn-normal","26":"owp-tabs-layout-horizontal","27":"has-no-thumbnails"},"aioseo_notices":[],"_links":{"self":[{"href":"https:\/\/mailtoticket.com\/tr\/wp-json\/wp\/v2\/product\/11120","targetHints":{"allow":["GET"]}}],"collection":[{"href":"https:\/\/mailtoticket.com\/tr\/wp-json\/wp\/v2\/product"}],"about":[{"href":"https:\/\/mailtoticket.com\/tr\/wp-json\/wp\/v2\/types\/product"}],"replies":[{"embeddable":true,"href":"https:\/\/mailtoticket.com\/tr\/wp-json\/wp\/v2\/comments?post=11120"}],"version-history":[{"count":3,"href":"https:\/\/mailtoticket.com\/tr\/wp-json\/wp\/v2\/product\/11120\/revisions"}],"predecessor-version":[{"id":11670,"href":"https:\/\/mailtoticket.com\/tr\/wp-json\/wp\/v2\/product\/11120\/revisions\/11670"}],"wp:featuredmedia":[{"embeddable":true,"href":"https:\/\/mailtoticket.com\/tr\/wp-json\/wp\/v2\/media\/7380"}],"wp:attachment":[{"href":"https:\/\/mailtoticket.com\/tr\/wp-json\/wp\/v2\/media?parent=11120"}],"wp:term":[{"taxonomy":"product_brand","embeddable":true,"href":"https:\/\/mailtoticket.com\/tr\/wp-json\/wp\/v2\/product_brand?post=11120"},{"taxonomy":"product_cat","embeddable":true,"href":"https:\/\/mailtoticket.com\/tr\/wp-json\/wp\/v2\/product_cat?post=11120"},{"taxonomy":"product_tag","embeddable":true,"href":"https:\/\/mailtoticket.com\/tr\/wp-json\/wp\/v2\/product_tag?post=11120"}],"curies":[{"name":"wp","href":"https:\/\/api.w.org\/{rel}","templated":true}]}}