{"id":11131,"date":"2024-10-17T12:23:16","date_gmt":"2024-10-17T09:23:16","guid":{"rendered":"https:\/\/mailtoticket.com\/shop\/fb-messenger-ai\/"},"modified":"2024-11-02T12:33:56","modified_gmt":"2024-11-02T09:33:56","slug":"fb-messenger-ai","status":"publish","type":"product","link":"https:\/\/mailtoticket.com\/tr\/shop\/fb-messenger-ai\/","title":{"rendered":"FB Messenger AI"},"content":{"rendered":"<div class=\"elementor-element elementor-element-25b80f8 elementor-widget elementor-widget-apper_heading\" data-id=\"25b80f8\" data-element_type=\"widget\" data-widget_type=\"apper_heading.default\">\n<div class=\"elementor-widget-container\">\n<div class=\"acm-heading no-line content-left-align\">\n<div class=\"acm_heading-desc\">\n<p><strong>M\u00fc\u015fterileriniz Facebook Messenger&#8217;da \u2014 Yapay Zeka ile Verimli Bir \u015eekilde Y\u00f6netin!<\/strong><\/p>\n<p><strong>FB Messenger AI<\/strong>, <strong>Facebook Messenger<\/strong> \u00fczerindeki m\u00fc\u015fteri etkile\u015fimlerini otomatikle\u015ftiren g\u00fc\u00e7l\u00fc bir chatbot \u00e7\u00f6z\u00fcm\u00fcd\u00fcr. M\u00fc\u015fterilerinizi memnun ederken size i\u015finizin di\u011fer alanlar\u0131na odaklanma f\u0131rsat\u0131 sunar.<\/p>\n<\/div>\n<\/div>\n<\/div>\n<\/div>\n","protected":false},"excerpt":{"rendered":"<p>**\ud83d\udcac FB Messenger AI**<br \/>\n**M\u00fc\u015fterileriniz Facebook Messenger&#8217;da \u2014 Yapay Zeka ile Verimli Bir \u015eekilde Y\u00f6netin!**<\/p>\n<p>**FB Messenger AI**, **Facebook Messenger** \u00fczerindeki m\u00fc\u015fteri etkile\u015fimlerini otomatikle\u015ftiren g\u00fc\u00e7l\u00fc bir chatbot \u00e7\u00f6z\u00fcm\u00fcd\u00fcr. M\u00fc\u015fterilerinizi memnun ederken size i\u015finizin di\u011fer alanlar\u0131na odaklanma f\u0131rsat\u0131 sunar.<\/p>\n<p>### Ana Faydalar:<br \/>\n&#8211; **M\u00fc\u015fteri Etkile\u015fimlerini Otomatikle\u015ftirin \ud83e\udd16:** Yapay zeka chatbotu m\u00fc\u015fteri sorular\u0131n\u0131 yan\u0131tlas\u0131n, siz ise i\u015finizi b\u00fcy\u00fctmeye odaklan\u0131n.<\/p>\n<p>&#8211; **Facebook Reklamlar\u0131n\u0131z\u0131 G\u00fc\u00e7lendirin \ud83d\udca5:** **AssistFlow**&#8217;u Facebook Reklamlar\u0131n\u0131zla birle\u015ftirerek edinim maliyetlerini **9 kata kadar** azalt\u0131n. **Click-to-Messenger Reklamlar\u0131** ile potansiyel m\u00fc\u015fterileri do\u011frudan Messenger&#8217;a y\u00f6nlendirin; burada yapay zeka botu potansiyel m\u00fc\u015fterileri de\u011ferlendirir, \u00f6demeleri kabul eder ve konu\u015fmay\u0131 devam ettirir.<\/p>\n<p>### FB Messenger AI Kullanman\u0131n 3 Yolu:<br \/>\n1. **Web Siteniz ile Entegre \ud83c\udf10:** Web sitenizdeki chatbot ve canl\u0131 destek sistemini ayn\u0131 \u015fekilde kullan\u0131n. Yapay zeka botu t\u00fcm Facebook mesajlar\u0131n\u0131 yan\u0131tlar, gerekti\u011finde m\u00fc\u015fterileri canl\u0131 deste\u011fe ba\u011flar ve destek talepleri olu\u015fturur. T\u00fcm bunlar\u0131 tek bir y\u00f6netim panelinden y\u00f6netin.<\/p>\n<p>2. **Tamamen Otomatik \ud83e\udd16:** Yapay zeka t\u00fcm mesajlar\u0131, be\u011fenileri ve etiketlemeleri yan\u0131tlar, **7\/24** m\u00fc\u015fterilerle etkile\u015fimde bulunur; insan m\u00fcdahalesine gerek kalmaz.<\/p>\n<p>3. **Ba\u011f\u0131ms\u0131z Messenger \u00c7\u00f6z\u00fcm\u00fc \ud83d\udee0\ufe0f:** Web siteniz yok mu? Sorun de\u011fil! **FB Messenger AI**&#8217;\u0131 ba\u011f\u0131ms\u0131z olarak Facebook Messenger&#8217;da kullanarak m\u00fc\u015fteri etkile\u015fimlerini y\u00f6netin.<\/p>\n<p>### Fiyatland\u0131rma:<br \/>\n&#8211; **Kurulum \u00dccreti:** 199 USD tek seferlik \u00fccret<br \/>\n&#8211; **Ayl\u0131k Abonelik:** Ayl\u0131k 99 USD<\/p>\n<p>**FB Messenger AI**, **Facebook Messenger** \u00fczerindeki m\u00fc\u015fteri etkile\u015fimlerini y\u00f6netmeyi her zamankinden daha kolay hale getirir. \u0130ster yan\u0131tlar\u0131 tamamen otomatikle\u015ftirin, ister mevcut web sitenizle entegre edin; bu yapay zeka chatbotu, m\u00fc\u015fterilerinizi me\u015fgul eder, sorular\u0131n\u0131 yan\u0131tlar ve sat\u0131\u015flar\u0131 do\u011frudan Messenger \u00fczerinden y\u00f6netir.<\/p>\n<p>**FB Messenger AI ile hemen ba\u015flay\u0131n, m\u00fc\u015fteri memnuniyetini art\u0131r\u0131n ve Facebook Reklamlar\u0131n\u0131z\u0131n YG&#8217;sini maksimize edin!**<\/p>\n<p>&#8212;<\/p>\n<p>### \ud83c\udd93 **14 G\u00fcn \u00dccretsiz Deneme**<br \/>\nConversaBridge&#8217;in t\u00fcm \u00f6zelliklerini 14 g\u00fcn boyunca taahh\u00fcts\u00fcz olarak deneyimleyin. Bu s\u00fcre zarf\u0131nda yapay zeka chatbotu ve insan destek entegrasyonunun m\u00fc\u015fteri etkile\u015fimlerinizi nas\u0131l d\u00f6n\u00fc\u015ft\u00fcrd\u00fc\u011f\u00fcn\u00fc ke\u015ffedin.<\/p>\n<p>### \ud83d\udd17 **Kolay Entegrasyon**<br \/>\nConversaBridge, mevcut web siteniz veya m\u00fc\u015fteri hizmetleri platformunuzla minimum teknik \u00e7abayla entegre edilebilir. Bu sorunsuz entegrasyon, t\u00fcm dijital temas noktalar\u0131n\u0131zda tutarl\u0131 bir kullan\u0131c\u0131 deneyimi sa\u011flar.<\/p>\n<p>### \u2699\ufe0f **\u00d6zelle\u015ftirme ve \u00d6l\u00e7eklenebilirlik**<br \/>\nYapay zeka chatbotunuzu markan\u0131z\u0131n tonu ve ihtiya\u00e7lar\u0131na g\u00f6re \u00f6zelle\u015ftirin. ConversaBridge platformu, i\u015finizin b\u00fcy\u00fcyen taleplerine uyum sa\u011flar ve performanstan \u00f6d\u00fcn vermeden \u00f6l\u00e7eklendirmenize yard\u0131mc\u0131 olur.<\/p>\n<p>### \ud83d\udcca **Analitik ve \u0130\u00e7g\u00f6r\u00fcler**<br \/>\nM\u00fc\u015fteri etkile\u015fimleri hakk\u0131nda de\u011ferli bilgiler edinerek hizmetlerinizi geli\u015ftirin. Kapsaml\u0131 analizlerle m\u00fc\u015fteri ihtiya\u00e7lar\u0131n\u0131 daha iyi anlay\u0131n ve ger\u00e7ek verilere dayanarak s\u00fcrekli iyile\u015ftirme yap\u0131n.<\/p>\n<p>&#8212;<\/p>\n<p>### Yapay Zeka Veri Kullan\u0131m Bilgileri:<br \/>\nYapay zeka veri kullan\u0131m\u0131, yapay zeka chatbotunun \u00e7al\u0131\u015fmas\u0131 i\u00e7in gereken veri miktar\u0131n\u0131 ifade eder. **OpenAI (GPT modelleri)** ve **Anthropic (Claude modelleri)** gibi yapay zeka modelleri bir token&#8217;\u0131 yakla\u015f\u0131k 3-4 karakter olarak kabul eder. Chatbot sistemimizde yapay zeka veri kullan\u0131m\u0131, \u00f6zelliklere g\u00f6re de\u011fi\u015fir. Her hesap, ayl\u0131k 1 milyon veri kullan\u0131m hakk\u0131na sahiptir. Bu limit a\u015f\u0131ld\u0131\u011f\u0131nda sistem otomatik olarak durur. Ek veri kullan\u0131m haklar\u0131n\u0131 ayl\u0131k **15 USD** kar\u015f\u0131l\u0131\u011f\u0131nda sat\u0131n alabilirsiniz.<\/p>\n<table style=\"width: 100%; border-collapse: collapse;\">\n<thead>\n<tr style=\"background-color: #f2f2f2;\">\n<th style=\"border: 1px solid #ddd; padding: 8px;\"><span style=\"font-weight: 400;\">Provider<\/span><\/th>\n<th style=\"border: 1px solid #ddd; padding: 8px;\"><span style=\"font-weight: 400;\">Model<\/span><\/th>\n<th style=\"border: 1px solid #ddd; padding: 8px;\"><span style=\"font-weight: 400;\">Input Tokens (Credits\/1000)<\/span><\/th>\n<th style=\"border: 1px solid #ddd; padding: 8px;\"><span style=\"font-weight: 400;\">Output Tokens (Credits\/1000)<\/span><\/th>\n<\/tr>\n<\/thead>\n<tbody>\n<tr>\n<td style=\"border: 1px solid #ddd; padding: 8px;\">GPT-4o &#8211; OpenAI<\/td>\n<td style=\"border: 1px solid #ddd; padding: 8px;\">gpt-4o<\/td>\n<td style=\"border: 1px solid #ddd; padding: 8px;\">10 Credits<\/td>\n<td style=\"border: 1px solid #ddd; padding: 8px;\">35 Credits<\/td>\n<\/tr>\n<tr>\n<td style=\"border: 1px solid #ddd; padding: 8px;\">GPT-4o Mini &#8211; OpenAI<\/td>\n<td style=\"border: 1px solid #ddd; padding: 8px;\">gpt-4o-mini<\/td>\n<td style=\"border: 1px solid #ddd; padding: 8px;\">1 Credit<\/td>\n<td style=\"border: 1px solid #ddd; padding: 8px;\">1 Credit<\/td>\n<\/tr>\n<tr>\n<td style=\"border: 1px solid #ddd; padding: 8px;\">Finetuned 4o-mini UIEngine &#8211; EXPERIMENTAL<\/td>\n<td style=\"border: 1px solid #ddd; padding: 8px;\">ft:gpt-4o-mini-2024-07-18<\/td>\n<td style=\"border: 1px solid #ddd; padding: 8px;\">1 Credit<\/td>\n<td style=\"border: 1px solid #ddd; padding: 8px;\">1 Credit<\/td>\n<\/tr>\n<tr>\n<td style=\"border: 1px solid #ddd; padding: 8px;\">GPT-4 32k Turbo &#8211; OpenAI<\/td>\n<td style=\"border: 1px solid #ddd; padding: 8px;\">gpt-4-32k<\/td>\n<td style=\"border: 1px solid #ddd; padding: 8px;\">90 Credits<\/td>\n<td style=\"border: 1px solid #ddd; padding: 8px;\">190 Credits<\/td>\n<\/tr>\n<tr>\n<td style=\"border: 1px solid #ddd; padding: 8px;\">GPT-4 Turbo &#8211; OpenAI<\/td>\n<td style=\"border: 1px solid #ddd; padding: 8px;\">gpt-4<\/td>\n<td style=\"border: 1px solid #ddd; padding: 8px;\">45 Credits<\/td>\n<td style=\"border: 1px solid #ddd; padding: 8px;\">25 Credits<\/td>\n<\/tr>\n<tr>\n<td style=\"border: 1px solid #ddd; padding: 8px;\">GPT-3.5 Turbo 16k &#8211; OpenAI<\/td>\n<td style=\"border: 1px solid #ddd; padding: 8px;\">gpt-3.5-turbo-16k<\/td>\n<td style=\"border: 1px solid #ddd; padding: 8px;\">6 Credits<\/td>\n<td style=\"border: 1px solid #ddd; padding: 8px;\">8 Credits<\/td>\n<\/tr>\n<tr>\n<td style=\"border: 1px solid #ddd; padding: 8px;\">GPT-3.5 Turbo &#8211; OpenAI<\/td>\n<td style=\"border: 1px solid #ddd; padding: 8px;\">gpt-3.5-turbo<\/td>\n<td style=\"border: 1px solid #ddd; padding: 8px;\">2 Credits<\/td>\n<td style=\"border: 1px solid #ddd; padding: 8px;\">4 Credits<\/td>\n<\/tr>\n<tr>\n<td style=\"border: 1px solid #ddd; padding: 8px;\">Claude 3.5 Sonnet &#8211; Anthropic<\/td>\n<td style=\"border: 1px solid #ddd; padding: 8px;\">claude-3-5-sonnet-20240620<\/td>\n<td style=\"border: 1px solid #ddd; padding: 8px;\">10 Credits<\/td>\n<td style=\"border: 1px solid #ddd; padding: 8px;\">35 Credits<\/td>\n<\/tr>\n<tr>\n<td style=\"border: 1px solid #ddd; padding: 8px;\">Claude 3 Opus &#8211; Anthropic<\/td>\n<td style=\"border: 1px solid #ddd; padding: 8px;\">claude-3-opus-20240229<\/td>\n<td style=\"border: 1px solid #ddd; padding: 8px;\">30 Credits<\/td>\n<td style=\"border: 1px solid #ddd; padding: 8px;\">90 Credits<\/td>\n<\/tr>\n<tr>\n<td style=\"border: 1px solid #ddd; padding: 8px;\">Claude 3 Sonnet &#8211; Anthropic<\/td>\n<td style=\"border: 1px solid #ddd; padding: 8px;\">claude-3-sonnet-20240229<\/td>\n<td style=\"border: 1px solid #ddd; padding: 8px;\">12 Credits<\/td>\n<td style=\"border: 1px solid #ddd; padding: 8px;\">30 Credits<\/td>\n<\/tr>\n<tr>\n<td style=\"border: 1px solid #ddd; padding: 8px;\">Claude 3 Haiku &#8211; Anthropic<\/td>\n<td style=\"border: 1px solid #ddd; padding: 8px;\">claude-3-haiku-20240307<\/td>\n<td style=\"border: 1px solid #ddd; padding: 8px;\">1 Credit<\/td>\n<td style=\"border: 1px solid #ddd; padding: 8px;\">2 Credits<\/td>\n<\/tr>\n<tr>\n<td style=\"border: 1px solid #ddd; padding: 8px;\">Gemini 1.5 Pro &#8211; Google<\/td>\n<td style=\"border: 1px solid #ddd; padding: 8px;\">gemini-1.5-pro<\/td>\n<td style=\"border: 1px solid #ddd; padding: 8px;\">8 Credits<\/td>\n<td style=\"border: 1px solid #ddd; padding: 8px;\">12 Credits<\/td>\n<\/tr>\n<tr>\n<td style=\"border: 1px solid #ddd; padding: 8px;\">Gemini 1.5 Flash &#8211; Google<\/td>\n<td style=\"border: 1px solid #ddd; padding: 8px;\">gemini-1.5-flash<\/td>\n<td style=\"border: 1px solid #ddd; padding: 8px;\">1 Credit<\/td>\n<td style=\"border: 1px solid #ddd; padding: 8px;\">1 Credit<\/td>\n<\/tr>\n<tr>\n<td style=\"border: 1px solid #ddd; padding: 8px;\">Gemini 1.0 Pro &#8211; Google<\/td>\n<td style=\"border: 1px solid #ddd; padding: 8px;\">gemini-1.0-pro<\/td>\n<td style=\"border: 1px solid #ddd; padding: 8px;\">1 Credit<\/td>\n<td style=\"border: 1px solid #ddd; padding: 8px;\">1 Credit<\/td>\n<\/tr>\n<tr>\n<td style=\"border: 1px solid #ddd; padding: 8px;\">LLaMA3.2 90b &#8211; Groq<\/td>\n<td style=\"border: 1px solid #ddd; padding: 8px;\">llama-3.2-90b-text-preview<\/td>\n<td style=\"border: 1px solid #ddd; padding: 8px;\">2 Credits<\/td>\n<td style=\"border: 1px solid #ddd; padding: 8px;\">5 Credits<\/td>\n<\/tr>\n<tr>\n<td style=\"border: 1px solid #ddd; padding: 8px;\">LLaMA3.2 11b &#8211; Groq<\/td>\n<td style=\"border: 1px solid #ddd; padding: 8px;\">llama-3.2-11b-text-preview<\/td>\n<td style=\"border: 1px solid #ddd; padding: 8px;\">1 Credit<\/td>\n<td style=\"border: 1px solid #ddd; padding: 8px;\">1 Credit<\/td>\n<\/tr>\n<\/tbody>\n<\/table>\n","protected":false},"featured_media":5022,"comment_status":"open","ping_status":"closed","template":"","meta":{"om_disable_all_campaigns":false,"_monsterinsights_skip_tracking":false,"_monsterinsights_sitenote_active":false,"_monsterinsights_sitenote_note":"","_monsterinsights_sitenote_category":0},"product_brand":[],"product_cat":[270,271,180],"product_tag":[],"class_list":{"0":"post-11131","1":"product","2":"type-product","3":"status-publish","4":"has-post-thumbnail","6":"product_cat-ai-chat-bot-tr","7":"product_cat-ai-voice-tr","8":"product_cat-cms-tr","9":"entry","10":"has-media","13":"first","14":"instock","15":"sale","16":"virtual","17":"taxable","18":"purchasable","19":"product-type-simple","20":"has-product-nav","21":"col","22":"span_1_of_3","23":"owp-content-center","24":"owp-thumbs-layout-horizontal","25":"owp-btn-normal","26":"owp-tabs-layout-horizontal","27":"has-no-thumbnails"},"aioseo_notices":[],"_links":{"self":[{"href":"https:\/\/mailtoticket.com\/tr\/wp-json\/wp\/v2\/product\/11131","targetHints":{"allow":["GET"]}}],"collection":[{"href":"https:\/\/mailtoticket.com\/tr\/wp-json\/wp\/v2\/product"}],"about":[{"href":"https:\/\/mailtoticket.com\/tr\/wp-json\/wp\/v2\/types\/product"}],"replies":[{"embeddable":true,"href":"https:\/\/mailtoticket.com\/tr\/wp-json\/wp\/v2\/comments?post=11131"}],"version-history":[{"count":3,"href":"https:\/\/mailtoticket.com\/tr\/wp-json\/wp\/v2\/product\/11131\/revisions"}],"predecessor-version":[{"id":11695,"href":"https:\/\/mailtoticket.com\/tr\/wp-json\/wp\/v2\/product\/11131\/revisions\/11695"}],"wp:featuredmedia":[{"embeddable":true,"href":"https:\/\/mailtoticket.com\/tr\/wp-json\/wp\/v2\/media\/5022"}],"wp:attachment":[{"href":"https:\/\/mailtoticket.com\/tr\/wp-json\/wp\/v2\/media?parent=11131"}],"wp:term":[{"taxonomy":"product_brand","embeddable":true,"href":"https:\/\/mailtoticket.com\/tr\/wp-json\/wp\/v2\/product_brand?post=11131"},{"taxonomy":"product_cat","embeddable":true,"href":"https:\/\/mailtoticket.com\/tr\/wp-json\/wp\/v2\/product_cat?post=11131"},{"taxonomy":"product_tag","embeddable":true,"href":"https:\/\/mailtoticket.com\/tr\/wp-json\/wp\/v2\/product_tag?post=11131"}],"curies":[{"name":"wp","href":"https:\/\/api.w.org\/{rel}","templated":true}]}}