{"id":11142,"date":"2024-10-17T12:31:29","date_gmt":"2024-10-17T09:31:29","guid":{"rendered":"https:\/\/mailtoticket.com\/shop\/whatsapp-bussines-ai\/"},"modified":"2024-11-02T12:32:34","modified_gmt":"2024-11-02T09:32:34","slug":"whatsapp-bussines-ai","status":"publish","type":"product","link":"https:\/\/mailtoticket.com\/tr\/shop\/whatsapp-bussines-ai\/","title":{"rendered":"Whatsapp Bussines AI"},"content":{"rendered":"<p><strong>WhatsApp M\u00fc\u015fteri Etkile\u015fimlerinizi Otomatikle\u015ftirin ve 7\/24 Potansiyel M\u00fc\u015fteri Yakalay\u0131n!<\/strong><\/p>\n<p><strong>WhatsApp Business AI<\/strong>, <strong>WhatsApp Business<\/strong> etkile\u015fimlerinizi otomatikle\u015ftirmek i\u00e7in tasarlanm\u0131\u015ft\u0131r, b\u00f6ylece ekibiniz \u00e7evrimd\u0131\u015f\u0131 oldu\u011funda bile m\u00fc\u015fterilerle etkile\u015fimde bulunma f\u0131rsat\u0131n\u0131 asla ka\u00e7\u0131rmazs\u0131n\u0131z. Reklamlardan gelen potansiyel m\u00fc\u015fterileri do\u011frudan <strong>WhatsApp<\/strong>&#8216;a y\u00f6nlendirin, onlar\u0131 otomatik olarak de\u011ferlendirin ve kesintisiz bir \u015fekilde konu\u015fmalar\u0131 s\u00fcrd\u00fcr\u00fcn.<\/p>\n","protected":false},"excerpt":{"rendered":"<p>**\ud83d\udcac WhatsApp Business AI**<br \/>\n**WhatsApp M\u00fc\u015fteri Etkile\u015fimlerinizi Otomatikle\u015ftirin ve 7\/24 Potansiyel M\u00fc\u015fteri Yakalay\u0131n!**<\/p>\n<p>**WhatsApp Business AI**, **WhatsApp Business** etkile\u015fimlerinizi otomatikle\u015ftirmek i\u00e7in tasarlanm\u0131\u015ft\u0131r, b\u00f6ylece ekibiniz \u00e7evrimd\u0131\u015f\u0131 oldu\u011funda bile m\u00fc\u015fterilerle etkile\u015fimde bulunma f\u0131rsat\u0131n\u0131 asla ka\u00e7\u0131rmazs\u0131n\u0131z. Reklamlardan gelen potansiyel m\u00fc\u015fterileri do\u011frudan **WhatsApp**&#8217;a y\u00f6nlendirin, onlar\u0131 otomatik olarak de\u011ferlendirin ve kesintisiz bir \u015fekilde konu\u015fmalar\u0131 s\u00fcrd\u00fcr\u00fcn.<\/p>\n<p>### Ana Faydalar:<br \/>\n&#8211; **Reklamlardan WhatsApp&#8217;a Potansiyel M\u00fc\u015fteri Y\u00f6nlendirin \ud83d\ude80:** WhatsApp Business AI ile reklamlar\u0131n\u0131zdan gelen potansiyel m\u00fc\u015fterileri do\u011frudan WhatsApp&#8217;a y\u00f6nlendirin. Ekibiniz m\u00fcsait olmasa bile kampanyalar\u0131n\u0131z\u0131 durdurman\u0131za gerek kalmaz!<\/p>\n<p>&#8211; **7\/24 Otomatik Etkile\u015fim \ud83e\udd16:** M\u00fc\u015fteri temsilcileri \u00e7evrimd\u0131\u015f\u0131 oldu\u011funda bile potansiyel m\u00fc\u015fterileri otomatik olarak de\u011ferlendirin. Temsilciler geri d\u00f6nd\u00fc\u011f\u00fcnde, sohbeti kald\u0131klar\u0131 yerden sorunsuz bir \u015fekilde devam ettirebilirler.<\/p>\n<p>&#8211; **Toplu WhatsApp Mesajlar\u0131 \ud83d\udce2:** Promosyonlar, g\u00fcncellemeler veya hat\u0131rlatmalar gibi mesajlar\u0131 toplu olarak g\u00f6ndererek kitlenizle an\u0131nda etkile\u015fimde bulunun.<\/p>\n<p>### WhatsApp Business AI Kullanman\u0131n 4 Yolu:<br \/>\n1. **Web Siteniz ile Entegre \ud83c\udf10:** Web siteniz ve WhatsApp&#8217;ta ayn\u0131 AI botunu kullan\u0131n. Bot, m\u00fc\u015fteri sorular\u0131n\u0131 yan\u0131tlar, potansiyel m\u00fc\u015fterileri de\u011ferlendirir ve gerekti\u011finde canl\u0131 temsilcilerle ba\u011flant\u0131 kurar \u2014 hepsi tek bir y\u00f6netim panelinden y\u00f6netilir.<\/p>\n<p>2. **Tamamen Otomatik \ud83e\udd16:** WhatsApp \u00fczerindeki t\u00fcm sohbetleri yapay zeka y\u00f6netsin; mesajlar\u0131 yan\u0131tlas\u0131n, potansiyel m\u00fc\u015fterileri de\u011ferlendirsin ve m\u00fc\u015fteri deste\u011fi sa\u011flas\u0131n \u2014 7\/24.<\/p>\n<p>3. **Ba\u011f\u0131ms\u0131z WhatsApp \u00c7\u00f6z\u00fcm\u00fc \ud83d\udee0\ufe0f:** Web sitesi gerekmeden, WhatsApp Business AI&#8217;\u0131 ba\u011f\u0131ms\u0131z olarak kullanarak t\u00fcm etkile\u015fimleri WhatsApp&#8217;ta y\u00f6netin.<\/p>\n<p>4. **Toplu Mesaj G\u00f6nderme \ud83d\udce2:** Promosyonlar, g\u00fcncellemeler veya duyurular i\u00e7in toplu WhatsApp mesajlar\u0131 g\u00f6ndererek kitlenize kolayca ula\u015f\u0131n.<\/p>\n<p>### Fiyatland\u0131rma:<br \/>\n&#8211; **Kurulum \u00dccreti:** 199 USD tek seferlik \u00fccret<br \/>\n&#8211; **Ayl\u0131k Abonelik:** Ayl\u0131k 99 USD<\/p>\n<p>**WhatsApp Business AI**, m\u00fc\u015fteri etkile\u015fimlerinizi otomatikle\u015ftirmek, reklamlardan potansiyel m\u00fc\u015fterileri y\u00f6nlendirmek ve kitlenizle 7\/24 etkile\u015fimde bulunmak i\u00e7in m\u00fckemmel bir \u00e7\u00f6z\u00fcmd\u00fcr. Tam otomasyon mu yoksa web sitenizle entegrasyon mu istiyorsunuz? **WhatsApp Business AI** ile her zaman m\u00fc\u015fterilerinizle ba\u011flant\u0131da kal\u0131n.<\/p>\n<p>**WhatsApp Business AI ile hemen ba\u015flay\u0131n ve m\u00fc\u015fteri etkile\u015fimlerinizi maksimuma \u00e7\u0131kar\u0131n!**<\/p>\n","protected":false},"featured_media":4992,"comment_status":"open","ping_status":"closed","template":"","meta":{"om_disable_all_campaigns":false,"_monsterinsights_skip_tracking":false,"_monsterinsights_sitenote_active":false,"_monsterinsights_sitenote_note":"","_monsterinsights_sitenote_category":0},"product_brand":[],"product_cat":[270,271,180],"product_tag":[],"class_list":{"0":"post-11142","1":"product","2":"type-product","3":"status-publish","4":"has-post-thumbnail","6":"product_cat-ai-chat-bot-tr","7":"product_cat-ai-voice-tr","8":"product_cat-cms-tr","9":"entry","10":"has-media","13":"first","14":"instock","15":"sale","16":"virtual","17":"taxable","18":"purchasable","19":"product-type-simple","20":"has-product-nav","21":"col","22":"span_1_of_3","23":"owp-content-center","24":"owp-thumbs-layout-horizontal","25":"owp-btn-normal","26":"owp-tabs-layout-horizontal","27":"has-no-thumbnails"},"aioseo_notices":[],"_links":{"self":[{"href":"https:\/\/mailtoticket.com\/tr\/wp-json\/wp\/v2\/product\/11142","targetHints":{"allow":["GET"]}}],"collection":[{"href":"https:\/\/mailtoticket.com\/tr\/wp-json\/wp\/v2\/product"}],"about":[{"href":"https:\/\/mailtoticket.com\/tr\/wp-json\/wp\/v2\/types\/product"}],"replies":[{"embeddable":true,"href":"https:\/\/mailtoticket.com\/tr\/wp-json\/wp\/v2\/comments?post=11142"}],"version-history":[{"count":3,"href":"https:\/\/mailtoticket.com\/tr\/wp-json\/wp\/v2\/product\/11142\/revisions"}],"predecessor-version":[{"id":11705,"href":"https:\/\/mailtoticket.com\/tr\/wp-json\/wp\/v2\/product\/11142\/revisions\/11705"}],"wp:featuredmedia":[{"embeddable":true,"href":"https:\/\/mailtoticket.com\/tr\/wp-json\/wp\/v2\/media\/4992"}],"wp:attachment":[{"href":"https:\/\/mailtoticket.com\/tr\/wp-json\/wp\/v2\/media?parent=11142"}],"wp:term":[{"taxonomy":"product_brand","embeddable":true,"href":"https:\/\/mailtoticket.com\/tr\/wp-json\/wp\/v2\/product_brand?post=11142"},{"taxonomy":"product_cat","embeddable":true,"href":"https:\/\/mailtoticket.com\/tr\/wp-json\/wp\/v2\/product_cat?post=11142"},{"taxonomy":"product_tag","embeddable":true,"href":"https:\/\/mailtoticket.com\/tr\/wp-json\/wp\/v2\/product_tag?post=11142"}],"curies":[{"name":"wp","href":"https:\/\/api.w.org\/{rel}","templated":true}]}}