{"id":11153,"date":"2024-10-17T12:56:59","date_gmt":"2024-10-17T09:56:59","guid":{"rendered":"https:\/\/mailtoticket.com\/shop\/telegram-messenger-ai\/"},"modified":"2024-11-02T12:31:37","modified_gmt":"2024-11-02T09:31:37","slug":"telegram-messenger-ai","status":"publish","type":"product","link":"https:\/\/mailtoticket.com\/tr\/shop\/telegram-messenger-ai\/","title":{"rendered":"Telegram Messenger AI"},"content":{"rendered":"<div class=\"elementor-element elementor-element-54a854f elementor-widget elementor-widget-apper_heading\" data-id=\"54a854f\" data-element_type=\"widget\" data-widget_type=\"apper_heading.default\">\n<div class=\"elementor-widget-container\">\n<div class=\"acm-heading no-line content-left-align\">\n<div class=\"acm_heading-desc\">\n<p><strong>M\u00fc\u015fteri Etkile\u015fimlerini Otomatikle\u015ftirin ve Telegram&#8217;da Potansiyel M\u00fc\u015fteri Yakalay\u0131n \u2014 7\/24!<\/strong><\/p>\n<p><strong>Telegram Messenger AI<\/strong>, Telegram&#8217;daki m\u00fc\u015fteri etkile\u015fimlerinizi y\u00f6netmek ve otomatikle\u015ftirmek i\u00e7in her \u015feyi bir arada sunan \u00e7\u00f6z\u00fcmd\u00fcr. \u0130\u015fletmenizin g\u00fcn\u00fcn her saati m\u00fc\u015fterilerle etkile\u015fimde bulunmas\u0131n\u0131 sa\u011flar. M\u00fc\u015fteri sorular\u0131n\u0131 y\u00f6netmekten, reklamlar arac\u0131l\u0131\u011f\u0131yla potansiyel m\u00fc\u015fterileri Telegram&#8217;a y\u00f6nlendirmeye kadar, bu yapay zeka \u00e7\u00f6z\u00fcm\u00fc ileti\u015fim verimlili\u011finizi en \u00fcst seviyeye \u00e7\u0131kar\u0131r.<\/p>\n<\/div>\n<\/div>\n<\/div>\n<\/div>\n","protected":false},"excerpt":{"rendered":"<p>**\ud83d\udcac Telegram Messenger AI**<br \/>\n**M\u00fc\u015fteri Etkile\u015fimlerini Otomatikle\u015ftirin ve Telegram&#8217;da Potansiyel M\u00fc\u015fteri Yakalay\u0131n \u2014 7\/24!**<\/p>\n<p>**Telegram Messenger AI**, Telegram&#8217;daki m\u00fc\u015fteri etkile\u015fimlerinizi y\u00f6netmek ve otomatikle\u015ftirmek i\u00e7in her \u015feyi bir arada sunan \u00e7\u00f6z\u00fcmd\u00fcr. \u0130\u015fletmenizin g\u00fcn\u00fcn her saati m\u00fc\u015fterilerle etkile\u015fimde bulunmas\u0131n\u0131 sa\u011flar. M\u00fc\u015fteri sorular\u0131n\u0131 y\u00f6netmekten, reklamlar arac\u0131l\u0131\u011f\u0131yla potansiyel m\u00fc\u015fterileri Telegram&#8217;a y\u00f6nlendirmeye kadar, bu yapay zeka \u00e7\u00f6z\u00fcm\u00fc ileti\u015fim verimlili\u011finizi en \u00fcst seviyeye \u00e7\u0131kar\u0131r.<\/p>\n<p>### Ana Faydalar:<br \/>\n&#8211; **Reklamlardan Telegram&#8217;a Potansiyel M\u00fc\u015fteri Y\u00f6nlendirin \ud83d\ude80:** **Click-to-Telegram** reklamlar\u0131n\u0131 kullanarak potansiyel m\u00fc\u015fterileri do\u011frudan Telegram sohbetlerine y\u00f6nlendirin. Yapay zeka, insan temsilciler \u00e7evrimd\u0131\u015f\u0131 oldu\u011funda bile potansiyel m\u00fc\u015fterileri de\u011ferlendirir ve an\u0131nda yan\u0131tlar sa\u011flar.<\/p>\n<p>&#8211; **7\/24 Otomatik M\u00fc\u015fteri Deste\u011fi \ud83e\udd16:** **Telegram Messenger AI**, gelen t\u00fcm mesajlar\u0131 yan\u0131tlar, potansiyel m\u00fc\u015fterileri de\u011ferlendirir ve m\u00fc\u015fterilere 7\/24 destek sa\u011flar. \u0130nsan temsilciler herhangi bir anda devralabilir ve konu\u015fmay\u0131 kesintisiz s\u00fcrd\u00fcrebilirler.<\/p>\n<p>&#8211; **Toplu Mesajla\u015fma \ud83d\udce2:** Telegram kitlenize promosyonlar, g\u00fcncellemeler veya \u00f6nemli duyurular g\u00f6ndermek i\u00e7in toplu mesajlar g\u00f6nderin ve m\u00fc\u015fterilerinizle an\u0131nda etkile\u015fimde bulunun.<\/p>\n<p>### Telegram Messenger AI Kullanman\u0131n 4 Yolu:<br \/>\n1. **Web Siteniz ile Entegre \ud83c\udf10:** Ayn\u0131 yapay zeka botunu hem web siteniz hem de Telegram i\u00e7in kullan\u0131n. AI, m\u00fc\u015fteri sorular\u0131n\u0131 yan\u0131tlar, gerekti\u011finde m\u00fc\u015fterileri canl\u0131 temsilcilere ba\u011flar ve destek talepleri olu\u015fturur \u2014 hepsi tek bir y\u00f6netim panelinden y\u00f6netilir.<\/p>\n<p>2. **Tam Otomasyon \ud83e\udd16:** T\u00fcm Telegram etkile\u015fimlerini yapay zeka ile y\u00f6netin; m\u00fc\u015fteri sorular\u0131n\u0131, potansiyel m\u00fc\u015fteri de\u011ferlendirmelerini ve destek taleplerini 7\/24 insan m\u00fcdahalesi olmadan y\u00f6nlendirin.<\/p>\n<p>3. **Ba\u011f\u0131ms\u0131z Telegram \u00c7\u00f6z\u00fcm\u00fc \ud83d\udee0\ufe0f:** Web sitesi gerekmeden, Telegram Messenger AI&#8217;\u0131 ba\u011f\u0131ms\u0131z olarak kullanarak t\u00fcm m\u00fc\u015fteri ileti\u015fimlerinizi Telegram&#8217;da y\u00f6netin.<\/p>\n<p>4. **Toplu Mesajla\u015fma \ud83d\udce2:** Telegram takip\u00e7ilerinize promosyonlar, \u00fcr\u00fcn lansmanlar\u0131 veya g\u00fcncellemeler hakk\u0131nda toplu mesajlar g\u00f6ndererek kitlenize kolayca ula\u015f\u0131n.<\/p>\n<p>### Fiyatland\u0131rma:<br \/>\n&#8211; **Kurulum \u00dccreti:** 199 USD tek seferlik \u00fccret<br \/>\n&#8211; **Ayl\u0131k Abonelik:** Ayl\u0131k 99 USD<\/p>\n<p>**Telegram Messenger AI**, m\u00fc\u015fteri etkile\u015fimlerinizi otomatikle\u015ftirir, sorular\u0131 yan\u0131tlar ve potansiyel m\u00fc\u015fterileri y\u00f6nlendirir. 7\/24 destek ve insan temsilcilerine sorunsuz ge\u00e7i\u015f ile Telegram Messenger AI, i\u015fletmenizin her zaman etkile\u015fimde kalmas\u0131n\u0131 sa\u011flar.<\/p>\n<p>**Telegram Messenger AI ile bug\u00fcn ba\u015flay\u0131n ve Telegram ileti\u015fiminizi d\u00f6n\u00fc\u015ft\u00fcr\u00fcn!**<\/p>\n","protected":false},"featured_media":6022,"comment_status":"open","ping_status":"closed","template":"","meta":{"om_disable_all_campaigns":false,"_monsterinsights_skip_tracking":false,"_monsterinsights_sitenote_active":false,"_monsterinsights_sitenote_note":"","_monsterinsights_sitenote_category":0},"product_brand":[],"product_cat":[271,281],"product_tag":[],"class_list":{"0":"post-11153","1":"product","2":"type-product","3":"status-publish","4":"has-post-thumbnail","6":"product_cat-ai-voice-tr","7":"product_cat-customer-support-tr","8":"entry","9":"has-media","12":"first","13":"instock","14":"sale","15":"featured","16":"virtual","17":"taxable","18":"purchasable","19":"product-type-simple","20":"has-product-nav","21":"col","22":"span_1_of_3","23":"owp-content-center","24":"owp-thumbs-layout-horizontal","25":"owp-btn-normal","26":"owp-tabs-layout-horizontal","27":"has-no-thumbnails"},"aioseo_notices":[],"_links":{"self":[{"href":"https:\/\/mailtoticket.com\/tr\/wp-json\/wp\/v2\/product\/11153","targetHints":{"allow":["GET"]}}],"collection":[{"href":"https:\/\/mailtoticket.com\/tr\/wp-json\/wp\/v2\/product"}],"about":[{"href":"https:\/\/mailtoticket.com\/tr\/wp-json\/wp\/v2\/types\/product"}],"replies":[{"embeddable":true,"href":"https:\/\/mailtoticket.com\/tr\/wp-json\/wp\/v2\/comments?post=11153"}],"version-history":[{"count":3,"href":"https:\/\/mailtoticket.com\/tr\/wp-json\/wp\/v2\/product\/11153\/revisions"}],"predecessor-version":[{"id":11709,"href":"https:\/\/mailtoticket.com\/tr\/wp-json\/wp\/v2\/product\/11153\/revisions\/11709"}],"wp:featuredmedia":[{"embeddable":true,"href":"https:\/\/mailtoticket.com\/tr\/wp-json\/wp\/v2\/media\/6022"}],"wp:attachment":[{"href":"https:\/\/mailtoticket.com\/tr\/wp-json\/wp\/v2\/media?parent=11153"}],"wp:term":[{"taxonomy":"product_brand","embeddable":true,"href":"https:\/\/mailtoticket.com\/tr\/wp-json\/wp\/v2\/product_brand?post=11153"},{"taxonomy":"product_cat","embeddable":true,"href":"https:\/\/mailtoticket.com\/tr\/wp-json\/wp\/v2\/product_cat?post=11153"},{"taxonomy":"product_tag","embeddable":true,"href":"https:\/\/mailtoticket.com\/tr\/wp-json\/wp\/v2\/product_tag?post=11153"}],"curies":[{"name":"wp","href":"https:\/\/api.w.org\/{rel}","templated":true}]}}