{"id":11489,"date":"2024-10-23T12:24:42","date_gmt":"2024-10-23T09:24:42","guid":{"rendered":"https:\/\/mailtoticket.com\/shop\/%f0%9f%9a%80-enterpriseconnect-ai\/"},"modified":"2024-11-24T11:19:49","modified_gmt":"2024-11-24T08:19:49","slug":"%f0%9f%9a%80-enterpriseconnect-ai","status":"publish","type":"product","link":"https:\/\/mailtoticket.com\/tr\/shop\/%f0%9f%9a%80-enterpriseconnect-ai\/","title":{"rendered":"\ud83d\ude80 EnterpriseConnect AI"},"content":{"rendered":"<p>**E-Ticaret \u0130\u015fletmeleri i\u00e7in En \u0130yi \u00c7\u00f6z\u00fcm**<\/p>\n<p>E-ticaret operasyonlar\u0131n\u0131z\u0131 bir \u00fcst seviyeye ta\u015f\u0131yan **EnterpriseConnect AI**, i\u015f s\u00fcre\u00e7lerini optimize eden, m\u00fc\u015fteri hizmetlerini geli\u015ftiren ve sipari\u015f y\u00f6netimini kolayla\u015ft\u0131ran kapsaml\u0131 bir entegrasyon sunar. \u00d6zellikle **e-ticaret siteleri** i\u00e7in tasarlanan bu g\u00fc\u00e7l\u00fc sistem, ba\u015far\u0131l\u0131 bir online i\u015f y\u00fcr\u00fctmek i\u00e7in gereken t\u00fcm ara\u00e7lar\u0131 bir araya getirir.<\/p>\n","protected":false},"excerpt":{"rendered":"<p><strong>\ud83d\ude80 EnterpriseConnect AI**<\/strong><br \/>\n<strong>**E-Ticaret \u0130\u015fletmeleri i\u00e7in En \u0130yi \u00c7\u00f6z\u00fcm**<\/strong><\/p>\n<p>E-ticaret operasyonlar\u0131n\u0131z\u0131 bir \u00fcst seviyeye ta\u015f\u0131yan **EnterpriseConnect AI**, i\u015f s\u00fcre\u00e7lerini optimize eden, m\u00fc\u015fteri hizmetlerini geli\u015ftiren ve sipari\u015f y\u00f6netimini kolayla\u015ft\u0131ran kapsaml\u0131 bir entegrasyon sunar. \u00d6zellikle **e-ticaret siteleri** i\u00e7in tasarlanan bu g\u00fc\u00e7l\u00fc sistem, ba\u015far\u0131l\u0131 bir online i\u015f y\u00fcr\u00fctmek i\u00e7in gereken t\u00fcm ara\u00e7lar\u0131 bir araya getirir.<\/p>\n<p><strong>\u00a0Temel \u00d6zellikler:<\/strong><br \/>\n<strong>&#8211; **Pazaryeri Entegrasyonu \ud83d\uded2:<\/strong>** **Trendyol**, **Hepsiburada**, **Amazon**, **Beymen** gibi pop\u00fcler pazaryerlerinden gelen sipari\u015fleri otomatik olarak kontrol eder ve takip eder.<\/p>\n<p><strong>&#8211; **API Entegrasyonu \ud83d\udd17:<\/strong>** Sipari\u015f y\u00f6netimini kullanmak i\u00e7in API\u2019nizi sa\u011flaman\u0131z gerekmektedir. Sistem, **Nebim**, **<em><strong>IONTEGRA API<\/strong><\/em>**, **Paka Bulut Ticketing CMS** ve **Assistflow.ai** gibi mevcut s\u00fcr\u00fcmlerle sorunsuz \u00e7al\u0131\u015farak tam bir e-ticaret \u00e7\u00f6z\u00fcm\u00fc sunar.<\/p>\n<p><strong>&#8211; **Sipari\u015f Y\u00f6netimi \ud83d\udce6:<\/strong>** T\u00fcm m\u00fc\u015fteri sipari\u015flerini birden fazla platformda kolayca y\u00f6netin ve takip edin.<\/p>\n<p><strong>&#8211; **M\u00fc\u015fteri Hizmetleri Geli\u015ftirme \ud83d\udcac:<\/strong>** **EnterpriseConnect AI**, m\u00fc\u015fteri destek \u00e7\u00f6z\u00fcmlerini entegre ederek, biletleme ve canl\u0131 yard\u0131m ile sorunsuz bir m\u00fc\u015fteri deneyimi sa\u011flar.<\/p>\n<p><strong>Fiyatland\u0131rma:<\/strong><br \/>\n&#8211; **Kurulum \u00dccreti:** Sistem kurulumu ve entegrasyonu i\u00e7in tek seferlik 499 USD.<\/p>\n<p>&#8211; **Ayl\u0131k Abonelik:** Ayl\u0131k 399 USD, API y\u00f6netimi, sipari\u015f takibi ve m\u00fc\u015fteri hizmetlerini kapsayan t\u00fcm sistem operasyonlar\u0131n\u0131 i\u00e7erir.<\/p>\n<p>EnterpriseConnect AI**, sipari\u015f takibini otomatikle\u015ftirmek, m\u00fc\u015fteri deste\u011fini optimize etmek ve g\u00fcnl\u00fck operasyonlar\u0131 iyile\u015ftirmek isteyen e-ticaret i\u015fletmeleri i\u00e7in ideal bir \u00e7\u00f6z\u00fcmd\u00fcr. **Pazaryerlerinizi** entegre edin ve her \u015feyi tek bir platformdan y\u00f6netin!<\/p>\n<p><strong>**Bug\u00fcn EnterpriseConnect AI ile ba\u015flay\u0131n ve e-ticaret i\u015finizi devrimle\u015ftirin!**<\/strong><\/p>\n<p>&nbsp;<\/p>\n<p><strong>\u00a0\ud83c\udd93 **14 G\u00fcn \u00dccretsiz Deneme**<\/strong><br \/>\nConversaBridge&#8217;in t\u00fcm \u00f6zelliklerini 14 g\u00fcn boyunca taahh\u00fcts\u00fcz olarak deneyimleyin. Bu s\u00fcre zarf\u0131nda yapay zeka chatbotu ve insan destek entegrasyonunun m\u00fc\u015fteri etkile\u015fimlerinizi nas\u0131l d\u00f6n\u00fc\u015ft\u00fcrd\u00fc\u011f\u00fcn\u00fc ke\u015ffedin.<\/p>\n<p><strong>\u00a0\ud83d\udd17 **Kolay Entegrasyon**<\/strong><br \/>\nConversaBridge, mevcut web siteniz veya m\u00fc\u015fteri hizmetleri platformunuzla minimum teknik \u00e7abayla entegre edilebilir. Bu sorunsuz entegrasyon, t\u00fcm dijital temas noktalar\u0131n\u0131zda tutarl\u0131 bir kullan\u0131c\u0131 deneyimi sa\u011flar.<\/p>\n<p><strong>\u00a0\u2699\ufe0f **\u00d6zelle\u015ftirme ve \u00d6l\u00e7eklenebilirlik**<\/strong><br \/>\nYapay zeka chatbotunuzu markan\u0131z\u0131n tonu ve ihtiya\u00e7lar\u0131na g\u00f6re \u00f6zelle\u015ftirin. ConversaBridge platformu, i\u015finizin b\u00fcy\u00fcyen taleplerine uyum sa\u011flar ve performanstan \u00f6d\u00fcn vermeden \u00f6l\u00e7eklendirmenize yard\u0131mc\u0131 olur.<\/p>\n<p><strong>### \ud83d\udcca **Analitik ve \u0130\u00e7g\u00f6r\u00fcler**<\/strong><br \/>\nM\u00fc\u015fteri etkile\u015fimleri hakk\u0131nda de\u011ferli bilgiler edinerek hizmetlerinizi geli\u015ftirin. Kapsaml\u0131 analizlerle m\u00fc\u015fteri ihtiya\u00e7lar\u0131n\u0131 daha iyi anlay\u0131n ve ger\u00e7ek verilere dayanarak s\u00fcrekli iyile\u015ftirme yap\u0131n.<\/p>\n<p>&nbsp;<\/p>\n<p><strong>\u00a0Yapay Zeka Veri Kullan\u0131m Bilgileri:<\/strong><br \/>\nYapay zeka veri kullan\u0131m\u0131, yapay zeka chatbotunun \u00e7al\u0131\u015fmas\u0131 i\u00e7in gerekli olan veri miktar\u0131n\u0131 ifade eder. **OpenAI (GPT modelleri)** ve **Anthropic (Claude modelleri)** gibi yapay zeka modelleri bir token&#8217;\u0131 yakla\u015f\u0131k 3-4 karakter olarak kabul eder. Chatbot sistemimizde yapay zeka veri kullan\u0131m\u0131, \u00f6zelliklere g\u00f6re de\u011fi\u015fir. Her hesap, ayl\u0131k 1 milyon veri kullan\u0131m hakk\u0131na sahiptir. Bu limit a\u015f\u0131ld\u0131\u011f\u0131nda sistem otomatik olarak durur. Ek veri kullan\u0131m haklar\u0131n\u0131 ayl\u0131k **15 USD** kar\u015f\u0131l\u0131\u011f\u0131nda sat\u0131n alabilirsiniz. Bu \u00fccret, yapay zeka chatbotunun veri i\u015fleme kapasitesini art\u0131rmak ve daha fazla veri kullan\u0131m\u0131na olanak sa\u011flamak i\u00e7in kullan\u0131l\u0131r.<\/p>\n<table style=\"width: 100%; border-collapse: collapse;\">\n<thead>\n<tr style=\"background-color: #f2f2f2;\">\n<th style=\"border: 1px solid #ddd; padding: 8px;\"><span style=\"font-weight: 400;\">Provider<\/span><\/th>\n<th style=\"border: 1px solid #ddd; padding: 8px;\"><span style=\"font-weight: 400;\">Model<\/span><\/th>\n<th style=\"border: 1px solid #ddd; padding: 8px;\"><span style=\"font-weight: 400;\">Input Tokens (Credits\/1000)<\/span><\/th>\n<th style=\"border: 1px solid #ddd; padding: 8px;\"><span style=\"font-weight: 400;\">Output Tokens (Credits\/1000)<\/span><\/th>\n<\/tr>\n<\/thead>\n<tbody>\n<tr>\n<td style=\"border: 1px solid #ddd; padding: 8px;\">GPT-4o &#8211; OpenAI<\/td>\n<td style=\"border: 1px solid #ddd; padding: 8px;\">gpt-4o<\/td>\n<td style=\"border: 1px solid #ddd; padding: 8px;\">10 Credits<\/td>\n<td style=\"border: 1px solid #ddd; padding: 8px;\">35 Credits<\/td>\n<\/tr>\n<tr>\n<td style=\"border: 1px solid #ddd; padding: 8px;\">GPT-4o Mini &#8211; OpenAI<\/td>\n<td style=\"border: 1px solid #ddd; padding: 8px;\">gpt-4o-mini<\/td>\n<td style=\"border: 1px solid #ddd; padding: 8px;\">1 Credit<\/td>\n<td style=\"border: 1px solid #ddd; padding: 8px;\">1 Credit<\/td>\n<\/tr>\n<tr>\n<td style=\"border: 1px solid #ddd; padding: 8px;\">Finetuned 4o-mini UIEngine &#8211; EXPERIMENTAL<\/td>\n<td style=\"border: 1px solid #ddd; padding: 8px;\">ft:gpt-4o-mini-2024-07-18<\/td>\n<td style=\"border: 1px solid #ddd; padding: 8px;\">1 Credit<\/td>\n<td style=\"border: 1px solid #ddd; padding: 8px;\">1 Credit<\/td>\n<\/tr>\n<tr>\n<td style=\"border: 1px solid #ddd; padding: 8px;\">GPT-4 32k Turbo &#8211; OpenAI<\/td>\n<td style=\"border: 1px solid #ddd; padding: 8px;\">gpt-4-32k<\/td>\n<td style=\"border: 1px solid #ddd; padding: 8px;\">90 Credits<\/td>\n<td style=\"border: 1px solid #ddd; padding: 8px;\">190 Credits<\/td>\n<\/tr>\n<tr>\n<td style=\"border: 1px solid #ddd; padding: 8px;\">GPT-4 Turbo &#8211; OpenAI<\/td>\n<td style=\"border: 1px solid #ddd; padding: 8px;\">gpt-4<\/td>\n<td style=\"border: 1px solid #ddd; padding: 8px;\">45 Credits<\/td>\n<td style=\"border: 1px solid #ddd; padding: 8px;\">25 Credits<\/td>\n<\/tr>\n<tr>\n<td style=\"border: 1px solid #ddd; padding: 8px;\">GPT-3.5 Turbo 16k &#8211; OpenAI<\/td>\n<td style=\"border: 1px solid #ddd; padding: 8px;\">gpt-3.5-turbo-16k<\/td>\n<td style=\"border: 1px solid #ddd; padding: 8px;\">6 Credits<\/td>\n<td style=\"border: 1px solid #ddd; padding: 8px;\">8 Credits<\/td>\n<\/tr>\n<tr>\n<td style=\"border: 1px solid #ddd; padding: 8px;\">GPT-3.5 Turbo &#8211; OpenAI<\/td>\n<td style=\"border: 1px solid #ddd; padding: 8px;\">gpt-3.5-turbo<\/td>\n<td style=\"border: 1px solid #ddd; padding: 8px;\">2 Credits<\/td>\n<td style=\"border: 1px solid #ddd; padding: 8px;\">4 Credits<\/td>\n<\/tr>\n<tr>\n<td style=\"border: 1px solid #ddd; padding: 8px;\">Claude 3.5 Sonnet &#8211; Anthropic<\/td>\n<td style=\"border: 1px solid #ddd; padding: 8px;\">claude-3-5-sonnet-20240620<\/td>\n<td style=\"border: 1px solid #ddd; padding: 8px;\">10 Credits<\/td>\n<td style=\"border: 1px solid #ddd; padding: 8px;\">35 Credits<\/td>\n<\/tr>\n<tr>\n<td style=\"border: 1px solid #ddd; padding: 8px;\">Claude 3 Opus &#8211; Anthropic<\/td>\n<td style=\"border: 1px solid #ddd; padding: 8px;\">claude-3-opus-20240229<\/td>\n<td style=\"border: 1px solid #ddd; padding: 8px;\">30 Credits<\/td>\n<td style=\"border: 1px solid #ddd; padding: 8px;\">90 Credits<\/td>\n<\/tr>\n<tr>\n<td style=\"border: 1px solid #ddd; padding: 8px;\">Claude 3 Sonnet &#8211; Anthropic<\/td>\n<td style=\"border: 1px solid #ddd; padding: 8px;\">claude-3-sonnet-20240229<\/td>\n<td style=\"border: 1px solid #ddd; padding: 8px;\">12 Credits<\/td>\n<td style=\"border: 1px solid #ddd; padding: 8px;\">30 Credits<\/td>\n<\/tr>\n<tr>\n<td style=\"border: 1px solid #ddd; padding: 8px;\">Claude 3 Haiku &#8211; Anthropic<\/td>\n<td style=\"border: 1px solid #ddd; padding: 8px;\">claude-3-haiku-20240307<\/td>\n<td style=\"border: 1px solid #ddd; padding: 8px;\">1 Credit<\/td>\n<td style=\"border: 1px solid #ddd; padding: 8px;\">2 Credits<\/td>\n<\/tr>\n<tr>\n<td style=\"border: 1px solid #ddd; padding: 8px;\">Gemini 1.5 Pro &#8211; Google<\/td>\n<td style=\"border: 1px solid #ddd; padding: 8px;\">gemini-1.5-pro<\/td>\n<td style=\"border: 1px solid #ddd; padding: 8px;\">8 Credits<\/td>\n<td style=\"border: 1px solid #ddd; padding: 8px;\">12 Credits<\/td>\n<\/tr>\n<tr>\n<td style=\"border: 1px solid #ddd; padding: 8px;\">Gemini 1.5 Flash &#8211; Google<\/td>\n<td style=\"border: 1px solid #ddd; padding: 8px;\">gemini-1.5-flash<\/td>\n<td style=\"border: 1px solid #ddd; padding: 8px;\">1 Credit<\/td>\n<td style=\"border: 1px solid #ddd; padding: 8px;\">1 Credit<\/td>\n<\/tr>\n<tr>\n<td style=\"border: 1px solid #ddd; padding: 8px;\">Gemini 1.0 Pro &#8211; Google<\/td>\n<td style=\"border: 1px solid #ddd; padding: 8px;\">gemini-1.0-pro<\/td>\n<td style=\"border: 1px solid #ddd; padding: 8px;\">1 Credit<\/td>\n<td style=\"border: 1px solid #ddd; padding: 8px;\">1 Credit<\/td>\n<\/tr>\n<tr>\n<td style=\"border: 1px solid #ddd; padding: 8px;\">LLaMA3.2 90b &#8211; Groq<\/td>\n<td style=\"border: 1px solid #ddd; padding: 8px;\">llama-3.2-90b-text-preview<\/td>\n<td style=\"border: 1px solid #ddd; padding: 8px;\">2 Credits<\/td>\n<td style=\"border: 1px solid #ddd; padding: 8px;\">5 Credits<\/td>\n<\/tr>\n<tr>\n<td style=\"border: 1px solid #ddd; padding: 8px;\">LLaMA3.2 11b &#8211; Groq<\/td>\n<td style=\"border: 1px solid #ddd; padding: 8px;\">llama-3.2-11b-text-preview<\/td>\n<td style=\"border: 1px solid #ddd; padding: 8px;\">1 Credit<\/td>\n<td style=\"border: 1px solid #ddd; padding: 8px;\">1 Credit<\/td>\n<\/tr>\n<\/tbody>\n<\/table>\n","protected":false},"featured_media":11280,"comment_status":"open","ping_status":"closed","template":"","meta":{"om_disable_all_campaigns":false,"_monsterinsights_skip_tracking":false,"_monsterinsights_sitenote_active":false,"_monsterinsights_sitenote_note":"","_monsterinsights_sitenote_category":0},"product_brand":[],"product_cat":[270,271,180,281],"product_tag":[],"class_list":{"0":"post-11489","1":"product","2":"type-product","3":"status-publish","4":"has-post-thumbnail","6":"product_cat-ai-chat-bot-tr","7":"product_cat-ai-voice-tr","8":"product_cat-cms-tr","9":"product_cat-customer-support-tr","10":"entry","11":"has-media","14":"first","15":"instock","16":"sale","17":"virtual","18":"taxable","19":"purchasable","20":"product-type-simple","21":"has-product-nav","22":"col","23":"span_1_of_3","24":"owp-content-center","25":"owp-thumbs-layout-horizontal","26":"owp-btn-normal","27":"owp-tabs-layout-horizontal","28":"has-no-thumbnails"},"aioseo_notices":[],"_links":{"self":[{"href":"https:\/\/mailtoticket.com\/tr\/wp-json\/wp\/v2\/product\/11489","targetHints":{"allow":["GET"]}}],"collection":[{"href":"https:\/\/mailtoticket.com\/tr\/wp-json\/wp\/v2\/product"}],"about":[{"href":"https:\/\/mailtoticket.com\/tr\/wp-json\/wp\/v2\/types\/product"}],"replies":[{"embeddable":true,"href":"https:\/\/mailtoticket.com\/tr\/wp-json\/wp\/v2\/comments?post=11489"}],"version-history":[{"count":3,"href":"https:\/\/mailtoticket.com\/tr\/wp-json\/wp\/v2\/product\/11489\/revisions"}],"predecessor-version":[{"id":11896,"href":"https:\/\/mailtoticket.com\/tr\/wp-json\/wp\/v2\/product\/11489\/revisions\/11896"}],"wp:featuredmedia":[{"embeddable":true,"href":"https:\/\/mailtoticket.com\/tr\/wp-json\/wp\/v2\/media\/11280"}],"wp:attachment":[{"href":"https:\/\/mailtoticket.com\/tr\/wp-json\/wp\/v2\/media?parent=11489"}],"wp:term":[{"taxonomy":"product_brand","embeddable":true,"href":"https:\/\/mailtoticket.com\/tr\/wp-json\/wp\/v2\/product_brand?post=11489"},{"taxonomy":"product_cat","embeddable":true,"href":"https:\/\/mailtoticket.com\/tr\/wp-json\/wp\/v2\/product_cat?post=11489"},{"taxonomy":"product_tag","embeddable":true,"href":"https:\/\/mailtoticket.com\/tr\/wp-json\/wp\/v2\/product_tag?post=11489"}],"curies":[{"name":"wp","href":"https:\/\/api.w.org\/{rel}","templated":true}]}}