{"id":3963,"date":"2024-03-09T07:46:44","date_gmt":"2024-03-09T07:46:44","guid":{"rendered":"http:\/\/mailtoticket.com\/?post_type=product&#038;p=3963"},"modified":"2024-10-23T15:26:06","modified_gmt":"2024-10-23T12:26:06","slug":"conversabridge-hafif-surumu","status":"publish","type":"product","link":"https:\/\/mailtoticket.com\/tr\/shop\/conversabridge-hafif-surumu\/","title":{"rendered":"ConversaBridge Hafif S\u00fcr\u00fcm\u00fc &#8211; 14 G\u00fcn \u00dccretsiz Deneme"},"content":{"rendered":"<p><strong>ConversaBridge + Canl\u0131 Destek \ud83d\udde8\ufe0f + E-posta \ud83d\udce7<\/strong><\/p>\n<p><strong>ConversaBridge<\/strong>, d\u00fc\u015f\u00fck ve orta trafik hacmine sahip giri\u015f seviyesindeki e-ticaret siteleri i\u00e7in ideal bir \u00e7\u00f6z\u00fcmd\u00fcr. Bu paket, m\u00fc\u015fteri etkile\u015fimlerini <strong>canl\u0131 sohbet<\/strong> \ud83d\udde8\ufe0f, <strong>chatbot<\/strong> ve <strong>e-posta<\/strong> \ud83d\udce7 \u00fczerinden y\u00f6netmenizi sa\u011flar. Web sitenizdeki yapay zeka arac\u0131l\u0131\u011f\u0131yla otomatik olarak g\u00f6r\u00fcnt\u00fcler, videolar ve \u00e7e\u015fitli dosya formatlar\u0131n\u0131 (PDF, metin, URL) iletebilirsiniz. Daha geli\u015fmi\u015f yan\u0131tlar almak i\u00e7in iste\u011fe ba\u011fl\u0131 olarak <strong>ChatGPT modellerini<\/strong> entegre edebilirsiniz.<\/p>\n","protected":false},"excerpt":{"rendered":"<p>**\ud83c\udf89 ConversaBridge Lite &#8211; 14 Day Free Product**<br \/>\n**ConversaBridge + Canl\u0131 Destek \ud83d\udde8\ufe0f + E-posta \ud83d\udce7**<\/p>\n<p>**ConversaBridge**, d\u00fc\u015f\u00fck ve orta trafik hacmine sahip giri\u015f seviyesindeki e-ticaret siteleri i\u00e7in ideal bir \u00e7\u00f6z\u00fcmd\u00fcr. Bu paket, m\u00fc\u015fteri etkile\u015fimlerini **canl\u0131 sohbet** \ud83d\udde8\ufe0f, **chatbot** ve **e-posta** \ud83d\udce7 \u00fczerinden y\u00f6netmenizi sa\u011flar. Web sitenizdeki yapay zeka arac\u0131l\u0131\u011f\u0131yla otomatik olarak g\u00f6r\u00fcnt\u00fcler, videolar ve \u00e7e\u015fitli dosya formatlar\u0131n\u0131 (PDF, metin, URL) iletebilirsiniz. Daha geli\u015fmi\u015f yan\u0131tlar almak i\u00e7in iste\u011fe ba\u011fl\u0131 olarak **ChatGPT modellerini** entegre edebilirsiniz.<\/p>\n<p>M\u00fc\u015fteriler canl\u0131 destek talep etti\u011finde, sistem onlar\u0131 otomatik olarak bir temsilciye y\u00f6nlendirir. E\u011fer temsilci m\u00fcsait de\u011filse, sistem otomatik olarak bir **e-posta** \ud83d\udce7 destek talebi olu\u015fturur ve s\u00fcreci takip eder.<\/p>\n<p>### Temel \u00d6zellikler:<br \/>\n&#8211; **Canl\u0131 Destek Ekibi i\u00e7in Y\u00f6netim Paneli:** Canl\u0131 destek ekibinizin performans\u0131n\u0131 kolayca y\u00f6netebilece\u011finiz sezgisel bir panel.<\/p>\n<p>&#8211; **\u015eirket Verileri Giri\u015fi Paneli:** \u015eirketinizin verilerini entegre ederek m\u00fc\u015fteri taleplerine h\u0131zl\u0131 ve do\u011fru yan\u0131tlar verebilirsiniz.<\/p>\n<p>&#8211; **Yapay Zeka Destekli M\u00fc\u015fteri Kar\u015f\u0131lama:** M\u00fc\u015fterileri profesyonel bir \u015fekilde kar\u015f\u0131lay\u0131n ve yapay zeka ile sorular\u0131n\u0131 yan\u0131tlay\u0131n.<\/p>\n<p>&#8211; **Kesintisiz Canl\u0131 Temsilci Aktar\u0131m\u0131:** M\u00fc\u015fteriler ihtiya\u00e7 duyduklar\u0131nda h\u0131zl\u0131ca canl\u0131 bir temsilciye y\u00f6nlendirilir.<\/p>\n<p>&#8211; **E-posta ile Destek Bildirimleri:** Temsilci m\u00fcsait de\u011filse, sistem otomatik olarak bir e-posta \ud83d\udce7 bildirimi g\u00f6nderir ve s\u00fcreci takip eder.<\/p>\n<p>**ConversaBridge** ile m\u00fc\u015fteri memnuniyetini art\u0131r\u0131n ve s\u00fcre\u00e7lerinizi kolayla\u015ft\u0131r\u0131n!<\/p>\n<p>### **\ud83c\udf89 14 G\u00fcn \u00dccretsiz Deneme**<br \/>\nBug\u00fcn **14 g\u00fcnl\u00fck \u00fccretsiz deneme s\u00fcr\u00fcm\u00fcn\u00fc** ba\u015flat\u0131n ve **ConversaBridge Lite**\u2019\u0131n m\u00fc\u015fteri deste\u011finizi nas\u0131l d\u00f6n\u00fc\u015ft\u00fcrebilece\u011fini ke\u015ffedin!<\/p>\n<p>\ud83d\uded2 **Hemen Sat\u0131n Al\u0131n** | \ud83c\udf89 **14 G\u00fcn \u00dccretsiz Deneyin** | \ud83e\udd16 **Di\u011fer Yapay Zeka \u00dcr\u00fcnlerimize G\u00f6z At\u0131n**<\/p>\n<p>&#8212;<\/p>\n<p>**\ud83d\ude80 SupportMaster Pro**<br \/>\n**SupportMaster Pro + Canl\u0131 Destek \ud83d\udde8\ufe0f + CMS \ud83d\udcc2**<\/p>\n<p>**SupportMaster Pro**, **ConversaBridge**&#8217;in t\u00fcm \u00f6zelliklerini i\u00e7erir ve m\u00fc\u015fteri destek taleplerini merkezi bir **CMS (\u0130\u00e7erik Y\u00f6netim Sistemi)** \ud83d\udcc2 ile toplar. Bu, t\u00fcm s\u00fcre\u00e7lerin takip edilmesine, m\u00fc\u015fterilerin bilgilendirilmesine ve i\u015flemlerin etkin bir \u015fekilde kaydedilmesine olanak tan\u0131r. Kendi CMS sisteminiz varsa, kolayca **API** ile entegre edilebilir. Bu \u00e7\u00f6z\u00fcm, m\u00fc\u015fteri hizmetlerinizi daha verimli hale getirir ve hizmet kalitesini art\u0131r\u0131r.<\/p>\n<p>### **\ud83c\udd93 14 G\u00fcn \u00dccretsiz Deneme**<br \/>\nConversaBridge&#8217;in t\u00fcm \u00f6zelliklerini 14 g\u00fcn boyunca taahh\u00fcts\u00fcz olarak deneyimleyin. Bu s\u00fcre zarf\u0131nda yapay zeka chatbotu ve insan destek entegrasyonunun m\u00fc\u015fteri etkile\u015fimlerinizi nas\u0131l d\u00f6n\u00fc\u015ft\u00fcrd\u00fc\u011f\u00fcn\u00fc ke\u015ffedin.<\/p>\n<p>### **\ud83d\udd17 Kolay Entegrasyon**<br \/>\nConversaBridge, mevcut web siteniz veya m\u00fc\u015fteri hizmetleri platformunuzla minimum teknik \u00e7abayla entegre edilebilir. Bu sorunsuz entegrasyon, t\u00fcm dijital temas noktalar\u0131n\u0131zda tutarl\u0131 bir kullan\u0131c\u0131 deneyimi sa\u011flar.<\/p>\n<p>### **\u2699\ufe0f \u00d6zelle\u015ftirme ve \u00d6l\u00e7eklenebilirlik**<br \/>\nYapay zeka chatbotunuzu markan\u0131z\u0131n tonu ve ihtiya\u00e7lar\u0131na g\u00f6re \u00f6zelle\u015ftirin. ConversaBridge platformu, i\u015finizin b\u00fcy\u00fcyen taleplerine uyum sa\u011flar ve performanstan \u00f6d\u00fcn vermeden \u00f6l\u00e7eklendirmenize yard\u0131mc\u0131 olur.<\/p>\n<p>### **\ud83d\udcca Analitik ve \u0130\u00e7g\u00f6r\u00fcler**<br \/>\nM\u00fc\u015fteri etkile\u015fimleri hakk\u0131nda de\u011ferli bilgiler edinerek hizmetlerinizi geli\u015ftirin. Kapsaml\u0131 analizlerle m\u00fc\u015fteri ihtiya\u00e7lar\u0131n\u0131 daha iyi anlay\u0131n ve ger\u00e7ek verilere dayanarak s\u00fcrekli iyile\u015ftirme yap\u0131n.<\/p>\n<p>&#8212;<\/p>\n<p>### Yapay Zeka Veri Kullan\u0131m Bilgileri:<br \/>\nYapay zeka veri kullan\u0131m\u0131, yapay zeka chatbotunun \u00e7al\u0131\u015fmas\u0131 i\u00e7in gereken veri miktar\u0131n\u0131 ifade eder. **OpenAI (GPT modelleri)** ve **Anthropic (Claude modelleri)** gibi yapay zeka modelleri bir token&#8217;\u0131 yakla\u015f\u0131k 3-4 karakter olarak kabul eder. Chatbot sistemimizde yapay zeka veri kullan\u0131m\u0131, \u00f6zelliklere g\u00f6re de\u011fi\u015fir. Her hesap, ayl\u0131k 1 milyon veri kullan\u0131m hakk\u0131na sahiptir. Bu limit a\u015f\u0131ld\u0131\u011f\u0131nda sistem otomatik olarak durur. Ek veri kullan\u0131m haklar\u0131n\u0131 ayl\u0131k **15 USD** kar\u015f\u0131l\u0131\u011f\u0131nda sat\u0131n alabilirsiniz. Bu \u00fccret, yapay zeka chatbotunun veri i\u015fleme kapasitesini art\u0131rmak ve daha fazla veri kullan\u0131m\u0131na olanak sa\u011flamak i\u00e7in kullan\u0131l\u0131r.<\/p>\n<table style=\"width: 100%; border-collapse: collapse;\">\n<thead>\n<tr style=\"background-color: #f2f2f2;\">\n<th style=\"border: 1px solid #ddd; padding: 8px;\"><span style=\"font-weight: 400;\">Provider<\/span><\/th>\n<th style=\"border: 1px solid #ddd; padding: 8px;\"><span style=\"font-weight: 400;\">Model<\/span><\/th>\n<th style=\"border: 1px solid #ddd; padding: 8px;\"><span style=\"font-weight: 400;\">Input Tokens (Credits\/1000)<\/span><\/th>\n<th style=\"border: 1px solid #ddd; padding: 8px;\"><span style=\"font-weight: 400;\">Output Tokens (Credits\/1000)<\/span><\/th>\n<\/tr>\n<\/thead>\n<tbody>\n<tr>\n<td style=\"border: 1px solid #ddd; padding: 8px;\">GPT-4o &#8211; OpenAI<\/td>\n<td style=\"border: 1px solid #ddd; padding: 8px;\">gpt-4o<\/td>\n<td style=\"border: 1px solid #ddd; padding: 8px;\">10 Credits<\/td>\n<td style=\"border: 1px solid #ddd; padding: 8px;\">35 Credits<\/td>\n<\/tr>\n<tr>\n<td style=\"border: 1px solid #ddd; padding: 8px;\">GPT-4o Mini &#8211; OpenAI<\/td>\n<td style=\"border: 1px solid #ddd; padding: 8px;\">gpt-4o-mini<\/td>\n<td style=\"border: 1px solid #ddd; padding: 8px;\">1 Credit<\/td>\n<td style=\"border: 1px solid #ddd; padding: 8px;\">1 Credit<\/td>\n<\/tr>\n<tr>\n<td style=\"border: 1px solid #ddd; padding: 8px;\">Finetuned 4o-mini UIEngine &#8211; EXPERIMENTAL<\/td>\n<td style=\"border: 1px solid #ddd; padding: 8px;\">ft:gpt-4o-mini-2024-07-18<\/td>\n<td style=\"border: 1px solid #ddd; padding: 8px;\">1 Credit<\/td>\n<td style=\"border: 1px solid #ddd; padding: 8px;\">1 Credit<\/td>\n<\/tr>\n<tr>\n<td style=\"border: 1px solid #ddd; padding: 8px;\">GPT-4 32k Turbo &#8211; OpenAI<\/td>\n<td style=\"border: 1px solid #ddd; padding: 8px;\">gpt-4-32k<\/td>\n<td style=\"border: 1px solid #ddd; padding: 8px;\">90 Credits<\/td>\n<td style=\"border: 1px solid #ddd; padding: 8px;\">190 Credits<\/td>\n<\/tr>\n<tr>\n<td style=\"border: 1px solid #ddd; padding: 8px;\">GPT-4 Turbo &#8211; OpenAI<\/td>\n<td style=\"border: 1px solid #ddd; padding: 8px;\">gpt-4<\/td>\n<td style=\"border: 1px solid #ddd; padding: 8px;\">45 Credits<\/td>\n<td style=\"border: 1px solid #ddd; padding: 8px;\">25 Credits<\/td>\n<\/tr>\n<tr>\n<td style=\"border: 1px solid #ddd; padding: 8px;\">GPT-3.5 Turbo 16k &#8211; OpenAI<\/td>\n<td style=\"border: 1px solid #ddd; padding: 8px;\">gpt-3.5-turbo-16k<\/td>\n<td style=\"border: 1px solid #ddd; padding: 8px;\">6 Credits<\/td>\n<td style=\"border: 1px solid #ddd; padding: 8px;\">8 Credits<\/td>\n<\/tr>\n<tr>\n<td style=\"border: 1px solid #ddd; padding: 8px;\">GPT-3.5 Turbo &#8211; OpenAI<\/td>\n<td style=\"border: 1px solid #ddd; padding: 8px;\">gpt-3.5-turbo<\/td>\n<td style=\"border: 1px solid #ddd; padding: 8px;\">2 Credits<\/td>\n<td style=\"border: 1px solid #ddd; padding: 8px;\">4 Credits<\/td>\n<\/tr>\n<tr>\n<td style=\"border: 1px solid #ddd; padding: 8px;\">Claude 3.5 Sonnet &#8211; Anthropic<\/td>\n<td style=\"border: 1px solid #ddd; padding: 8px;\">claude-3-5-sonnet-20240620<\/td>\n<td style=\"border: 1px solid #ddd; padding: 8px;\">10 Credits<\/td>\n<td style=\"border: 1px solid #ddd; padding: 8px;\">35 Credits<\/td>\n<\/tr>\n<tr>\n<td style=\"border: 1px solid #ddd; padding: 8px;\">Claude 3 Opus &#8211; Anthropic<\/td>\n<td style=\"border: 1px solid #ddd; padding: 8px;\">claude-3-opus-20240229<\/td>\n<td style=\"border: 1px solid #ddd; padding: 8px;\">30 Credits<\/td>\n<td style=\"border: 1px solid #ddd; padding: 8px;\">90 Credits<\/td>\n<\/tr>\n<tr>\n<td style=\"border: 1px solid #ddd; padding: 8px;\">Claude 3 Sonnet &#8211; Anthropic<\/td>\n<td style=\"border: 1px solid #ddd; padding: 8px;\">claude-3-sonnet-20240229<\/td>\n<td style=\"border: 1px solid #ddd; padding: 8px;\">12 Credits<\/td>\n<td style=\"border: 1px solid #ddd; padding: 8px;\">30 Credits<\/td>\n<\/tr>\n<tr>\n<td style=\"border: 1px solid #ddd; padding: 8px;\">Claude 3 Haiku &#8211; Anthropic<\/td>\n<td style=\"border: 1px solid #ddd; padding: 8px;\">claude-3-haiku-20240307<\/td>\n<td style=\"border: 1px solid #ddd; padding: 8px;\">1 Credit<\/td>\n<td style=\"border: 1px solid #ddd; padding: 8px;\">2 Credits<\/td>\n<\/tr>\n<tr>\n<td style=\"border: 1px solid #ddd; padding: 8px;\">Gemini 1.5 Pro &#8211; Google<\/td>\n<td style=\"border: 1px solid #ddd; padding: 8px;\">gemini-1.5-pro<\/td>\n<td style=\"border: 1px solid #ddd; padding: 8px;\">8 Credits<\/td>\n<td style=\"border: 1px solid #ddd; padding: 8px;\">12 Credits<\/td>\n<\/tr>\n<tr>\n<td style=\"border: 1px solid #ddd; padding: 8px;\">Gemini 1.5 Flash &#8211; Google<\/td>\n<td style=\"border: 1px solid #ddd; padding: 8px;\">gemini-1.5-flash<\/td>\n<td style=\"border: 1px solid #ddd; padding: 8px;\">1 Credit<\/td>\n<td style=\"border: 1px solid #ddd; padding: 8px;\">1 Credit<\/td>\n<\/tr>\n<tr>\n<td style=\"border: 1px solid #ddd; padding: 8px;\">Gemini 1.0 Pro &#8211; Google<\/td>\n<td style=\"border: 1px solid #ddd; padding: 8px;\">gemini-1.0-pro<\/td>\n<td style=\"border: 1px solid #ddd; padding: 8px;\">1 Credit<\/td>\n<td style=\"border: 1px solid #ddd; padding: 8px;\">1 Credit<\/td>\n<\/tr>\n<tr>\n<td style=\"border: 1px solid #ddd; padding: 8px;\">LLaMA3.2 90b &#8211; Groq<\/td>\n<td style=\"border: 1px solid #ddd; padding: 8px;\">llama-3.2-90b-text-preview<\/td>\n<td style=\"border: 1px solid #ddd; padding: 8px;\">2 Credits<\/td>\n<td style=\"border: 1px solid #ddd; padding: 8px;\">5 Credits<\/td>\n<\/tr>\n<tr>\n<td style=\"border: 1px solid #ddd; padding: 8px;\">LLaMA3.2 11b &#8211; Groq<\/td>\n<td style=\"border: 1px solid #ddd; padding: 8px;\">llama-3.2-11b-text-preview<\/td>\n<td style=\"border: 1px solid #ddd; padding: 8px;\">1 Credit<\/td>\n<td style=\"border: 1px solid #ddd; padding: 8px;\">1 Credit<\/td>\n<\/tr>\n<\/tbody>\n<\/table>\n","protected":false},"featured_media":4932,"comment_status":"open","ping_status":"closed","template":"","meta":{"om_disable_all_campaigns":false,"_monsterinsights_skip_tracking":false,"_monsterinsights_sitenote_active":false,"_monsterinsights_sitenote_note":"","_monsterinsights_sitenote_category":0},"product_brand":[],"product_cat":[180,179],"product_tag":[],"class_list":{"0":"post-3963","1":"product","2":"type-product","3":"status-publish","4":"has-post-thumbnail","6":"product_cat-cms-tr","7":"product_cat-yapay-zeka","8":"entry","9":"has-media","12":"first","13":"instock","14":"sale","15":"downloadable","16":"virtual","17":"taxable","18":"purchasable","19":"product-type-simple","20":"has-product-nav","21":"col","22":"span_1_of_3","23":"owp-content-center","24":"owp-thumbs-layout-horizontal","25":"owp-btn-normal","26":"owp-tabs-layout-horizontal","27":"has-no-thumbnails"},"aioseo_notices":[],"_links":{"self":[{"href":"https:\/\/mailtoticket.com\/tr\/wp-json\/wp\/v2\/product\/3963","targetHints":{"allow":["GET"]}}],"collection":[{"href":"https:\/\/mailtoticket.com\/tr\/wp-json\/wp\/v2\/product"}],"about":[{"href":"https:\/\/mailtoticket.com\/tr\/wp-json\/wp\/v2\/types\/product"}],"replies":[{"embeddable":true,"href":"https:\/\/mailtoticket.com\/tr\/wp-json\/wp\/v2\/comments?post=3963"}],"version-history":[{"count":8,"href":"https:\/\/mailtoticket.com\/tr\/wp-json\/wp\/v2\/product\/3963\/revisions"}],"predecessor-version":[{"id":11634,"href":"https:\/\/mailtoticket.com\/tr\/wp-json\/wp\/v2\/product\/3963\/revisions\/11634"}],"wp:featuredmedia":[{"embeddable":true,"href":"https:\/\/mailtoticket.com\/tr\/wp-json\/wp\/v2\/media\/4932"}],"wp:attachment":[{"href":"https:\/\/mailtoticket.com\/tr\/wp-json\/wp\/v2\/media?parent=3963"}],"wp:term":[{"taxonomy":"product_brand","embeddable":true,"href":"https:\/\/mailtoticket.com\/tr\/wp-json\/wp\/v2\/product_brand?post=3963"},{"taxonomy":"product_cat","embeddable":true,"href":"https:\/\/mailtoticket.com\/tr\/wp-json\/wp\/v2\/product_cat?post=3963"},{"taxonomy":"product_tag","embeddable":true,"href":"https:\/\/mailtoticket.com\/tr\/wp-json\/wp\/v2\/product_tag?post=3963"}],"curies":[{"name":"wp","href":"https:\/\/api.w.org\/{rel}","templated":true}]}}