{"id":3996,"date":"2024-03-07T04:48:53","date_gmt":"2024-03-07T01:48:53","guid":{"rendered":"http:\/\/mailtoticket.com\/?post_type=product&#038;p=3996"},"modified":"2024-10-23T14:45:12","modified_gmt":"2024-10-23T11:45:12","slug":"flexibot-ozel-islevsellik-modulleri","status":"publish","type":"product","link":"https:\/\/mailtoticket.com\/tr\/shop\/flexibot-ozel-islevsellik-modulleri\/","title":{"rendered":"FlexiBot \u00d6zel \u0130\u015flevsellik Mod\u00fclleri"},"content":{"rendered":"<p><strong>FlexiBot \u00c7\u00f6z\u00fcmleri &#8211; Devrim Niteli\u011finde Yapay Zeka Destekli M\u00fc\u015fteri Etkile\u015fim Platformu<\/strong><\/p>\n<p><strong>FlexiBot \u00c7\u00f6z\u00fcmleri<\/strong>, i\u015fletmenizin \u00f6zel ihtiya\u00e7lar\u0131n\u0131 kar\u015f\u0131lamak \u00fczere tasarlanm\u0131\u015f <strong>Yapay Zeka destekli bir chatbot<\/strong>, geli\u015fmi\u015f bir <strong>\u0130\u00e7erik Y\u00f6netim Sistemi (CMS)<\/strong> ve <strong>\u00f6zelle\u015ftirilebilir i\u015flevsellik<\/strong> sunan devrim niteli\u011finde bir platformdur. Esneklik g\u00f6z \u00f6n\u00fcnde bulundurularak tasarlanan <strong>FlexiBot<\/strong>, kargo sipari\u015f durumlar\u0131n\u0131 kontrol etmekten sat\u0131\u015flar\u0131 art\u0131rmaya, rezervasyonlar\u0131 y\u00f6netmeye ve detayl\u0131 \u00fcr\u00fcn bilgileri sunmaya kadar bir\u00e7ok g\u00f6revi ba\u015far\u0131yla yerine getirir.<\/p>\n","protected":false},"excerpt":{"rendered":"<div class=\"flex-1 overflow-hidden\">\n<div class=\"react-scroll-to-bottom--css-dhsvn-79elbk h-full\">\n<div class=\"react-scroll-to-bottom--css-dhsvn-1n7m0yu\">\n<div class=\"flex flex-col text-sm pb-9\">\n<div class=\"w-full text-token-text-primary\" data-testid=\"conversation-turn-65\">\n<div class=\"px-4 py-2 justify-center text-base md:gap-6 m-auto\">\n<div class=\"flex flex-1 text-base mx-auto gap-3 md:px-5 lg:px-1 xl:px-5 md:max-w-3xl lg:max-w-[40rem] xl:max-w-[48rem] group final-completion\">\n<div class=\"relative flex w-full flex-col agent-turn\">\n<div class=\"flex-col gap-1 md:gap-3\">\n<div class=\"flex flex-grow flex-col max-w-full\">\n<div class=\"text-message flex flex-col items-start gap-3 whitespace-pre-wrap break-words [.text-message+&amp;]:mt-5 overflow-x-auto\" data-message-author-role=\"assistant\" data-message-id=\"334101f7-3327-487c-8f36-b462aa44862d\">\n<div class=\"markdown prose w-full break-words dark:prose-invert light\">\n<p>Anahtar \u00d6zellikler:<\/p>\n<p>\u00d6zel \u0130\u015flevselliklere Sahip AI Sohbet Botu: FlexiBot \u00c7\u00f6z\u00fcmleri&#8217;nin merkezinde, i\u015fletmenizin ihtiya\u00e7lar\u0131na uygun geni\u015f bir g\u00f6rev yelpazesine uyum sa\u011flayabilen bir AI destekli sohbet botu bulunmaktad\u0131r. Sat\u0131\u015flar\u0131 art\u0131rmak, rezervasyonlar\u0131 y\u00f6netmek, \u00fcr\u00fcn sorular\u0131n\u0131 yan\u0131tlamak veya nakliye sipari\u015f durumlar\u0131n\u0131 kontrol etmek i\u00e7in olsun, AI sohbet botumuz ola\u011fan\u00fcst\u00fc performans sunmak \u00fczere \u00f6zelle\u015ftirilebilir.<\/p>\n<p>CMS Entegrasyonu: G\u00fc\u00e7l\u00fc bir CMS ile entegre edilen FlexiBot \u00c7\u00f6z\u00fcmleri, t\u00fcm m\u00fc\u015fteri etkile\u015fimlerinin yakaland\u0131\u011f\u0131, d\u00fczenlendi\u011fi ve eri\u015filebilir oldu\u011fundan emin olur. Bu \u00f6zellik, i\u00e7erik ve m\u00fc\u015fteri verilerinin kolay y\u00f6netimine olanak tan\u0131r ve m\u00fc\u015fteri hizmetleri ekibinizin verimlili\u011fini art\u0131r\u0131r.<\/p>\n<p>Uyarlanabilir Fiyatland\u0131rma Modeli: \u0130\u015fletmelerin de\u011fi\u015fen ihtiya\u00e7lar\u0131n\u0131 anlayarak, FlexiBot \u00c7\u00f6z\u00fcmleri, g\u00fcnl\u00fck sohbet talepleri say\u0131s\u0131na ve AI botunun se\u00e7ilen i\u015flevselli\u011fine g\u00f6re adapte olan benzersiz bir fiyatland\u0131rma modeli sunar. Bu esnek yakla\u015f\u0131m, ihtiyac\u0131n\u0131z olan\u0131 \u00f6demek i\u00e7in gerekeni sa\u011flar ve t\u00fcm boyutlardaki i\u015fletmeler i\u00e7in maliyet etkin bir \u00e7\u00f6z\u00fcm sunar.<\/p>\n<p>\u00d6zel \u0130\u015flevsellik Kurulumu: Her i\u015flevsellik kurulumu, nakliye sipari\u015f durumu kontrol\u00fc, sat\u0131\u015flar\u0131 art\u0131rma, rezervasyonlar veya \u00fcr\u00fcn bilgisi gibi, 399 USD&#8217;lik bir kurulum \u00fccreti ile sunulmaktad\u0131r. Bu bir defal\u0131k \u00fccret, AI sohbet botunun i\u015fletmenizin operasyonlar\u0131 i\u00e7in kritik olan belirli i\u015flevleri m\u00fckemmel \u015fekilde kar\u015f\u0131lamas\u0131 i\u00e7in tasarlanm\u0131\u015ft\u0131r.<\/p>\n<p>Ayl\u0131k Abonelik: \u0130lk kurulumdan sonra, FlexiBot \u00c7\u00f6z\u00fcmleri ayl\u0131k 199 USD kar\u015f\u0131l\u0131\u011f\u0131nda kullan\u0131labilir. Bu \u00fccret, AI sohbet botunun, CMS entegrasyonunun ve t\u00fcm \u00f6zel i\u015flevselli\u011fe eri\u015fimin yan\u0131 s\u0131ra, d\u00fczenli g\u00fcncellemeler ve premium destek hizmetini i\u00e7erir.<\/p>\n<p>Fiyatland\u0131rma:<\/p>\n<p>\u00d6zel \u0130\u015flevsellik Kurulumu: 399 USD (Bir defaya mahsus \u00fccret). Ayl\u0131k Abonelik: G\u00fcnl\u00fck sohbet talepleri say\u0131s\u0131na ve AI botunun se\u00e7ilen i\u015flevselli\u011fine g\u00f6re adapte olan 199 USD.<\/p>\n<p>FlexiBot \u00c7\u00f6z\u00fcmleri, m\u00fc\u015fteri hizmetlerinizi ve operasyonel yeteneklerinizi y\u00fckseltmeyi hedefleyen i\u015fletmeler i\u00e7in son derece uygun maliyetli bir \u00e7\u00f6z\u00fcmd\u00fcr. \u00d6zelle\u015ftirilebilir i\u015flevselli\u011fi, \u00f6l\u00e7eklenebilir fiyatland\u0131rma modeli ve entegre CMS ile, m\u00fc\u015fteri etkile\u015fim ihtiya\u00e7lar\u0131n\u0131z\u0131 kar\u015f\u0131lamak ve a\u015fmak i\u00e7in kapsaml\u0131 bir \u00e7\u00f6z\u00fcm sunar. \u0130\u015fletmenizin m\u00fc\u015fteri hizmetleri stratejisini tam potansiyelinde kullanmak i\u00e7in bug\u00fcn FlexiBot \u00c7\u00f6z\u00fcmleri&#8217;ne yat\u0131r\u0131m yap\u0131n.<\/p>\n<p>AI veri kullan\u0131m\u0131, AI sohbet botunun \u00e7al\u0131\u015fmas\u0131 i\u00e7in gereken veri miktar\u0131n\u0131 ifade eder. \u00d6rne\u011fin, OpenAI (GPT modelleri) ve Anthropic (Claude modelleri) gibi AI modelleri, bir token\u0131 yakla\u015f\u0131k 3-4 karakter olarak kabul eder. Sohbet botu sistemimizde, AI veri kullan\u0131m\u0131 \u00f6zelliklerimize g\u00f6re de\u011fi\u015fir. Her hesap ayl\u0131k olarak 1 M (1 milyon) veri kullan\u0131m hakk\u0131na sahiptir. Bu kota a\u015f\u0131ld\u0131\u011f\u0131nda, sistem otomatik olarak durdurulacakt\u0131r. Ayl\u0131k 15 USD kar\u015f\u0131l\u0131\u011f\u0131nda, ek veri kullan\u0131m hakk\u0131 sat\u0131n alabilirsiniz. Bu \u00fccret, AI sohbet botunun veri i\u015fleme kapasitesini art\u0131rmak i\u00e7in kullan\u0131l\u0131r ve daha fazla veri kullan\u0131m\u0131 sa\u011flar.<\/p>\n<\/div>\n<\/div>\n<\/div>\n<div class=\"mt-1 flex justify-start gap-3 empty:hidden\">\n<div class=\"text-gray-400 flex self-end lg:self-center justify-center lg:justify-start mt-0 -ml-1 h-7 visible\"><\/div>\n<\/div>\n<\/div>\n<\/div>\n<\/div>\n<\/div>\n<\/div>\n<\/div>\n<\/div>\n<\/div>\n<\/div>\n<div class=\"w-full pt-2 md:pt-0 dark:border-white\/20 md:border-transparent md:dark:border-transparent md:w-[calc(100%-.5rem)]\">\n<form class=\"stretch mx-2 flex flex-row gap-3 last:mb-2 md:mx-4 md:last:mb-6 lg:mx-auto lg:max-w-2xl xl:max-w-3xl\">\n<div class=\"relative flex h-full flex-1 flex-col\">\n<div class=\"flex w-full items-center\"><\/div>\n<\/div>\n<\/form>\n<\/div>\n<table style=\"width: 100%; border-collapse: collapse;\">\n<thead>\n<tr style=\"background-color: #f2f2f2;\">\n<th style=\"border: 1px solid #ddd; padding: 8px;\"><span style=\"font-weight: 400;\">Provider<\/span><\/th>\n<th style=\"border: 1px solid #ddd; padding: 8px;\"><span style=\"font-weight: 400;\">Model<\/span><\/th>\n<th style=\"border: 1px solid #ddd; padding: 8px;\"><span style=\"font-weight: 400;\">Input Tokens (Credits\/1000)<\/span><\/th>\n<th style=\"border: 1px solid #ddd; padding: 8px;\"><span style=\"font-weight: 400;\">Output Tokens (Credits\/1000)<\/span><\/th>\n<\/tr>\n<\/thead>\n<tbody>\n<tr>\n<td style=\"border: 1px solid #ddd; padding: 8px;\">GPT-4o &#8211; OpenAI<\/td>\n<td style=\"border: 1px solid #ddd; padding: 8px;\">gpt-4o<\/td>\n<td style=\"border: 1px solid #ddd; padding: 8px;\">10 Credits<\/td>\n<td style=\"border: 1px solid #ddd; padding: 8px;\">35 Credits<\/td>\n<\/tr>\n<tr>\n<td style=\"border: 1px solid #ddd; padding: 8px;\">GPT-4o Mini &#8211; OpenAI<\/td>\n<td style=\"border: 1px solid #ddd; padding: 8px;\">gpt-4o-mini<\/td>\n<td style=\"border: 1px solid #ddd; padding: 8px;\">1 Credit<\/td>\n<td style=\"border: 1px solid #ddd; padding: 8px;\">1 Credit<\/td>\n<\/tr>\n<tr>\n<td style=\"border: 1px solid #ddd; padding: 8px;\">Finetuned 4o-mini UIEngine &#8211; EXPERIMENTAL<\/td>\n<td style=\"border: 1px solid #ddd; padding: 8px;\">ft:gpt-4o-mini-2024-07-18<\/td>\n<td style=\"border: 1px solid #ddd; padding: 8px;\">1 Credit<\/td>\n<td style=\"border: 1px solid #ddd; padding: 8px;\">1 Credit<\/td>\n<\/tr>\n<tr>\n<td style=\"border: 1px solid #ddd; padding: 8px;\">GPT-4 32k Turbo &#8211; OpenAI<\/td>\n<td style=\"border: 1px solid #ddd; padding: 8px;\">gpt-4-32k<\/td>\n<td style=\"border: 1px solid #ddd; padding: 8px;\">90 Credits<\/td>\n<td style=\"border: 1px solid #ddd; padding: 8px;\">190 Credits<\/td>\n<\/tr>\n<tr>\n<td style=\"border: 1px solid #ddd; padding: 8px;\">GPT-4 Turbo &#8211; OpenAI<\/td>\n<td style=\"border: 1px solid #ddd; padding: 8px;\">gpt-4<\/td>\n<td style=\"border: 1px solid #ddd; padding: 8px;\">45 Credits<\/td>\n<td style=\"border: 1px solid #ddd; padding: 8px;\">25 Credits<\/td>\n<\/tr>\n<tr>\n<td style=\"border: 1px solid #ddd; padding: 8px;\">GPT-3.5 Turbo 16k &#8211; OpenAI<\/td>\n<td style=\"border: 1px solid #ddd; padding: 8px;\">gpt-3.5-turbo-16k<\/td>\n<td style=\"border: 1px solid #ddd; padding: 8px;\">6 Credits<\/td>\n<td style=\"border: 1px solid #ddd; padding: 8px;\">8 Credits<\/td>\n<\/tr>\n<tr>\n<td style=\"border: 1px solid #ddd; padding: 8px;\">GPT-3.5 Turbo &#8211; OpenAI<\/td>\n<td style=\"border: 1px solid #ddd; padding: 8px;\">gpt-3.5-turbo<\/td>\n<td style=\"border: 1px solid #ddd; padding: 8px;\">2 Credits<\/td>\n<td style=\"border: 1px solid #ddd; padding: 8px;\">4 Credits<\/td>\n<\/tr>\n<tr>\n<td style=\"border: 1px solid #ddd; padding: 8px;\">Claude 3.5 Sonnet &#8211; Anthropic<\/td>\n<td style=\"border: 1px solid #ddd; padding: 8px;\">claude-3-5-sonnet-20240620<\/td>\n<td style=\"border: 1px solid #ddd; padding: 8px;\">10 Credits<\/td>\n<td style=\"border: 1px solid #ddd; padding: 8px;\">35 Credits<\/td>\n<\/tr>\n<tr>\n<td style=\"border: 1px solid #ddd; padding: 8px;\">Claude 3 Opus &#8211; Anthropic<\/td>\n<td style=\"border: 1px solid #ddd; padding: 8px;\">claude-3-opus-20240229<\/td>\n<td style=\"border: 1px solid #ddd; padding: 8px;\">30 Credits<\/td>\n<td style=\"border: 1px solid #ddd; padding: 8px;\">90 Credits<\/td>\n<\/tr>\n<tr>\n<td style=\"border: 1px solid #ddd; padding: 8px;\">Claude 3 Sonnet &#8211; Anthropic<\/td>\n<td style=\"border: 1px solid #ddd; padding: 8px;\">claude-3-sonnet-20240229<\/td>\n<td style=\"border: 1px solid #ddd; padding: 8px;\">12 Credits<\/td>\n<td style=\"border: 1px solid #ddd; padding: 8px;\">30 Credits<\/td>\n<\/tr>\n<tr>\n<td style=\"border: 1px solid #ddd; padding: 8px;\">Claude 3 Haiku &#8211; Anthropic<\/td>\n<td style=\"border: 1px solid #ddd; padding: 8px;\">claude-3-haiku-20240307<\/td>\n<td style=\"border: 1px solid #ddd; padding: 8px;\">1 Credit<\/td>\n<td style=\"border: 1px solid #ddd; padding: 8px;\">2 Credits<\/td>\n<\/tr>\n<tr>\n<td style=\"border: 1px solid #ddd; padding: 8px;\">Gemini 1.5 Pro &#8211; Google<\/td>\n<td style=\"border: 1px solid #ddd; padding: 8px;\">gemini-1.5-pro<\/td>\n<td style=\"border: 1px solid #ddd; padding: 8px;\">8 Credits<\/td>\n<td style=\"border: 1px solid #ddd; padding: 8px;\">12 Credits<\/td>\n<\/tr>\n<tr>\n<td style=\"border: 1px solid #ddd; padding: 8px;\">Gemini 1.5 Flash &#8211; Google<\/td>\n<td style=\"border: 1px solid #ddd; padding: 8px;\">gemini-1.5-flash<\/td>\n<td style=\"border: 1px solid #ddd; padding: 8px;\">1 Credit<\/td>\n<td style=\"border: 1px solid #ddd; padding: 8px;\">1 Credit<\/td>\n<\/tr>\n<tr>\n<td style=\"border: 1px solid #ddd; padding: 8px;\">Gemini 1.0 Pro &#8211; Google<\/td>\n<td style=\"border: 1px solid #ddd; padding: 8px;\">gemini-1.0-pro<\/td>\n<td style=\"border: 1px solid #ddd; padding: 8px;\">1 Credit<\/td>\n<td style=\"border: 1px solid #ddd; padding: 8px;\">1 Credit<\/td>\n<\/tr>\n<tr>\n<td style=\"border: 1px solid #ddd; padding: 8px;\">LLaMA3.2 90b &#8211; Groq<\/td>\n<td style=\"border: 1px solid #ddd; padding: 8px;\">llama-3.2-90b-text-preview<\/td>\n<td style=\"border: 1px solid #ddd; padding: 8px;\">2 Credits<\/td>\n<td style=\"border: 1px solid #ddd; padding: 8px;\">5 Credits<\/td>\n<\/tr>\n<tr>\n<td style=\"border: 1px solid #ddd; padding: 8px;\">LLaMA3.2 11b &#8211; Groq<\/td>\n<td style=\"border: 1px solid #ddd; padding: 8px;\">llama-3.2-11b-text-preview<\/td>\n<td style=\"border: 1px solid #ddd; padding: 8px;\">1 Credit<\/td>\n<td style=\"border: 1px solid #ddd; padding: 8px;\">1 Credit<\/td>\n<\/tr>\n<\/tbody>\n<\/table>\n","protected":false},"featured_media":5012,"comment_status":"open","ping_status":"closed","template":"","meta":{"om_disable_all_campaigns":false,"_monsterinsights_skip_tracking":false,"_monsterinsights_sitenote_active":false,"_monsterinsights_sitenote_note":"","_monsterinsights_sitenote_category":0},"product_brand":[],"product_cat":[270,180],"product_tag":[],"class_list":{"0":"post-3996","1":"product","2":"type-product","3":"status-publish","4":"has-post-thumbnail","6":"product_cat-ai-chat-bot-tr","7":"product_cat-cms-tr","8":"entry","9":"has-media","12":"first","13":"instock","14":"sale","15":"downloadable","16":"virtual","17":"taxable","18":"purchasable","19":"product-type-simple","20":"has-product-nav","21":"col","22":"span_1_of_3","23":"owp-content-center","24":"owp-thumbs-layout-horizontal","25":"owp-btn-normal","26":"owp-tabs-layout-horizontal"},"aioseo_notices":[],"_links":{"self":[{"href":"https:\/\/mailtoticket.com\/tr\/wp-json\/wp\/v2\/product\/3996","targetHints":{"allow":["GET"]}}],"collection":[{"href":"https:\/\/mailtoticket.com\/tr\/wp-json\/wp\/v2\/product"}],"about":[{"href":"https:\/\/mailtoticket.com\/tr\/wp-json\/wp\/v2\/types\/product"}],"replies":[{"embeddable":true,"href":"https:\/\/mailtoticket.com\/tr\/wp-json\/wp\/v2\/comments?post=3996"}],"version-history":[{"count":3,"href":"https:\/\/mailtoticket.com\/tr\/wp-json\/wp\/v2\/product\/3996\/revisions"}],"predecessor-version":[{"id":11593,"href":"https:\/\/mailtoticket.com\/tr\/wp-json\/wp\/v2\/product\/3996\/revisions\/11593"}],"wp:featuredmedia":[{"embeddable":true,"href":"https:\/\/mailtoticket.com\/tr\/wp-json\/wp\/v2\/media\/5012"}],"wp:attachment":[{"href":"https:\/\/mailtoticket.com\/tr\/wp-json\/wp\/v2\/media?parent=3996"}],"wp:term":[{"taxonomy":"product_brand","embeddable":true,"href":"https:\/\/mailtoticket.com\/tr\/wp-json\/wp\/v2\/product_brand?post=3996"},{"taxonomy":"product_cat","embeddable":true,"href":"https:\/\/mailtoticket.com\/tr\/wp-json\/wp\/v2\/product_cat?post=3996"},{"taxonomy":"product_tag","embeddable":true,"href":"https:\/\/mailtoticket.com\/tr\/wp-json\/wp\/v2\/product_tag?post=3996"}],"curies":[{"name":"wp","href":"https:\/\/api.w.org\/{rel}","templated":true}]}}