{"id":3998,"date":"2024-03-09T08:41:28","date_gmt":"2024-03-09T08:41:28","guid":{"rendered":"http:\/\/mailtoticket.com\/?post_type=product&#038;p=3998"},"modified":"2024-05-26T10:43:23","modified_gmt":"2024-05-26T10:43:23","slug":"sosyal-medya-messenger-entegrasyonu","status":"publish","type":"product","link":"https:\/\/mailtoticket.com\/tr\/shop\/sosyal-medya-messenger-entegrasyonu\/","title":{"rendered":"Sosyal Medya Messenger Entegrasyonu"},"content":{"rendered":"<p>Sosyal Medya Messenger Entegrasyonu, FlexiBot Solutions platformunun vazge\u00e7ilmez bir eklentisidir ve AI sohbet botunuzun WhatsApp, Facebook Messenger, Instagram ve Telegram gibi en pop\u00fcler sosyal medya mesajla\u015fma platformlar\u0131nda eri\u015fimini ve i\u015flevselli\u011fini geni\u015fletmek \u00fczere tasarlanm\u0131\u015ft\u0131r. Bu entegrasyon, i\u015fletmenizin m\u00fc\u015fterilerle tercih ettikleri ileti\u015fim kanallar\u0131nda ba\u011flant\u0131 kurmas\u0131n\u0131 sa\u011flar ve AI destekli konu\u015fmalar arac\u0131l\u0131\u011f\u0131yla sorunsuz ve ki\u015fiselle\u015ftirilmi\u015f etkile\u015fimler sunar.<\/p>\n<p>&nbsp;<\/p>\n","protected":false},"excerpt":{"rendered":"<p>Anahtar \u00d6zellikler:<\/p>\n<p>Geni\u015f Platform Kapsam\u0131: Bu ek, AI sohbet botunuzun WhatsApp, Facebook Messenger, Instagram ve Telegram gibi birden fazla sosyal medya mesajla\u015fma platformunda \u00e7al\u0131\u015fmas\u0131n\u0131 sa\u011flar, b\u00f6ylece m\u00fc\u015fterileriniz i\u00e7in geni\u015f eri\u015filebilirlik ve kolayl\u0131k sa\u011flar.<\/p>\n<p>Her Platform \u0130\u00e7in Bir Defaya Mahsus Kurulum \u00dccreti: Bu \u00f6nemli ileti\u015fim kanallar\u0131na kolay eri\u015fimi kolayla\u015ft\u0131rmak i\u00e7in, her platform entegrasyonu bir defaya mahsus 499 USD&#8217;lik bir kurulum \u00fccretiyle sunulmaktad\u0131r. Bu \u00fccret, AI sohbet botunuzun her platformun belirli mesajla\u015fma ekosistemi i\u00e7inde sorunsuz \u00e7al\u0131\u015fmas\u0131 i\u00e7in \u00f6zelle\u015ftirme ve entegrasyonu i\u00e7erir.<\/p>\n<p>Birle\u015ftirilmi\u015f M\u00fc\u015fteri Deneyimi: Platformlar\u0131n \u00e7oklu\u011funa ra\u011fmen, entegrasyon, AI sohbet botunun yeteneklerinden faydalanarak t\u00fcm kanallarda tutarl\u0131 ve birle\u015ftirilmi\u015f bir m\u00fc\u015fteri deneyimi sa\u011flar, b\u00f6ylece h\u0131zl\u0131, do\u011fru ve ki\u015fiselle\u015ftirilmi\u015f destek sunar.<\/p>\n<p>Artan Etkile\u015fim: M\u00fc\u015fterilere olduklar\u0131 yerden ula\u015farak, bu ek \u00f6nemli \u00f6l\u00e7\u00fcde m\u00fc\u015fteri etkile\u015fimini art\u0131r\u0131r, i\u015fletmelere daha geni\u015f bir kitleye ula\u015fma ve m\u00fc\u015fteri taban\u0131yla daha derin ba\u011flar kurma imkan\u0131 sa\u011flar.<\/p>\n<p>Analitik ve Bilgiler: FlexiBot Solutions&#8217;\u0131n analitik paneliyle entegre edilen bu ek, i\u015fletmelerin t\u00fcm sosyal medya mesajla\u015fma platformlar\u0131nda performans\u0131, m\u00fc\u015fteri etkile\u015fimi ve etkile\u015fim kalitesini takip etmelerini sa\u011flar, b\u00f6ylece m\u00fc\u015fteri hizmetleri iyile\u015ftirmesi i\u00e7in veri odakl\u0131 stratejiler geli\u015ftirilmesine olanak tan\u0131r.<\/p>\n<p>Fiyatland\u0131rma:<\/p>\n<p>Sosyal Medya Messenger Entegrasyonu Kurulumu: 499 USD platform ba\u015f\u0131na (Bir defaya mahsus \u00fccret). Bu yat\u0131r\u0131m, her se\u00e7ilen sosyal medya mesajla\u015fma platformunun FlexiBot Solutions AI sohbet botunuzla tam entegre oldu\u011fundan emin olur ve m\u00fc\u015fterilerinizin en aktif oldu\u011fu yerlerde etkili ve verimli m\u00fc\u015fteri etkile\u015fimleri sa\u011flar. Sosyal Medya Messenger Entegrasyonu eklentisi, i\u015fletmelerin pop\u00fcler sosyal medya kanallar\u0131 arac\u0131l\u0131\u011f\u0131yla ula\u015f\u0131m\u0131n\u0131 maksimize etmeyi ve m\u00fc\u015fteri hizmetlerini geli\u015ftirmeyi ama\u00e7layan m\u00fckemmel bir se\u00e7enektir. Bu entegrasyon sayesinde, FlexiBot Solutions yaln\u0131zca daha esnek ve eri\u015filebilir hale gelmekle kalmaz, ayn\u0131 zamanda i\u015fletmelere izleyicileriyle daha ki\u015fisel ve an\u0131nda bir d\u00fczeyde etkile\u015fim kurma g\u00fcc\u00fc verir, b\u00f6ylece m\u00fc\u015fteri memnuniyeti ve sadakatini art\u0131r\u0131r.<\/p>\n<p>AI Veri Kullan\u0131m\u0131 Bilgilendirmesi:<\/p>\n<p>AI veri kullan\u0131m\u0131, AI sohbet botunun \u00e7al\u0131\u015fmas\u0131 i\u00e7in gereken veri miktar\u0131n\u0131 ifade eder. \u00d6rne\u011fin, OpenAI (GPT modelleri) ve Anthropic (Claude modelleri) gibi AI modelleri, bir token\u0131 yakla\u015f\u0131k 3-4 karakter olarak kabul eder. Sohbet botu sistemimizde, AI veri kullan\u0131m\u0131 \u00f6zelliklerimize g\u00f6re de\u011fi\u015fir. Her hesap ayl\u0131k olarak 1 M (1 milyon) veri kullan\u0131m hakk\u0131na sahiptir. Bu kota a\u015f\u0131ld\u0131\u011f\u0131nda, sistem otomatik olarak durdurulacakt\u0131r. Ayl\u0131k 15 USD kar\u015f\u0131l\u0131\u011f\u0131nda, ek veri kullan\u0131m hakk\u0131 sat\u0131n alabilirsiniz. Bu \u00fccret, AI sohbet botunun veri i\u015fleme kapasitesini art\u0131rmak i\u00e7in kullan\u0131l\u0131r ve daha fazla veri kullan\u0131m\u0131 sa\u011flar.<\/p>\n","protected":false},"featured_media":4942,"comment_status":"open","ping_status":"closed","template":"","meta":{"om_disable_all_campaigns":false,"_monsterinsights_skip_tracking":false,"_monsterinsights_sitenote_active":false,"_monsterinsights_sitenote_note":"","_monsterinsights_sitenote_category":0},"product_brand":[],"product_cat":[180,179],"product_tag":[],"class_list":{"0":"post-3998","1":"product","2":"type-product","3":"status-publish","4":"has-post-thumbnail","6":"product_cat-cms-tr","7":"product_cat-yapay-zeka","8":"entry","9":"has-media","12":"first","13":"instock","14":"sale","15":"downloadable","16":"virtual","17":"taxable","18":"purchasable","19":"product-type-simple","20":"has-product-nav","21":"col","22":"span_1_of_3","23":"owp-content-center","24":"owp-thumbs-layout-horizontal","25":"owp-btn-normal","26":"owp-tabs-layout-horizontal","27":"has-no-thumbnails"},"aioseo_notices":[],"_links":{"self":[{"href":"https:\/\/mailtoticket.com\/tr\/wp-json\/wp\/v2\/product\/3998","targetHints":{"allow":["GET"]}}],"collection":[{"href":"https:\/\/mailtoticket.com\/tr\/wp-json\/wp\/v2\/product"}],"about":[{"href":"https:\/\/mailtoticket.com\/tr\/wp-json\/wp\/v2\/types\/product"}],"replies":[{"embeddable":true,"href":"https:\/\/mailtoticket.com\/tr\/wp-json\/wp\/v2\/comments?post=3998"}],"version-history":[{"count":1,"href":"https:\/\/mailtoticket.com\/tr\/wp-json\/wp\/v2\/product\/3998\/revisions"}],"predecessor-version":[{"id":3999,"href":"https:\/\/mailtoticket.com\/tr\/wp-json\/wp\/v2\/product\/3998\/revisions\/3999"}],"wp:featuredmedia":[{"embeddable":true,"href":"https:\/\/mailtoticket.com\/tr\/wp-json\/wp\/v2\/media\/4942"}],"wp:attachment":[{"href":"https:\/\/mailtoticket.com\/tr\/wp-json\/wp\/v2\/media?parent=3998"}],"wp:term":[{"taxonomy":"product_brand","embeddable":true,"href":"https:\/\/mailtoticket.com\/tr\/wp-json\/wp\/v2\/product_brand?post=3998"},{"taxonomy":"product_cat","embeddable":true,"href":"https:\/\/mailtoticket.com\/tr\/wp-json\/wp\/v2\/product_cat?post=3998"},{"taxonomy":"product_tag","embeddable":true,"href":"https:\/\/mailtoticket.com\/tr\/wp-json\/wp\/v2\/product_tag?post=3998"}],"curies":[{"name":"wp","href":"https:\/\/api.w.org\/{rel}","templated":true}]}}