{"id":4000,"date":"2024-03-09T08:46:21","date_gmt":"2024-03-09T08:46:21","guid":{"rendered":"http:\/\/mailtoticket.com\/?post_type=product&#038;p=4000"},"modified":"2025-04-13T13:46:09","modified_gmt":"2025-04-13T10:46:09","slug":"quickstart-entegrasyon-paketi","status":"publish","type":"product","link":"https:\/\/mailtoticket.com\/tr\/shop\/quickstart-entegrasyon-paketi\/","title":{"rendered":"QuickStart Entegrasyon Paketi"},"content":{"rendered":"<p>QuickStart Entegrasyon Paketi, sofistike yaz\u0131l\u0131m ara\u00e7lar\u0131n\u0131n i\u015fletmenizin mevcut dijital altyap\u0131s\u0131na sorunsuz bir \u015fekilde entegrasyonunu h\u0131zland\u0131rmay\u0131 ama\u00e7layan nihai bir bir defaya mahsus kurulum \u00e7\u00f6z\u00fcm\u00fcd\u00fcr. Bu \u00fcr\u00fcn, tipik entegrasyon s\u00fcre\u00e7lerindeki karma\u015f\u0131kl\u0131klardan ve zaman al\u0131c\u0131 i\u015flemlerden ka\u00e7\u0131nmak isteyen organizasyonlar i\u00e7in \u00f6zel olarak tasarlanm\u0131\u015ft\u0131r. Tek seferlik bir kurulum ve kurulum \u00fccreti ile QuickStart, i\u015fletmenizin operasyonel verimlili\u011fini ve dijital yeteneklerini art\u0131rmak i\u00e7in maliyet etkin bir yol sunar.<\/p>\n<p>&nbsp;<\/p>\n","protected":false},"excerpt":{"rendered":"<p>Anahtar \u00d6zellikler:<\/p>\n<p>Uzman Kurulum: Yeni yaz\u0131l\u0131m\u0131n\u0131z\u0131n mevcut sistemlerinizle sorunsuz bir \u015fekilde entegre edilmesini sa\u011flayacak olan uzman ekibimizden faydalan\u0131n. Uzmanlar\u0131m\u0131z \u00e7e\u015fitli dijital ortamlarda deneyimlidir ve kurulumun d\u00fczg\u00fcn ve verimli bir \u015fekilde ger\u00e7ekle\u015fmesini garanti ederler. \u00d6zelle\u015ftirilmi\u015f Yap\u0131land\u0131rma: QuickStart, herkese uygun bir \u00e7\u00f6z\u00fcm de\u011fildir. Kurulumu, belirli i\u015f ihtiya\u00e7lar\u0131na ve hedeflerinize uyacak \u015fekilde \u00f6zelle\u015ftiririz, b\u00f6ylece yeni yaz\u0131l\u0131m eklemesi sizin i\u00e7in m\u00fckemmel \u00e7al\u0131\u015f\u0131r. H\u0131zl\u0131 Da\u011f\u0131t\u0131m: G\u00fcn\u00fcm\u00fcz h\u0131zl\u0131 tempolu i\u015f d\u00fcnyas\u0131nda zaman \u00e7ok \u00f6nemlidir. QuickStart Entegrasyon Paketi, da\u011f\u0131t\u0131m s\u00fcrecini h\u0131zland\u0131rmak i\u00e7in tasarlanm\u0131\u015ft\u0131r; b\u00f6ylece yeni yaz\u0131l\u0131m\u0131n avantajlar\u0131n\u0131 gecikmeden ya\u015fayabilirsiniz. Kapsaml\u0131 Testler: Optimal performans ve uyumluluk sa\u011flamak i\u00e7in, ekibimiz entegre edilen yaz\u0131l\u0131m\u0131 ortam\u0131n\u0131zda kapsaml\u0131 bir \u015fekilde test eder ve herhangi bir sorunu i\u015fletmelerinizi etkilemeden \u00f6nce \u00e7\u00f6zer. E\u011fitim ve Destek: QuickStart, ekibiniz i\u00e7in ba\u015flang\u0131\u00e7 e\u011fitimi oturumu ile gelir ve yeni yaz\u0131l\u0131m\u0131n yeteneklerini maksimum d\u00fczeyde kullanabilmeleri i\u00e7in onlar\u0131 donat\u0131r. Ayr\u0131ca, sorunsuz bir ge\u00e7i\u015f sa\u011flamak i\u00e7in ba\u015flang\u0131\u00e7 adaptasyon d\u00f6neminde destek sunar\u0131z.<\/p>\n<p>Fiyatland\u0131rma:<\/p>\n<p>Kurulum ve Kurulum \u00dccreti: 199 USD (Bir defaya mahsus \u00fccret). Bu \u00fccret, QuickStart Entegrasyon Paketi&#8217;nin uzman kurulumu, \u00f6zelle\u015ftirilmi\u015f yap\u0131land\u0131rmas\u0131, h\u0131zl\u0131 da\u011f\u0131t\u0131m\u0131, kapsaml\u0131 testleri ve ba\u015flang\u0131\u00e7 e\u011fitimi ve destek a\u015famalar\u0131n\u0131 kapsar.<\/p>\n<p>QuickStart Entegrasyon Paketi ile Dijital Ekosisteminizi Y\u00fckseltin:<\/p>\n<p>QuickStart Entegrasyon Paketi, yeni teknolojileri etkili ve verimli bir \u015fekilde benimseme konusunda size ortak olur. Uzman kurulum ve kurulum hizmetimiz sayesinde, dijital ara\u00e7lar\u0131n\u0131z\u0131n tam potansiyelini h\u0131zla a\u00e7abilir ve i\u015fletmenizin rekabet\u00e7i ve \u00e7evik kalmas\u0131n\u0131 sa\u011flayabilirsiniz. Sorunsuz bir entegrasyon deneyimi i\u00e7in bug\u00fcn QuickStart&#8217;a yat\u0131r\u0131m yap\u0131n.<\/p>\n<p>AI Veri Kullan\u0131m\u0131 Bilgilendirmesi:<\/p>\n<p>AI veri kullan\u0131m\u0131, AI sohbet botunun \u00e7al\u0131\u015fmas\u0131 i\u00e7in gereken veri miktar\u0131n\u0131 ifade eder. \u00d6rne\u011fin, OpenAI (GPT modelleri) ve Anthropic (Claude modelleri) gibi AI modelleri, bir token\u0131 yakla\u015f\u0131k 3-4 karakter olarak kabul eder. Sohbet botu sistemimizde, AI veri kullan\u0131m\u0131 \u00f6zelliklerimize g\u00f6re de\u011fi\u015fir. Her hesap ayl\u0131k olarak 1 M (1 milyon) veri kullan\u0131m hakk\u0131na sahiptir. Bu kota a\u015f\u0131ld\u0131\u011f\u0131nda, sistem otomatik olarak durdurulacakt\u0131r. Ayl\u0131k 15 USD kar\u015f\u0131l\u0131\u011f\u0131nda, ek veri kullan\u0131m hakk\u0131 sat\u0131n alabilirsiniz. Bu \u00fccret, AI sohbet botunun veri i\u015fleme kapasitesini art\u0131rmak i\u00e7in kullan\u0131l\u0131r ve daha fazla veri kullan\u0131m\u0131 sa\u011flar.<\/p>\n","protected":false},"featured_media":4952,"comment_status":"open","ping_status":"closed","template":"","meta":{"om_disable_all_campaigns":false,"_monsterinsights_skip_tracking":false,"_monsterinsights_sitenote_active":false,"_monsterinsights_sitenote_note":"","_monsterinsights_sitenote_category":0},"product_brand":[],"product_cat":[180,179],"product_tag":[],"class_list":{"0":"post-4000","1":"product","2":"type-product","3":"status-publish","4":"has-post-thumbnail","6":"product_cat-cms-tr","7":"product_cat-yapay-zeka","8":"entry","9":"has-media","12":"first","13":"instock","14":"sale","15":"downloadable","16":"virtual","17":"taxable","18":"purchasable","19":"product-type-simple","20":"has-product-nav","21":"col","22":"span_1_of_3","23":"owp-content-center","24":"owp-thumbs-layout-horizontal","25":"owp-btn-normal","26":"owp-tabs-layout-horizontal","27":"has-no-thumbnails"},"aioseo_notices":[],"_links":{"self":[{"href":"https:\/\/mailtoticket.com\/tr\/wp-json\/wp\/v2\/product\/4000","targetHints":{"allow":["GET"]}}],"collection":[{"href":"https:\/\/mailtoticket.com\/tr\/wp-json\/wp\/v2\/product"}],"about":[{"href":"https:\/\/mailtoticket.com\/tr\/wp-json\/wp\/v2\/types\/product"}],"replies":[{"embeddable":true,"href":"https:\/\/mailtoticket.com\/tr\/wp-json\/wp\/v2\/comments?post=4000"}],"version-history":[{"count":1,"href":"https:\/\/mailtoticket.com\/tr\/wp-json\/wp\/v2\/product\/4000\/revisions"}],"predecessor-version":[{"id":4001,"href":"https:\/\/mailtoticket.com\/tr\/wp-json\/wp\/v2\/product\/4000\/revisions\/4001"}],"wp:featuredmedia":[{"embeddable":true,"href":"https:\/\/mailtoticket.com\/tr\/wp-json\/wp\/v2\/media\/4952"}],"wp:attachment":[{"href":"https:\/\/mailtoticket.com\/tr\/wp-json\/wp\/v2\/media?parent=4000"}],"wp:term":[{"taxonomy":"product_brand","embeddable":true,"href":"https:\/\/mailtoticket.com\/tr\/wp-json\/wp\/v2\/product_brand?post=4000"},{"taxonomy":"product_cat","embeddable":true,"href":"https:\/\/mailtoticket.com\/tr\/wp-json\/wp\/v2\/product_cat?post=4000"},{"taxonomy":"product_tag","embeddable":true,"href":"https:\/\/mailtoticket.com\/tr\/wp-json\/wp\/v2\/product_tag?post=4000"}],"curies":[{"name":"wp","href":"https:\/\/api.w.org\/{rel}","templated":true}]}}