{"id":4004,"date":"2024-03-09T08:56:20","date_gmt":"2024-03-09T08:56:20","guid":{"rendered":"http:\/\/mailtoticket.com\/?post_type=product&#038;p=4004"},"modified":"2025-05-29T01:54:22","modified_gmt":"2025-05-28T22:54:22","slug":"supportmaster-pro-yillik-indirim","status":"publish","type":"product","link":"https:\/\/mailtoticket.com\/tr\/shop\/supportmaster-pro-yillik-indirim\/","title":{"rendered":"SupportMaster Pro &#8211; (Y\u0131ll\u0131k &#8211; %20 indirim)"},"content":{"rendered":"<p><strong>SupportMaster Pro + Canl\u0131 Destek \ud83d\udde8\ufe0f + CMS \ud83d\udcc2<\/strong><\/p>\n<p><strong>SupportMaster Pro<\/strong>, <strong>ConversaBridge<\/strong>&#8216;in t\u00fcm g\u00fc\u00e7l\u00fc \u00f6zelliklerini, m\u00fc\u015fteri destek taleplerini toplamak ve y\u00f6netmek i\u00e7in merkezi bir <strong>CMS<\/strong> \ud83d\udcc2 (\u0130\u00e7erik Y\u00f6netim Sistemi) ile birle\u015ftirir. Bu hepsi bir arada \u00e7\u00f6z\u00fcm, her s\u00fcrecin takip edilmesini, m\u00fc\u015fterilerin bilgilendirilmesini ve i\u015flemlerin etkin bir \u015fekilde kaydedilmesini sa\u011flar. E\u011fer mevcut bir CMS&#8217;niz varsa, <strong>API<\/strong> ile sorunsuz bir \u015fekilde entegre edilebilir.<\/p>\n<p>&nbsp;<\/p>\n","protected":false},"excerpt":{"rendered":"<p>**\ud83d\ude80 SupportMaster Pro**<br \/>\n**SupportMaster Pro + Canl\u0131 Destek \ud83d\udde8\ufe0f + CMS \ud83d\udcc2**<\/p>\n<p>**SupportMaster Pro**, **ConversaBridge**&#8217;in t\u00fcm g\u00fc\u00e7l\u00fc \u00f6zelliklerini, m\u00fc\u015fteri destek taleplerini toplamak ve y\u00f6netmek i\u00e7in merkezi bir **CMS** \ud83d\udcc2 (\u0130\u00e7erik Y\u00f6netim Sistemi) ile birle\u015ftirir. Bu hepsi bir arada \u00e7\u00f6z\u00fcm, her s\u00fcrecin takip edilmesini, m\u00fc\u015fterilerin bilgilendirilmesini ve i\u015flemlerin etkin bir \u015fekilde kaydedilmesini sa\u011flar. E\u011fer mevcut bir CMS&#8217;niz varsa, **API** ile sorunsuz bir \u015fekilde entegre edilebilir.<\/p>\n<p>### Temel \u00d6zellikler:<br \/>\n&#8211; **Yapay Zeka Chatbot Entegrasyonu \ud83e\udd16:** Yapay zeka chatbot&#8217;u, m\u00fc\u015fteri sorgular\u0131na an\u0131nda ve do\u011fru yan\u0131tlar verir. Kullan\u0131c\u0131lar\u0131 ihtiya\u00e7 duyduklar\u0131 bilgilere y\u00f6nlendirir veya yayg\u0131n sorunlar\u0131 \u00e7\u00f6zmelerine yard\u0131mc\u0131 olur.<\/p>\n<p>&#8211; **Destek Talebi CMS Entegrasyonu \ud83d\udcc2:** Yapay zeka chatbot&#8217;u bir sorguyu \u00e7\u00f6zemedi\u011finde, otomatik olarak bir destek talebi olu\u015fturur ve bu tek bir platformdan y\u00f6netilir ve takip edilir. B\u00f6ylece hi\u00e7bir m\u00fc\u015fteri talebi yan\u0131ts\u0131z kalmaz.<\/p>\n<p>&#8211; **Canl\u0131 Destek Aktar\u0131m\u0131 \ud83d\udde8\ufe0f:** \u0130nsan m\u00fcdahalesi gerekti\u011finde, m\u00fc\u015fteriler h\u0131zl\u0131 bir \u015fekilde canl\u0131 bir destek temsilcisine y\u00f6nlendirilir, bu da deneyimi kesintisiz hale getirir.<\/p>\n<p>&#8211; **\u00d6zel Kurulum ve Entegrasyon \u2699\ufe0f:** Ekibimiz, **SupportMaster Pro**&#8217;nun i\u015fletmenize tam olarak uyarlanmas\u0131 ve kurulmas\u0131 i\u00e7in t\u00fcm s\u00fcreci bir kerelik bir \u00fccret kar\u015f\u0131l\u0131\u011f\u0131nda y\u00f6netir.<\/p>\n<p>&#8211; **Analitik G\u00f6sterge Paneli \ud83d\udcca:** Performans \u00f6l\u00e7\u00fctlerini, m\u00fc\u015fteri memnuniyetini ve temsilci verimlili\u011fini izleyebilece\u011finiz sezgisel bir analitik g\u00f6sterge paneli ile destek hizmetlerinizi s\u00fcrekli iyile\u015ftirin.<\/p>\n<p>&#8211; **Kapsaml\u0131 Hizmetler ve Garanti \ud83d\udd27:** S\u00fcrekli g\u00fcncellemeler, **7\/24 teknik destek** ve 1 y\u0131ll\u0131k garanti ile sisteminizin her zaman g\u00fcncel ve i\u015flevsel kalmas\u0131n\u0131 sa\u011flay\u0131n.<\/p>\n<p>### Fiyatland\u0131rma:<br \/>\n&#8211; **Kurulum ve Entegrasyon \u00dccreti:** 199 USD (Bir defaya mahsus)<br \/>\nBu \u00fccret, **SupportMaster Pro**&#8217;nun i\u015fletmenize \u00f6zel olarak entegre edilmesini ve \u00f6zelle\u015ftirilmesini kapsar.<\/p>\n<p>&#8211; **Ayl\u0131k Abonelik:** 59 USD\/ay<br \/>\nBu \u00fccret, yapay zeka chatbot&#8217;a, destek talep CMS&#8217;ine, d\u00fczenli g\u00fcncellemelere ve premium m\u00fc\u015fteri deste\u011fine tam eri\u015fimi i\u00e7erir.<\/p>\n<p>&#8211; **Garanti:** 1 y\u0131l teknik ve yaz\u0131l\u0131m sorunlar\u0131n\u0131 kapsayan garanti.<\/p>\n<p>**SupportMaster Pro**, i\u015fletmelerin m\u00fc\u015fteri hizmetlerini y\u00f6netme bi\u00e7imini tamamen de\u011fi\u015ftiren nihai destek \u00e7\u00f6z\u00fcm\u00fcd\u00fcr. Geli\u015fmi\u015f **Yapay Zeka yetenekleri** ile kapsaml\u0131 bir destek talep sistemi entegre edilerek, rakipsiz bir verimlilik ve m\u00fc\u015fteri memnuniyeti sa\u011flan\u0131r.<\/p>\n<p>**SupportMaster Pro&#8217;ya yat\u0131r\u0131m yap\u0131n ve m\u00fc\u015fteri deste\u011finizi bir \u00fcst seviyeye ta\u015f\u0131y\u0131n!**<\/p>\n<p>&#8212;<\/p>\n<p>### \ud83c\udd93 **14 G\u00fcn \u00dccretsiz Deneme**<br \/>\nConversaBridge&#8217;in t\u00fcm \u00f6zelliklerini 14 g\u00fcn boyunca taahh\u00fcts\u00fcz olarak deneyin. Bu s\u00fcre zarf\u0131nda yapay zeka chatbotu ve insan destek entegrasyonunun m\u00fc\u015fteri etkile\u015fimlerinizi nas\u0131l d\u00f6n\u00fc\u015ft\u00fcrd\u00fc\u011f\u00fcn\u00fc g\u00f6rebilirsiniz.<\/p>\n<p>### \ud83d\udd17 **Kolay Entegrasyon**<br \/>\nConversaBridge, mevcut web siteniz veya m\u00fc\u015fteri hizmetleri platformunuzla minimum teknik \u00e7abayla entegre edilebilir. Bu sorunsuz entegrasyon, t\u00fcm dijital temas noktalar\u0131n\u0131zda tutarl\u0131 bir kullan\u0131c\u0131 deneyimi sa\u011flar.<\/p>\n<p>### \u2699\ufe0f **\u00d6zelle\u015ftirme ve \u00d6l\u00e7eklenebilirlik**<br \/>\nYapay zeka chatbotunuzu markan\u0131z\u0131n tonu ve ihtiya\u00e7lar\u0131na g\u00f6re \u00f6zelle\u015ftirin. ConversaBridge platformu, i\u015finizin b\u00fcy\u00fcyen taleplerine uyum sa\u011flar ve performanstan \u00f6d\u00fcn vermeden \u00f6l\u00e7eklendirmenize yard\u0131mc\u0131 olur.<\/p>\n<p>### \ud83d\udcca **Analitik ve \u0130\u00e7g\u00f6r\u00fcler**<br \/>\nM\u00fc\u015fteri etkile\u015fimleri hakk\u0131nda de\u011ferli bilgiler edinerek hizmetlerinizi geli\u015ftirin. Kapsaml\u0131 analizlerle m\u00fc\u015fteri ihtiya\u00e7lar\u0131n\u0131 daha iyi anlay\u0131n ve ger\u00e7ek verilere dayanarak s\u00fcrekli iyile\u015ftirme yap\u0131n.<\/p>\n<p>&#8212;<\/p>\n<p>### Yapay Zeka Veri Kullan\u0131m Bilgileri:<\/p>\n<p>Yapay zeka veri kullan\u0131m\u0131, yapay zeka chatbotunun \u00e7al\u0131\u015fmas\u0131 i\u00e7in gerekli olan veri miktar\u0131n\u0131 ifade eder. **OpenAI (GPT modelleri)** ve **Anthropic (Claude modelleri)** gibi yapay zeka modelleri, bir token&#8217;\u0131 yakla\u015f\u0131k 3-4 karakter olarak kabul eder. Chatbot sistemimizde yapay zeka veri kullan\u0131m\u0131, \u00f6zelliklere ba\u011fl\u0131 olarak de\u011fi\u015fir. Her hesap, ayl\u0131k 1 milyon veri kullan\u0131m hakk\u0131na sahiptir. Bu limit a\u015f\u0131ld\u0131\u011f\u0131nda sistem otomatik olarak durur. Ek veri kullan\u0131m haklar\u0131n\u0131 ayl\u0131k **15 USD** kar\u015f\u0131l\u0131\u011f\u0131nda sat\u0131n alabilirsiniz. Bu \u00fccret, yapay zeka chatbotunun veri i\u015fleme kapasitesini art\u0131rmak ve daha fazla veri kullan\u0131m\u0131na olanak sa\u011flamak i\u00e7in kullan\u0131l\u0131r.<\/p>\n<table style=\"width: 100%; border-collapse: collapse;\">\n<thead>\n<tr style=\"background-color: #f2f2f2;\">\n<th style=\"border: 1px solid #ddd; padding: 8px;\"><span style=\"font-weight: 400;\">Provider<\/span><\/th>\n<th style=\"border: 1px solid #ddd; padding: 8px;\"><span style=\"font-weight: 400;\">Model<\/span><\/th>\n<th style=\"border: 1px solid #ddd; padding: 8px;\"><span style=\"font-weight: 400;\">Input Tokens (Credits\/1000)<\/span><\/th>\n<th style=\"border: 1px solid #ddd; padding: 8px;\"><span style=\"font-weight: 400;\">Output Tokens (Credits\/1000)<\/span><\/th>\n<\/tr>\n<\/thead>\n<tbody>\n<tr>\n<td style=\"border: 1px solid #ddd; padding: 8px;\">GPT-4o &#8211; OpenAI<\/td>\n<td style=\"border: 1px solid #ddd; padding: 8px;\">gpt-4o<\/td>\n<td style=\"border: 1px solid #ddd; padding: 8px;\">10 Credits<\/td>\n<td style=\"border: 1px solid #ddd; padding: 8px;\">35 Credits<\/td>\n<\/tr>\n<tr>\n<td style=\"border: 1px solid #ddd; padding: 8px;\">GPT-4o Mini &#8211; OpenAI<\/td>\n<td style=\"border: 1px solid #ddd; padding: 8px;\">gpt-4o-mini<\/td>\n<td style=\"border: 1px solid #ddd; padding: 8px;\">1 Credit<\/td>\n<td style=\"border: 1px solid #ddd; padding: 8px;\">1 Credit<\/td>\n<\/tr>\n<tr>\n<td style=\"border: 1px solid #ddd; padding: 8px;\">Finetuned 4o-mini UIEngine &#8211; EXPERIMENTAL<\/td>\n<td style=\"border: 1px solid #ddd; padding: 8px;\">ft:gpt-4o-mini-2024-07-18<\/td>\n<td style=\"border: 1px solid #ddd; padding: 8px;\">1 Credit<\/td>\n<td style=\"border: 1px solid #ddd; padding: 8px;\">1 Credit<\/td>\n<\/tr>\n<tr>\n<td style=\"border: 1px solid #ddd; padding: 8px;\">GPT-4 32k Turbo &#8211; OpenAI<\/td>\n<td style=\"border: 1px solid #ddd; padding: 8px;\">gpt-4-32k<\/td>\n<td style=\"border: 1px solid #ddd; padding: 8px;\">90 Credits<\/td>\n<td style=\"border: 1px solid #ddd; padding: 8px;\">190 Credits<\/td>\n<\/tr>\n<tr>\n<td style=\"border: 1px solid #ddd; padding: 8px;\">GPT-4 Turbo &#8211; OpenAI<\/td>\n<td style=\"border: 1px solid #ddd; padding: 8px;\">gpt-4<\/td>\n<td style=\"border: 1px solid #ddd; padding: 8px;\">45 Credits<\/td>\n<td style=\"border: 1px solid #ddd; padding: 8px;\">25 Credits<\/td>\n<\/tr>\n<tr>\n<td style=\"border: 1px solid #ddd; padding: 8px;\">GPT-3.5 Turbo 16k &#8211; OpenAI<\/td>\n<td style=\"border: 1px solid #ddd; padding: 8px;\">gpt-3.5-turbo-16k<\/td>\n<td style=\"border: 1px solid #ddd; padding: 8px;\">6 Credits<\/td>\n<td style=\"border: 1px solid #ddd; padding: 8px;\">8 Credits<\/td>\n<\/tr>\n<tr>\n<td style=\"border: 1px solid #ddd; padding: 8px;\">GPT-3.5 Turbo &#8211; OpenAI<\/td>\n<td style=\"border: 1px solid #ddd; padding: 8px;\">gpt-3.5-turbo<\/td>\n<td style=\"border: 1px solid #ddd; padding: 8px;\">2 Credits<\/td>\n<td style=\"border: 1px solid #ddd; padding: 8px;\">4 Credits<\/td>\n<\/tr>\n<tr>\n<td style=\"border: 1px solid #ddd; padding: 8px;\">Claude 3.5 Sonnet &#8211; Anthropic<\/td>\n<td style=\"border: 1px solid #ddd; padding: 8px;\">claude-3-5-sonnet-20240620<\/td>\n<td style=\"border: 1px solid #ddd; padding: 8px;\">10 Credits<\/td>\n<td style=\"border: 1px solid #ddd; padding: 8px;\">35 Credits<\/td>\n<\/tr>\n<tr>\n<td style=\"border: 1px solid #ddd; padding: 8px;\">Claude 3 Opus &#8211; Anthropic<\/td>\n<td style=\"border: 1px solid #ddd; padding: 8px;\">claude-3-opus-20240229<\/td>\n<td style=\"border: 1px solid #ddd; padding: 8px;\">30 Credits<\/td>\n<td style=\"border: 1px solid #ddd; padding: 8px;\">90 Credits<\/td>\n<\/tr>\n<tr>\n<td style=\"border: 1px solid #ddd; padding: 8px;\">Claude 3 Sonnet &#8211; Anthropic<\/td>\n<td style=\"border: 1px solid #ddd; padding: 8px;\">claude-3-sonnet-20240229<\/td>\n<td style=\"border: 1px solid #ddd; padding: 8px;\">12 Credits<\/td>\n<td style=\"border: 1px solid #ddd; padding: 8px;\">30 Credits<\/td>\n<\/tr>\n<tr>\n<td style=\"border: 1px solid #ddd; padding: 8px;\">Claude 3 Haiku &#8211; Anthropic<\/td>\n<td style=\"border: 1px solid #ddd; padding: 8px;\">claude-3-haiku-20240307<\/td>\n<td style=\"border: 1px solid #ddd; padding: 8px;\">1 Credit<\/td>\n<td style=\"border: 1px solid #ddd; padding: 8px;\">2 Credits<\/td>\n<\/tr>\n<tr>\n<td style=\"border: 1px solid #ddd; padding: 8px;\">Gemini 1.5 Pro &#8211; Google<\/td>\n<td style=\"border: 1px solid #ddd; padding: 8px;\">gemini-1.5-pro<\/td>\n<td style=\"border: 1px solid #ddd; padding: 8px;\">8 Credits<\/td>\n<td style=\"border: 1px solid #ddd; padding: 8px;\">12 Credits<\/td>\n<\/tr>\n<tr>\n<td style=\"border: 1px solid #ddd; padding: 8px;\">Gemini 1.5 Flash &#8211; Google<\/td>\n<td style=\"border: 1px solid #ddd; padding: 8px;\">gemini-1.5-flash<\/td>\n<td style=\"border: 1px solid #ddd; padding: 8px;\">1 Credit<\/td>\n<td style=\"border: 1px solid #ddd; padding: 8px;\">1 Credit<\/td>\n<\/tr>\n<tr>\n<td style=\"border: 1px solid #ddd; padding: 8px;\">Gemini 1.0 Pro &#8211; Google<\/td>\n<td style=\"border: 1px solid #ddd; padding: 8px;\">gemini-1.0-pro<\/td>\n<td style=\"border: 1px solid #ddd; padding: 8px;\">1 Credit<\/td>\n<td style=\"border: 1px solid #ddd; padding: 8px;\">1 Credit<\/td>\n<\/tr>\n<tr>\n<td style=\"border: 1px solid #ddd; padding: 8px;\">LLaMA3.2 90b &#8211; Groq<\/td>\n<td style=\"border: 1px solid #ddd; padding: 8px;\">llama-3.2-90b-text-preview<\/td>\n<td style=\"border: 1px solid #ddd; padding: 8px;\">2 Credits<\/td>\n<td style=\"border: 1px solid #ddd; padding: 8px;\">5 Credits<\/td>\n<\/tr>\n<tr>\n<td style=\"border: 1px solid #ddd; padding: 8px;\">LLaMA3.2 11b &#8211; Groq<\/td>\n<td style=\"border: 1px solid #ddd; padding: 8px;\">llama-3.2-11b-text-preview<\/td>\n<td style=\"border: 1px solid #ddd; padding: 8px;\">1 Credit<\/td>\n<td style=\"border: 1px solid #ddd; padding: 8px;\">1 Credit<\/td>\n<\/tr>\n<\/tbody>\n<\/table>\n<p>&nbsp;<\/p>\n","protected":false},"featured_media":5002,"comment_status":"open","ping_status":"closed","template":"","meta":{"om_disable_all_campaigns":false,"_monsterinsights_skip_tracking":false,"_monsterinsights_sitenote_active":false,"_monsterinsights_sitenote_note":"","_monsterinsights_sitenote_category":0},"product_brand":[],"product_cat":[180,179],"product_tag":[],"class_list":{"0":"post-4004","1":"product","2":"type-product","3":"status-publish","4":"has-post-thumbnail","6":"product_cat-cms-tr","7":"product_cat-yapay-zeka","8":"entry","9":"has-media","12":"first","13":"instock","14":"sale","15":"downloadable","16":"virtual","17":"taxable","18":"purchasable","19":"product-type-simple","20":"has-product-nav","21":"col","22":"span_1_of_3","23":"owp-content-center","24":"owp-thumbs-layout-horizontal","25":"owp-btn-normal","26":"owp-tabs-layout-horizontal","27":"has-no-thumbnails"},"aioseo_notices":[],"_links":{"self":[{"href":"https:\/\/mailtoticket.com\/tr\/wp-json\/wp\/v2\/product\/4004","targetHints":{"allow":["GET"]}}],"collection":[{"href":"https:\/\/mailtoticket.com\/tr\/wp-json\/wp\/v2\/product"}],"about":[{"href":"https:\/\/mailtoticket.com\/tr\/wp-json\/wp\/v2\/types\/product"}],"replies":[{"embeddable":true,"href":"https:\/\/mailtoticket.com\/tr\/wp-json\/wp\/v2\/comments?post=4004"}],"version-history":[{"count":4,"href":"https:\/\/mailtoticket.com\/tr\/wp-json\/wp\/v2\/product\/4004\/revisions"}],"predecessor-version":[{"id":11606,"href":"https:\/\/mailtoticket.com\/tr\/wp-json\/wp\/v2\/product\/4004\/revisions\/11606"}],"wp:featuredmedia":[{"embeddable":true,"href":"https:\/\/mailtoticket.com\/tr\/wp-json\/wp\/v2\/media\/5002"}],"wp:attachment":[{"href":"https:\/\/mailtoticket.com\/tr\/wp-json\/wp\/v2\/media?parent=4004"}],"wp:term":[{"taxonomy":"product_brand","embeddable":true,"href":"https:\/\/mailtoticket.com\/tr\/wp-json\/wp\/v2\/product_brand?post=4004"},{"taxonomy":"product_cat","embeddable":true,"href":"https:\/\/mailtoticket.com\/tr\/wp-json\/wp\/v2\/product_cat?post=4004"},{"taxonomy":"product_tag","embeddable":true,"href":"https:\/\/mailtoticket.com\/tr\/wp-json\/wp\/v2\/product_tag?post=4004"}],"curies":[{"name":"wp","href":"https:\/\/api.w.org\/{rel}","templated":true}]}}