{"id":4006,"date":"2024-03-09T08:59:35","date_gmt":"2024-03-09T08:59:35","guid":{"rendered":"http:\/\/mailtoticket.com\/?post_type=product&#038;p=4006"},"modified":"2024-11-02T17:37:39","modified_gmt":"2024-11-02T14:37:39","slug":"flexibot-cozumleri-yillik-indirim","status":"publish","type":"product","link":"https:\/\/mailtoticket.com\/tr\/shop\/flexibot-cozumleri-yillik-indirim\/","title":{"rendered":"FlexiBot \u00c7\u00f6z\u00fcmleri &#8211; (Y\u0131ll\u0131k &#8211; %20 indirim)"},"content":{"rendered":"<p>FlexiBot \u00c7\u00f6z\u00fcmleri, bir AI chatbot&#8217;un g\u00fcc\u00fcn\u00fc, geli\u015fmi\u015f bir CMS (\u0130\u00e7erik Y\u00f6netim Sistemi) ve i\u015fletmenizin belirli ihtiya\u00e7lar\u0131n\u0131 kar\u015f\u0131lamak i\u00e7in \u00f6zelle\u015ftirilebilir i\u015flevselli\u011fi bir araya getiren devrim niteli\u011finde bir m\u00fc\u015fteri etkile\u015fim platformudur. Esneklik i\u00e7in tasarlanm\u0131\u015ft\u0131r, \u00e7e\u015fitli g\u00f6revlerde ba\u015far\u0131l\u0131d\u0131r, nakliye sipari\u015f durumu kontrol\u00fc, sat\u0131\u015flar\u0131 art\u0131rma, rezervasyonlar\u0131 y\u00f6netme, ayr\u0131nt\u0131l\u0131 \u00fcr\u00fcn bilgileri sa\u011flama gibi. FlexiBot \u00c7\u00f6z\u00fcmleri, m\u00fc\u015fteri hizmetlerini ve operasyonel verimlili\u011fi art\u0131rmak i\u00e7in esnek, \u00f6l\u00e7eklenebilir ve verimli bir yol arayan i\u015fletmeler i\u00e7in m\u00fckemmel bir se\u00e7enektir.<\/p>\n<p>&nbsp;<\/p>\n","protected":false},"excerpt":{"rendered":"<p>Anahtar \u00d6zellikler:<\/p>\n<p>\u00d6zel \u0130\u015flevsellik ile AI Chatbot: FlexiBot \u00c7\u00f6z\u00fcmleri&#8217;nin kalbinde, i\u015fletmenizin ihtiya\u00e7lar\u0131na g\u00f6re \u00f6zelle\u015ftirilmi\u015f geni\u015f bir g\u00f6rev yelpazesine uygun bir AI destekli chatbot bulunmaktad\u0131r. Sat\u0131\u015flar\u0131 art\u0131rma, rezervasyon i\u015flemleri, \u00fcr\u00fcn sorular\u0131 veya nakliye sipari\u015flerinin durumunu kontrol etme gibi g\u00f6revler i\u00e7in, AI chatbot&#8217;unuz istisnai performans sunacak \u015fekilde \u00f6zelle\u015ftirilebilir.<\/p>\n<p>CMS Entegrasyonu: G\u00fc\u00e7l\u00fc bir CMS ile sorunsuz entegre edilen FlexiBot \u00c7\u00f6z\u00fcmleri, t\u00fcm m\u00fc\u015fteri etkile\u015fimlerinin yakalanmas\u0131n\u0131, d\u00fczenlenmesini ve eri\u015filebilir hale getirilmesini sa\u011flar. Bu \u00f6zellik, i\u00e7erik ve m\u00fc\u015fteri verilerinin kolay y\u00f6netimine olanak tan\u0131r, m\u00fc\u015fteri hizmetleri ekibinizin verimlili\u011fini art\u0131r\u0131r.<\/p>\n<p>Uyarlanabilir Fiyatland\u0131rma Modeli: \u0130\u015fletmelerin farkl\u0131 ihtiya\u00e7lar\u0131n\u0131 anlayarak, FlexiBot \u00c7\u00f6z\u00fcmleri, g\u00fcnl\u00fck sohbet isteklerinin say\u0131s\u0131na ve AI bot taraf\u0131ndan gereken i\u015flevselli\u011fe uyum sa\u011flayan benzersiz bir fiyatland\u0131rma modeli sunar. Bu esnek yakla\u015f\u0131m, sadece ihtiyac\u0131n\u0131z olan\u0131 \u00f6deyerek, t\u00fcm i\u015fletme boyutlar\u0131 i\u00e7in maliyet etkin bir \u00e7\u00f6z\u00fcm sunar.<\/p>\n<p>\u00d6zel \u0130\u015flevsellik Kurulumu: Nakliye sipari\u015f durumu kontrol\u00fc, sat\u0131\u015flar\u0131 art\u0131rma, rezervasyonlar veya \u00fcr\u00fcn bilgileri gibi her i\u015flevsellik kurulumu, 399 ABD Dolar\u0131 olan bir kurulum maliyeti ile sunulmaktad\u0131r. Bu tek seferlik \u00fccret, AI chatbot&#8217;unun i\u015fletmenizin operasyonlar\u0131nda kritik i\u015flevleri yerine getirmek \u00fczere m\u00fckemmel bir \u015fekilde \u00f6zelle\u015ftirilmesini sa\u011flar.<\/p>\n<p>Ayl\u0131k Abonelik: \u0130lk kurulumdan sonra, FlexiBot \u00c7\u00f6z\u00fcmleri, ayl\u0131k bir abonelik \u00fccreti olan 199 ABD Dolar\u0131&#8217;ndan sunulmaktad\u0131r. Bu \u00fccret, AI chatbot&#8217;unun s\u00fcrekli kullan\u0131m\u0131n\u0131, CMS entegrasyonunu ve t\u00fcm \u00f6zelle\u015ftirilmi\u015f i\u015flevselliklere eri\u015fimi, d\u00fczenli g\u00fcncellemeleri ve premium destek sa\u011flar.<\/p>\n<p>Fiyatland\u0131rma:<\/p>\n<p>\u00d6zel \u0130\u015flevsellik Kurulumu: \u0130\u015flev ba\u015f\u0131na 399 ABD Dolar\u0131 (Tek seferlik \u00fccret). Ayl\u0131k Abonelik: G\u00fcnl\u00fck sohbet isteklerinin say\u0131s\u0131na ve AI bot&#8217;un se\u00e7ilen i\u015flevselli\u011fine g\u00f6re ayarlanan 199 ABD Dolar\u0131. FlexiBot \u00c7\u00f6z\u00fcmleri, m\u00fc\u015fteri hizmetlerini ve operasyonel yetenekleri y\u00fckseltmeyi ama\u00e7layan i\u015fletmeler i\u00e7in nihai AI destekli platformdur. \u00d6zelle\u015ftirilebilir i\u015flevselli\u011fi, \u00f6l\u00e7eklenebilir fiyatland\u0131rma modeli ve entegre CMS ile m\u00fc\u015fteri etkile\u015fim ihtiya\u00e7lar\u0131n\u0131z\u0131 kar\u015f\u0131lamak ve a\u015fmak i\u00e7in kapsaml\u0131 bir \u00e7\u00f6z\u00fcm sunar. \u0130\u015fletmenizin m\u00fc\u015fteri hizmeti stratejisini tam anlam\u0131yla ortaya \u00e7\u0131karmak i\u00e7in bug\u00fcn FlexiBot \u00c7\u00f6z\u00fcmleri&#8217;ne yat\u0131r\u0131m yap\u0131n.<\/p>\n<p>AI veri kullan\u0131m\u0131, AI sohbet botunun \u00e7al\u0131\u015fmas\u0131 i\u00e7in gereken veri miktar\u0131n\u0131 ifade eder. \u00d6rne\u011fin, OpenAI (GPT modelleri) ve Anthropic (Claude modelleri) gibi AI modelleri, bir token\u0131 yakla\u015f\u0131k 3-4 karakter olarak kabul eder. Sohbet botu sistemimizde, AI veri kullan\u0131m\u0131 \u00f6zelliklerimize g\u00f6re de\u011fi\u015fir. Her hesap ayl\u0131k olarak 1 M (1 milyon) veri kullan\u0131m hakk\u0131na sahiptir. Bu kota a\u015f\u0131ld\u0131\u011f\u0131nda, sistem otomatik olarak durdurulacakt\u0131r. Ayl\u0131k 15 USD kar\u015f\u0131l\u0131\u011f\u0131nda, ek veri kullan\u0131m hakk\u0131 sat\u0131n alabilirsiniz. Bu \u00fccret, AI sohbet botunun veri i\u015fleme kapasitesini art\u0131rmak i\u00e7in kullan\u0131l\u0131r ve daha fazla veri kullan\u0131m\u0131 sa\u011flar.<\/p>\n","protected":false},"featured_media":5012,"comment_status":"open","ping_status":"closed","template":"","meta":{"om_disable_all_campaigns":false,"_monsterinsights_skip_tracking":false,"_monsterinsights_sitenote_active":false,"_monsterinsights_sitenote_note":"","_monsterinsights_sitenote_category":0},"product_brand":[],"product_cat":[180,179],"product_tag":[],"class_list":{"0":"post-4006","1":"product","2":"type-product","3":"status-publish","4":"has-post-thumbnail","6":"product_cat-cms-tr","7":"product_cat-yapay-zeka","8":"entry","9":"has-media","12":"first","13":"instock","14":"sale","15":"downloadable","16":"virtual","17":"taxable","18":"purchasable","19":"product-type-simple","20":"has-product-nav","21":"col","22":"span_1_of_3","23":"owp-content-center","24":"owp-thumbs-layout-horizontal","25":"owp-btn-normal","26":"owp-tabs-layout-horizontal","27":"has-no-thumbnails"},"aioseo_notices":[],"_links":{"self":[{"href":"https:\/\/mailtoticket.com\/tr\/wp-json\/wp\/v2\/product\/4006","targetHints":{"allow":["GET"]}}],"collection":[{"href":"https:\/\/mailtoticket.com\/tr\/wp-json\/wp\/v2\/product"}],"about":[{"href":"https:\/\/mailtoticket.com\/tr\/wp-json\/wp\/v2\/types\/product"}],"replies":[{"embeddable":true,"href":"https:\/\/mailtoticket.com\/tr\/wp-json\/wp\/v2\/comments?post=4006"}],"version-history":[{"count":1,"href":"https:\/\/mailtoticket.com\/tr\/wp-json\/wp\/v2\/product\/4006\/revisions"}],"predecessor-version":[{"id":4007,"href":"https:\/\/mailtoticket.com\/tr\/wp-json\/wp\/v2\/product\/4006\/revisions\/4007"}],"wp:featuredmedia":[{"embeddable":true,"href":"https:\/\/mailtoticket.com\/tr\/wp-json\/wp\/v2\/media\/5012"}],"wp:attachment":[{"href":"https:\/\/mailtoticket.com\/tr\/wp-json\/wp\/v2\/media?parent=4006"}],"wp:term":[{"taxonomy":"product_brand","embeddable":true,"href":"https:\/\/mailtoticket.com\/tr\/wp-json\/wp\/v2\/product_brand?post=4006"},{"taxonomy":"product_cat","embeddable":true,"href":"https:\/\/mailtoticket.com\/tr\/wp-json\/wp\/v2\/product_cat?post=4006"},{"taxonomy":"product_tag","embeddable":true,"href":"https:\/\/mailtoticket.com\/tr\/wp-json\/wp\/v2\/product_tag?post=4006"}],"curies":[{"name":"wp","href":"https:\/\/api.w.org\/{rel}","templated":true}]}}