{"id":4721,"date":"2024-05-22T15:41:38","date_gmt":"2024-05-22T12:41:38","guid":{"rendered":"http:\/\/mailtoticket.com\/?post_type=product&#038;p=4721"},"modified":"2024-11-02T17:41:12","modified_gmt":"2024-11-02T14:41:12","slug":"instasupport-ai","status":"publish","type":"product","link":"https:\/\/mailtoticket.com\/tr\/shop\/instasupport-ai\/","title":{"rendered":"InstaSupport AI"},"content":{"rendered":"<p><strong>M\u00fc\u015fterileriniz Instagram&#8217;da \u2014 B\u0131rak\u0131n Yapay Zeka Etkile\u015fimlerinizi Y\u00f6netsin!<\/strong><\/p>\n<p><strong>InstaSupport AI<\/strong>, <strong>Instagram<\/strong> i\u00e7in geli\u015ftirilmi\u015f ileri d\u00fczey bir chatbot \u00e7\u00f6z\u00fcm\u00fcd\u00fcr. <strong>DM&#8217;leri<\/strong>, <strong>bahsetmeleri<\/strong>, <strong>yan\u0131tlar\u0131<\/strong> y\u00f6netmek ya da <strong>be\u011feniler<\/strong> ve <strong>payla\u015f\u0131mlar<\/strong> ile etkile\u015fimde bulunmak gibi i\u015flemleri otomatikle\u015ftirerek, m\u00fc\u015fterilerinizi memnun ederken size zaman kazand\u0131r\u0131r. <strong>InstaSupport AI<\/strong>, Instagram m\u00fc\u015fteri hizmetleriniz i\u00e7in her \u015feyi bir arada sunan bir ara\u00e7t\u0131r.<\/p>\n","protected":false},"excerpt":{"rendered":"<p>**\ud83d\udcf8 InstaSupport AI**<br \/>\n**M\u00fc\u015fterileriniz Instagram&#8217;da \u2014 B\u0131rak\u0131n Yapay Zeka Etkile\u015fimlerinizi Y\u00f6netsin!**<\/p>\n<p>**InstaSupport AI**, **Instagram** i\u00e7in geli\u015ftirilmi\u015f ileri d\u00fczey bir chatbot \u00e7\u00f6z\u00fcm\u00fcd\u00fcr. **DM&#8217;leri**, **bahsetmeleri**, **yan\u0131tlar\u0131** y\u00f6netmek ya da **be\u011feniler** ve **payla\u015f\u0131mlar** ile etkile\u015fimde bulunmak gibi i\u015flemleri otomatikle\u015ftirerek, m\u00fc\u015fterilerinizi memnun ederken size zaman kazand\u0131r\u0131r. **InstaSupport AI**, Instagram m\u00fc\u015fteri hizmetleriniz i\u00e7in her \u015feyi bir arada sunan bir ara\u00e7t\u0131r.<\/p>\n<p>### Ana Faydalar:<br \/>\n&#8211; **M\u00fc\u015fteri Etkile\u015fimlerini Otomatikle\u015ftirin \ud83e\udd16:** Direkt mesajlar, bahsetmeler, be\u011feniler, yorumlar ve hikaye yan\u0131tlar\u0131 gibi m\u00fc\u015fteri etkile\u015fimlerini 7\/24 ger\u00e7ek zamanl\u0131 yan\u0131tlarla y\u00f6netin.<\/p>\n<p>&#8211; **Instagram Reklamlar\u0131n\u0131z\u0131 G\u00fc\u00e7lendirin \ud83d\udcc8:** **AssistFlow**&#8217;u Instagram reklamlar\u0131n\u0131zla birle\u015ftirerek daha d\u00fc\u015f\u00fck maliyetlerle daha fazla d\u00f6n\u00fc\u015f\u00fcm sa\u011flay\u0131n. **Click-to-DM** reklamlar\u0131 kullanarak potansiyel m\u00fc\u015fterileri do\u011frudan Instagram DM&#8217;lerine y\u00f6nlendirin, burada yapay zeka potansiyel m\u00fc\u015fterileri de\u011ferlendirir, sipari\u015fleri i\u015fler ve konu\u015fmalar\u0131 s\u00fcrd\u00fcr\u00fcr.<\/p>\n<p>### InstaSupport AI Kullanman\u0131n 3 Yolu:<br \/>\n1. **Web Siteniz ile Entegre \ud83c\udf10:** Web sitenizdeki chatbot ve canl\u0131 destek sistemini Instagram\u2019da da ayn\u0131 \u015fekilde kullan\u0131n. Yapay zeka botu **DM&#8217;leri**, **hikaye bahsetmelerini**, **yan\u0131tlar\u0131** ve **be\u011fenileri** yan\u0131tlar, gerekti\u011finde m\u00fc\u015fterileri canl\u0131 deste\u011fe ba\u011flar ve destek talepleri olu\u015fturur \u2014 hepsi tek bir y\u00f6netim panelinden y\u00f6netilir.<\/p>\n<p>2. **Tam Otomasyon \ud83e\udd16:** T\u00fcm Instagram etkile\u015fimlerini yapay zeka ile y\u00f6netin \u2014 **DM&#8217;ler**, **bahsetmeler**, **hikaye yan\u0131tlar\u0131**, **be\u011feniler** ve **payla\u015f\u0131mlar**. 7\/24 \u00e7al\u0131\u015farak an\u0131nda yan\u0131tlar sa\u011flay\u0131n ve insan m\u00fcdahalesine gerek kalmadan m\u00fc\u015fteri ili\u015fkilerini y\u00f6netin.<\/p>\n<p>3. **Ba\u011f\u0131ms\u0131z Instagram \u00c7\u00f6z\u00fcm\u00fc \ud83d\udee0\ufe0f:** Web sitesine gerek yok! InstaSupport AI, t\u00fcm m\u00fc\u015fteri etkile\u015fimlerinizi do\u011frudan Instagram \u00fczerinden y\u00f6netir, mesajlar\u0131, be\u011fenileri ve payla\u015f\u0131mlar\u0131 otomatikle\u015ftirir, b\u00f6ylece maksimum m\u00fc\u015fteri memnuniyeti sa\u011flar.<\/p>\n<p>### Fiyatland\u0131rma:<br \/>\n&#8211; **Kurulum \u00dccreti:** 199 USD tek seferlik \u00fccret<br \/>\n&#8211; **Ayl\u0131k Abonelik:** Ayl\u0131k 99 USD<\/p>\n<p>**InstaSupport AI**, **Instagram** etkile\u015fimlerinizi, **DM&#8217;lerden** **bahsetmelere** ve **hikaye yan\u0131tlar\u0131na** kadar zahmetsizce y\u00f6netmenize yard\u0131mc\u0131 olur. Tam otomasyon mu yoksa web sitenizle entegrasyon mu istiyorsunuz? **InstaSupport AI**, Instagram m\u00fc\u015fteri hizmetlerinizi bir sonraki seviyeye ta\u015f\u0131yor.<\/p>\n<p>**Bug\u00fcn InstaSupport AI ile ba\u015flay\u0131n ve Instagram m\u00fc\u015fteri deneyiminizi otomatikle\u015ftirin!**<\/p>\n","protected":false},"featured_media":5042,"comment_status":"open","ping_status":"closed","template":"","meta":{"om_disable_all_campaigns":false,"_monsterinsights_skip_tracking":false,"_monsterinsights_sitenote_active":false,"_monsterinsights_sitenote_note":"","_monsterinsights_sitenote_category":0},"product_brand":[],"product_cat":[270],"product_tag":[],"class_list":{"0":"post-4721","1":"product","2":"type-product","3":"status-publish","4":"has-post-thumbnail","6":"product_cat-ai-chat-bot-tr","7":"entry","8":"has-media","11":"first","12":"instock","13":"sale","14":"virtual","15":"taxable","16":"purchasable","17":"product-type-simple","18":"has-product-nav","19":"col","20":"span_1_of_3","21":"owp-content-center","22":"owp-thumbs-layout-horizontal","23":"owp-btn-normal","24":"owp-tabs-layout-horizontal"},"aioseo_notices":[],"_links":{"self":[{"href":"https:\/\/mailtoticket.com\/tr\/wp-json\/wp\/v2\/product\/4721","targetHints":{"allow":["GET"]}}],"collection":[{"href":"https:\/\/mailtoticket.com\/tr\/wp-json\/wp\/v2\/product"}],"about":[{"href":"https:\/\/mailtoticket.com\/tr\/wp-json\/wp\/v2\/types\/product"}],"replies":[{"embeddable":true,"href":"https:\/\/mailtoticket.com\/tr\/wp-json\/wp\/v2\/comments?post=4721"}],"version-history":[{"count":6,"href":"https:\/\/mailtoticket.com\/tr\/wp-json\/wp\/v2\/product\/4721\/revisions"}],"predecessor-version":[{"id":11700,"href":"https:\/\/mailtoticket.com\/tr\/wp-json\/wp\/v2\/product\/4721\/revisions\/11700"}],"wp:featuredmedia":[{"embeddable":true,"href":"https:\/\/mailtoticket.com\/tr\/wp-json\/wp\/v2\/media\/5042"}],"wp:attachment":[{"href":"https:\/\/mailtoticket.com\/tr\/wp-json\/wp\/v2\/media?parent=4721"}],"wp:term":[{"taxonomy":"product_brand","embeddable":true,"href":"https:\/\/mailtoticket.com\/tr\/wp-json\/wp\/v2\/product_brand?post=4721"},{"taxonomy":"product_cat","embeddable":true,"href":"https:\/\/mailtoticket.com\/tr\/wp-json\/wp\/v2\/product_cat?post=4721"},{"taxonomy":"product_tag","embeddable":true,"href":"https:\/\/mailtoticket.com\/tr\/wp-json\/wp\/v2\/product_tag?post=4721"}],"curies":[{"name":"wp","href":"https:\/\/api.w.org\/{rel}","templated":true}]}}