{"id":4729,"date":"2024-05-23T02:54:24","date_gmt":"2024-05-23T02:54:24","guid":{"rendered":"http:\/\/mailtoticket.com\/?post_type=product&#038;p=4729"},"modified":"2024-07-02T09:47:49","modified_gmt":"2024-07-02T09:47:49","slug":"whatsapp-business-ai-support","status":"publish","type":"product","link":"https:\/\/mailtoticket.com\/tr\/shop\/whatsapp-business-ai-support\/","title":{"rendered":"WhatsApp Business AI Support"},"content":{"rendered":"<p>WhatsApp Business AI Support, WhatsApp Business mesajlar\u0131n\u0131z\u0131 y\u00f6netmek ve m\u00fc\u015fteri etkile\u015fimlerinizi optimize etmek i\u00e7in tasarlanm\u0131\u015f yapay zeka destekli bir m\u00fc\u015fteri hizmetleri \u00e7\u00f6z\u00fcm\u00fcd\u00fcr. Bu g\u00fc\u00e7l\u00fc ara\u00e7, m\u00fc\u015fteri sorular\u0131n\u0131 an\u0131nda yan\u0131tlayarak ve ihtiya\u00e7lar\u0131na g\u00f6re ki\u015fiselle\u015ftirerek m\u00fc\u015fteri memnuniyetini art\u0131r\u0131r.<\/p>\n","protected":false},"excerpt":{"rendered":"<p><strong>A\u00e7\u0131klama:<\/strong> WhatsApp Business AI Support, WhatsApp Business mesajlar\u0131n\u0131z\u0131 y\u00f6netmek ve m\u00fc\u015fteri etkile\u015fimlerinizi optimize etmek i\u00e7in tasarlanm\u0131\u015f yapay zeka destekli bir m\u00fc\u015fteri hizmetleri \u00e7\u00f6z\u00fcm\u00fcd\u00fcr. Bu g\u00fc\u00e7l\u00fc ara\u00e7, m\u00fc\u015fteri sorular\u0131n\u0131 an\u0131nda yan\u0131tlayarak ve ihtiya\u00e7lar\u0131na g\u00f6re ki\u015fiselle\u015ftirerek m\u00fc\u015fteri memnuniyetini art\u0131r\u0131r.<\/p>\n<p><strong>\u00d6zellikler:<\/strong><\/p>\n<ul>\n<li><strong>Otomatik Yan\u0131tlar:<\/strong> M\u00fc\u015fterilerinizin s\u0131k\u00e7a sordu\u011fu sorulara h\u0131zl\u0131 ve do\u011fru yan\u0131tlar sa\u011flar.<\/li>\n<li><strong>7\/24 Destek:<\/strong> M\u00fc\u015fterilerinize her an destek sunar, b\u00f6ylece m\u00fc\u015fteri memnuniyetini art\u0131r\u0131r.<\/li>\n<li><strong>Yorum ve Geri Bildirim Y\u00f6netimi:<\/strong> Gelen yorumlar\u0131 analiz eder, yan\u0131tlar ve gerekti\u011finde filtreler.<\/li>\n<li><strong>Ki\u015fiselle\u015ftirilmi\u015f Mesajlar:<\/strong> M\u00fc\u015fteri memnuniyetini art\u0131rmak i\u00e7in etkile\u015fimleri ki\u015fiselle\u015ftirir.<\/li>\n<\/ul>\n<p><strong>M\u00fc\u015fteri Faydalar\u0131:<\/strong><\/p>\n<ul>\n<li><strong>Zaman Tasarrufu:<\/strong> Otomatik yan\u0131tlar sayesinde zaman kazan\u0131n ve m\u00fc\u015fteri memnuniyetini art\u0131r\u0131n.<\/li>\n<li><strong>H\u0131zl\u0131 Yan\u0131t:<\/strong> M\u00fc\u015fterilerinize an\u0131nda geri d\u00f6n\u00fc\u015f yaparak etkile\u015fimleri g\u00fc\u00e7lendirin.<\/li>\n<li><strong>Kesintisiz Hizmet:<\/strong> 7\/24 hizmet ile m\u00fc\u015fteri deneyimini iyile\u015ftirin.<\/li>\n<li><strong>Etkili Y\u00f6netim:<\/strong> Gelen mesajlar\u0131 etkili bir \u015fekilde y\u00f6netin, olumsuz yorumlar\u0131 filtreleyin.<\/li>\n<\/ul>\n<p><strong>Fiyatland\u0131rma:<\/strong><\/p>\n<ul>\n<li><strong>Ayl\u0131k:<\/strong> $99 USD<\/li>\n<li><strong>Y\u0131ll\u0131k Faturaland\u0131rma:<\/strong> %20 indirim<\/li>\n<\/ul>\n<p>WhatsApp Business AI Support \u00fcr\u00fcn\u00fcm\u00fcz\u00fc test etmek i\u00e7in a\u015fa\u011f\u0131daki numaray\u0131 kullanabilirsiniz: <strong>Test WhatsApp Numaras\u0131:<\/strong> +90 552 724 22 44<\/p>\n<p>WhatsApp Business AI Support ile WhatsApp Business m\u00fc\u015fteri hizmetlerinizi geli\u015ftirin ve m\u00fc\u015fteri memnuniyetini art\u0131r\u0131n.<\/p>\n","protected":false},"featured_media":4992,"comment_status":"open","ping_status":"closed","template":"","meta":{"om_disable_all_campaigns":false,"_monsterinsights_skip_tracking":false,"_monsterinsights_sitenote_active":false,"_monsterinsights_sitenote_note":"","_monsterinsights_sitenote_category":0},"product_brand":[],"product_cat":[180,179],"product_tag":[],"class_list":{"0":"post-4729","1":"product","2":"type-product","3":"status-publish","4":"has-post-thumbnail","6":"product_cat-cms-tr","7":"product_cat-yapay-zeka","8":"entry","9":"has-media","12":"first","13":"instock","14":"sale","15":"virtual","16":"taxable","17":"purchasable","18":"product-type-simple","19":"has-product-nav","20":"col","21":"span_1_of_3","22":"owp-content-center","23":"owp-thumbs-layout-horizontal","24":"owp-btn-normal","25":"owp-tabs-layout-horizontal","26":"has-no-thumbnails"},"aioseo_notices":[],"_links":{"self":[{"href":"https:\/\/mailtoticket.com\/tr\/wp-json\/wp\/v2\/product\/4729","targetHints":{"allow":["GET"]}}],"collection":[{"href":"https:\/\/mailtoticket.com\/tr\/wp-json\/wp\/v2\/product"}],"about":[{"href":"https:\/\/mailtoticket.com\/tr\/wp-json\/wp\/v2\/types\/product"}],"replies":[{"embeddable":true,"href":"https:\/\/mailtoticket.com\/tr\/wp-json\/wp\/v2\/comments?post=4729"}],"version-history":[{"count":1,"href":"https:\/\/mailtoticket.com\/tr\/wp-json\/wp\/v2\/product\/4729\/revisions"}],"predecessor-version":[{"id":4730,"href":"https:\/\/mailtoticket.com\/tr\/wp-json\/wp\/v2\/product\/4729\/revisions\/4730"}],"wp:featuredmedia":[{"embeddable":true,"href":"https:\/\/mailtoticket.com\/tr\/wp-json\/wp\/v2\/media\/4992"}],"wp:attachment":[{"href":"https:\/\/mailtoticket.com\/tr\/wp-json\/wp\/v2\/media?parent=4729"}],"wp:term":[{"taxonomy":"product_brand","embeddable":true,"href":"https:\/\/mailtoticket.com\/tr\/wp-json\/wp\/v2\/product_brand?post=4729"},{"taxonomy":"product_cat","embeddable":true,"href":"https:\/\/mailtoticket.com\/tr\/wp-json\/wp\/v2\/product_cat?post=4729"},{"taxonomy":"product_tag","embeddable":true,"href":"https:\/\/mailtoticket.com\/tr\/wp-json\/wp\/v2\/product_tag?post=4729"}],"curies":[{"name":"wp","href":"https:\/\/api.w.org\/{rel}","templated":true}]}}