{"id":5358,"date":"2024-06-10T11:14:07","date_gmt":"2024-06-10T08:14:07","guid":{"rendered":"http:\/\/mailtoticket.com\/?post_type=product&#038;p=5358"},"modified":"2024-10-23T16:44:24","modified_gmt":"2024-10-23T13:44:24","slug":"yapay-zeka-cagri-merkezi-temsilcisi","status":"publish","type":"product","link":"https:\/\/mailtoticket.com\/tr\/shop\/yapay-zeka-cagri-merkezi-temsilcisi\/","title":{"rendered":"Yapay Zeka \u00c7a\u011fr\u0131 Merkezi Temsilcisi"},"content":{"rendered":"<p><strong>Yapay Zeka Destekli Ba\u011f\u0131ms\u0131z \u00c7a\u011fr\u0131 Merkezi \u00c7\u00f6z\u00fcm\u00fc<\/strong><\/p>\n<p><strong>Call Center Agent AI<\/strong>, \u00e7a\u011fr\u0131 merkezi performans\u0131n\u0131z\u0131 optimize etmek i\u00e7in tasarlanm\u0131\u015f g\u00fc\u00e7l\u00fc bir ba\u011f\u0131ms\u0131z \u00fcr\u00fcnd\u00fcr. \u0130ster <strong>gelen<\/strong> ister <strong>giden \u00e7a\u011fr\u0131lar\u0131<\/strong> y\u00f6netin, bu yapay zeka destekli asistan, m\u00fc\u015fteri deneyimini iyile\u015ftirir ve operasyonel verimlili\u011fi art\u0131r\u0131r. <strong>Sabit hat<\/strong> veya <strong>giden \u00e7a\u011fr\u0131<\/strong> kampanyalar\u0131na dayal\u0131 i\u015fletmeler i\u00e7in m\u00fckemmel olan <strong>Call Center Agent AI<\/strong>, \u00e7a\u011fr\u0131 merkezi y\u00f6netiminin gelece\u011fidir.<\/p>\n","protected":false},"excerpt":{"rendered":"<p>**\ud83d\udcde Call Center Agent AI**<br \/>\n**Yapay Zeka Destekli Ba\u011f\u0131ms\u0131z \u00c7a\u011fr\u0131 Merkezi \u00c7\u00f6z\u00fcm\u00fc**<\/p>\n<p>**Call Center Agent AI**, \u00e7a\u011fr\u0131 merkezi performans\u0131n\u0131z\u0131 optimize etmek i\u00e7in tasarlanm\u0131\u015f g\u00fc\u00e7l\u00fc bir ba\u011f\u0131ms\u0131z \u00fcr\u00fcnd\u00fcr. \u0130ster **gelen** ister **giden \u00e7a\u011fr\u0131lar\u0131** y\u00f6netin, bu yapay zeka destekli asistan, m\u00fc\u015fteri deneyimini iyile\u015ftirir ve operasyonel verimlili\u011fi art\u0131r\u0131r. **Sabit hat** veya **giden \u00e7a\u011fr\u0131** kampanyalar\u0131na dayal\u0131 i\u015fletmeler i\u00e7in m\u00fckemmel olan **Call Center Agent AI**, \u00e7a\u011fr\u0131 merkezi y\u00f6netiminin gelece\u011fidir.<\/p>\n<p>### Temel \u00d6zellikler:<br \/>\n&#8211; **Gelen ve Giden \u00c7a\u011fr\u0131 Deste\u011fi \ud83d\udcde:** Yapay zeka, gelen ve giden \u00e7a\u011fr\u0131lar\u0131 verimli bir \u015fekilde y\u00f6netir, ilk etkile\u015fimleri ger\u00e7ekle\u015ftirir, bilgi toplar ve gerekti\u011finde \u00e7a\u011fr\u0131lar\u0131 y\u00f6nlendirir.<\/p>\n<p>&#8211; **Yapay Zeka Destekli \u00c7a\u011fr\u0131 Optimizasyonu \ud83e\udd16:** M\u00fc\u015fteri deneyimini iyile\u015ftirin, yayg\u0131n g\u00f6revleri otomatikle\u015ftirin, h\u0131zl\u0131 yan\u0131tlar verin ve bekleme s\u00fcrelerini azaltarak insan temsilcilerinizin daha karma\u015f\u0131k sorularla ilgilenmesini sa\u011flay\u0131n.<\/p>\n<p>&#8211; **Operasyonel Verimlilik Art\u0131\u015f\u0131 \u26a1:** Rutin \u00e7a\u011fr\u0131lar\u0131 otomatikle\u015ftirerek \u00e7a\u011fr\u0131 merkezi \u00fcretkenli\u011fini \u00f6nemli \u00f6l\u00e7\u00fcde art\u0131rabilirsiniz.<\/p>\n<p>### Fiyatland\u0131rma:<br \/>\n&#8211; **Telefon Numaras\u0131 Kurulumu:** Her temsilci i\u00e7in tek seferlik 399 USD kurulum \u00fccreti<br \/>\n&#8211; **Ayl\u0131k Abonelik:** Her temsilci i\u00e7in ayl\u0131k 99 USD<br \/>\n&#8211; **\u00c7a\u011fr\u0131 S\u00fcresi \u00dccreti:** Dakika ba\u015f\u0131na 0.25 USD<\/p>\n<p>### Giden \u00c7a\u011fr\u0131lar:<br \/>\n&#8211; **\u00c7a\u011fr\u0131 \u0130zni:** Giden projeler i\u00e7in, her aranan numara i\u00e7in **\u00e7a\u011fr\u0131 izniniz** olmal\u0131d\u0131r.<\/p>\n<p>**Call Center Agent AI**, **sabit hat** ve **giden \u00e7a\u011fr\u0131** operasyonlar\u0131n\u0131 optimize etmek isteyen i\u015fletmeler i\u00e7in tasarlanm\u0131\u015ft\u0131r. B\u00fcy\u00fck \u00e7a\u011fr\u0131 hacimlerini y\u00f6netmek ya da m\u00fc\u015fteri hizmetlerinizi iyile\u015ftirmek istiyorsan\u0131z, bu yapay zeka \u00e7\u00f6z\u00fcm\u00fc \u00e7a\u011fr\u0131 merkezinizin verimli ve etkili bir \u015fekilde \u00e7al\u0131\u015fmas\u0131n\u0131 sa\u011flar.<\/p>\n<p>**Call Center Agent AI ile bug\u00fcn yat\u0131r\u0131m yap\u0131n ve \u00e7a\u011fr\u0131 merkezi performans\u0131n\u0131z\u0131 d\u00f6n\u00fc\u015ft\u00fcr\u00fcn!**<\/p>\n","protected":false},"featured_media":5356,"comment_status":"open","ping_status":"closed","template":"","meta":{"om_disable_all_campaigns":false,"_monsterinsights_skip_tracking":false,"_monsterinsights_sitenote_active":false,"_monsterinsights_sitenote_note":"","_monsterinsights_sitenote_category":0},"product_brand":[],"product_cat":[270,180],"product_tag":[],"class_list":{"0":"post-5358","1":"product","2":"type-product","3":"status-publish","4":"has-post-thumbnail","6":"product_cat-ai-chat-bot-tr","7":"product_cat-cms-tr","8":"entry","9":"has-media","12":"first","13":"instock","14":"sale","15":"virtual","16":"taxable","17":"purchasable","18":"product-type-simple","19":"has-product-nav","20":"col","21":"span_1_of_3","22":"owp-content-center","23":"owp-thumbs-layout-horizontal","24":"owp-btn-normal","25":"owp-tabs-layout-horizontal","26":"has-no-thumbnails"},"aioseo_notices":[],"_links":{"self":[{"href":"https:\/\/mailtoticket.com\/tr\/wp-json\/wp\/v2\/product\/5358","targetHints":{"allow":["GET"]}}],"collection":[{"href":"https:\/\/mailtoticket.com\/tr\/wp-json\/wp\/v2\/product"}],"about":[{"href":"https:\/\/mailtoticket.com\/tr\/wp-json\/wp\/v2\/types\/product"}],"replies":[{"embeddable":true,"href":"https:\/\/mailtoticket.com\/tr\/wp-json\/wp\/v2\/comments?post=5358"}],"version-history":[{"count":6,"href":"https:\/\/mailtoticket.com\/tr\/wp-json\/wp\/v2\/product\/5358\/revisions"}],"predecessor-version":[{"id":11714,"href":"https:\/\/mailtoticket.com\/tr\/wp-json\/wp\/v2\/product\/5358\/revisions\/11714"}],"wp:featuredmedia":[{"embeddable":true,"href":"https:\/\/mailtoticket.com\/tr\/wp-json\/wp\/v2\/media\/5356"}],"wp:attachment":[{"href":"https:\/\/mailtoticket.com\/tr\/wp-json\/wp\/v2\/media?parent=5358"}],"wp:term":[{"taxonomy":"product_brand","embeddable":true,"href":"https:\/\/mailtoticket.com\/tr\/wp-json\/wp\/v2\/product_brand?post=5358"},{"taxonomy":"product_cat","embeddable":true,"href":"https:\/\/mailtoticket.com\/tr\/wp-json\/wp\/v2\/product_cat?post=5358"},{"taxonomy":"product_tag","embeddable":true,"href":"https:\/\/mailtoticket.com\/tr\/wp-json\/wp\/v2\/product_tag?post=5358"}],"curies":[{"name":"wp","href":"https:\/\/api.w.org\/{rel}","templated":true}]}}