{"id":5416,"date":"2024-06-19T05:09:41","date_gmt":"2024-06-19T05:09:41","guid":{"rendered":"http:\/\/mailtoticket.com\/?post_type=product&#038;p=5416"},"modified":"2024-07-02T09:34:12","modified_gmt":"2024-07-02T09:34:12","slug":"messengersupport-ai-2","status":"publish","type":"product","link":"https:\/\/mailtoticket.com\/tr\/shop\/messengersupport-ai-2\/","title":{"rendered":"MessengerSupport AI"},"content":{"rendered":"<p>MessengerSupport AI, Facebook Messenger mesajlar\u0131n\u0131z\u0131 y\u00f6netmek ve m\u00fc\u015fteri etkile\u015fimlerinizi geli\u015ftirmek i\u00e7in tasarlanm\u0131\u015f yapay zeka destekli bir m\u00fc\u015fteri hizmetleri \u00e7\u00f6z\u00fcm\u00fcd\u00fcr. Bu yenilik\u00e7i \u00fcr\u00fcn, m\u00fc\u015fteri etkile\u015fimlerinizi daha etkili ve verimli hale getirir.Ayl\u0131k 99$ , Y\u0131ll\u0131k %20 indirim kampanyas\u0131 ile<\/p>\n","protected":false},"excerpt":{"rendered":"<p><strong>A\u00e7\u0131klama:<\/strong>\u00a0MessengerSupport AI, Facebook Messenger mesajlar\u0131n\u0131z\u0131 y\u00f6netmek ve m\u00fc\u015fteri etkile\u015fimlerinizi geli\u015ftirmek i\u00e7in tasarlanm\u0131\u015f yapay zeka destekli bir m\u00fc\u015fteri hizmetleri \u00e7\u00f6z\u00fcm\u00fcd\u00fcr. Bu yenilik\u00e7i \u00fcr\u00fcn, m\u00fc\u015fteri etkile\u015fimlerinizi daha etkili ve verimli hale getirir.<\/p>\n<p><strong>\u00d6zellikler:<\/strong><\/p>\n<ul>\n<li><strong>Otomatik Yan\u0131tlar:<\/strong>\u00a0M\u00fc\u015fterilerinizin s\u0131k\u00e7a sordu\u011fu sorulara an\u0131nda yan\u0131tlar sa\u011flar.<\/li>\n<li><strong>7\/24 Destek:<\/strong>\u00a0M\u00fc\u015fterilerinize g\u00fcn\u00fcn her saatinde hizmet sunar.<\/li>\n<li><strong>Yorum Y\u00f6netimi:<\/strong>\u00a0Yorumlar\u0131 analiz eder, yan\u0131tlar ve gerekti\u011finde filtreler.<\/li>\n<li><strong>Ki\u015fiselle\u015ftirilmi\u015f Mesajlar:<\/strong>\u00a0M\u00fc\u015fteri memnuniyetini art\u0131rmak i\u00e7in etkile\u015fimleri ki\u015fiselle\u015ftirir.<\/li>\n<\/ul>\n<p><strong>M\u00fc\u015fteri Faydalar\u0131:<\/strong><\/p>\n<ul>\n<li><strong>Zaman Tasarrufu:<\/strong>\u00a0Otomatik yan\u0131tlarla zaman kazan\u0131n ve m\u00fc\u015fteri memnuniyetini art\u0131r\u0131n.<\/li>\n<li><strong>H\u0131zl\u0131 Yan\u0131t:<\/strong>\u00a0M\u00fc\u015fterilerinize an\u0131nda geri d\u00f6n\u00fc\u015f yaparak etkile\u015fimleri g\u00fc\u00e7lendirin.<\/li>\n<li><strong>Kesintisiz Hizmet:<\/strong>\u00a07\/24 hizmet ile m\u00fc\u015fteri deneyimini iyile\u015ftirin.<\/li>\n<li><strong>Etkili Y\u00f6netim:<\/strong>\u00a0Yorum ve mesajlar\u0131 etkili bir \u015fekilde y\u00f6netin, olumsuz yorumlar\u0131 filtreleyin.<\/li>\n<\/ul>\n<p><strong>Fiyatland\u0131rma:<\/strong><\/p>\n<ul>\n<li><strong>Ayl\u0131k:<\/strong>\u00a0$99 USD<\/li>\n<li><strong>Y\u0131ll\u0131k Faturaland\u0131rma:<\/strong>\u00a0%20 indirim<\/li>\n<\/ul>\n<p>Facebook sayfam\u0131zdaki MessengerSupport AI\u2019yi test edebilirsiniz:\u00a0<a href=\"https:\/\/facebook.com\/mailtoticket\">Facebook Messenger AI Chat Bot Test Linki<\/a><\/p>\n<p>MessengerSupport AI ile Facebook Messenger m\u00fc\u015fteri hizmetlerinizi y\u00fckseltin.<\/p>\n","protected":false},"featured_media":5022,"comment_status":"open","ping_status":"closed","template":"","meta":{"om_disable_all_campaigns":false,"_monsterinsights_skip_tracking":false,"_monsterinsights_sitenote_active":false,"_monsterinsights_sitenote_note":"","_monsterinsights_sitenote_category":0},"product_brand":[],"product_cat":[180,237,179],"product_tag":[],"class_list":{"0":"post-5416","1":"product","2":"type-product","3":"status-publish","4":"has-post-thumbnail","6":"product_cat-cms-tr","7":"product_cat-ses","8":"product_cat-yapay-zeka","9":"entry","10":"has-media","13":"first","14":"instock","15":"sale","16":"virtual","17":"taxable","18":"purchasable","19":"product-type-simple","20":"has-product-nav","21":"col","22":"span_1_of_3","23":"owp-content-center","24":"owp-thumbs-layout-horizontal","25":"owp-btn-normal","26":"owp-tabs-layout-horizontal","27":"has-no-thumbnails"},"aioseo_notices":[],"_links":{"self":[{"href":"https:\/\/mailtoticket.com\/tr\/wp-json\/wp\/v2\/product\/5416","targetHints":{"allow":["GET"]}}],"collection":[{"href":"https:\/\/mailtoticket.com\/tr\/wp-json\/wp\/v2\/product"}],"about":[{"href":"https:\/\/mailtoticket.com\/tr\/wp-json\/wp\/v2\/types\/product"}],"replies":[{"embeddable":true,"href":"https:\/\/mailtoticket.com\/tr\/wp-json\/wp\/v2\/comments?post=5416"}],"version-history":[{"count":2,"href":"https:\/\/mailtoticket.com\/tr\/wp-json\/wp\/v2\/product\/5416\/revisions"}],"predecessor-version":[{"id":6586,"href":"https:\/\/mailtoticket.com\/tr\/wp-json\/wp\/v2\/product\/5416\/revisions\/6586"}],"wp:featuredmedia":[{"embeddable":true,"href":"https:\/\/mailtoticket.com\/tr\/wp-json\/wp\/v2\/media\/5022"}],"wp:attachment":[{"href":"https:\/\/mailtoticket.com\/tr\/wp-json\/wp\/v2\/media?parent=5416"}],"wp:term":[{"taxonomy":"product_brand","embeddable":true,"href":"https:\/\/mailtoticket.com\/tr\/wp-json\/wp\/v2\/product_brand?post=5416"},{"taxonomy":"product_cat","embeddable":true,"href":"https:\/\/mailtoticket.com\/tr\/wp-json\/wp\/v2\/product_cat?post=5416"},{"taxonomy":"product_tag","embeddable":true,"href":"https:\/\/mailtoticket.com\/tr\/wp-json\/wp\/v2\/product_tag?post=5416"}],"curies":[{"name":"wp","href":"https:\/\/api.w.org\/{rel}","templated":true}]}}